{"id":898,"date":"2025-04-16T04:29:56","date_gmt":"2025-04-16T04:29:56","guid":{"rendered":"https:\/\/ascentpak.com\/?post_type=product&#038;p=898"},"modified":"2025-04-16T04:29:57","modified_gmt":"2025-04-16T04:29:57","slug":"twistered-handle-paper-bag","status":"publish","type":"product","link":"https:\/\/ascentpak.com\/it\/prodotto\/twistered-handle-paper-bag\/","title":{"rendered":"Sacchetto di carta con manico ritorto"},"content":{"rendered":"<p>&#8220;<\/p>\n\n<table id=\"tablepress-3\" class=\"tablepress tablepress-id-3\">\n<thead>\n<tr class=\"row-1\">\n\t<th class=\"column-1\">Articolo<\/th><th class=\"column-2\">DIMENSIONE (MM)<\/th><th class=\"column-3\">IMBALLAGGIO (PZ*BORSA)<\/th>\n<\/tr>\n<\/thead>\n<tbody class=\"row-striping row-hover\">\n<tr class=\"row-2\">\n\t<td class=\"column-1\">Sacchetto di carta SOS con manico ritorto<\/td><td class=\"column-2\">325*205*420<\/td><td class=\"column-3\">50*10=500<\/td>\n<\/tr>\n<tr class=\"row-3\">\n\t<td class=\"column-1\">Sacchetto di carta SOS con manico piatto<\/td><td class=\"column-2\">320*220*302<\/td><td class=\"column-3\">50*10=500<\/td>\n<\/tr>\n<tr class=\"row-4\">\n\t<td class=\"column-1\">Sacchetto di carta SOS con manico fustellato<\/td><td class=\"column-2\">250*150*405<\/td><td class=\"column-3\">50*10=500<\/td>\n<\/tr>\n<tr class=\"row-5\">\n\t<td class=\"column-1\">Sacchetto di carta SOS<\/td><td class=\"column-2\">90*73*88<\/td><td class=\"column-3\">50*10=500<\/td>\n<\/tr>\n<tr class=\"row-6\">\n\t<td class=\"column-1\">Sacchetto di carta con fondo a V <\/td><td class=\"column-2\">105*40*250<\/td><td class=\"column-3\">100*10=1000<\/td>\n<\/tr>\n<\/tbody>\n<\/table>\n<!-- #tablepress-3 from cache -->\n<p>&nbsp;<br \/>I sacchetti di carta con maniglia a spirale sono essenziali per la vendita al dettaglio e i servizi di ristorazione. Forniscono un mezzo robusto per il trasporto delle merci e sono al tempo stesso eco-compatibili. Le borse sono realizzate principalmente con materiali di qualit\u00e0, puntando sulla durata e sulla sostenibilit\u00e0.<\/p>\n<p><strong>1. Materiali e struttura della borsa<\/strong><br \/>I nostri sacchetti di carta con manico Twistered sono realizzati con carta kraft di prima qualit\u00e0 o con materiali riciclati. Questo garantisce che siano resistenti e sostenibili: <\/p>\n<ul>\n<li><strong>Carta kraft<\/strong> offre una soluzione robusta ed ecologica. <\/li>\n<li><strong>Materiali riciclati<\/strong> migliorare la sostenibilit\u00e0 ambientale.<br \/>Le nostre borse sono progettate con un'integrit\u00e0 strutturale che le rende affidabili per vari usi, dalla spesa ai regali.<\/li>\n<\/ul>\n<p><strong>2. Propriet\u00e0 fisiche e funzionali<\/strong><br \/>Ecco le dimensioni e le applicazioni del nostro sacchetto di carta con maniglia Twistered:<\/p>\n<table>\n<thead>\n<tr>\n<th>Articolo<\/th>\n<th>Dimensione (MM)<\/th>\n<th>Imballaggio (pz*bag)<\/th>\n<\/tr>\n<\/thead>\n<tbody>\n<tr>\n<td>Sacchetto di carta SOS con manico ritorto<\/td>\n<td>325\u00d7205\u00d7420<\/td>\n<td>50\u00d710=500<\/td>\n<\/tr>\n<tr>\n<td>Sacchetto di carta SOS con manico piatto<\/td>\n<td>320\u00d7220\u00d7302<\/td>\n<td>50\u00d710=500<\/td>\n<\/tr>\n<tr>\n<td>Sacchetto di carta SOS con manico fustellato<\/td>\n<td>250\u00d7150\u00d7405<\/td>\n<td>50\u00d710=500<\/td>\n<\/tr>\n<tr>\n<td>Sacchetto di carta SOS<\/td>\n<td>90\u00d773\u00d788<\/td>\n<td>50\u00d710=500<\/td>\n<\/tr>\n<tr>\n<td>Sacchetto di carta con fondo a V<\/td>\n<td>105\u00d740\u00d7250<\/td>\n<td>100\u00d710=1000<\/td>\n<\/tr>\n<\/tbody>\n<\/table>\n<p>La nostra vasta gamma di sacchetti di carta con maniglia Twistered garantisce un trasporto sicuro di vari prodotti.<\/p>\n<p><strong>3. Sezione Taglie e variet\u00e0<\/strong><br \/>Offriamo diversi stili e varianti, tra cui manici ritorti, manici piatti e manici fustellati. Per comodit\u00e0, vengono forniti i dettagli dell'imballaggio:<\/p>\n<ul>\n<li>Le borse con manico ritorto sono ideali per la vendita al dettaglio.<\/li>\n<li>Le opzioni con manico piatto sono ideali per i ristoranti a servizio rapido.<\/li>\n<li>Le maniglie fustellate si adattano agli articoli in stile boutique.<\/li>\n<\/ul>\n<p><strong>4. Prestazioni e qualit\u00e0<\/strong><br \/>Queste borse sono caratterizzate da: <\/p>\n<ul>\n<li><strong>Costruzione resistente<\/strong> per sostenere il peso. <\/li>\n<li><strong>Varie opzioni di impugnatura<\/strong> per un trasporto confortevole. <\/li>\n<li><strong>Design compatto<\/strong> per una facile conservazione.<br \/>Il nostro sacchetto di carta con maniglia Twistered offre affidabilit\u00e0 e facilit\u00e0 d'uso, soddisfacendo i clienti.<\/li>\n<\/ul>\n<p><strong>5. Sezione Garanzia di qualit\u00e0 e certificazioni<\/strong><br \/>Attuiamo un rigoroso controllo di qualit\u00e0 per verificare la robustezza e la resistenza alle perdite. Le certificazioni includono l'approvazione FDA per la sicurezza alimentare e FSC per l'approvvigionamento sostenibile. I nostri sacchetti di carta con maniglia Twistered sono conformi a tutti gli standard pertinenti e garantiscono un'elevata qualit\u00e0.<\/p>\n<p><strong>6. Personalizzazione e branding<\/strong><br \/>Potete personalizzare i nostri sacchetti di carta con maniglia Twistered con: <\/p>\n<ul>\n<li><strong>Stampa personalizzata<\/strong> per una maggiore visibilit\u00e0 del marchio. <\/li>\n<li>Una variet\u00e0 di <strong>colori e disegni<\/strong> per soddisfare le esigenze del vostro marchio.<br \/>Elevate il vostro marchio con le nostre opzioni di stampa personalizzata ed ecologica.<\/li>\n<\/ul>\n<p><strong>7. Ordini, imballaggio e logistica<\/strong><br \/>Come produttore affidabile <strong>esportatore<\/strong> dalla Cina, il nostro:<\/p>\n<ul>\n<li><strong>Quantit\u00e0 minima d'ordine<\/strong> varia in base alle dimensioni.<\/li>\n<li><strong>Dettagli sull'imballaggio<\/strong> mantenere gli articoli al sicuro durante la spedizione.<\/li>\n<li><strong>Tempi di produzione<\/strong> \u00e8 di circa 30 giorni.<br \/>Offriamo <strong>acquisto all'ingrosso<\/strong> per i prezzi all'ingrosso. Per accedere facilmente ai prodotti, esplorate i nostri link correlati: <a href=\"\"https:>Sacchetto di carta con manico fustellato<\/a> e <a href=\"\"https:>Sacchetto di carta con manico piatto<\/a>. I nostri impianti di produzione assicurano la migliore <strong>prezzo all'ingrosso<\/strong> con una qualit\u00e0 di cui ci si pu\u00f2 fidare.<\/li>\n<\/ul>\n<p>Che siate produttori, fornitori o fabbricanti, i nostri sacchetti di carta con maniglia Twistered sono la soluzione ideale per le vostre esigenze.<\/p>\n<h2 style=\"\"text-align: center;\"\">Video del tour della fabbrica:<\/h2>\n\n<p>&nbsp;<\/p>\n<p>&#8220;<\/p>","protected":false},"excerpt":{"rendered":"<p>Il sacchetto di carta con manico a spirale \u00e8 progettato per imballare e trasportare i prodotti con facilit\u00e0. Con dimensioni standard, \u00e8 ideale per negozi al dettaglio, drogherie e mercati artigianali. Caratterizzato da manici resistenti e ritorti, offre una presa sicura ai consumatori del settore della vendita al dettaglio.<\/p>","protected":false},"featured_media":899,"comment_status":"open","ping_status":"closed","template":"","meta":[],"product_brand":[],"product_cat":[21,36],"product_tag":[],"class_list":{"0":"post-898","1":"product","2":"type-product","3":"status-publish","4":"has-post-thumbnail","6":"product_cat-products","7":"product_cat-paper-bags","9":"first","10":"instock","11":"shipping-taxable","12":"product-type-simple"},"_links":{"self":[{"href":"https:\/\/ascentpak.com\/it\/wp-json\/wp\/v2\/product\/898","targetHints":{"allow":["GET"]}}],"collection":[{"href":"https:\/\/ascentpak.com\/it\/wp-json\/wp\/v2\/product"}],"about":[{"href":"https:\/\/ascentpak.com\/it\/wp-json\/wp\/v2\/types\/product"}],"replies":[{"embeddable":true,"href":"https:\/\/ascentpak.com\/it\/wp-json\/wp\/v2\/comments?post=898"}],"wp:featuredmedia":[{"embeddable":true,"href":"https:\/\/ascentpak.com\/it\/wp-json\/wp\/v2\/media\/899"}],"wp:attachment":[{"href":"https:\/\/ascentpak.com\/it\/wp-json\/wp\/v2\/media?parent=898"}],"wp:term":[{"taxonomy":"product_brand","embeddable":true,"href":"https:\/\/ascentpak.com\/it\/wp-json\/wp\/v2\/product_brand?post=898"},{"taxonomy":"product_cat","embeddable":true,"href":"https:\/\/ascentpak.com\/it\/wp-json\/wp\/v2\/product_cat?post=898"},{"taxonomy":"product_tag","embeddable":true,"href":"https:\/\/ascentpak.com\/it\/wp-json\/wp\/v2\/product_tag?post=898"}],"curies":[{"name":"wp","href":"https:\/\/api.w.org\/{rel}","templated":true}]}}