{"id":888,"date":"2025-04-16T04:21:36","date_gmt":"2025-04-16T04:21:36","guid":{"rendered":"https:\/\/ascentpak.com\/?post_type=product&#038;p=888"},"modified":"2025-04-16T04:21:38","modified_gmt":"2025-04-16T04:21:38","slug":"die-cut-handle-paper-bag","status":"publish","type":"product","link":"https:\/\/ascentpak.com\/it\/prodotto\/die-cut-handle-paper-bag\/","title":{"rendered":"Sacchetto di carta con maniglia fustellata"},"content":{"rendered":"<p>&#8220;<\/p>\n\n<table id=\"tablepress-3\" class=\"tablepress tablepress-id-3\">\n<thead>\n<tr class=\"row-1\">\n\t<th class=\"column-1\">Articolo<\/th><th class=\"column-2\">DIMENSIONE (MM)<\/th><th class=\"column-3\">IMBALLAGGIO (PZ*BORSA)<\/th>\n<\/tr>\n<\/thead>\n<tbody class=\"row-striping row-hover\">\n<tr class=\"row-2\">\n\t<td class=\"column-1\">Sacchetto di carta SOS con manico ritorto<\/td><td class=\"column-2\">325*205*420<\/td><td class=\"column-3\">50*10=500<\/td>\n<\/tr>\n<tr class=\"row-3\">\n\t<td class=\"column-1\">Sacchetto di carta SOS con manico piatto<\/td><td class=\"column-2\">320*220*302<\/td><td class=\"column-3\">50*10=500<\/td>\n<\/tr>\n<tr class=\"row-4\">\n\t<td class=\"column-1\">Sacchetto di carta SOS con manico fustellato<\/td><td class=\"column-2\">250*150*405<\/td><td class=\"column-3\">50*10=500<\/td>\n<\/tr>\n<tr class=\"row-5\">\n\t<td class=\"column-1\">Sacchetto di carta SOS<\/td><td class=\"column-2\">90*73*88<\/td><td class=\"column-3\">50*10=500<\/td>\n<\/tr>\n<tr class=\"row-6\">\n\t<td class=\"column-1\">Sacchetto di carta con fondo a V <\/td><td class=\"column-2\">105*40*250<\/td><td class=\"column-3\">100*10=1000<\/td>\n<\/tr>\n<\/tbody>\n<\/table>\n<!-- #tablepress-3 from cache -->\n<p>&nbsp;<br \/>Il nostro <strong>Sacchetto di carta con maniglia fustellata<\/strong> svolge un ruolo cruciale nei settori della vendita al dettaglio e della ristorazione. Consentono ai clienti di trasportare facilmente i loro acquisti, dimostrando al tempo stesso una certa ecocompatibilit\u00e0. Queste borse soddisfano sia le esigenze di funzionalit\u00e0 che quelle di sostenibilit\u00e0.<\/p>\n<ol>\n<li>\n<p><strong>Materiali e struttura della borsa<\/strong><br \/>Il nostro sacchetto di carta con maniglia fustellata \u00e8 realizzato con materiali pregiati come la carta kraft e i prodotti riciclati. Queste scelte migliorano la durata e supportano le pratiche eco-compatibili: <\/p>\n<ul>\n<li>La carta kraft offre una soluzione resistente ed ecologica.<\/li>\n<li>I materiali riciclati migliorano la sostenibilit\u00e0 ambientale.<br \/>Le nostre borse sono progettate per essere robuste e affidabili, adatte a vari usi, dalla spesa ai regali. <a href=\"\"https:>Esplora la nostra collezione qui<\/a>.<\/li>\n<\/ul>\n<\/li>\n<li>\n<p><strong>Propriet\u00e0 fisiche e funzionali<\/strong><br \/>Il nostro sacchetto di carta con maniglia fustellata \u00e8 disponibile in un'ampia gamma di formati ed \u00e8 perfetto per numerose applicazioni: <\/p>\n<table>\n<thead>\n<tr>\n<th>Articolo<\/th>\n<th>Dimensione (MM)<\/th>\n<th>Imballaggio (pz*bag)<\/th>\n<\/tr>\n<\/thead>\n<tbody>\n<tr>\n<td>Sacchetto di carta SOS con manico ritorto<\/td>\n<td>325\u00d7205\u00d7420<\/td>\n<td>50\u00d710=500<\/td>\n<\/tr>\n<tr>\n<td>Sacchetto di carta SOS con manico piatto<\/td>\n<td>320\u00d7220\u00d7302<\/td>\n<td>50\u00d710=500<\/td>\n<\/tr>\n<tr>\n<td>Sacchetto di carta SOS con manico fustellato<\/td>\n<td>250\u00d7150\u00d7405<\/td>\n<td>50\u00d710=500<\/td>\n<\/tr>\n<tr>\n<td>Sacchetto di carta SOS<\/td>\n<td>90\u00d773\u00d788<\/td>\n<td>50\u00d710=500<\/td>\n<\/tr>\n<tr>\n<td>Sacchetto di carta con fondo a V<\/td>\n<td>105\u00d740\u00d7250<\/td>\n<td>100\u00d710=1000<\/td>\n<\/tr>\n<\/tbody>\n<\/table>\n<p>La nostra vasta gamma di sacchetti di carta con maniglia fustellata \u00e8 disponibile in formati che soddisfano ogni esigenza, garantendo un trasporto sicuro dei vostri prodotti.<\/p>\n<\/li>\n<li>\n<p><strong>Sezione Taglie e Variet\u00e0<\/strong><br \/>Offriamo diversi stili e varianti con dettagli di imballaggio per soddisfare le diverse esigenze:<\/p>\n<ul>\n<li>Opzioni con manici ritorti, piatti o fustellati.<\/li>\n<li>Pi\u00f9 dimensioni per diversi tipi di prodotti.<br \/>Questa selezione \u00e8 ideale per la vendita al dettaglio e i servizi di ristorazione. Dai generi alimentari ai regali, i nostri sacchetti di carta con maniglia fustellata offrono una soluzione perfetta per ogni esigenza.<\/li>\n<\/ul>\n<\/li>\n<li>\n<p><strong>Prestazioni e qualit\u00e0<\/strong><br \/>Le caratteristiche dei nostri sacchetti di carta con maniglia fustellata includono una struttura resistente per sostenere il peso, varie opzioni di maniglia per un trasporto confortevole e un design compatto per una facile conservazione. I nostri sacchetti sono realizzati per garantire affidabilit\u00e0 e facilit\u00e0 d'uso, assicurando la soddisfazione del cliente. In qualit\u00e0 di produttore di fiducia, vi assicuriamo i migliori prezzi all'ingrosso per le vostre esigenze.<\/p>\n<\/li>\n<li>\n<p><strong>Sezione Garanzia di qualit\u00e0 e certificazioni<\/strong><br \/>Adottiamo un sistema completo di controllo della qualit\u00e0. Ogni lotto \u00e8 sottoposto a test di resistenza, di tenuta e di conformit\u00e0 alla sicurezza alimentare. I nostri prodotti vantano l'approvazione FDA, FSC per l'approvvigionamento sostenibile e BRCGS per la sicurezza alimentare. Le nostre rigorose procedure di controllo della qualit\u00e0 prevedono test rigorosi, per garantire che i nostri sacchetti di carta con maniglia tagliata siano conformi agli elevati standard di qualit\u00e0 e sicurezza.<\/p>\n<\/li>\n<li>\n<p><strong>Personalizzazione e branding<\/strong><br \/>Per una maggiore visibilit\u00e0 del marchio, offriamo opzioni di personalizzazione come:<\/p>\n<ul>\n<li>Stampa personalizzata per il vostro logo e design.<\/li>\n<li>Una variet\u00e0 di colori e design che si adattano al vostro marchio.<br \/>Elevate il vostro marchio con il nostro sacchetto di carta con maniglia fustellata stampato su misura, progettato per soddisfare le vostre esigenze aziendali.<\/li>\n<\/ul>\n<\/li>\n<li>\n<p><strong>Ordini, imballaggio e logistica<\/strong><\/p>\n<ul>\n<li>La quantit\u00e0 minima d'ordine varia a seconda delle dimensioni.<\/li>\n<li>Dettagli sull'imballaggio: Imballato in modo sicuro per garantire la sicurezza durante la spedizione.<\/li>\n<li>Tempo di produzione: circa 30 giorni.<\/li>\n<li>Porto di spedizione: Ningbo, Cina, per garantire una consegna rapida ed efficiente a livello globale.<\/li>\n<\/ul>\n<\/li>\n<\/ol>\n<p>I nostri sacchetti di carta con maniglia tagliata sono imballati con cura, assicurando che vi arrivino in condizioni perfette per le vostre esigenze commerciali. Per richieste di informazioni all'ingrosso, mettetevi in contatto con noi, il vostro fornitore ed esportatore affidabile di sacchetti di qualit\u00e0. La nostra fabbrica offre servizi OEM per soddisfare le vostre richieste di acquisto all'ingrosso in vari mercati.<\/p>\n<h2 style=\"\"text-align: center;\"\">Video del tour della fabbrica:<\/h2>\n\n<p>&nbsp;<\/p>\n<p>&#8220;<\/p>","protected":false},"excerpt":{"rendered":"<p>Il sacchetto di carta con maniglia fustellata \u00e8 progettato per il confezionamento al dettaglio. Con dimensioni standard, \u00e8 ideale per lo shopping e le boutique. Caratterizzato da una struttura resistente, offre convenienza e stile per il settore della vendita al dettaglio.<\/p>","protected":false},"featured_media":889,"comment_status":"open","ping_status":"closed","template":"","meta":[],"product_brand":[],"product_cat":[21,36],"product_tag":[],"class_list":{"0":"post-888","1":"product","2":"type-product","3":"status-publish","4":"has-post-thumbnail","6":"product_cat-products","7":"product_cat-paper-bags","9":"first","10":"instock","11":"shipping-taxable","12":"product-type-simple"},"_links":{"self":[{"href":"https:\/\/ascentpak.com\/it\/wp-json\/wp\/v2\/product\/888","targetHints":{"allow":["GET"]}}],"collection":[{"href":"https:\/\/ascentpak.com\/it\/wp-json\/wp\/v2\/product"}],"about":[{"href":"https:\/\/ascentpak.com\/it\/wp-json\/wp\/v2\/types\/product"}],"replies":[{"embeddable":true,"href":"https:\/\/ascentpak.com\/it\/wp-json\/wp\/v2\/comments?post=888"}],"wp:featuredmedia":[{"embeddable":true,"href":"https:\/\/ascentpak.com\/it\/wp-json\/wp\/v2\/media\/889"}],"wp:attachment":[{"href":"https:\/\/ascentpak.com\/it\/wp-json\/wp\/v2\/media?parent=888"}],"wp:term":[{"taxonomy":"product_brand","embeddable":true,"href":"https:\/\/ascentpak.com\/it\/wp-json\/wp\/v2\/product_brand?post=888"},{"taxonomy":"product_cat","embeddable":true,"href":"https:\/\/ascentpak.com\/it\/wp-json\/wp\/v2\/product_cat?post=888"},{"taxonomy":"product_tag","embeddable":true,"href":"https:\/\/ascentpak.com\/it\/wp-json\/wp\/v2\/product_tag?post=888"}],"curies":[{"name":"wp","href":"https:\/\/api.w.org\/{rel}","templated":true}]}}