{"id":851,"date":"2025-04-16T03:03:12","date_gmt":"2025-04-16T03:03:12","guid":{"rendered":"https:\/\/ascentpak.com\/?post_type=product&#038;p=851"},"modified":"2025-04-16T03:46:59","modified_gmt":"2025-04-16T03:46:59","slug":"1400ml-meal-box","status":"publish","type":"product","link":"https:\/\/ascentpak.com\/it\/prodotto\/1400ml-meal-box\/","title":{"rendered":"Scatola da 1400ML"},"content":{"rendered":"<p>&#8220;<\/p>\n\n<table id=\"tablepress-9\" class=\"tablepress tablepress-id-9\">\n<thead>\n<tr class=\"row-1\">\n\t<th class=\"column-1\">Articolo<\/th><th class=\"column-2\">DIMENSIONE(BTM*H)<\/th><th class=\"column-3\">IMBALLAGGIO (PZ*BORSA)<\/th><th class=\"column-4\">DIMENSIONE CTN (CM)<\/th>\n<\/tr>\n<\/thead>\n<tbody class=\"row-striping row-hover\">\n<tr class=\"row-2\">\n\t<td class=\"column-1\">1# (\u2714\/\u25c6\/\u2605)<\/td><td class=\"column-2\">111*90*63<\/td><td class=\"column-3\">50*9=450<\/td><td class=\"column-4\">58*42*43<\/td>\n<\/tr>\n<tr class=\"row-3\">\n\t<td class=\"column-1\">2# (\u2714\/\u25c6\/\u2605)<\/td><td class=\"column-2\">198*140*48<\/td><td class=\"column-3\">50*4=200<\/td><td class=\"column-4\">44*38*46<\/td>\n<\/tr>\n<tr class=\"row-4\">\n\t<td class=\"column-1\">3# (\u2714\/\u25c6\/\u2605)<\/td><td class=\"column-2\">198*140*63<\/td><td class=\"column-3\">50*4=200<\/td><td class=\"column-4\">54*38*46<\/td>\n<\/tr>\n<tr class=\"row-5\">\n\t<td class=\"column-1\">4# (\u2714\/\u25c6\/\u2605)<\/td><td class=\"column-2\">198*140*88<\/td><td class=\"column-3\">40*4=160<\/td><td class=\"column-4\">55*38*46.5<\/td>\n<\/tr>\n<tr class=\"row-6\">\n\t<td class=\"column-1\">5# (\u2714\/\u25c6\/\u2605)<\/td><td class=\"column-2\">152*120*51<\/td><td class=\"column-3\">50*8=400<\/td><td class=\"column-4\">50*38*45<\/td>\n<\/tr>\n<tr class=\"row-7\">\n\t<td class=\"column-1\">6# (\u2714\/\u25c6\/\u2605)<\/td><td class=\"column-2\">168*90*60<\/td><td class=\"column-3\">50*6=300<\/td><td class=\"column-4\">59*38*40<\/td>\n<\/tr>\n<tr class=\"row-8\">\n\t<td class=\"column-1\">7# (\u25c6\/\u2605)<\/td><td class=\"column-2\">150*71*40<\/td><td class=\"column-3\">50*10=500<\/td><td class=\"column-4\">60*19*49<\/td>\n<\/tr>\n<tr class=\"row-9\">\n\t<td class=\"column-1\">8# (\u2714\/\u25c6\/\u2605)<\/td><td class=\"column-2\">152*120*64<\/td><td class=\"column-3\">50*6=300<\/td><td class=\"column-4\">55*35*55<\/td>\n<\/tr>\n<tr class=\"row-10\">\n\t<td class=\"column-1\">9# (\u25c6\/\u2605)<\/td><td class=\"column-2\">200*90*75<\/td><td class=\"column-3\">50*6=300<\/td><td class=\"column-4\">70*47*37<\/td>\n<\/tr>\n<tr class=\"row-11\">\n\t<td class=\"column-1\">10# (\u2714\/\u25c6\/\u2605)<\/td><td class=\"column-2\">110*90*45<\/td><td class=\"column-3\">54*10=540<\/td><td class=\"column-4\">53*27.5*62<\/td>\n<\/tr>\n<tr class=\"row-12\">\n\t<td class=\"column-1\">11# (\u25c6\/\u2605)<\/td><td class=\"column-2\">229*88*52<\/td><td class=\"column-3\">50*6=300<\/td><td class=\"column-4\">51*50*31<\/td>\n<\/tr>\n<tr class=\"row-13\">\n\t<td class=\"column-1\">Compartimento 2# (\uff08\u2714\/\u25c6\/\u2605)<\/td><td class=\"column-2\">198*140*48<\/td><td class=\"column-3\">50*4=200<\/td><td class=\"column-4\">197*140*48<\/td>\n<\/tr>\n<tr class=\"row-14\">\n\t<td class=\"column-1\">Compartimento 3#\uff08\u2714\/\u25c6\/\u2605)<\/td><td class=\"column-2\">198*140*63<\/td><td class=\"column-3\">50*4=200<\/td><td class=\"column-4\">198*140*64<\/td>\n<\/tr>\n<tr class=\"row-15\">\n\t<td class=\"column-1\">Compartimento 5#\uff08\u2714\/\u25c6\/\u2605)<\/td><td class=\"column-2\">152*120*51<\/td><td class=\"column-3\">40*4=160<\/td><td class=\"column-4\">152*120*50<\/td>\n<\/tr>\n<tr class=\"row-16\">\n\t<td class=\"column-1\">Compartimento 8#\uff08\u2714\/\u25c6\/\u2605)<\/td><td class=\"column-2\">152*120*64<\/td><td class=\"column-3\">50*6=300<\/td><td class=\"column-4\">152*120*64<\/td>\n<\/tr>\n<tr class=\"row-17\">\n\t<td class=\"column-1\">Scatola di tagliatelle 16OZ (\u2714)<\/td><td class=\"column-2\">75*58*86<\/td><td class=\"column-3\">50*12=600<\/td><td class=\"column-4\">45*42*50<\/td>\n<\/tr>\n<tr class=\"row-18\">\n\t<td class=\"column-1\">Scatola di pasta da 26OZ (\u2714)<\/td><td class=\"column-2\">80*66*103<\/td><td class=\"column-3\">50*12=600<\/td><td class=\"column-4\">50*46*55<\/td>\n<\/tr>\n<tr class=\"row-19\">\n\t<td class=\"column-1\">Scatola di tagliatelle da 32Oz (\u2714)<\/td><td class=\"column-2\">90*70*110<\/td><td class=\"column-3\">50*12=600<\/td><td class=\"column-4\">56*50*60<\/td>\n<\/tr>\n<\/tbody>\n<\/table>\n<!-- #tablepress-9 from cache -->\n<p>&nbsp;<br \/>Il <strong>Scatola da 1400ML<\/strong> \u00e8 una soluzione versatile per il confezionamento di alimenti, adatta a diversi tipi di pasti. La sua funzionalit\u00e0 garantisce che i pasti siano conservati e trasportati in modo sicuro, mantenendo qualit\u00e0 e convenienza. Che si tratti di un piatto caldo o di un'insalata fresca, questa scatola per pasti \u00e8 in grado di mantenere gli alimenti al sicuro.<\/p>\n<ol>\n<li>\n<p><strong>Materiali e struttura della scatola<\/strong><br \/>Il nostro <strong>Scatola da 1400ML<\/strong> \u00e8 realizzata con materiali di alta qualit\u00e0 per uso alimentare, come la carta kraft e la carta rivestita in PE. Il rivestimento in PE garantisce la resistenza all'umidit\u00e0, assicurando che la scatola funzioni perfettamente per i pasti caldi e freddi. Se siete alla ricerca di sostenibilit\u00e0, la carta rivestita in PLA \u00e8 biodegradabile ma robusta. Scoprite le caratteristiche di prodotti simili su <a href=\"\"https:>Scatola da 650 ml<\/a>. La nostra struttura robusta garantisce un'esperienza a prova di perdite.<\/p>\n<\/li>\n<li>\n<p><strong>Propriet\u00e0 fisiche e funzionali<\/strong><br \/>Il nostro <strong>Scatola da 1400ML<\/strong> \u00e8 disponibile in diverse dimensioni e configurazioni, adatte a vari pasti. Di seguito \u00e8 riportata una tabella delle dimensioni di riferimento:<\/p>\n<\/li>\n<\/ol>\n<table>\n<thead>\n<tr>\n<th>Articolo<\/th>\n<th>Dimensioni (BTM*H)<\/th>\n<th>Imballaggio (pz*bag)<\/th>\n<th>Dimensione CTN (cm)<\/th>\n<\/tr>\n<\/thead>\n<tbody>\n<tr>\n<td>1#<\/td>\n<td>111\u00d790\u00d763<\/td>\n<td>50\u00d79=450<\/td>\n<td>58\u00d742\u00d743<\/td>\n<\/tr>\n<tr>\n<td>2#<\/td>\n<td>198\u00d7140\u00d748<\/td>\n<td>50\u00d74=200<\/td>\n<td>44\u00d738\u00d746<\/td>\n<\/tr>\n<tr>\n<td>3#<\/td>\n<td>198\u00d7140\u00d763<\/td>\n<td>50\u00d74=200<\/td>\n<td>54\u00d738\u00d746<\/td>\n<\/tr>\n<tr>\n<td>4#<\/td>\n<td>198\u00d7140\u00d788<\/td>\n<td>40\u00d74=160<\/td>\n<td>55\u00d738\u00d746.5<\/td>\n<\/tr>\n<tr>\n<td>5#<\/td>\n<td>152\u00d7120\u00d751<\/td>\n<td>50\u00d78=400<\/td>\n<td>50\u00d738\u00d745<\/td>\n<\/tr>\n<tr>\n<td>6#<\/td>\n<td>168\u00d790\u00d760<\/td>\n<td>50\u00d73=150<\/td>\n<td>59\u00d738\u00d740<\/td>\n<\/tr>\n<tr>\n<td>7#<\/td>\n<td>150\u00d771\u00d740<\/td>\n<td>50\u00d710=500<\/td>\n<td>60\u00d719\u00d749<\/td>\n<\/tr>\n<tr>\n<td>8#<\/td>\n<td>152\u00d7120\u00d764<\/td>\n<td>50\u00d76=300<\/td>\n<td>55\u00d735\u00d755<\/td>\n<\/tr>\n<tr>\n<td>9#<\/td>\n<td>200\u00d790\u00d775<\/td>\n<td>50\u00d76=300<\/td>\n<td>70\u00d747\u00d737<\/td>\n<\/tr>\n<tr>\n<td>10#<\/td>\n<td>110\u00d790\u00d745<\/td>\n<td>54\u00d710=540<\/td>\n<td>53\u00d727.5\u00d762<\/td>\n<\/tr>\n<tr>\n<td>11#<\/td>\n<td>229\u00d788\u00d752<\/td>\n<td>50\u00d72=100<\/td>\n<td>51\u00d750\u00d731<\/td>\n<\/tr>\n<tr>\n<td><strong>Scatola per pasti a scomparti<\/strong><\/td>\n<td><\/td>\n<td><\/td>\n<td><\/td>\n<\/tr>\n<tr>\n<td>2#<\/td>\n<td>198\u00d7140\u00d748<\/td>\n<td>50\u00d74=200<\/td>\n<td>197\u00d7140\u00d748<\/td>\n<\/tr>\n<tr>\n<td>3#<\/td>\n<td>198\u00d7140\u00d763<\/td>\n<td>50\u00d74=200<\/td>\n<td>198\u00d7140\u00d764<\/td>\n<\/tr>\n<tr>\n<td>5#<\/td>\n<td>152\u00d7120\u00d751<\/td>\n<td>40\u00d74=160<\/td>\n<td>152\u00d7120\u00d750<\/td>\n<\/tr>\n<tr>\n<td>8#<\/td>\n<td>152\u00d7120\u00d764<\/td>\n<td>50\u00d76=300<\/td>\n<td>152\u00d7120\u00d764<\/td>\n<\/tr>\n<tr>\n<td><strong>Scatola di noodle<\/strong><\/td>\n<td><\/td>\n<td><\/td>\n<td><\/td>\n<\/tr>\n<tr>\n<td>16OZ<\/td>\n<td>75\u00d758\u00d786<\/td>\n<td>50\u00d712=600<\/td>\n<td>45\u00d742\u00d750<\/td>\n<\/tr>\n<tr>\n<td>26OZ<\/td>\n<td>80\u00d766\u00d7103<\/td>\n<td>50\u00d712=600<\/td>\n<td>50\u00d746\u00d755<\/td>\n<\/tr>\n<tr>\n<td>32OZ<\/td>\n<td>90\u00d770\u00d7110<\/td>\n<td>50\u00d712=600<\/td>\n<td>56\u00d750\u00d760<\/td>\n<\/tr>\n<\/tbody>\n<\/table>\n<ol start=\"\"3\"\">\n<li>\n<p><strong>Dimensioni e variet\u00e0<\/strong><br \/>Il nostro <strong>Scatola da 1400ML<\/strong> offre vari stili, disponibili con finestre o doppie fibbie, adatti a diverse esperienze culinarie. Questi prodotti sono ideali per l'asporto e la ristorazione. Per ulteriori opzioni, potete esplorare la nostra gamma che include caratteristiche dettagliate per ogni stile di scatola.<\/p>\n<\/li>\n<li>\n<p><strong>Prestazioni e qualit\u00e0<\/strong><br \/>Diamo priorit\u00e0 alla presentazione con i nostri <strong>Scatola da 1400ML<\/strong>con opzione di finestra trasparente. Questo design migliora la visibilit\u00e0, pur mantenendo l'integrit\u00e0 strutturale della scatola. Le nostre scatole si impilano facilmente, assicurando uno stoccaggio efficiente sia in fabbrica che in viaggio.<\/p>\n<\/li>\n<li>\n<p><strong>Garanzia di qualit\u00e0 e certificazioni<\/strong><br \/>La nostra catena di approvvigionamento \u00e8 certificata, compresa l'approvazione della FDA per la sicurezza alimentare e la certificazione FSC per le pratiche sostenibili. Garantiamo che i nostri prodotti soddisfino gli standard di qualit\u00e0 globali, rendendoci un fornitore affidabile per la vendita all'ingrosso. I nostri prodotti sono perfetti per le opportunit\u00e0 di acquisto all'ingrosso.<\/p>\n<\/li>\n<li>\n<p><strong>Personalizzazione e branding<\/strong><br \/>\u00c8 possibile personalizzare facilmente i nostri <strong>Scatola da 1400ML<\/strong> per riflettere il look del vostro marchio. Dai loghi ai disegni speciali, offriamo anche opzioni OEM. Questa adattabilit\u00e0 li rende perfetti per qualsiasi evento o ristorante.<\/p>\n<\/li>\n<li>\n<p><strong>Ordini, imballaggio e logistica<\/strong><\/p>\n<\/li>\n<\/ol>\n<ul>\n<li><strong>Quantit\u00e0 minima d'ordine<\/strong>: Varia in base alle dimensioni.  <\/li>\n<li><strong>Dettagli sull'imballaggio<\/strong>: Imballato in modo sicuro per la spedizione.  <\/li>\n<li><strong>Tempi di produzione<\/strong>: Circa 30 giorni.  <\/li>\n<li><strong>Porto di spedizione<\/strong>: Ningbo, Cina, garantisce un'efficiente consegna globale.<\/li>\n<\/ul>\n<p>\u00c8 possibile acquistare all'ingrosso da noi a prezzi competitivi. Il nostro <em>Scatola da 1400ML<\/em> La nostra produzione soddisfer\u00e0 le vostre esigenze in modo efficace, grazie alla nostra esperienza di produttori ed esportatori leader del settore. <\/p>\n<p>Esplorate oggi stesso altri prodotti del nostro catalogo per le vostre esigenze aziendali!<\/p>\n<h2 style=\"\"text-align: center;\"\">Video del tour della fabbrica:<\/h2>\n\n<p>&nbsp;<\/p>\n<p>&#8220;<\/p>","protected":false},"excerpt":{"rendered":"<p>1400ML Meal Box \u00e8 stato progettato per la preparazione e il trasporto dei pasti. Con una capacit\u00e0 di 1400 ml, \u00e8 ideale per il controllo delle porzioni e per i servizi di asporto. Caratterizzata da un design a prova di perdite, offre convenienza e conservazione senza disordine per i servizi di ristorazione.<\/p>","protected":false},"featured_media":852,"comment_status":"open","ping_status":"closed","template":"","meta":[],"product_brand":[],"product_cat":[21,33],"product_tag":[],"class_list":{"0":"post-851","1":"product","2":"type-product","3":"status-publish","4":"has-post-thumbnail","6":"product_cat-products","7":"product_cat-paper-meal-boxes","9":"first","10":"instock","11":"shipping-taxable","12":"product-type-simple"},"_links":{"self":[{"href":"https:\/\/ascentpak.com\/it\/wp-json\/wp\/v2\/product\/851","targetHints":{"allow":["GET"]}}],"collection":[{"href":"https:\/\/ascentpak.com\/it\/wp-json\/wp\/v2\/product"}],"about":[{"href":"https:\/\/ascentpak.com\/it\/wp-json\/wp\/v2\/types\/product"}],"replies":[{"embeddable":true,"href":"https:\/\/ascentpak.com\/it\/wp-json\/wp\/v2\/comments?post=851"}],"wp:featuredmedia":[{"embeddable":true,"href":"https:\/\/ascentpak.com\/it\/wp-json\/wp\/v2\/media\/852"}],"wp:attachment":[{"href":"https:\/\/ascentpak.com\/it\/wp-json\/wp\/v2\/media?parent=851"}],"wp:term":[{"taxonomy":"product_brand","embeddable":true,"href":"https:\/\/ascentpak.com\/it\/wp-json\/wp\/v2\/product_brand?post=851"},{"taxonomy":"product_cat","embeddable":true,"href":"https:\/\/ascentpak.com\/it\/wp-json\/wp\/v2\/product_cat?post=851"},{"taxonomy":"product_tag","embeddable":true,"href":"https:\/\/ascentpak.com\/it\/wp-json\/wp\/v2\/product_tag?post=851"}],"curies":[{"name":"wp","href":"https:\/\/api.w.org\/{rel}","templated":true}]}}