{"id":826,"date":"2025-04-16T01:53:43","date_gmt":"2025-04-16T01:53:43","guid":{"rendered":"https:\/\/ascentpak.com\/?post_type=product&#038;p=826"},"modified":"2025-04-16T01:53:44","modified_gmt":"2025-04-16T01:53:44","slug":"1500ml-salad-paper-bowl","status":"publish","type":"product","link":"https:\/\/ascentpak.com\/it\/prodotto\/1500ml-salad-paper-bowl\/","title":{"rendered":"1500ML insalatiera di carta"},"content":{"rendered":"<p>&#8220;<\/p>\n\n<table id=\"tablepress-2\" class=\"tablepress tablepress-id-2\">\n<thead>\n<tr class=\"row-1\">\n\t<th class=\"column-1\">Articolo<\/th><th class=\"column-2\">DIMENSIONE (MM)<\/th><th class=\"column-3\">IMBALLAGGIO (PZ*BORSA)<\/th><th class=\"column-4\">DIMENSIONE CTN (CM)<\/th>\n<\/tr>\n<\/thead>\n<tbody class=\"row-striping row-hover\">\n<tr class=\"row-2\">\n\t<td class=\"column-1\">SL-21OZ<\/td><td class=\"column-2\">142*120*65<\/td><td class=\"column-3\">25*20=500<\/td><td class=\"column-4\">72*58*31.5<\/td>\n<\/tr>\n<tr class=\"row-3\">\n\t<td class=\"column-1\">SL-22OZ<\/td><td class=\"column-2\">142*115*77.5<\/td><td class=\"column-3\">25*20=500<\/td><td class=\"column-4\">72*58*32.5<\/td>\n<\/tr>\n<tr class=\"row-4\">\n\t<td class=\"column-1\">SL-23OZ<\/td><td class=\"column-2\">142*116*81<\/td><td class=\"column-3\">25*20=500<\/td><td class=\"column-4\">72*58*33<\/td>\n<\/tr>\n<tr class=\"row-5\">\n\t<td class=\"column-1\">SL-24OZ<\/td><td class=\"column-2\">142*113*86<\/td><td class=\"column-3\">25*20=500<\/td><td class=\"column-4\">72*58*35<\/td>\n<\/tr>\n<tr class=\"row-6\">\n\t<td class=\"column-1\">SL-32OZ<\/td><td class=\"column-2\">142*106*103<\/td><td class=\"column-3\">25*20=500<\/td><td class=\"column-4\">72*58*35.5<\/td>\n<\/tr>\n<tr class=\"row-7\">\n\t<td class=\"column-1\">SL-500ML<\/td><td class=\"column-2\">150*128*48<\/td><td class=\"column-3\">50*6=300<\/td><td class=\"column-4\">46*31*43<\/td>\n<\/tr>\n<tr class=\"row-8\">\n\t<td class=\"column-1\">SL-750ML<\/td><td class=\"column-2\">150*128*60<\/td><td class=\"column-3\">50*6=300<\/td><td class=\"column-4\">46*31*44<\/td>\n<\/tr>\n<tr class=\"row-9\">\n\t<td class=\"column-1\">SL-1000ML<\/td><td class=\"column-2\">150*128*75<\/td><td class=\"column-3\">50*6=300<\/td><td class=\"column-4\">46*31*46<\/td>\n<\/tr>\n<tr class=\"row-10\">\n\t<td class=\"column-1\">SL-1100ML<\/td><td class=\"column-2\">165*144*65<\/td><td class=\"column-3\">50*6=300<\/td><td class=\"column-4\">51*34.5*51<\/td>\n<\/tr>\n<tr class=\"row-11\">\n\t<td class=\"column-1\">SL-1300ML(165)<\/td><td class=\"column-2\">165*144*75<\/td><td class=\"column-3\">50*6=300<\/td><td class=\"column-4\">51*34.5*52.5<\/td>\n<\/tr>\n<tr class=\"row-12\">\n\t<td class=\"column-1\">SL-1300ML(184)<\/td><td class=\"column-2\">184*160*65<\/td><td class=\"column-3\">50*6=300<\/td><td class=\"column-4\">56.5*37.5*50<\/td>\n<\/tr>\n<tr class=\"row-13\">\n\t<td class=\"column-1\">SL-1500ML<\/td><td class=\"column-2\">184*160*75<\/td><td class=\"column-3\">50*6=300<\/td><td class=\"column-4\">57*38*52.5<\/td>\n<\/tr>\n<tr class=\"row-14\">\n\t<td class=\"column-1\">142 MM SL-142 MM COPERCHIO DI CARTA<\/td><td class=\"column-2\">\u03c6142MM<\/td><td class=\"column-3\">25*20=500<\/td><td class=\"column-4\">73*38*59<\/td>\n<\/tr>\n<tr class=\"row-15\">\n\t<td class=\"column-1\">150 MM SL-150 MM COPERCHIO IN CARTA<\/td><td class=\"column-2\">\u03c6150MM<\/td><td class=\"column-3\">18*20=360<\/td><td class=\"column-4\">63*37*47<\/td>\n<\/tr>\n<tr class=\"row-16\">\n\t<td class=\"column-1\">COPERCHIO IN CARTA DA 184 MM SL-184 MM<\/td><td class=\"column-2\">\u03c6184MM<\/td><td class=\"column-3\">20*10=200<\/td><td class=\"column-4\">78*38*58<\/td>\n<\/tr>\n<\/tbody>\n<\/table>\n<!-- #tablepress-2 from cache -->\n<p>&nbsp;<br \/>La ciotola di carta per insalata da 1500ML \u00e8 un'aggiunta fondamentale per i settori dell'alimentazione sana e del take-away. \u00c8 funzionale per servire e presentare le insalate con facilit\u00e0, e questo la rende una delle preferite sia dai clienti che dai ristoranti.<\/p>\n<p><strong>1. Materiali e struttura della vasca<\/strong><br \/>La nostra insalatiera di carta da 1500 ml \u00e8 realizzata con materiali di alta qualit\u00e0. Utilizziamo carta kraft per l'ecocompatibilit\u00e0, carta rivestita in PE per la resistenza all'umidit\u00e0 e carta rivestita in PLA per la compostabilit\u00e0. Questo mix preserva la sicurezza alimentare e favorisce la sostenibilit\u00e0. Le nostre ciotole sono robuste e garantiscono che le vostre insalate rimangano fresche e sicure, con opzioni disponibili per varie dimensioni.<\/p>\n<p><strong>2. Propriet\u00e0 fisiche e funzionali<\/strong><br \/>L'insalatiera da 1500ML viene fornita con una dimensione dettagliata e dati di applicazione:<\/p>\n<table>\n<thead>\n<tr>\n<th>Articolo<\/th>\n<th>Dimensione (MM)<\/th>\n<th>Imballaggio (pz*bag)<\/th>\n<th>Dimensione CTN (cm)<\/th>\n<\/tr>\n<\/thead>\n<tbody>\n<tr>\n<td>SL-1500ML<\/td>\n<td>184\u00d7160\u00d775<\/td>\n<td>50\u00d76=300<\/td>\n<td>57\u00d738\u00d752.5<\/td>\n<\/tr>\n<\/tbody>\n<\/table>\n<p>La nostra gamma diversificata, come l'insalatiera pi\u00f9 piccola da 1000ML, garantisce un trasporto sicuro e una presentazione eccellente.<\/p>\n<p><strong>3. Dimensioni e variet\u00e0<\/strong><br \/>Offriamo vari formati per adattarsi alle vostre porzioni di insalata, comprese opzioni pi\u00f9 profonde e pi\u00f9 larghe. Questa adattabilit\u00e0 rende la nostra insalatiera di carta da 1500ML ideale per i caff\u00e8 e i servizi da asporto. Dalle porzioni singole a quelle pi\u00f9 grandi per famiglie, assicuriamo che le vostre insalate siano ben protette. <\/p>\n<p><strong>4. Prestazioni e qualit\u00e0<\/strong><br \/>La struttura robusta delle nostre ciotole previene le fuoriuscite e mantiene la forma, mentre la facilit\u00e0 di impilamento consente di conservarle comodamente. La nostra ciotola di carta per insalate da 1500 ml \u00e8 progettata per essere affidabile e garantire che le insalate arrivino ai clienti in condizioni perfette.<\/p>\n<p><strong>5. Sezione Garanzia di qualit\u00e0 e certificazioni<\/strong><br \/>Le nostre ciotole rispettano le severe linee guida sulla sicurezza alimentare:  <\/p>\n<ul>\n<li><strong>Approvato dalla FDA<\/strong>: Sicuro per il contatto con gli alimenti.  <\/li>\n<li><strong>Certificato FSC<\/strong>: Approvvigionamento sostenibile dei materiali.  <\/li>\n<li><strong>Certificato BRCGS<\/strong>: Elevati standard di gestione della sicurezza alimentare.<\/li>\n<\/ul>\n<p>Con la nostra insalatiera di carta da 1500ML, scegliete un prodotto sicuro e rispettoso dell'ambiente.<\/p>\n<p><strong>6. Personalizzazione e branding<\/strong><br \/>Potete personalizzare la nostra insalatiera da 1500ML con una stampa personalizzata per il riconoscimento del marchio. Scegliete tra una variet\u00e0 di colori e disegni che si adattano all'identit\u00e0 del vostro negozio.<\/p>\n<p><strong>7. Ordini, imballaggio e logistica<\/strong>  <\/p>\n<ul>\n<li><strong>Quantit\u00e0 minima d'ordine<\/strong>: Varia in base alle dimensioni.  <\/li>\n<li><strong>Dettagli sull'imballaggio<\/strong>: Imballato in modo sicuro per una spedizione sicura.  <\/li>\n<li><strong>Tempi di produzione<\/strong>: Circa 30 giorni.  <\/li>\n<li><strong>Porto di spedizione<\/strong>: Ningbo, Cina, consente una consegna globale efficiente e veloce.<\/li>\n<\/ul>\n<p>Le nostre insalatiere di carta da 1500ML sono accuratamente imballate per garantire che arrivino pronte all'uso, a supporto delle vostre esigenze aziendali. Se siete interessati all'acquisto all'ingrosso, prendete in considerazione gli altri formati. Ad esempio, l'insalatiera di carta da 1000ML \u00e8 un'altra scelta eccellente per i servizi d'asporto.<\/p>\n<p>Per saperne di pi\u00f9 sul <strong>Carta per insalatiera da 500ML<\/strong>, il <strong>Insalatiera da 750ML<\/strong>, e il <strong>Insalatiera di carta da 1000ML<\/strong> offerti dalla nostra fabbrica, tutti prodotti con gli stessi standard di qualit\u00e0. Siamo un produttore leader in questo settore, pronto ad essere il vostro fornitore affidabile. Con prezzi all'ingrosso e all'ingrosso disponibili, fare affari con noi come esportatore vi garantir\u00e0 le migliori offerte su prodotti di qualit\u00e0. \u00c8 inoltre possibile esplorare le nostre opzioni OEM per esigenze personalizzate.<\/p>\n<h2 style=\"\"text-align: center;\"\">Video del tour della fabbrica:<\/h2>\n\n<p>&nbsp;<\/p>\n<p>&#8220;<\/p>","protected":false},"excerpt":{"rendered":"<p>L'insalatiera di carta da 1500ML \u00e8 progettata per servire insalate e altri piatti freddi. Con una capacit\u00e0 di 1500 ml, \u00e8 ideale per eventi di catering, picnic e servizi da asporto. Grazie alla costruzione in carta ecologica, offre un'opzione sostenibile per il servizio di ristorazione nell'industria alimentare.<\/p>","protected":false},"featured_media":830,"comment_status":"open","ping_status":"closed","template":"","meta":[],"product_brand":[],"product_cat":[21,31],"product_tag":[],"class_list":{"0":"post-826","1":"product","2":"type-product","3":"status-publish","4":"has-post-thumbnail","6":"product_cat-products","7":"product_cat-paper-salad-bowls","9":"first","10":"instock","11":"shipping-taxable","12":"product-type-simple"},"_links":{"self":[{"href":"https:\/\/ascentpak.com\/it\/wp-json\/wp\/v2\/product\/826","targetHints":{"allow":["GET"]}}],"collection":[{"href":"https:\/\/ascentpak.com\/it\/wp-json\/wp\/v2\/product"}],"about":[{"href":"https:\/\/ascentpak.com\/it\/wp-json\/wp\/v2\/types\/product"}],"replies":[{"embeddable":true,"href":"https:\/\/ascentpak.com\/it\/wp-json\/wp\/v2\/comments?post=826"}],"wp:featuredmedia":[{"embeddable":true,"href":"https:\/\/ascentpak.com\/it\/wp-json\/wp\/v2\/media\/830"}],"wp:attachment":[{"href":"https:\/\/ascentpak.com\/it\/wp-json\/wp\/v2\/media?parent=826"}],"wp:term":[{"taxonomy":"product_brand","embeddable":true,"href":"https:\/\/ascentpak.com\/it\/wp-json\/wp\/v2\/product_brand?post=826"},{"taxonomy":"product_cat","embeddable":true,"href":"https:\/\/ascentpak.com\/it\/wp-json\/wp\/v2\/product_cat?post=826"},{"taxonomy":"product_tag","embeddable":true,"href":"https:\/\/ascentpak.com\/it\/wp-json\/wp\/v2\/product_tag?post=826"}],"curies":[{"name":"wp","href":"https:\/\/api.w.org\/{rel}","templated":true}]}}