{"id":821,"date":"2025-04-16T01:47:57","date_gmt":"2025-04-16T01:47:57","guid":{"rendered":"https:\/\/ascentpak.com\/?post_type=product&#038;p=821"},"modified":"2025-04-16T01:47:59","modified_gmt":"2025-04-16T01:47:59","slug":"1300ml-salad-paper-bowl","status":"publish","type":"product","link":"https:\/\/ascentpak.com\/it\/prodotto\/1300ml-salad-paper-bowl\/","title":{"rendered":"1300ML insalatiera di carta"},"content":{"rendered":"<p>&#8220;<\/p>\n\n<table id=\"tablepress-2\" class=\"tablepress tablepress-id-2\">\n<thead>\n<tr class=\"row-1\">\n\t<th class=\"column-1\">Articolo<\/th><th class=\"column-2\">DIMENSIONE (MM)<\/th><th class=\"column-3\">IMBALLAGGIO (PZ*BORSA)<\/th><th class=\"column-4\">DIMENSIONE CTN (CM)<\/th>\n<\/tr>\n<\/thead>\n<tbody class=\"row-striping row-hover\">\n<tr class=\"row-2\">\n\t<td class=\"column-1\">SL-21OZ<\/td><td class=\"column-2\">142*120*65<\/td><td class=\"column-3\">25*20=500<\/td><td class=\"column-4\">72*58*31.5<\/td>\n<\/tr>\n<tr class=\"row-3\">\n\t<td class=\"column-1\">SL-22OZ<\/td><td class=\"column-2\">142*115*77.5<\/td><td class=\"column-3\">25*20=500<\/td><td class=\"column-4\">72*58*32.5<\/td>\n<\/tr>\n<tr class=\"row-4\">\n\t<td class=\"column-1\">SL-23OZ<\/td><td class=\"column-2\">142*116*81<\/td><td class=\"column-3\">25*20=500<\/td><td class=\"column-4\">72*58*33<\/td>\n<\/tr>\n<tr class=\"row-5\">\n\t<td class=\"column-1\">SL-24OZ<\/td><td class=\"column-2\">142*113*86<\/td><td class=\"column-3\">25*20=500<\/td><td class=\"column-4\">72*58*35<\/td>\n<\/tr>\n<tr class=\"row-6\">\n\t<td class=\"column-1\">SL-32OZ<\/td><td class=\"column-2\">142*106*103<\/td><td class=\"column-3\">25*20=500<\/td><td class=\"column-4\">72*58*35.5<\/td>\n<\/tr>\n<tr class=\"row-7\">\n\t<td class=\"column-1\">SL-500ML<\/td><td class=\"column-2\">150*128*48<\/td><td class=\"column-3\">50*6=300<\/td><td class=\"column-4\">46*31*43<\/td>\n<\/tr>\n<tr class=\"row-8\">\n\t<td class=\"column-1\">SL-750ML<\/td><td class=\"column-2\">150*128*60<\/td><td class=\"column-3\">50*6=300<\/td><td class=\"column-4\">46*31*44<\/td>\n<\/tr>\n<tr class=\"row-9\">\n\t<td class=\"column-1\">SL-1000ML<\/td><td class=\"column-2\">150*128*75<\/td><td class=\"column-3\">50*6=300<\/td><td class=\"column-4\">46*31*46<\/td>\n<\/tr>\n<tr class=\"row-10\">\n\t<td class=\"column-1\">SL-1100ML<\/td><td class=\"column-2\">165*144*65<\/td><td class=\"column-3\">50*6=300<\/td><td class=\"column-4\">51*34.5*51<\/td>\n<\/tr>\n<tr class=\"row-11\">\n\t<td class=\"column-1\">SL-1300ML(165)<\/td><td class=\"column-2\">165*144*75<\/td><td class=\"column-3\">50*6=300<\/td><td class=\"column-4\">51*34.5*52.5<\/td>\n<\/tr>\n<tr class=\"row-12\">\n\t<td class=\"column-1\">SL-1300ML(184)<\/td><td class=\"column-2\">184*160*65<\/td><td class=\"column-3\">50*6=300<\/td><td class=\"column-4\">56.5*37.5*50<\/td>\n<\/tr>\n<tr class=\"row-13\">\n\t<td class=\"column-1\">SL-1500ML<\/td><td class=\"column-2\">184*160*75<\/td><td class=\"column-3\">50*6=300<\/td><td class=\"column-4\">57*38*52.5<\/td>\n<\/tr>\n<tr class=\"row-14\">\n\t<td class=\"column-1\">142 MM SL-142 MM COPERCHIO DI CARTA<\/td><td class=\"column-2\">\u03c6142MM<\/td><td class=\"column-3\">25*20=500<\/td><td class=\"column-4\">73*38*59<\/td>\n<\/tr>\n<tr class=\"row-15\">\n\t<td class=\"column-1\">150 MM SL-150 MM COPERCHIO IN CARTA<\/td><td class=\"column-2\">\u03c6150MM<\/td><td class=\"column-3\">18*20=360<\/td><td class=\"column-4\">63*37*47<\/td>\n<\/tr>\n<tr class=\"row-16\">\n\t<td class=\"column-1\">COPERCHIO IN CARTA DA 184 MM SL-184 MM<\/td><td class=\"column-2\">\u03c6184MM<\/td><td class=\"column-3\">20*10=200<\/td><td class=\"column-4\">78*38*58<\/td>\n<\/tr>\n<\/tbody>\n<\/table>\n<!-- #tablepress-2 from cache -->\n<p>&nbsp;<br \/>La nostra insalatiera di carta da 1300ML \u00e8 essenziale per un'alimentazione sana e per il settore del take away. Servono insalate fresche in modo efficace e sono la scelta migliore per bar e ristoranti. Queste ciotole sono disponibili in varie dimensioni e design per soddisfare le vostre esigenze di servizio.<\/p>\n<p><strong>1. Materiali e struttura della vasca<\/strong><br \/>Utilizziamo materiali di alta qualit\u00e0 per realizzare la nostra insalatiera da 1300ML. Essi comprendono:  <\/p>\n<ul>\n<li><strong>Carta kraft<\/strong>: Si tratta di una soluzione robusta ed ecologica.<\/li>\n<li><strong>Rivestimento in PE<\/strong>: Questo garantisce la resistenza all'umidit\u00e0 della ciotola, ideale per le insalate fresche.<\/li>\n<li><strong>Rivestimento in PLA<\/strong>: Perfetto per i marchi eco-consapevoli, offre un'opzione compostabile.<\/li>\n<\/ul>\n<p>Le nostre insalatiere di carta da 1300ML sono progettate per mantenere la sicurezza alimentare e promuovere la sostenibilit\u00e0. La loro integrit\u00e0 strutturale garantisce che le insalate arrivino intatte ai clienti. Per ulteriori opzioni, date un'occhiata ai nostri <a href=\"\"https:>Carta per insalatiera da 500 ml<\/a> anche.<\/p>\n<p><strong>2. Propriet\u00e0 fisiche e funzionali<\/strong><br \/>Le nostre insalatiere di carta da 1300ML sono disponibili in un'ampia gamma di formati per soddisfare ogni esigenza:<\/p>\n<table>\n<thead>\n<tr>\n<th>Articolo<\/th>\n<th>Dimensione (MM)<\/th>\n<th>Imballaggio (pz*bag)<\/th>\n<th>Dimensione CTN (cm)<\/th>\n<\/tr>\n<\/thead>\n<tbody>\n<tr>\n<td>SL-1300ML(165)<\/td>\n<td>165\u00d7144\u00d775<\/td>\n<td>50\u00d76=300<\/td>\n<td>51\u00d734.5\u00d752.5<\/td>\n<\/tr>\n<tr>\n<td>SL-1300ML(184)<\/td>\n<td>184\u00d7160\u00d765<\/td>\n<td>50\u00d76=300<\/td>\n<td>56.5\u00d737.5\u00d750<\/td>\n<\/tr>\n<\/tbody>\n<\/table>\n<p>La nostra gamma versatile garantisce un trasporto sicuro e una presentazione attraente per qualsiasi insalata. Esplorate altri formati nel nostro <a href=\"\"https:>Insalatiera da 750 ml<\/a> collezione.<\/p>\n<p><strong>3. Dimensioni e variet\u00e0<\/strong><br \/>Offriamo varie dimensioni per diverse porzioni di insalata. Le nostre ciotole si adattano a porzioni piccole o familiari, assicurando che le insalate siano servite sempre in modo eccellente. <\/p>\n<p><strong>4. Prestazioni e qualit\u00e0<\/strong><br \/>Le nostre ciotole di carta per insalata da 1300ML hanno una struttura robusta che impedisce le fuoriuscite e mantiene la forma. Si impilano facilmente per essere conservate comodamente. <\/p>\n<p><strong>5. Sezione Garanzia di qualit\u00e0 e certificazioni<\/strong><br \/>Diamo priorit\u00e0 alla sicurezza alimentare con certificazioni quali:  <\/p>\n<ul>\n<li><strong>Approvato dalla FDA<\/strong>: I materiali sono sicuri per il contatto con gli alimenti.  <\/li>\n<li><strong>Certificato FSC<\/strong>: Garantisce che le nostre materie prime provengono da fonti sostenibili.  <\/li>\n<li><strong>Certificato BRCGS<\/strong>: Sosteniamo standard elevati nella gestione della sicurezza alimentare.<\/li>\n<\/ul>\n<p>Le nostre ciotole di carta per insalata da 1300ML rispettano questi standard, rendendole sicure e responsabili nei confronti dell'ambiente.<\/p>\n<p><strong>6. Personalizzazione e branding<\/strong><br \/>\u00c8 possibile personalizzare le ciotole di carta per insalata 1300ML con una stampa personalizzata. Ci\u00f2 offre opportunit\u00e0 di branding per far risaltare il vostro prodotto. <\/p>\n<p><strong>7. Ordini, imballaggio e logistica<\/strong>  <\/p>\n<ul>\n<li><strong>Quantit\u00e0 minima d'ordine<\/strong>: Varia in base alle dimensioni.  <\/li>\n<li><strong>Dettagli sull'imballaggio<\/strong>: Le nostre ciotole sono imballate in modo sicuro per una spedizione sicura.  <\/li>\n<li><strong>Tempi di produzione<\/strong>: Circa 30 giorni.  <\/li>\n<li><strong>Porto di spedizione<\/strong>: Ningbo, Cina, garantendo una consegna globale rapida ed efficiente.<\/li>\n<\/ul>\n<p>Considerate il nostro <a href=\"\"https:>Insalatiera di carta da 1000 ml<\/a> per ulteriori opzioni che si adattano alle vostre esigenze aziendali. Siamo una fabbrica e un fornitore affidabile, che offre prodotti di qualit\u00e0 a prezzi all'ingrosso per ordini all'ingrosso e OEM. In qualit\u00e0 di produttore ed esportatore leader, garantiamo che i nostri clienti ricevano il meglio. Scegliete le nostre ciotole di carta per insalata da 1300ML per elevare la vostra esperienza di ristorazione.<\/p>\n<h2 style=\"\"text-align: center;\"\">Video del tour della fabbrica:<\/h2>\n\n<p>&nbsp;<\/p>\n<p>&#8220;<\/p>","protected":false},"excerpt":{"rendered":"<p>L'insalatiera di carta da 1300ML \u00e8 progettata per servire insalate e alimenti. Con una capacit\u00e0 di 1300 litri, \u00e8 ideale per eventi di catering, picnic e consegne di cibo. Grazie al materiale biodegradabile, offre una soluzione ecologica per il settore della ristorazione.<\/p>","protected":false},"featured_media":822,"comment_status":"open","ping_status":"closed","template":"","meta":[],"product_brand":[],"product_cat":[21,31],"product_tag":[],"class_list":{"0":"post-821","1":"product","2":"type-product","3":"status-publish","4":"has-post-thumbnail","6":"product_cat-products","7":"product_cat-paper-salad-bowls","9":"first","10":"instock","11":"shipping-taxable","12":"product-type-simple"},"_links":{"self":[{"href":"https:\/\/ascentpak.com\/it\/wp-json\/wp\/v2\/product\/821","targetHints":{"allow":["GET"]}}],"collection":[{"href":"https:\/\/ascentpak.com\/it\/wp-json\/wp\/v2\/product"}],"about":[{"href":"https:\/\/ascentpak.com\/it\/wp-json\/wp\/v2\/types\/product"}],"replies":[{"embeddable":true,"href":"https:\/\/ascentpak.com\/it\/wp-json\/wp\/v2\/comments?post=821"}],"wp:featuredmedia":[{"embeddable":true,"href":"https:\/\/ascentpak.com\/it\/wp-json\/wp\/v2\/media\/822"}],"wp:attachment":[{"href":"https:\/\/ascentpak.com\/it\/wp-json\/wp\/v2\/media?parent=821"}],"wp:term":[{"taxonomy":"product_brand","embeddable":true,"href":"https:\/\/ascentpak.com\/it\/wp-json\/wp\/v2\/product_brand?post=821"},{"taxonomy":"product_cat","embeddable":true,"href":"https:\/\/ascentpak.com\/it\/wp-json\/wp\/v2\/product_cat?post=821"},{"taxonomy":"product_tag","embeddable":true,"href":"https:\/\/ascentpak.com\/it\/wp-json\/wp\/v2\/product_tag?post=821"}],"curies":[{"name":"wp","href":"https:\/\/api.w.org\/{rel}","templated":true}]}}