{"id":805,"date":"2025-04-16T01:33:48","date_gmt":"2025-04-16T01:33:48","guid":{"rendered":"https:\/\/ascentpak.com\/?post_type=product&#038;p=805"},"modified":"2025-04-16T01:33:49","modified_gmt":"2025-04-16T01:33:49","slug":"750ml-salad-paper-bowl","status":"publish","type":"product","link":"https:\/\/ascentpak.com\/it\/prodotto\/750ml-salad-paper-bowl\/","title":{"rendered":"Insalatiera da 750ML"},"content":{"rendered":"<p>&#8220;<\/p>\n\n<table id=\"tablepress-2\" class=\"tablepress tablepress-id-2\">\n<thead>\n<tr class=\"row-1\">\n\t<th class=\"column-1\">Articolo<\/th><th class=\"column-2\">DIMENSIONE (MM)<\/th><th class=\"column-3\">IMBALLAGGIO (PZ*BORSA)<\/th><th class=\"column-4\">DIMENSIONE CTN (CM)<\/th>\n<\/tr>\n<\/thead>\n<tbody class=\"row-striping row-hover\">\n<tr class=\"row-2\">\n\t<td class=\"column-1\">SL-21OZ<\/td><td class=\"column-2\">142*120*65<\/td><td class=\"column-3\">25*20=500<\/td><td class=\"column-4\">72*58*31.5<\/td>\n<\/tr>\n<tr class=\"row-3\">\n\t<td class=\"column-1\">SL-22OZ<\/td><td class=\"column-2\">142*115*77.5<\/td><td class=\"column-3\">25*20=500<\/td><td class=\"column-4\">72*58*32.5<\/td>\n<\/tr>\n<tr class=\"row-4\">\n\t<td class=\"column-1\">SL-23OZ<\/td><td class=\"column-2\">142*116*81<\/td><td class=\"column-3\">25*20=500<\/td><td class=\"column-4\">72*58*33<\/td>\n<\/tr>\n<tr class=\"row-5\">\n\t<td class=\"column-1\">SL-24OZ<\/td><td class=\"column-2\">142*113*86<\/td><td class=\"column-3\">25*20=500<\/td><td class=\"column-4\">72*58*35<\/td>\n<\/tr>\n<tr class=\"row-6\">\n\t<td class=\"column-1\">SL-32OZ<\/td><td class=\"column-2\">142*106*103<\/td><td class=\"column-3\">25*20=500<\/td><td class=\"column-4\">72*58*35.5<\/td>\n<\/tr>\n<tr class=\"row-7\">\n\t<td class=\"column-1\">SL-500ML<\/td><td class=\"column-2\">150*128*48<\/td><td class=\"column-3\">50*6=300<\/td><td class=\"column-4\">46*31*43<\/td>\n<\/tr>\n<tr class=\"row-8\">\n\t<td class=\"column-1\">SL-750ML<\/td><td class=\"column-2\">150*128*60<\/td><td class=\"column-3\">50*6=300<\/td><td class=\"column-4\">46*31*44<\/td>\n<\/tr>\n<tr class=\"row-9\">\n\t<td class=\"column-1\">SL-1000ML<\/td><td class=\"column-2\">150*128*75<\/td><td class=\"column-3\">50*6=300<\/td><td class=\"column-4\">46*31*46<\/td>\n<\/tr>\n<tr class=\"row-10\">\n\t<td class=\"column-1\">SL-1100ML<\/td><td class=\"column-2\">165*144*65<\/td><td class=\"column-3\">50*6=300<\/td><td class=\"column-4\">51*34.5*51<\/td>\n<\/tr>\n<tr class=\"row-11\">\n\t<td class=\"column-1\">SL-1300ML(165)<\/td><td class=\"column-2\">165*144*75<\/td><td class=\"column-3\">50*6=300<\/td><td class=\"column-4\">51*34.5*52.5<\/td>\n<\/tr>\n<tr class=\"row-12\">\n\t<td class=\"column-1\">SL-1300ML(184)<\/td><td class=\"column-2\">184*160*65<\/td><td class=\"column-3\">50*6=300<\/td><td class=\"column-4\">56.5*37.5*50<\/td>\n<\/tr>\n<tr class=\"row-13\">\n\t<td class=\"column-1\">SL-1500ML<\/td><td class=\"column-2\">184*160*75<\/td><td class=\"column-3\">50*6=300<\/td><td class=\"column-4\">57*38*52.5<\/td>\n<\/tr>\n<tr class=\"row-14\">\n\t<td class=\"column-1\">142 MM SL-142 MM COPERCHIO DI CARTA<\/td><td class=\"column-2\">\u03c6142MM<\/td><td class=\"column-3\">25*20=500<\/td><td class=\"column-4\">73*38*59<\/td>\n<\/tr>\n<tr class=\"row-15\">\n\t<td class=\"column-1\">150 MM SL-150 MM COPERCHIO IN CARTA<\/td><td class=\"column-2\">\u03c6150MM<\/td><td class=\"column-3\">18*20=360<\/td><td class=\"column-4\">63*37*47<\/td>\n<\/tr>\n<tr class=\"row-16\">\n\t<td class=\"column-1\">COPERCHIO IN CARTA DA 184 MM SL-184 MM<\/td><td class=\"column-2\">\u03c6184MM<\/td><td class=\"column-3\">20*10=200<\/td><td class=\"column-4\">78*38*58<\/td>\n<\/tr>\n<\/tbody>\n<\/table>\n<!-- #tablepress-2 from cache -->\n<p>&nbsp;<br \/>L'insalatiera di carta da 750ML \u00e8 un prodotto essenziale per il settore dell'alimentazione sana e del take away. Serve deliziose insalate in modo efficiente, assicurando un ottimo aspetto e un sapore fresco. <\/p>\n<p><strong>1. Materiali e struttura della vasca<\/strong><br \/>La nostra insalatiera di carta da 750ML utilizza materiali di prima qualit\u00e0. Tra questi, la carta kraft, la carta rivestita in PE o la carta rivestita in PLA. La carta kraft \u00e8 robusta ed ecologica. Il rivestimento in PE rende la ciotola resistente all'umidit\u00e0, perfetta per le insalate fresche. Il rivestimento in PLA offre un'opzione compostabile per i marchi eco-consapevoli. La nostra ciotola mantiene la sicurezza alimentare pur essendo strutturalmente solida. Potete vedere un esempio di prodotti simili sul sito <a href=\"\"https:>Carta per insalatiere AscentPak da 500 ml<\/a>.<\/p>\n<p><strong>2. Propriet\u00e0 fisiche e funzionali<\/strong><br \/>Ecco le dimensioni e le applicazioni della ciotola di carta per insalata da 750ML:  <\/p>\n<table>\n<thead>\n<tr>\n<th>Articolo<\/th>\n<th>Dimensione (MM)<\/th>\n<th>Imballaggio (pz*bag)<\/th>\n<th>Dimensione CTN (cm)<\/th>\n<\/tr>\n<\/thead>\n<tbody>\n<tr>\n<td>SL-750ML<\/td>\n<td>150\u00d7128\u00d760<\/td>\n<td>50\u00d76=300<\/td>\n<td>46\u00d731\u00d744<\/td>\n<\/tr>\n<\/tbody>\n<\/table>\n<p>La nostra vasta gamma di ciotole di carta per insalata da 750ML si adatta a qualsiasi dimensione di insalata. Garantiscono un trasporto sicuro e una presentazione accattivante.<\/p>\n<p><strong>3. Dimensioni e variet\u00e0<\/strong><br \/>Offriamo varie dimensioni per adattarsi a diverse porzioni di insalata. Le opzioni sono disponibili in varie profondit\u00e0 e diametri per un adattamento perfetto. Queste ciotole sono ideali per i bar e i servizi da asporto. Dalle piccole porzioni alle porzioni per famiglie, la nostra selezione protegge e serve splendidamente le insalate.<\/p>\n<p><strong>4. Prestazioni e qualit\u00e0<\/strong><br \/>Siamo orgogliosi della nostra struttura robusta, che impedisce le fuoriuscite e mantiene la forma. Le ciotole sono facilmente impilabili per essere conservate. La nostra ciotola di carta per insalate da 750 ml \u00e8 progettata per essere affidabile e garantire che le vostre insalate arrivino in perfette condizioni.<\/p>\n<p><strong>5. Sezione Garanzia di qualit\u00e0 e certificazioni<\/strong><br \/>La nostra insalatiera di carta da 750ML \u00e8 conforme a importanti certificazioni di sicurezza alimentare:  <\/p>\n<ul>\n<li><strong>Approvato dalla FDA<\/strong>: Assicura che i materiali siano sicuri per il contatto con gli alimenti.  <\/li>\n<li><strong>Certificato FSC<\/strong>: Garantisce un approvvigionamento sostenibile delle materie prime.  <\/li>\n<li><strong>Certificato BRCGS<\/strong>: Rispetta gli elevati standard di gestione della sicurezza alimentare.<\/li>\n<\/ul>\n<p>Questo li rende sicuri per il contatto con gli alimenti e responsabili dal punto di vista ambientale.<\/p>\n<p><strong>6. Personalizzazione e branding<\/strong><br \/>\u00c8 possibile personalizzare le nostre ciotole con una stampa personalizzata. Si tratta di una grande opportunit\u00e0 di branding per la vostra azienda. Scegliete tra un'ampia gamma di colori e disegni che si adattano alla vostra identit\u00e0.<\/p>\n<p><strong>7. Ordini, imballaggio e logistica<\/strong>  <\/p>\n<ul>\n<li><strong>Quantit\u00e0 minima d'ordine<\/strong>: Varia in base alle dimensioni.  <\/li>\n<li><strong>Dettagli sull'imballaggio<\/strong>: Queste ciotole sono imballate in modo sicuro per garantire la sicurezza durante la spedizione.  <\/li>\n<li><strong>Tempi di produzione<\/strong>: Circa 30 giorni.  <\/li>\n<li><strong>Porto di spedizione<\/strong>: Ningbo, Cina, per garantire consegne globali rapide.<\/li>\n<\/ul>\n<p>Siamo in grado di soddisfare ordini di acquisto all'ingrosso e all'ingrosso. In qualit\u00e0 di produttore e fornitore affidabile, siamo qui per soddisfare le vostre esigenze. Sia che stiate cercando di effettuare un ordine OEM o di ottenere prezzi all'ingrosso, la nostra insalatiera di carta da 750ML migliorer\u00e0 le vostre offerte. Esplorate altre opzioni sul nostro sito web per entrare in contatto con un esportatore leader del settore.<\/p>\n<h2 style=\"\"text-align: center;\"\">Video del tour della fabbrica:<\/h2>\n\n<p>&nbsp;<\/p>\n<p>&#8220;<\/p>","protected":false},"excerpt":{"rendered":"<p>L'insalatiera di carta da 750ML \u00e8 progettata per servire insalate e altri alimenti. Con una capacit\u00e0 di 750 ml, \u00e8 ideale per picnic, eventi e preparazione di pasti. Grazie alla struttura in carta ecologica, offre un'opzione sostenibile e monouso per il servizio di ristorazione.<\/p>","protected":false},"featured_media":806,"comment_status":"open","ping_status":"closed","template":"","meta":[],"product_brand":[],"product_cat":[21,31],"product_tag":[],"class_list":{"0":"post-805","1":"product","2":"type-product","3":"status-publish","4":"has-post-thumbnail","6":"product_cat-products","7":"product_cat-paper-salad-bowls","9":"first","10":"instock","11":"shipping-taxable","12":"product-type-simple"},"_links":{"self":[{"href":"https:\/\/ascentpak.com\/it\/wp-json\/wp\/v2\/product\/805","targetHints":{"allow":["GET"]}}],"collection":[{"href":"https:\/\/ascentpak.com\/it\/wp-json\/wp\/v2\/product"}],"about":[{"href":"https:\/\/ascentpak.com\/it\/wp-json\/wp\/v2\/types\/product"}],"replies":[{"embeddable":true,"href":"https:\/\/ascentpak.com\/it\/wp-json\/wp\/v2\/comments?post=805"}],"wp:featuredmedia":[{"embeddable":true,"href":"https:\/\/ascentpak.com\/it\/wp-json\/wp\/v2\/media\/806"}],"wp:attachment":[{"href":"https:\/\/ascentpak.com\/it\/wp-json\/wp\/v2\/media?parent=805"}],"wp:term":[{"taxonomy":"product_brand","embeddable":true,"href":"https:\/\/ascentpak.com\/it\/wp-json\/wp\/v2\/product_brand?post=805"},{"taxonomy":"product_cat","embeddable":true,"href":"https:\/\/ascentpak.com\/it\/wp-json\/wp\/v2\/product_cat?post=805"},{"taxonomy":"product_tag","embeddable":true,"href":"https:\/\/ascentpak.com\/it\/wp-json\/wp\/v2\/product_tag?post=805"}],"curies":[{"name":"wp","href":"https:\/\/api.w.org\/{rel}","templated":true}]}}