{"id":795,"date":"2025-04-16T01:18:32","date_gmt":"2025-04-16T01:18:32","guid":{"rendered":"https:\/\/ascentpak.com\/?post_type=product&#038;p=795"},"modified":"2025-04-16T01:18:37","modified_gmt":"2025-04-16T01:18:37","slug":"32-oz-soup-paper-bowl","status":"publish","type":"product","link":"https:\/\/ascentpak.com\/it\/prodotto\/32-oz-soup-paper-bowl\/","title":{"rendered":"Piatto di carta per zuppa da 32 oz"},"content":{"rendered":"<p>&#8220;<\/p>\n\n<table id=\"tablepress-1\" class=\"tablepress tablepress-id-1\">\n<thead>\n<tr class=\"row-1\">\n\t<th class=\"column-1\">                 Articolo<\/th><th class=\"column-2\">             DIMENSIONE (MM)<\/th><th class=\"column-3\">     IMBALLAGGIO (PZ*BORSA)<\/th><th class=\"column-4\">          DIMENSIONE CTN (CM)<\/th>\n<\/tr>\n<\/thead>\n<tbody class=\"row-striping row-hover\">\n<tr class=\"row-2\">\n\t<td class=\"column-1\">SB-8OZ (96MM)<\/td><td class=\"column-2\">96*77*60<\/td><td class=\"column-3\">25*20=500<\/td><td class=\"column-4\">49.5*39.5*27.5<\/td>\n<\/tr>\n<tr class=\"row-3\">\n\t<td class=\"column-1\">SB-8OZ (90MM)<\/td><td class=\"column-2\">90*75*63<\/td><td class=\"column-3\">25*20=500<\/td><td class=\"column-4\">46.5*37.5*28<\/td>\n<\/tr>\n<tr class=\"row-4\">\n\t<td class=\"column-1\">SB-12OZ (96MM)<\/td><td class=\"column-2\">96*82*67<\/td><td class=\"column-3\">25*20=500<\/td><td class=\"column-4\">49.5*39.5*31.5<\/td>\n<\/tr>\n<tr class=\"row-5\">\n\t<td class=\"column-1\">SB-12OZ (90MM)<\/td><td class=\"column-2\">90*73*88<\/td><td class=\"column-3\">25*20=500<\/td><td class=\"column-4\">46.5*37.5*33.5<\/td>\n<\/tr>\n<tr class=\"row-6\">\n\t<td class=\"column-1\">SB-16OZ (96MM)<\/td><td class=\"column-2\">96*78*96<\/td><td class=\"column-3\">25*20=500<\/td><td class=\"column-4\">49.5*39.5*35<\/td>\n<\/tr>\n<tr class=\"row-7\">\n\t<td class=\"column-1\">SB-12OZ (115 MM)<\/td><td class=\"column-2\">115*93*63<\/td><td class=\"column-3\">25*20=500<\/td><td class=\"column-4\">58.5*46.5*27<\/td>\n<\/tr>\n<tr class=\"row-8\">\n\t<td class=\"column-1\">SB-16OZ (115 MM)<\/td><td class=\"column-2\">115*96*78<\/td><td class=\"column-3\">25*20=500<\/td><td class=\"column-4\">58.5*46.5*31<\/td>\n<\/tr>\n<tr class=\"row-9\">\n\t<td class=\"column-1\">SB-26OZ (115MM)<\/td><td class=\"column-2\">115*89*115<\/td><td class=\"column-3\">25*20=500<\/td><td class=\"column-4\">58.5*46.5*40.5<\/td>\n<\/tr>\n<tr class=\"row-10\">\n\t<td class=\"column-1\">SB-32OZ (115 MM)<\/td><td class=\"column-2\">115*91*133<\/td><td class=\"column-3\">25*20=500<\/td><td class=\"column-4\">58.5*46.5*40.5<\/td>\n<\/tr>\n<\/tbody>\n<\/table>\n<!-- #tablepress-1 from cache -->\n<p>&nbsp;<\/p>\n<p>Il <strong>Piatto di carta per zuppa da 32 oz<\/strong> \u00e8 essenziale nel settore del confezionamento di alimenti e bevande. \u00c8 stato progettato appositamente per contenere zuppe e stufati caldi, mantenendo la temperatura e la struttura degli alimenti. Potete contare sulla qualit\u00e0 e sulla durata di questo prodotto per migliorare il vostro servizio.<\/p>\n<ol>\n<li>\n<p><strong>Materiali e struttura della benna<\/strong><br \/>Il nostro <strong>Piatto di carta per zuppa da 32 oz<\/strong> \u00e8 realizzato con materiali di prima qualit\u00e0. Utilizziamo carta kraft, carta rivestita in PE, carta rivestita in PLA e carta rivestita in acqua. Questi materiali non solo rispettano gli standard di sicurezza, ma favoriscono anche la sostenibilit\u00e0:  <\/p>\n<ul>\n<li>La carta kraft rappresenta una soluzione robusta ed ecologica.  <\/li>\n<li>Il rivestimento in PE assicura che il secchio sia resistente al grasso e duraturo.  <\/li>\n<li>Il rivestimento in PLA offre un'opzione compostabile e sostenibile per i marchi attenti all'ambiente.  <\/li>\n<li>Il rivestimento acquoso \u00e8 un'opzione a base d'acqua, non tossica ed ecologica, che consente di ottenere una finitura liscia mantenendo l'integrit\u00e0 del secchio.<br \/>Le nostre ciotole di carta per zuppe da 32 once sono caratterizzate da una struttura robusta che garantisce che le zuppe rimangano calde senza compromettere la qualit\u00e0 durante il trasporto.<\/li>\n<\/ul>\n<\/li>\n<li>\n<p><strong>Propriet\u00e0 fisiche e funzionali<\/strong><br \/>Il <strong>Piatto di carta per zuppa da 32 oz<\/strong> \u00e8 progettato per diverse applicazioni. Ecco le specifiche dettagliate:<\/p>\n<\/li>\n<\/ol>\n<ul>\n<li><strong>SB-32OZ (115 MM)<\/strong>: 115\u00d791\u00d7133 mm, imballaggio 25\u00d720 = 500 pezzi, dimensioni del cartone 58,5\u00d746,5\u00d740,5 cm.<br \/>Il suo design robusto trattiene saldamente la zuppa, preservandone l'alta qualit\u00e0. Per ulteriori opzioni, date un'occhiata ai nostri <a href=\"\"https:>Ciotola di carta per zuppa da 8 oz<\/a> e <a href=\"\"https:>Ciotola di carta per zuppa da 12 oz<\/a>.<\/li>\n<\/ul>\n<ol start=\"\"3\"\">\n<li><strong>Sezione Taglie e Variet\u00e0<\/strong><br \/>Offriamo una variet\u00e0 di stili e dimensioni per le nostre <strong>Piatto di carta per zuppa da 32 oz<\/strong>:<\/li>\n<\/ol>\n<ul>\n<li>Dimensioni: SB-8OZ, SB-12OZ, SB-16OZ, SB-26OZ, SB-32OZ.  <\/li>\n<li>Sono disponibili diverse opzioni di diametro (90MM, 96MM, 115MM) per soddisfare le diverse esigenze.<br \/>Queste dimensioni sono adatte a servizi diversi, come i secchi piccoli per le porzioni individuali o i secchi grandi per i pasti della famiglia.<\/li>\n<\/ul>\n<ol start=\"\"4\"\">\n<li><strong>Prestazioni e qualit\u00e0<\/strong><br \/>Il nostro <strong>Piatto di carta per zuppa da 32 oz<\/strong> ha caratteristiche che ne migliorano l'usabilit\u00e0:<\/li>\n<\/ol>\n<ul>\n<li>Fodera impermeabile e resistente al grasso per una confezione senza problemi.  <\/li>\n<li>Struttura robusta per evitare deformazioni.  <\/li>\n<li>Design impilabile per facilitare lo stoccaggio e la movimentazione.<br \/>Ogni ciotola \u00e8 progettata per evitare fuoriuscite e quindi \u00e8 perfetta per il pranzo, l'asporto o la consegna.<\/li>\n<\/ul>\n<ol start=\"\"5\"\">\n<li>\n<p><strong>Garanzia di qualit\u00e0 e certificazioni<\/strong><br \/>Ci atteniamo a rigorose misure di controllo della qualit\u00e0. Ogni lotto del <strong>Piatto di carta per zuppa da 32 oz<\/strong> \u00e8 sottoposta a test per verificarne la robustezza, la resistenza alle perdite e la conformit\u00e0 alle norme di sicurezza alimentare. Le nostre ciotole sono approvate dalla FDA e la nostra struttura dispone di certificazioni come ISO 9001, ISO 14001, FSC e BRCGS, per garantirvi prodotti di alta qualit\u00e0.  <\/p>\n<\/li>\n<li>\n<p><strong>Personalizzazione e branding<\/strong><br \/>\u00c8 possibile personalizzare il proprio <strong>Piatto di carta per zuppa da 32 oz<\/strong>. Offriamo opzioni come:<\/p>\n<\/li>\n<\/ol>\n<ul>\n<li>Stampa del logo personalizzato per una maggiore visibilit\u00e0.  <\/li>\n<li>Molteplici scelte di dimensioni e colori per adattarsi all'identit\u00e0 del vostro marchio.<br \/>Elevate il vostro marchio con disegni personalizzati su materiali ecologici, lasciando un'impressione duratura ai clienti.<\/li>\n<\/ul>\n<ol start=\"\"7\"\">\n<li><strong>Ordini, imballaggio e logistica<\/strong><\/li>\n<\/ol>\n<ul>\n<li><strong>Quantit\u00e0 minima d'ordine<\/strong>: 50.000 pezzi.  <\/li>\n<li><strong>Dettagli sull'imballaggio<\/strong>: Imballato in modo sicuro per una spedizione sicura.  <\/li>\n<li><strong>Tempi di produzione<\/strong>: Circa 30 giorni.  <\/li>\n<li><strong>Porto di spedizione<\/strong>: Ningbo, Cina, garantisce consegne rapide ed efficienti a livello globale.<br \/>Le nostre ciotole sono imballate con cura per evitare danni durante il trasporto. Grazie alla produzione in una fabbrica affidabile, \u00e8 possibile acquistare all'ingrosso a prezzi competitivi, ideali per gli esportatori e per le esigenze degli OEM.<\/li>\n<\/ul>\n<p>Esplorate la gamma delle nostre ciotole per zuppa, tra cui la nostra <a href=\"\"https:>Ciotola di carta per zuppa da 16 oz<\/a> e <a href=\"\"https:>Ciotole di carta da 26 oz per zuppa<\/a>. Sperimentate l'eccellenza della qualit\u00e0 e del servizio con i nostri <strong>Piatto di carta per zuppa da 32 oz<\/strong> oggi!<\/p>\n<h2 style=\"\"text-align: center;\"\">Video del tour della fabbrica:<\/h2>\n\n<p>&nbsp;<\/p>\n<p>&#8220;<\/p>","protected":false},"excerpt":{"rendered":"<p>La ciotola di carta per zuppe da 32 once \u00e8 progettata per servire zuppe calde e pasti da asporto. Con una capacit\u00e0 di 32 once, \u00e8 ideale per ristoranti, food truck e servizi di catering. Grazie alla sua struttura robusta, offre una durata affidabile per il settore della ristorazione.<\/p>","protected":false},"featured_media":796,"comment_status":"open","ping_status":"closed","template":"","meta":[],"product_brand":[],"product_cat":[21,32],"product_tag":[],"class_list":{"0":"post-795","1":"product","2":"type-product","3":"status-publish","4":"has-post-thumbnail","6":"product_cat-products","7":"product_cat-paper-soup-cups","9":"first","10":"instock","11":"shipping-taxable","12":"product-type-simple"},"_links":{"self":[{"href":"https:\/\/ascentpak.com\/it\/wp-json\/wp\/v2\/product\/795","targetHints":{"allow":["GET"]}}],"collection":[{"href":"https:\/\/ascentpak.com\/it\/wp-json\/wp\/v2\/product"}],"about":[{"href":"https:\/\/ascentpak.com\/it\/wp-json\/wp\/v2\/types\/product"}],"replies":[{"embeddable":true,"href":"https:\/\/ascentpak.com\/it\/wp-json\/wp\/v2\/comments?post=795"}],"wp:featuredmedia":[{"embeddable":true,"href":"https:\/\/ascentpak.com\/it\/wp-json\/wp\/v2\/media\/796"}],"wp:attachment":[{"href":"https:\/\/ascentpak.com\/it\/wp-json\/wp\/v2\/media?parent=795"}],"wp:term":[{"taxonomy":"product_brand","embeddable":true,"href":"https:\/\/ascentpak.com\/it\/wp-json\/wp\/v2\/product_brand?post=795"},{"taxonomy":"product_cat","embeddable":true,"href":"https:\/\/ascentpak.com\/it\/wp-json\/wp\/v2\/product_cat?post=795"},{"taxonomy":"product_tag","embeddable":true,"href":"https:\/\/ascentpak.com\/it\/wp-json\/wp\/v2\/product_tag?post=795"}],"curies":[{"name":"wp","href":"https:\/\/api.w.org\/{rel}","templated":true}]}}