{"id":789,"date":"2025-04-16T01:11:39","date_gmt":"2025-04-16T01:11:39","guid":{"rendered":"https:\/\/ascentpak.com\/?post_type=product&#038;p=789"},"modified":"2025-04-16T01:11:42","modified_gmt":"2025-04-16T01:11:42","slug":"26-oz-soup-paper-bowl","status":"publish","type":"product","link":"https:\/\/ascentpak.com\/it\/prodotto\/26-oz-soup-paper-bowl\/","title":{"rendered":"Ciotola di carta per zuppa da 26 oz"},"content":{"rendered":"<p>&#8220;<\/p>\n\n<table id=\"tablepress-1\" class=\"tablepress tablepress-id-1\">\n<thead>\n<tr class=\"row-1\">\n\t<th class=\"column-1\">                 Articolo<\/th><th class=\"column-2\">             DIMENSIONE (MM)<\/th><th class=\"column-3\">     IMBALLAGGIO (PZ*BORSA)<\/th><th class=\"column-4\">          DIMENSIONE CTN (CM)<\/th>\n<\/tr>\n<\/thead>\n<tbody class=\"row-striping row-hover\">\n<tr class=\"row-2\">\n\t<td class=\"column-1\">SB-8OZ (96MM)<\/td><td class=\"column-2\">96*77*60<\/td><td class=\"column-3\">25*20=500<\/td><td class=\"column-4\">49.5*39.5*27.5<\/td>\n<\/tr>\n<tr class=\"row-3\">\n\t<td class=\"column-1\">SB-8OZ (90MM)<\/td><td class=\"column-2\">90*75*63<\/td><td class=\"column-3\">25*20=500<\/td><td class=\"column-4\">46.5*37.5*28<\/td>\n<\/tr>\n<tr class=\"row-4\">\n\t<td class=\"column-1\">SB-12OZ (96MM)<\/td><td class=\"column-2\">96*82*67<\/td><td class=\"column-3\">25*20=500<\/td><td class=\"column-4\">49.5*39.5*31.5<\/td>\n<\/tr>\n<tr class=\"row-5\">\n\t<td class=\"column-1\">SB-12OZ (90MM)<\/td><td class=\"column-2\">90*73*88<\/td><td class=\"column-3\">25*20=500<\/td><td class=\"column-4\">46.5*37.5*33.5<\/td>\n<\/tr>\n<tr class=\"row-6\">\n\t<td class=\"column-1\">SB-16OZ (96MM)<\/td><td class=\"column-2\">96*78*96<\/td><td class=\"column-3\">25*20=500<\/td><td class=\"column-4\">49.5*39.5*35<\/td>\n<\/tr>\n<tr class=\"row-7\">\n\t<td class=\"column-1\">SB-12OZ (115 MM)<\/td><td class=\"column-2\">115*93*63<\/td><td class=\"column-3\">25*20=500<\/td><td class=\"column-4\">58.5*46.5*27<\/td>\n<\/tr>\n<tr class=\"row-8\">\n\t<td class=\"column-1\">SB-16OZ (115 MM)<\/td><td class=\"column-2\">115*96*78<\/td><td class=\"column-3\">25*20=500<\/td><td class=\"column-4\">58.5*46.5*31<\/td>\n<\/tr>\n<tr class=\"row-9\">\n\t<td class=\"column-1\">SB-26OZ (115MM)<\/td><td class=\"column-2\">115*89*115<\/td><td class=\"column-3\">25*20=500<\/td><td class=\"column-4\">58.5*46.5*40.5<\/td>\n<\/tr>\n<tr class=\"row-10\">\n\t<td class=\"column-1\">SB-32OZ (115 MM)<\/td><td class=\"column-2\">115*91*133<\/td><td class=\"column-3\">25*20=500<\/td><td class=\"column-4\">58.5*46.5*40.5<\/td>\n<\/tr>\n<\/tbody>\n<\/table>\n<!-- #tablepress-1 from cache -->\n<p>&nbsp;<\/p>\n<p>La ciotola di carta per zuppe da 26 once \u00e8 un elemento chiave nel settore del confezionamento di alimenti e bevande. \u00c8 progettata per contenere zuppe e stufati sostanziosi, garantendo qualit\u00e0 e affidabilit\u00e0 per il mantenimento della temperatura e della struttura degli alimenti.<\/p>\n<p><strong>1. Materiali e struttura della benna<\/strong><br \/>La nostra ciotola di carta per zuppa da 26 once \u00e8 realizzata con materiali pregiati come la carta kraft, la carta rivestita di PE, la carta rivestita di PLA e la carta rivestita di acqua. Questi materiali svolgono un ruolo fondamentale nel garantire la sicurezza alimentare e la sostenibilit\u00e0 ambientale:  <\/p>\n<ul>\n<li><strong>Carta kraft<\/strong> offre una soluzione robusta ed ecologica.  <\/li>\n<li><strong>Rivestimento in PE<\/strong> assicura che il secchio sia resistente al grasso e durevole.  <\/li>\n<li><strong>Rivestimento in PLA<\/strong> offre un'opzione compostabile e sostenibile per i marchi attenti all'ambiente.  <\/li>\n<li><strong>Rivestimento acquoso<\/strong> fornisce una finitura a base d'acqua, non tossica ed ecologica, mantenendo l'integrit\u00e0 del secchio.<br \/>La nostra ciotola di carta per zuppe da 26 once \u00e8 caratterizzata da una struttura robusta che garantisce che le zuppe rimangano calde senza compromettere la qualit\u00e0 durante il trasporto.<\/li>\n<\/ul>\n<p><strong>2. Propriet\u00e0 fisiche e funzionali<\/strong><br \/>La nostra ampia gamma di ciotole di carta per zuppa da 26 once comprende vari formati adatti alle diverse esigenze di servizio. Ad esempio, \u00e8 possibile vedere le nostre ciotole di carta per zuppa da 8 oz, 12 oz e 16 oz. Ogni secchiello \u00e8 progettato per contenere in modo sicuro la zuppa, preservandone la qualit\u00e0.<\/p>\n<p><strong>3. Sezione Taglie e variet\u00e0<\/strong><br \/>Con un assortimento di stili e varianti, troverete il modello perfetto:  <\/p>\n<ul>\n<li><strong>Taglie:<\/strong> SB-8OZ, SB-12OZ, SB-16OZ, SB-26OZ, SB-32OZ  <\/li>\n<li><strong>Opzioni di diametro multiple:<\/strong> (90MM, 96MM, 115MM) per le diverse esigenze di servizio.<br \/>Che si tratti di piccoli secchielli per porzioni individuali o di grandi pasti per famiglie, la nostra collezione garantisce una soluzione perfetta per tutte le esigenze di servizio.<\/li>\n<\/ul>\n<p><strong>4. Prestazioni e qualit\u00e0<\/strong><br \/>Ogni ciotola di carta per zuppa da 26 once \u00e8 stata progettata tenendo conto dell'usabilit\u00e0. Le caratteristiche principali includono:  <\/p>\n<ul>\n<li><strong>Rivestimento impermeabile e resistente ai grassi<\/strong> per un imballaggio senza problemi.  <\/li>\n<li><strong>Struttura robusta<\/strong> per evitare la deformazione.  <\/li>\n<li><strong>Design impilabile<\/strong> per facilitare lo stoccaggio e la movimentazione.<br \/>Queste prestazioni assicurano un trasporto sicuro per la ristorazione, l'asporto o la consegna.<\/li>\n<\/ul>\n<p><strong>5. Garanzia di qualit\u00e0 e certificazioni<\/strong><br \/>Rispettiamo rigorosamente le procedure di controllo della qualit\u00e0. Ogni lotto di ciotole di carta per zuppa da 26 once viene sottoposto a test per verificarne la robustezza, la resistenza alle perdite e la sicurezza alimentare. Le nostre ciotole sono approvate dalla FDA e la nostra struttura \u00e8 certificata ISO 9001 per la gestione della qualit\u00e0 e ISO 14001 per la gestione ambientale.<\/p>\n<p><strong>6. Personalizzazione e branding<\/strong><br \/>Potete migliorare la vostra visibilit\u00e0 con la stampa di loghi e marchi personalizzati. Esplorate le molteplici opzioni di dimensioni e colori per soddisfare le esigenze del vostro marchio. Aumentate la riconoscibilit\u00e0 del vostro marchio con le ciotole di carta per zuppa da 26 once stampate su misura, per distinguervi sul mercato.<\/p>\n<p><strong>7. Ordini, imballaggio e logistica<\/strong><br \/>Offriamo opzioni di acquisto all'ingrosso con un <strong>quantit\u00e0 minima ordinabile di 50.000 pezzi<\/strong>. Ogni ciotola \u00e8 imballata in modo sicuro per garantire la sicurezza durante la spedizione. Il nostro <strong>tempi di produzione<\/strong> \u00e8 di circa 30 giorni, con spedizione dalla nostra fabbrica di Ningbo, in Cina, assicurandovi consegne tempestive in qualit\u00e0 di esportatore affidabile e partner OEM. <\/p>\n<p>Per chi fosse interessato a scoprire le nostre dimensioni pi\u00f9 piccole, pu\u00f2 consultare il nostro sito web <a href=\"\"https:>Ciotola di carta per zuppa da 8 oz<\/a> e <a href=\"\"https:>Ciotola di carta per zuppa da 12 oz<\/a> opzioni. Scegliendoci come produttore, fornitore e fabbricante, potrete beneficiare di offerte competitive a prezzi all'ingrosso che soddisfano le vostre esigenze aziendali in modo rapido ed efficace. Fate il passo successivo e affermate il vostro marchio con le migliori ciotole di carta per zuppa da 26 once sul mercato!<\/p>\n<h2 style=\"\"text-align: center;\"\">Video del tour della fabbrica:<\/h2>\n\n<p>&nbsp;<\/p>\n<p>&#8220;<\/p>","protected":false},"excerpt":{"rendered":"<p>La ciotola di carta per zuppe da 26 once \u00e8 progettata per servire zuppe e stufati. Con una capacit\u00e0 di 26 once, \u00e8 ideale per gli esercizi di ristorazione come ristoranti e catering. Caratterizzato da una struttura robusta, offre convenienza e facilit\u00e0 di smaltimento per l'industria alimentare.<\/p>","protected":false},"featured_media":790,"comment_status":"open","ping_status":"closed","template":"","meta":[],"product_brand":[],"product_cat":[21,32],"product_tag":[],"class_list":{"0":"post-789","1":"product","2":"type-product","3":"status-publish","4":"has-post-thumbnail","6":"product_cat-products","7":"product_cat-paper-soup-cups","9":"first","10":"instock","11":"shipping-taxable","12":"product-type-simple"},"_links":{"self":[{"href":"https:\/\/ascentpak.com\/it\/wp-json\/wp\/v2\/product\/789","targetHints":{"allow":["GET"]}}],"collection":[{"href":"https:\/\/ascentpak.com\/it\/wp-json\/wp\/v2\/product"}],"about":[{"href":"https:\/\/ascentpak.com\/it\/wp-json\/wp\/v2\/types\/product"}],"replies":[{"embeddable":true,"href":"https:\/\/ascentpak.com\/it\/wp-json\/wp\/v2\/comments?post=789"}],"wp:featuredmedia":[{"embeddable":true,"href":"https:\/\/ascentpak.com\/it\/wp-json\/wp\/v2\/media\/790"}],"wp:attachment":[{"href":"https:\/\/ascentpak.com\/it\/wp-json\/wp\/v2\/media?parent=789"}],"wp:term":[{"taxonomy":"product_brand","embeddable":true,"href":"https:\/\/ascentpak.com\/it\/wp-json\/wp\/v2\/product_brand?post=789"},{"taxonomy":"product_cat","embeddable":true,"href":"https:\/\/ascentpak.com\/it\/wp-json\/wp\/v2\/product_cat?post=789"},{"taxonomy":"product_tag","embeddable":true,"href":"https:\/\/ascentpak.com\/it\/wp-json\/wp\/v2\/product_tag?post=789"}],"curies":[{"name":"wp","href":"https:\/\/api.w.org\/{rel}","templated":true}]}}