{"id":780,"date":"2025-04-16T01:05:20","date_gmt":"2025-04-16T01:05:20","guid":{"rendered":"https:\/\/ascentpak.com\/?post_type=product&#038;p=780"},"modified":"2025-04-16T01:05:22","modified_gmt":"2025-04-16T01:05:22","slug":"12-oz-soup-paper-bowl","status":"publish","type":"product","link":"https:\/\/ascentpak.com\/it\/prodotto\/12-oz-soup-paper-bowl\/","title":{"rendered":"Ciotola di carta per zuppa da 12 oz"},"content":{"rendered":"<p>&#8220;<\/p>\n\n<table id=\"tablepress-1\" class=\"tablepress tablepress-id-1\">\n<thead>\n<tr class=\"row-1\">\n\t<th class=\"column-1\">                 Articolo<\/th><th class=\"column-2\">             DIMENSIONE (MM)<\/th><th class=\"column-3\">     IMBALLAGGIO (PZ*BORSA)<\/th><th class=\"column-4\">          DIMENSIONE CTN (CM)<\/th>\n<\/tr>\n<\/thead>\n<tbody class=\"row-striping row-hover\">\n<tr class=\"row-2\">\n\t<td class=\"column-1\">SB-8OZ (96MM)<\/td><td class=\"column-2\">96*77*60<\/td><td class=\"column-3\">25*20=500<\/td><td class=\"column-4\">49.5*39.5*27.5<\/td>\n<\/tr>\n<tr class=\"row-3\">\n\t<td class=\"column-1\">SB-8OZ (90MM)<\/td><td class=\"column-2\">90*75*63<\/td><td class=\"column-3\">25*20=500<\/td><td class=\"column-4\">46.5*37.5*28<\/td>\n<\/tr>\n<tr class=\"row-4\">\n\t<td class=\"column-1\">SB-12OZ (96MM)<\/td><td class=\"column-2\">96*82*67<\/td><td class=\"column-3\">25*20=500<\/td><td class=\"column-4\">49.5*39.5*31.5<\/td>\n<\/tr>\n<tr class=\"row-5\">\n\t<td class=\"column-1\">SB-12OZ (90MM)<\/td><td class=\"column-2\">90*73*88<\/td><td class=\"column-3\">25*20=500<\/td><td class=\"column-4\">46.5*37.5*33.5<\/td>\n<\/tr>\n<tr class=\"row-6\">\n\t<td class=\"column-1\">SB-16OZ (96MM)<\/td><td class=\"column-2\">96*78*96<\/td><td class=\"column-3\">25*20=500<\/td><td class=\"column-4\">49.5*39.5*35<\/td>\n<\/tr>\n<tr class=\"row-7\">\n\t<td class=\"column-1\">SB-12OZ (115 MM)<\/td><td class=\"column-2\">115*93*63<\/td><td class=\"column-3\">25*20=500<\/td><td class=\"column-4\">58.5*46.5*27<\/td>\n<\/tr>\n<tr class=\"row-8\">\n\t<td class=\"column-1\">SB-16OZ (115 MM)<\/td><td class=\"column-2\">115*96*78<\/td><td class=\"column-3\">25*20=500<\/td><td class=\"column-4\">58.5*46.5*31<\/td>\n<\/tr>\n<tr class=\"row-9\">\n\t<td class=\"column-1\">SB-26OZ (115MM)<\/td><td class=\"column-2\">115*89*115<\/td><td class=\"column-3\">25*20=500<\/td><td class=\"column-4\">58.5*46.5*40.5<\/td>\n<\/tr>\n<tr class=\"row-10\">\n\t<td class=\"column-1\">SB-32OZ (115 MM)<\/td><td class=\"column-2\">115*91*133<\/td><td class=\"column-3\">25*20=500<\/td><td class=\"column-4\">58.5*46.5*40.5<\/td>\n<\/tr>\n<\/tbody>\n<\/table>\n<!-- #tablepress-1 from cache -->\n<p>&nbsp;<\/p>\n<p>Il contenitore di carta per zuppe da 12 once \u00e8 un prodotto essenziale nel settore del confezionamento di alimenti e bevande. Svolge un ruolo fondamentale nel contenere in modo sicuro zuppe e minestre calde, garantendo qualit\u00e0 e affidabilit\u00e0 per il mantenimento della temperatura e della struttura degli alimenti.<\/p>\n<p><strong>1. Materiali e struttura della benna<\/strong><br \/>Per creare la ciotola di carta per zuppa da 12 once utilizziamo materiali di prima qualit\u00e0, tra cui carta kraft, carta rivestita in PE e carta rivestita in PLA. Questi materiali garantiscono la sicurezza alimentare e la sostenibilit\u00e0 ambientale:<\/p>\n<ul>\n<li><strong>Carta Kraft<\/strong>: Offre una soluzione robusta ed ecologica.  <\/li>\n<li><strong>Rivestimento in PE<\/strong>: Assicura che il secchio sia resistente al grasso e durevole.  <\/li>\n<li><strong>Rivestimento in PLA<\/strong>: Offre un'opzione compostabile e sostenibile per i marchi eco-consapevoli.  <\/li>\n<li><strong>Rivestimento acquoso<\/strong>: Un'opzione a base d'acqua, non tossica, che fornisce una finitura liscia mantenendo l'integrit\u00e0.<\/li>\n<\/ul>\n<p>La nostra ciotola di carta per zuppa da 12 once \u00e8 caratterizzata da una struttura robusta che garantisce che le zuppe rimangano calde senza compromettere la qualit\u00e0 durante il trasporto. Per ulteriori informazioni sulle nostre ciotole per zuppa, consultate la nostra pagina dei prodotti. <a href=\"\"https:>qui<\/a>.<\/p>\n<p><strong>2. Propriet\u00e0 fisiche e funzionali<\/strong><br \/>La ciotola di carta per zuppa da 12 once \u00e8 disponibile in vari formati con dati di applicazione specifici:<\/p>\n<ul>\n<li><strong>SB-12OZ (96MM)<\/strong>: 96\u00d782\u00d767 mm, confezione 25\u00d720=500 pezzi, dimensione cartone 49,5\u00d739,5\u00d731,5 cm  <\/li>\n<li><strong>SB-12OZ (90MM)<\/strong>: 90\u00d773\u00d788 mm, imballaggio 25\u00d720=500 pezzi, dimensione cartone 46,5\u00d737,5\u00d733,5 cm<\/li>\n<\/ul>\n<p>Ogni secchio \u00e8 progettato per contenere in modo sicuro la zuppa, preservandone la qualit\u00e0. Questa versatilit\u00e0 lo rende un'ottima scelta per i ristoranti e i venditori di prodotti alimentari.<\/p>\n<p><strong>3. Sezione Taglie e variet\u00e0<\/strong><br \/>La nostra ciotola di carta per zuppa da 12 once \u00e8 disponibile in diversi stili:<\/p>\n<ul>\n<li><strong>Dimensioni<\/strong>: SB-8OZ, SB-12OZ, SB-16OZ, SB-26OZ, SB-32OZ  <\/li>\n<li><strong>Opzioni di diametro multiple<\/strong>90MM, 96MM, 115MM disponibili per le diverse esigenze.<\/li>\n<\/ul>\n<p>Ci rivolgiamo a diverse esigenze di servizio, assicurando un perfetto adattamento a tutti, sia che si tratti di porzioni individuali che di pasti per famiglie numerose. <\/p>\n<p><strong>4. Prestazioni e qualit\u00e0<\/strong><br \/>Le caratteristiche di usabilit\u00e0 includono:<\/p>\n<ul>\n<li><strong>A prova di perdite e resistente al grasso<\/strong>: Garantisce un imballaggio senza problemi.  <\/li>\n<li><strong>Costruzione robusta<\/strong>: Impedisce la deformazione.  <\/li>\n<li><strong>Design impilabile<\/strong>: Per una facile conservazione e manipolazione.<\/li>\n<\/ul>\n<p>Ogni ciotola \u00e8 progettata per resistere al trasporto, sia che si tratti di un ristorante, sia che si tratti di un take-away o di una consegna, aiutandovi a fornire un servizio eccezionale ai vostri clienti.<\/p>\n<p><strong>5. Garanzia di qualit\u00e0 e certificazioni<\/strong><br \/>Seguiamo rigorose procedure di controllo della qualit\u00e0, testando la robustezza, la resistenza alle perdite e la sicurezza alimentare. Tutte le nostre ciotole sono approvate dalla FDA e la nostra fabbrica opera secondo le certificazioni ISO 9001 e ISO 14001, oltre agli standard FSC e BRCGS. Ci\u00f2 significa che riceverete un prodotto di massima qualit\u00e0 e sicurezza.<\/p>\n<p><strong>6. Personalizzazione e branding<\/strong><br \/>\u00c8 possibile personalizzare la ciotola di carta per zuppa da 12 oz con:<\/p>\n<ul>\n<li><strong>Stampa del logo personalizzato<\/strong>: Migliorate la visibilit\u00e0 con il vostro marchio.  <\/li>\n<li><strong>Molteplici opzioni di dimensioni e colori<\/strong>: Allinearsi alle esigenze del marchio.<\/li>\n<\/ul>\n<p>Aumentate il riconoscimento del marchio con ciotole stampate su misura che lasciano un'impressione duratura.<\/p>\n<p><strong>7. Ordini, imballaggio e logistica<\/strong>  <\/p>\n<ul>\n<li><strong>Quantit\u00e0 minima d'ordine<\/strong>: 50.000 pezzi.  <\/li>\n<li><strong>Dettagli sull'imballaggio<\/strong>: Imballato in modo sicuro per garantire la sicurezza durante la spedizione.  <\/li>\n<li><strong>Tempi di produzione<\/strong>: Circa 30 giorni.  <\/li>\n<li><strong>Porto di spedizione<\/strong>: Ningbo, Cina, garantisce consegne rapide ed efficienti a livello globale.<\/li>\n<\/ul>\n<p>Imballiamo con cura la ciotola di carta per zuppa da 12 once per evitare danni durante il trasporto. In qualit\u00e0 di produttore e fornitore affidabile, la nostra produzione consente opzioni di vendita all'ingrosso e OEM per acquisti all'ingrosso a prezzi competitivi. Per gli acquisti all'ingrosso, visualizzare ulteriori informazioni <a href=\"\"https:>qui<\/a> per esplorare le nostre offerte.<\/p>\n<p>Il nostro impegno per la qualit\u00e0, in qualit\u00e0 di esportatore leader del settore, ci rende un partner fidato per le vostre esigenze di prodotti sfusi. La ciotola di carta per zuppa da 12 once non \u00e8 solo un prodotto; \u00e8 una miscela di qualit\u00e0, affidabilit\u00e0 e pratiche ecologiche che si allineano alle moderne esigenze aziendali.<\/p>\n<h2 style=\"\"text-align: center;\"\">Video del tour della fabbrica:<\/h2>\n\n<p>&nbsp;<\/p>\n<p>&#8220;<\/p>","protected":false},"excerpt":{"rendered":"<p>La ciotola di carta per zuppe da 12 once \u00e8 progettata per servire zuppe e liquidi caldi. Con una capacit\u00e0 di 12 once, \u00e8 ideale per ristoranti, eventi di catering e food truck. Grazie alla struttura in carta resistente all'umidit\u00e0, offre una durata affidabile per il settore della ristorazione.<\/p>","protected":false},"featured_media":781,"comment_status":"open","ping_status":"closed","template":"","meta":[],"product_brand":[],"product_cat":[21,32],"product_tag":[],"class_list":{"0":"post-780","1":"product","2":"type-product","3":"status-publish","4":"has-post-thumbnail","6":"product_cat-products","7":"product_cat-paper-soup-cups","9":"first","10":"instock","11":"shipping-taxable","12":"product-type-simple"},"_links":{"self":[{"href":"https:\/\/ascentpak.com\/it\/wp-json\/wp\/v2\/product\/780","targetHints":{"allow":["GET"]}}],"collection":[{"href":"https:\/\/ascentpak.com\/it\/wp-json\/wp\/v2\/product"}],"about":[{"href":"https:\/\/ascentpak.com\/it\/wp-json\/wp\/v2\/types\/product"}],"replies":[{"embeddable":true,"href":"https:\/\/ascentpak.com\/it\/wp-json\/wp\/v2\/comments?post=780"}],"wp:featuredmedia":[{"embeddable":true,"href":"https:\/\/ascentpak.com\/it\/wp-json\/wp\/v2\/media\/781"}],"wp:attachment":[{"href":"https:\/\/ascentpak.com\/it\/wp-json\/wp\/v2\/media?parent=780"}],"wp:term":[{"taxonomy":"product_brand","embeddable":true,"href":"https:\/\/ascentpak.com\/it\/wp-json\/wp\/v2\/product_brand?post=780"},{"taxonomy":"product_cat","embeddable":true,"href":"https:\/\/ascentpak.com\/it\/wp-json\/wp\/v2\/product_cat?post=780"},{"taxonomy":"product_tag","embeddable":true,"href":"https:\/\/ascentpak.com\/it\/wp-json\/wp\/v2\/product_tag?post=780"}],"curies":[{"name":"wp","href":"https:\/\/api.w.org\/{rel}","templated":true}]}}