{"id":775,"date":"2025-04-16T01:00:45","date_gmt":"2025-04-16T01:00:45","guid":{"rendered":"https:\/\/ascentpak.com\/?post_type=product&#038;p=775"},"modified":"2025-04-16T01:00:47","modified_gmt":"2025-04-16T01:00:47","slug":"8-oz-soup-paper-bowl","status":"publish","type":"product","link":"https:\/\/ascentpak.com\/it\/prodotto\/8-oz-soup-paper-bowl\/","title":{"rendered":"Ciotola di carta per zuppa da 8 oz"},"content":{"rendered":"<p>&#8220;<\/p>\n\n<table id=\"tablepress-1\" class=\"tablepress tablepress-id-1\">\n<thead>\n<tr class=\"row-1\">\n\t<th class=\"column-1\">                 Articolo<\/th><th class=\"column-2\">             DIMENSIONE (MM)<\/th><th class=\"column-3\">     IMBALLAGGIO (PZ*BORSA)<\/th><th class=\"column-4\">          DIMENSIONE CTN (CM)<\/th>\n<\/tr>\n<\/thead>\n<tbody class=\"row-striping row-hover\">\n<tr class=\"row-2\">\n\t<td class=\"column-1\">SB-8OZ (96MM)<\/td><td class=\"column-2\">96*77*60<\/td><td class=\"column-3\">25*20=500<\/td><td class=\"column-4\">49.5*39.5*27.5<\/td>\n<\/tr>\n<tr class=\"row-3\">\n\t<td class=\"column-1\">SB-8OZ (90MM)<\/td><td class=\"column-2\">90*75*63<\/td><td class=\"column-3\">25*20=500<\/td><td class=\"column-4\">46.5*37.5*28<\/td>\n<\/tr>\n<tr class=\"row-4\">\n\t<td class=\"column-1\">SB-12OZ (96MM)<\/td><td class=\"column-2\">96*82*67<\/td><td class=\"column-3\">25*20=500<\/td><td class=\"column-4\">49.5*39.5*31.5<\/td>\n<\/tr>\n<tr class=\"row-5\">\n\t<td class=\"column-1\">SB-12OZ (90MM)<\/td><td class=\"column-2\">90*73*88<\/td><td class=\"column-3\">25*20=500<\/td><td class=\"column-4\">46.5*37.5*33.5<\/td>\n<\/tr>\n<tr class=\"row-6\">\n\t<td class=\"column-1\">SB-16OZ (96MM)<\/td><td class=\"column-2\">96*78*96<\/td><td class=\"column-3\">25*20=500<\/td><td class=\"column-4\">49.5*39.5*35<\/td>\n<\/tr>\n<tr class=\"row-7\">\n\t<td class=\"column-1\">SB-12OZ (115 MM)<\/td><td class=\"column-2\">115*93*63<\/td><td class=\"column-3\">25*20=500<\/td><td class=\"column-4\">58.5*46.5*27<\/td>\n<\/tr>\n<tr class=\"row-8\">\n\t<td class=\"column-1\">SB-16OZ (115 MM)<\/td><td class=\"column-2\">115*96*78<\/td><td class=\"column-3\">25*20=500<\/td><td class=\"column-4\">58.5*46.5*31<\/td>\n<\/tr>\n<tr class=\"row-9\">\n\t<td class=\"column-1\">SB-26OZ (115MM)<\/td><td class=\"column-2\">115*89*115<\/td><td class=\"column-3\">25*20=500<\/td><td class=\"column-4\">58.5*46.5*40.5<\/td>\n<\/tr>\n<tr class=\"row-10\">\n\t<td class=\"column-1\">SB-32OZ (115 MM)<\/td><td class=\"column-2\">115*91*133<\/td><td class=\"column-3\">25*20=500<\/td><td class=\"column-4\">58.5*46.5*40.5<\/td>\n<\/tr>\n<\/tbody>\n<\/table>\n<!-- #tablepress-1 from cache -->\n<p>&nbsp;<\/p>\n<p>Ecco a voi la ciotola di carta per zuppe da 8 oz, un elemento chiave nel packaging di alimenti e bevande. Il suo design \u00e8 perfetto per contenere zuppe calde, stufati e altro ancora. La qualit\u00e0 e l'affidabilit\u00e0 sono essenziali per mantenere la temperatura e la struttura degli alimenti. Potete contare su queste ciotole per ottenere buoni risultati.<\/p>\n<ol>\n<li>\n<p><strong>Materiali e struttura della benna<\/strong><br \/>La nostra ciotola di carta per zuppa da 8 oz \u00e8 realizzata con materiali di prima qualit\u00e0. Utilizziamo carta kraft, carta rivestita in PE, carta rivestita in PLA e carta rivestita in acqua. La carta kraft offre una soluzione robusta ed ecologica. Il rivestimento in PE assicura che la ciotola sia resistente al grasso e durevole. Per i marchi attenti all'ambiente, il rivestimento in PLA offre un'opzione compostabile. Il rivestimento acquoso \u00e8 a base d'acqua, non tossico ed ecologico. Le nostre ciotole hanno una struttura robusta per mantenere le zuppe calde senza compromettere la qualit\u00e0 durante il trasporto. Per maggiori dettagli su come le nostre confezioni preservano la qualit\u00e0 degli alimenti, visitate questo link alla nostra linea di prodotti su <a href=\"\"http:>ciotole di carta per zuppa<\/a>.<\/p>\n<\/li>\n<li>\n<p><strong>Propriet\u00e0 fisiche e funzionali<\/strong><br \/>La nostra ciotola di carta per zuppa da 8 once \u00e8 disponibile in dimensioni perfettamente studiate per diverse porzioni. Le specifiche di ciascuna ciotola sono le seguenti:<\/p>\n<\/li>\n<\/ol>\n<ul>\n<li><strong>SB-8OZ (96MM)<\/strong>: 96\u00d777\u00d760 mm, confezionato 25\u00d720=500 pezzi, dimensione cartone 49,5\u00d739,5\u00d727,5 cm  <\/li>\n<li><strong>SB-8OZ (90MM)<\/strong>: 90\u00d775\u00d763mm, confezionato 25\u00d720=500 pezzi, dimensione cartone 46,5\u00d737,5\u00d728 cm  <\/li>\n<li><strong>SB-12OZ (96MM)<\/strong>: 96\u00d782\u00d767 mm, confezionato 25\u00d720=500 pezzi, dimensione cartone 49,5\u00d739,5\u00d731,5 cm<br \/>La nostra collezione comprende vari formati, dalle porzioni individuali ai pasti per famiglie. Per ulteriori opzioni, potete vedere la nostra gamma completa di piatti di carta per zuppa da 8 oz qui: <a href=\"\"http:>Ciotole per zuppa da 8 oz<\/a>.<\/li>\n<\/ul>\n<ol start=\"\"3\"\">\n<li>\n<p><strong>Sezione Taglie e Variet\u00e0<\/strong><br \/>Offriamo diversi stili e varianti. Le dimensioni comprendono SB-8OZ, SB-12OZ, SB-16OZ, SB-26OZ e SB-32OZ. Ogni stile ha diverse opzioni di diametro: 90 mm, 96 mm e 115 mm. Queste varianti si adattano a diverse esigenze di servizio. Sia che vogliate secchi piccoli per le porzioni individuali o grandi per i pasti della famiglia, troverete l'opzione ideale.<\/p>\n<\/li>\n<li>\n<p><strong>Prestazioni e qualit\u00e0<\/strong><br \/>Le caratteristiche delle nostre ciotole ne migliorano l'usabilit\u00e0. Sono dotate di un rivestimento impermeabile e resistente al grasso per un utilizzo senza disordine. La loro struttura robusta impedisce la deformazione. Inoltre, il design impilabile facilita lo stoccaggio. La nostra ciotola di carta per zuppa da 8 oz garantisce la sicurezza durante il trasporto ed \u00e8 perfetta per la cena, l'asporto o la consegna. <\/p>\n<\/li>\n<li>\n<p><strong>Garanzia di qualit\u00e0 e certificazioni<\/strong><br \/>Seguiamo rigorose procedure di controllo della qualit\u00e0. Ogni lotto viene testato per verificarne la resistenza e la tenuta. Possediamo certificazioni come l'approvazione FDA, ISO 9001 per la gestione della qualit\u00e0 e ISO 14001 per la gestione ambientale. Le nostre ciotole soddisfano gli standard FSC e BRCGS. Potete fidarvi della nostra qualit\u00e0 quando acquistate all'ingrosso da un fornitore o produttore affidabile.<\/p>\n<\/li>\n<li>\n<p><strong>Personalizzazione e branding<\/strong><br \/>La personalizzazione \u00e8 disponibile per la nostra ciotola di carta per zuppa da 8 once. \u00c8 possibile scegliere la stampa del logo personalizzato per una maggiore visibilit\u00e0. Offriamo diverse dimensioni e opzioni di colore per soddisfare le esigenze del vostro marchio. Questo vi permette di lasciare un'impressione duratura ai vostri clienti. In qualit\u00e0 di esportatore di fiducia, possiamo gestire anche richieste OEM.<\/p>\n<\/li>\n<li>\n<p><strong>Ordini, imballaggio e logistica<\/strong><br \/>La quantit\u00e0 minima ordinabile \u00e8 di 50.000 pezzi. Imballiamo in modo sicuro tutti gli ordini per garantire la sicurezza durante la spedizione. I tempi di produzione sono di circa 30 giorni. Il nostro porto di spedizione si trova a Ningbo, in Cina, e garantisce una consegna rapida a livello globale. I nostri prezzi competitivi per i prodotti sfusi ci rendono la scelta preferita dai grossisti.<\/p>\n<\/li>\n<\/ol>\n<p>Integrando le informazioni chiave sulla nostra ciotola di carta per zuppa da 8 oz e mantenendo l'attenzione sulla qualit\u00e0 e sul servizio, ci proponiamo di supportare efficacemente le vostre esigenze aziendali.<\/p>\n<h2 style=\"\"text-align: center;\"\">Video del tour della fabbrica:<\/h2>\n\n<p>&nbsp;<\/p>\n<p>&#8220;<\/p>","protected":false},"excerpt":{"rendered":"<p>La ciotola di carta per zuppe da 8 once \u00e8 progettata per servire zuppe e stufati caldi. Con una capacit\u00e0 di 8 oz, \u00e8 ideale per ristoranti, bar e servizi di catering. Caratterizzato da un design monouso, offre convenienza e facilit\u00e0 di pulizia per il settore della ristorazione.<\/p>","protected":false},"featured_media":776,"comment_status":"open","ping_status":"closed","template":"","meta":[],"product_brand":[],"product_cat":[21,32],"product_tag":[],"class_list":{"0":"post-775","1":"product","2":"type-product","3":"status-publish","4":"has-post-thumbnail","6":"product_cat-products","7":"product_cat-paper-soup-cups","9":"first","10":"instock","11":"shipping-taxable","12":"product-type-simple"},"_links":{"self":[{"href":"https:\/\/ascentpak.com\/it\/wp-json\/wp\/v2\/product\/775","targetHints":{"allow":["GET"]}}],"collection":[{"href":"https:\/\/ascentpak.com\/it\/wp-json\/wp\/v2\/product"}],"about":[{"href":"https:\/\/ascentpak.com\/it\/wp-json\/wp\/v2\/types\/product"}],"replies":[{"embeddable":true,"href":"https:\/\/ascentpak.com\/it\/wp-json\/wp\/v2\/comments?post=775"}],"wp:featuredmedia":[{"embeddable":true,"href":"https:\/\/ascentpak.com\/it\/wp-json\/wp\/v2\/media\/776"}],"wp:attachment":[{"href":"https:\/\/ascentpak.com\/it\/wp-json\/wp\/v2\/media?parent=775"}],"wp:term":[{"taxonomy":"product_brand","embeddable":true,"href":"https:\/\/ascentpak.com\/it\/wp-json\/wp\/v2\/product_brand?post=775"},{"taxonomy":"product_cat","embeddable":true,"href":"https:\/\/ascentpak.com\/it\/wp-json\/wp\/v2\/product_cat?post=775"},{"taxonomy":"product_tag","embeddable":true,"href":"https:\/\/ascentpak.com\/it\/wp-json\/wp\/v2\/product_tag?post=775"}],"curies":[{"name":"wp","href":"https:\/\/api.w.org\/{rel}","templated":true}]}}