{"id":771,"date":"2025-04-15T02:31:55","date_gmt":"2025-04-15T02:31:55","guid":{"rendered":"https:\/\/ascentpak.com\/?post_type=product&#038;p=771"},"modified":"2025-04-15T02:31:57","modified_gmt":"2025-04-15T02:31:57","slug":"16-oz-ripple-wall-paper-cup","status":"publish","type":"product","link":"https:\/\/ascentpak.com\/it\/prodotto\/16-oz-ripple-wall-paper-cup\/","title":{"rendered":"Bicchiere di carta da 16 oz con pareti ondulate"},"content":{"rendered":"<p>&#8220;<\/p>\n\n<table id=\"tablepress-8\" class=\"tablepress tablepress-id-8\">\n<thead>\n<tr class=\"row-1\">\n\t<th class=\"column-1\">Articolo<\/th><th class=\"column-2\">DIMENSIONE (MM)<\/th><th class=\"column-3\">IMBALLAGGIO (PZ*BORSA)<\/th><th class=\"column-4\">DIMENSIONE CTN (CM)<\/th>\n<\/tr>\n<\/thead>\n<tbody class=\"row-striping row-hover\">\n<tr class=\"row-2\">\n\t<td class=\"column-1\">Singola parete-8OZ<\/td><td class=\"column-2\">80*56*90<\/td><td class=\"column-3\">50*20=1000<\/td><td class=\"column-4\">40.5*32.5*39.5<\/td>\n<\/tr>\n<tr class=\"row-3\">\n\t<td class=\"column-1\">Singola parete-10OZ<\/td><td class=\"column-2\">90*59*95<\/td><td class=\"column-3\">50*20=1000<\/td><td class=\"column-4\">45.5*36.5*46.5<\/td>\n<\/tr>\n<tr class=\"row-4\">\n\t<td class=\"column-1\">Singola parete-12OZ<\/td><td class=\"column-2\">90*60*111<\/td><td class=\"column-3\">50*20=1000<\/td><td class=\"column-4\">45.5*36.5*46.5<\/td>\n<\/tr>\n<tr class=\"row-5\">\n\t<td class=\"column-1\">Parete singola-16OZ<\/td><td class=\"column-2\">90*60*136<\/td><td class=\"column-3\">50*20=1000<\/td><td class=\"column-4\">45.5*36.5*54<\/td>\n<\/tr>\n<tr class=\"row-6\">\n\t<td class=\"column-1\">Parete singola-20OZ<\/td><td class=\"column-2\">90*60*162<\/td><td class=\"column-3\">50*20=1000<\/td><td class=\"column-4\">45.5*36.5*63<\/td>\n<\/tr>\n<tr class=\"row-7\">\n\t<td class=\"column-1\">Parete singola-22OZ<\/td><td class=\"column-2\">90*60*171<\/td><td class=\"column-3\">50*20=1000<\/td><td class=\"column-4\">45.5*36.5*65<\/td>\n<\/tr>\n<tr class=\"row-8\">\n\t<td class=\"column-1\">Doppia parete-8OZ <\/td><td class=\"column-2\">80*56*90<\/td><td class=\"column-3\">25*20=500<\/td><td class=\"column-4\">42*33*50<\/td>\n<\/tr>\n<tr class=\"row-9\">\n\t<td class=\"column-1\">Doppia parete-10OZ <\/td><td class=\"column-2\">90*59*95<\/td><td class=\"column-3\">25*20=500<\/td><td class=\"column-4\">42*33*51<\/td>\n<\/tr>\n<tr class=\"row-10\">\n\t<td class=\"column-1\">Doppia parete-12OZ<\/td><td class=\"column-2\">90*60*111<\/td><td class=\"column-3\">25*20=500<\/td><td class=\"column-4\">46*37*56<\/td>\n<\/tr>\n<tr class=\"row-11\">\n\t<td class=\"column-1\">Doppia parete-16OZ <\/td><td class=\"column-2\">90*60*136<\/td><td class=\"column-3\">25*20=500<\/td><td class=\"column-4\">46*37*59<\/td>\n<\/tr>\n<tr class=\"row-12\">\n\t<td class=\"column-1\">Doppia parete-20OZ <\/td><td class=\"column-2\">90*60*162<\/td><td class=\"column-3\">25*20=500<\/td><td class=\"column-4\">46*37*68<\/td>\n<\/tr>\n<tr class=\"row-13\">\n\t<td class=\"column-1\">Doppia parete-22OZ <\/td><td class=\"column-2\">90*60*171<\/td><td class=\"column-3\">25*20=500<\/td><td class=\"column-4\">46*37*70<\/td>\n<\/tr>\n<\/tbody>\n<\/table>\n<!-- #tablepress-8 from cache -->\n<p>&nbsp;<br \/>Il bicchiere di carta a pareti ondulate da 16 once \u00e8 un prodotto estremamente versatile ed essenziale nel settore del confezionamento di alimenti e bevande. Il suo design garantisce la funzionalit\u00e0 sia per le bevande calde che per quelle fredde, mantenendo la temperatura e la struttura delle bevande con qualit\u00e0 e affidabilit\u00e0.<\/p>\n<p><strong>Materiali e struttura della coppa<\/strong><br \/>Questo eccezionale bicchiere \u00e8 realizzato con materiali pregiati per garantire sicurezza e sostenibilit\u00e0. I nostri bicchieri possono essere realizzati in carta kraft, carta rivestita in PE, carta rivestita in PLA o carta rivestita in acqua: <\/p>\n<ul>\n<li><strong>Carta Kraft:<\/strong> Offre una soluzione robusta ed ecologica. <\/li>\n<li><strong>Rivestimento in PE:<\/strong> Garantisce resistenza al grasso e durata nel tempo.<\/li>\n<li><strong>Rivestimento in PLA:<\/strong> Offre un'opzione compostabile per i marchi eco-consapevoli. <\/li>\n<li><strong>Rivestimento acquoso:<\/strong> A base d'acqua e atossico, fornisce una finitura liscia mantenendo l'integrit\u00e0.<\/li>\n<\/ul>\n<p>Il nostro bicchiere di carta a parete increspata da 16 oz presenta una robusta struttura a doppio strato (per i bicchieri a doppia parete) e un'affidabile struttura a singolo strato (per i bicchieri a parete singola). Questo design garantisce che le bevande rimangano calde o fredde senza compromettere la qualit\u00e0 durante il trasporto.<\/p>\n<p><strong>Propriet\u00e0 fisiche e funzionali<\/strong><br \/>La nostra ampia gamma di bicchieri di carta da 16 once a parete ondulata comprende vari formati per tutti i tipi di bevande. Ad esempio, i bicchieri a parete singola e a parete doppia offrono dettagli di confezionamento e dimensioni diverse, come ad esempio:<\/p>\n<table>\n<thead>\n<tr>\n<th>Tipo<\/th>\n<th>Dimensione<\/th>\n<th>Dimensioni (mm)<\/th>\n<th>Imballaggio<\/th>\n<th>Dimensioni del cartone (cm)<\/th>\n<\/tr>\n<\/thead>\n<tbody>\n<tr>\n<td>Parete singola<\/td>\n<td>SW-16OZ<\/td>\n<td>90\u00d760\u00d7136<\/td>\n<td>50\u00d720=1000 pezzi<\/td>\n<td>45.5\u00d736.5\u00d754<\/td>\n<\/tr>\n<tr>\n<td>Doppia parete<\/td>\n<td>DW-16OZ<\/td>\n<td>90\u00d760\u00d7136<\/td>\n<td>25\u00d720=500 pezzi<\/td>\n<td>46\u00d737\u00d759<\/td>\n<\/tr>\n<\/tbody>\n<\/table>\n<p>Sia che si tratti di piccole porzioni di t\u00e8 o di caff\u00e8 freddi pi\u00f9 grandi, la nostra collezione garantisce una soluzione perfetta per tutte le esigenze di servizio delle bevande.<\/p>\n<p><strong>Dimensioni e variet\u00e0<\/strong><br \/>Offriamo diversi stili e dettagli di imballaggio:  <\/p>\n<ul>\n<li><strong>Tazze a parete singola:<\/strong> SW-8OZ, SW-10OZ, SW-12OZ, SW-16OZ, SW-20OZ, SW-22OZ  <\/li>\n<li><strong>Tazze a doppia parete:<\/strong> DW-8OZ, DW-10OZ, DW-12OZ, DW-16OZ, DW-20OZ, DW-22OZ<\/li>\n<\/ul>\n<p>Queste opzioni soddisfano le diverse esigenze di bevande: dalle tazze piccole per l'espresso alle tazze grandi per i frullati.<\/p>\n<p><strong>Prestazioni e qualit\u00e0<\/strong><br \/>Le nostre tazze hanno caratteristiche che ne migliorano l'usabilit\u00e0:<\/p>\n<ul>\n<li>Fodera impermeabile e resistente al grasso per una confezione senza problemi.<\/li>\n<li>Struttura robusta per evitare deformazioni.<\/li>\n<li>Design impilabile per facilitare lo stoccaggio e la movimentazione.<\/li>\n<\/ul>\n<p>Ogni prodotto \u00e8 progettato per essere a prova di perdite, per evitare fuoriuscite o perdite. La struttura robusta consente un trasporto sicuro, sia che si tratti di un pranzo o di una cena, sia che si tratti di una consegna.<\/p>\n<p><strong>Garanzia di qualit\u00e0 e certificazioni<\/strong><br \/>Nel nostro stabilimento, aderiamo a rigorose norme di controllo della qualit\u00e0, testando la forza, la resistenza alle perdite e la sicurezza alimentare. Il nostro impianto di produzione \u00e8 certificato ISO 9001 e ISO 14001, a garanzia di standard elevati. I nostri bicchieri sono approvati dalla FDA e siamo in possesso di certificazioni importanti come FSC e BRCGS, per garantirvi prodotti affidabili.<\/p>\n<p><strong>Personalizzazione e branding<\/strong><br \/>Le opzioni di personalizzazione includono la stampa del logo personalizzato per una maggiore visibilit\u00e0. Grazie alle numerose opzioni di dimensioni e colori, i nostri bicchieri si adattano perfettamente alle esigenze del vostro marchio. Aumentate la riconoscibilit\u00e0 del vostro marchio con il bicchiere di carta da 16 once con pareti ondulate; mettete in mostra il vostro logo e i vostri disegni unici su materiali ecologici.<\/p>\n<p><strong>Ordini, imballaggio e logistica<\/strong><br \/>La quantit\u00e0 minima ordinabile \u00e8 di 50.000 pezzi. Il bicchiere di carta da 16 once con pareti ondulate \u00e8 imballato in modo sicuro per garantire la sicurezza durante la spedizione. Con tempi di produzione di circa 30 giorni, il nostro porto di spedizione a Ningbo, in Cina, garantisce una consegna rapida a livello globale.   <\/p>\n<p>Per chi \u00e8 alla ricerca di prodotti simili, \u00e8 possibile consultare il nostro bicchiere di carta a parete singola da 8 oz, il nostro bicchiere di carta da 10 oz o anche esplorare il bicchiere di carta a doppia parete da 12 oz per avere pi\u00f9 opzioni per le vostre esigenze di servizio delle bevande.<\/p>\n<h2 style=\"\"text-align: center;\"\">Video del tour della fabbrica:<\/h2>\n\n<p>&nbsp;<\/p>\n<p>&#8220;<\/p>","protected":false},"excerpt":{"rendered":"<p>Il bicchiere di carta a pareti ondulate da 16 oz \u00e8 progettato per il servizio di bevande calde e fredde. Con una capacit\u00e0 di 16 once, \u00e8 ideale per bar, ristoranti ed eventi di catering. Caratterizzato da un design a pareti ondulate, offre isolamento e una presa confortevole per i clienti del settore alimentare e delle bevande.<\/p>","protected":false},"featured_media":772,"comment_status":"open","ping_status":"closed","template":"","meta":[],"product_brand":[],"product_cat":[21,27,30],"product_tag":[],"class_list":{"0":"post-771","1":"product","2":"type-product","3":"status-publish","4":"has-post-thumbnail","6":"product_cat-products","7":"product_cat-paper-cups","8":"product_cat-ripple-wall-paper-cups","10":"first","11":"instock","12":"shipping-taxable","13":"product-type-simple"},"_links":{"self":[{"href":"https:\/\/ascentpak.com\/it\/wp-json\/wp\/v2\/product\/771","targetHints":{"allow":["GET"]}}],"collection":[{"href":"https:\/\/ascentpak.com\/it\/wp-json\/wp\/v2\/product"}],"about":[{"href":"https:\/\/ascentpak.com\/it\/wp-json\/wp\/v2\/types\/product"}],"replies":[{"embeddable":true,"href":"https:\/\/ascentpak.com\/it\/wp-json\/wp\/v2\/comments?post=771"}],"wp:featuredmedia":[{"embeddable":true,"href":"https:\/\/ascentpak.com\/it\/wp-json\/wp\/v2\/media\/772"}],"wp:attachment":[{"href":"https:\/\/ascentpak.com\/it\/wp-json\/wp\/v2\/media?parent=771"}],"wp:term":[{"taxonomy":"product_brand","embeddable":true,"href":"https:\/\/ascentpak.com\/it\/wp-json\/wp\/v2\/product_brand?post=771"},{"taxonomy":"product_cat","embeddable":true,"href":"https:\/\/ascentpak.com\/it\/wp-json\/wp\/v2\/product_cat?post=771"},{"taxonomy":"product_tag","embeddable":true,"href":"https:\/\/ascentpak.com\/it\/wp-json\/wp\/v2\/product_tag?post=771"}],"curies":[{"name":"wp","href":"https:\/\/api.w.org\/{rel}","templated":true}]}}