{"id":756,"date":"2025-04-15T02:19:10","date_gmt":"2025-04-15T02:19:10","guid":{"rendered":"https:\/\/ascentpak.com\/?post_type=product&#038;p=756"},"modified":"2025-04-15T02:19:13","modified_gmt":"2025-04-15T02:19:13","slug":"16-oz-double-wall-paper-cup","status":"publish","type":"product","link":"https:\/\/ascentpak.com\/it\/prodotto\/16-oz-double-wall-paper-cup\/","title":{"rendered":"Bicchiere di carta a doppia parete da 16 oz"},"content":{"rendered":"<p>&#8220;<\/p>\n\n<table id=\"tablepress-8\" class=\"tablepress tablepress-id-8\">\n<thead>\n<tr class=\"row-1\">\n\t<th class=\"column-1\">Articolo<\/th><th class=\"column-2\">DIMENSIONE (MM)<\/th><th class=\"column-3\">IMBALLAGGIO (PZ*BORSA)<\/th><th class=\"column-4\">DIMENSIONE CTN (CM)<\/th>\n<\/tr>\n<\/thead>\n<tbody class=\"row-striping row-hover\">\n<tr class=\"row-2\">\n\t<td class=\"column-1\">Singola parete-8OZ<\/td><td class=\"column-2\">80*56*90<\/td><td class=\"column-3\">50*20=1000<\/td><td class=\"column-4\">40.5*32.5*39.5<\/td>\n<\/tr>\n<tr class=\"row-3\">\n\t<td class=\"column-1\">Singola parete-10OZ<\/td><td class=\"column-2\">90*59*95<\/td><td class=\"column-3\">50*20=1000<\/td><td class=\"column-4\">45.5*36.5*46.5<\/td>\n<\/tr>\n<tr class=\"row-4\">\n\t<td class=\"column-1\">Singola parete-12OZ<\/td><td class=\"column-2\">90*60*111<\/td><td class=\"column-3\">50*20=1000<\/td><td class=\"column-4\">45.5*36.5*46.5<\/td>\n<\/tr>\n<tr class=\"row-5\">\n\t<td class=\"column-1\">Parete singola-16OZ<\/td><td class=\"column-2\">90*60*136<\/td><td class=\"column-3\">50*20=1000<\/td><td class=\"column-4\">45.5*36.5*54<\/td>\n<\/tr>\n<tr class=\"row-6\">\n\t<td class=\"column-1\">Parete singola-20OZ<\/td><td class=\"column-2\">90*60*162<\/td><td class=\"column-3\">50*20=1000<\/td><td class=\"column-4\">45.5*36.5*63<\/td>\n<\/tr>\n<tr class=\"row-7\">\n\t<td class=\"column-1\">Parete singola-22OZ<\/td><td class=\"column-2\">90*60*171<\/td><td class=\"column-3\">50*20=1000<\/td><td class=\"column-4\">45.5*36.5*65<\/td>\n<\/tr>\n<tr class=\"row-8\">\n\t<td class=\"column-1\">Doppia parete-8OZ <\/td><td class=\"column-2\">80*56*90<\/td><td class=\"column-3\">25*20=500<\/td><td class=\"column-4\">42*33*50<\/td>\n<\/tr>\n<tr class=\"row-9\">\n\t<td class=\"column-1\">Doppia parete-10OZ <\/td><td class=\"column-2\">90*59*95<\/td><td class=\"column-3\">25*20=500<\/td><td class=\"column-4\">42*33*51<\/td>\n<\/tr>\n<tr class=\"row-10\">\n\t<td class=\"column-1\">Doppia parete-12OZ<\/td><td class=\"column-2\">90*60*111<\/td><td class=\"column-3\">25*20=500<\/td><td class=\"column-4\">46*37*56<\/td>\n<\/tr>\n<tr class=\"row-11\">\n\t<td class=\"column-1\">Doppia parete-16OZ <\/td><td class=\"column-2\">90*60*136<\/td><td class=\"column-3\">25*20=500<\/td><td class=\"column-4\">46*37*59<\/td>\n<\/tr>\n<tr class=\"row-12\">\n\t<td class=\"column-1\">Doppia parete-20OZ <\/td><td class=\"column-2\">90*60*162<\/td><td class=\"column-3\">25*20=500<\/td><td class=\"column-4\">46*37*68<\/td>\n<\/tr>\n<tr class=\"row-13\">\n\t<td class=\"column-1\">Doppia parete-22OZ <\/td><td class=\"column-2\">90*60*171<\/td><td class=\"column-3\">25*20=500<\/td><td class=\"column-4\">46*37*70<\/td>\n<\/tr>\n<\/tbody>\n<\/table>\n<!-- #tablepress-8 from cache -->\n<p>&nbsp;<br \/>Il nostro bicchiere di carta a doppia parete da 16 oz \u00e8 un articolo essenziale nel settore del confezionamento di alimenti e bevande. Non solo \u00e8 adatto a bevande calde e fredde, ma si distingue anche per la sua qualit\u00e0 e affidabilit\u00e0 nel mantenere la temperatura e la struttura delle bevande. <\/p>\n<p><strong>Materiali e struttura della coppa<\/strong><br \/>Per creare il bicchiere di carta a doppia parete da 16 oz utilizziamo materiali di prima qualit\u00e0. I nostri bicchieri sono realizzati in carta kraft, carta rivestita in PE, carta rivestita in PLA o carta rivestita in acqua. Ogni materiale svolge un ruolo fondamentale per la sicurezza delle bevande e la sostenibilit\u00e0 ambientale:  <\/p>\n<ul>\n<li>La carta kraft rappresenta una soluzione robusta ed ecologica.  <\/li>\n<li>Il rivestimento in PE garantisce la resistenza all'unto e la durata della tazza.  <\/li>\n<li>Il rivestimento in PLA offre un'opzione compostabile e sostenibile per i marchi attenti all'ambiente.  <\/li>\n<li>Il rivestimento acquoso fornisce una finitura a base d'acqua, non tossica ed ecologica, mantenendo l'integrit\u00e0 della tazza.<br \/>Il nostro bicchiere di carta a doppia parete da 16 oz \u00e8 caratterizzato da una robusta struttura a doppio strato che garantisce che le bevande rimangano calde o fredde senza compromettere la qualit\u00e0 durante il trasporto.<\/li>\n<\/ul>\n<p><strong>Propriet\u00e0 fisiche e funzionali<\/strong><br \/>Il nostro bicchiere di carta a doppia parete da 16 oz vanta un formato adatto a un'ampia gamma di tipi di bevande. Sono disponibili bicchieri a parete singola e a doppia parete, che offrono diverse opzioni per soddisfare le vostre esigenze:  <\/p>\n<ul>\n<li>DW-16OZ: 90\u00d760\u00d7136 mm, confezione 25\u00d720=500 pezzi, dimensione cartone 46\u00d737\u00d759 cm<br \/>Il formato da 16 once, ad esempio, \u00e8 adatto a bevande pi\u00f9 grandi, come caff\u00e8 o t\u00e8 freddi. Le tazze sono progettate per contenere le bevande in modo sicuro, preservandone la qualit\u00e0.<\/li>\n<\/ul>\n<p><strong>Sezione Taglie e Variet\u00e0<\/strong><br \/>Esplorate la nostra collezione di stili e varianti:  <\/p>\n<ul>\n<li>Tazze a doppia parete: DW-16OZ<br \/>Queste tazze sono perfette per le vostre esigenze di caffetteria, bar o ristorante, garantendo una presentazione straordinaria per bevande calde e fredde.<\/li>\n<\/ul>\n<p><strong>Prestazioni e qualit\u00e0<\/strong><br \/>I nostri bicchieri a doppia parete da 16 once sono dotati di un rivestimento a prova di perdite e di grasso, per un confezionamento privo di disordine. La loro struttura robusta impedisce la deformazione, mentre il design impilabile consente di riporli e maneggiarli facilmente. Ogni coppetta \u00e8 progettata per un uso sicuro e affidabile, sia che si tratti di un pranzo o di una cena, sia che si tratti di una cena da asporto o di una consegna.<\/p>\n<p><strong>Sezione Garanzia di qualit\u00e0 e certificazioni<\/strong><br \/>Ci atteniamo a rigorose procedure di controllo della qualit\u00e0, testando i nostri prodotti per verificarne la robustezza, la resistenza alle perdite e la sicurezza alimentare. Tutti i nostri bicchieri di carta a doppia parete da 16 oz sono approvati dalla FDA e prodotti in conformit\u00e0 alle certificazioni ISO 9001 e ISO 14001. Siamo orgogliosi di possedere le certificazioni FSC e BRCGS, che garantiscono gli standard pi\u00f9 elevati.<\/p>\n<p><strong>Personalizzazione e branding<\/strong><br \/>Offriamo opzioni di personalizzazione anche per il nostro bicchiere di carta a doppia parete da 16 once. Potete ordinare la stampa del logo personalizzato per migliorare la visibilit\u00e0 del vostro marchio. Scegliete tra varie opzioni di dimensioni e colori per allinearvi all'estetica del vostro marchio.<\/p>\n<p><strong>Ordini, imballaggio e logistica<\/strong><br \/>La quantit\u00e0 minima ordinabile \u00e8 di 50.000 pezzi. Le nostre tazze sono imballate in modo sicuro per garantire la sicurezza durante la spedizione. Con un tempo di produzione di circa 30 giorni dalla nostra fabbrica in Cina, forniamo consegne tempestive. In qualit\u00e0 di produttore e fornitore affidabile, soddisfiamo le esigenze di acquisto all'ingrosso e all'ingrosso, garantendo prezzi competitivi per l'esportazione o gli ordini OEM. Ordinate ora per godere di bicchieri di carta a doppia parete da 16 once di alta qualit\u00e0 per la vostra attivit\u00e0!<\/p>\n<p>Per ulteriori dettagli, \u00e8 possibile visitare il nostro sito <strong>Bicchiere di carta monoparete da 8 oz<\/strong> pagina, controllare la pagina <strong>Bicchiere di carta a doppia parete da 12 oz<\/strong>o esplorare le nostre opzioni per <strong>Bicchiere di carta a doppia parete da 8 oz<\/strong>.<\/p>\n<h2 style=\"\"text-align: center;\"\">Video del tour della fabbrica:<\/h2>\n\n<p>&nbsp;<\/p>\n<p>&#8220;<\/p>","protected":false},"excerpt":{"rendered":"<p>Il bicchiere di carta a doppia parete da 16 oz \u00e8 progettato per il servizio di bevande calde e fredde. Con una capacit\u00e0 di 16 oz, \u00e8 ideale per caffetterie, bar e catering. Caratterizzato da un design a doppia parete, offre un eccellente isolamento per mantenere la temperatura delle bevande e prevenire le scottature per l'industria alimentare e delle bevande.<\/p>","protected":false},"featured_media":757,"comment_status":"open","ping_status":"closed","template":"","meta":[],"product_brand":[],"product_cat":[21,29,27],"product_tag":[],"class_list":{"0":"post-756","1":"product","2":"type-product","3":"status-publish","4":"has-post-thumbnail","6":"product_cat-products","7":"product_cat-double-wall-paper-cups","8":"product_cat-paper-cups","10":"first","11":"instock","12":"shipping-taxable","13":"product-type-simple"},"_links":{"self":[{"href":"https:\/\/ascentpak.com\/it\/wp-json\/wp\/v2\/product\/756","targetHints":{"allow":["GET"]}}],"collection":[{"href":"https:\/\/ascentpak.com\/it\/wp-json\/wp\/v2\/product"}],"about":[{"href":"https:\/\/ascentpak.com\/it\/wp-json\/wp\/v2\/types\/product"}],"replies":[{"embeddable":true,"href":"https:\/\/ascentpak.com\/it\/wp-json\/wp\/v2\/comments?post=756"}],"wp:featuredmedia":[{"embeddable":true,"href":"https:\/\/ascentpak.com\/it\/wp-json\/wp\/v2\/media\/757"}],"wp:attachment":[{"href":"https:\/\/ascentpak.com\/it\/wp-json\/wp\/v2\/media?parent=756"}],"wp:term":[{"taxonomy":"product_brand","embeddable":true,"href":"https:\/\/ascentpak.com\/it\/wp-json\/wp\/v2\/product_brand?post=756"},{"taxonomy":"product_cat","embeddable":true,"href":"https:\/\/ascentpak.com\/it\/wp-json\/wp\/v2\/product_cat?post=756"},{"taxonomy":"product_tag","embeddable":true,"href":"https:\/\/ascentpak.com\/it\/wp-json\/wp\/v2\/product_tag?post=756"}],"curies":[{"name":"wp","href":"https:\/\/api.w.org\/{rel}","templated":true}]}}