{"id":752,"date":"2025-04-15T02:15:24","date_gmt":"2025-04-15T02:15:24","guid":{"rendered":"https:\/\/ascentpak.com\/?post_type=product&#038;p=752"},"modified":"2025-04-15T02:15:26","modified_gmt":"2025-04-15T02:15:26","slug":"12-oz-double-wall-paper-cup","status":"publish","type":"product","link":"https:\/\/ascentpak.com\/it\/prodotto\/12-oz-double-wall-paper-cup\/","title":{"rendered":"Bicchiere di carta a doppia parete da 12 oz"},"content":{"rendered":"<p>&#8220;<\/p>\n\n<table id=\"tablepress-8\" class=\"tablepress tablepress-id-8\">\n<thead>\n<tr class=\"row-1\">\n\t<th class=\"column-1\">Articolo<\/th><th class=\"column-2\">DIMENSIONE (MM)<\/th><th class=\"column-3\">IMBALLAGGIO (PZ*BORSA)<\/th><th class=\"column-4\">DIMENSIONE CTN (CM)<\/th>\n<\/tr>\n<\/thead>\n<tbody class=\"row-striping row-hover\">\n<tr class=\"row-2\">\n\t<td class=\"column-1\">Singola parete-8OZ<\/td><td class=\"column-2\">80*56*90<\/td><td class=\"column-3\">50*20=1000<\/td><td class=\"column-4\">40.5*32.5*39.5<\/td>\n<\/tr>\n<tr class=\"row-3\">\n\t<td class=\"column-1\">Singola parete-10OZ<\/td><td class=\"column-2\">90*59*95<\/td><td class=\"column-3\">50*20=1000<\/td><td class=\"column-4\">45.5*36.5*46.5<\/td>\n<\/tr>\n<tr class=\"row-4\">\n\t<td class=\"column-1\">Singola parete-12OZ<\/td><td class=\"column-2\">90*60*111<\/td><td class=\"column-3\">50*20=1000<\/td><td class=\"column-4\">45.5*36.5*46.5<\/td>\n<\/tr>\n<tr class=\"row-5\">\n\t<td class=\"column-1\">Parete singola-16OZ<\/td><td class=\"column-2\">90*60*136<\/td><td class=\"column-3\">50*20=1000<\/td><td class=\"column-4\">45.5*36.5*54<\/td>\n<\/tr>\n<tr class=\"row-6\">\n\t<td class=\"column-1\">Parete singola-20OZ<\/td><td class=\"column-2\">90*60*162<\/td><td class=\"column-3\">50*20=1000<\/td><td class=\"column-4\">45.5*36.5*63<\/td>\n<\/tr>\n<tr class=\"row-7\">\n\t<td class=\"column-1\">Parete singola-22OZ<\/td><td class=\"column-2\">90*60*171<\/td><td class=\"column-3\">50*20=1000<\/td><td class=\"column-4\">45.5*36.5*65<\/td>\n<\/tr>\n<tr class=\"row-8\">\n\t<td class=\"column-1\">Doppia parete-8OZ <\/td><td class=\"column-2\">80*56*90<\/td><td class=\"column-3\">25*20=500<\/td><td class=\"column-4\">42*33*50<\/td>\n<\/tr>\n<tr class=\"row-9\">\n\t<td class=\"column-1\">Doppia parete-10OZ <\/td><td class=\"column-2\">90*59*95<\/td><td class=\"column-3\">25*20=500<\/td><td class=\"column-4\">42*33*51<\/td>\n<\/tr>\n<tr class=\"row-10\">\n\t<td class=\"column-1\">Doppia parete-12OZ<\/td><td class=\"column-2\">90*60*111<\/td><td class=\"column-3\">25*20=500<\/td><td class=\"column-4\">46*37*56<\/td>\n<\/tr>\n<tr class=\"row-11\">\n\t<td class=\"column-1\">Doppia parete-16OZ <\/td><td class=\"column-2\">90*60*136<\/td><td class=\"column-3\">25*20=500<\/td><td class=\"column-4\">46*37*59<\/td>\n<\/tr>\n<tr class=\"row-12\">\n\t<td class=\"column-1\">Doppia parete-20OZ <\/td><td class=\"column-2\">90*60*162<\/td><td class=\"column-3\">25*20=500<\/td><td class=\"column-4\">46*37*68<\/td>\n<\/tr>\n<tr class=\"row-13\">\n\t<td class=\"column-1\">Doppia parete-22OZ <\/td><td class=\"column-2\">90*60*171<\/td><td class=\"column-3\">25*20=500<\/td><td class=\"column-4\">46*37*70<\/td>\n<\/tr>\n<\/tbody>\n<\/table>\n<!-- #tablepress-8 from cache -->\n<p>&nbsp;<\/p>\n<h2 id=\"\"12-oz-double-wall-paper-cup\"\">Bicchiere di carta a doppia parete da 12 oz<\/h2>\n<p>Il bicchiere di carta a doppia parete da 12 once \u00e8 essenziale nel settore del confezionamento di alimenti e bevande. Serve bevande sia calde che fredde, garantendo una temperatura ottimale delle bevande e l'integrit\u00e0 strutturale. Come soluzione di confezionamento affidabile, soddisfa le rigorose esigenze dei consumatori moderni.<\/p>\n<p><strong>Materiali e struttura della coppa<\/strong><br \/>Il nostro bicchiere di carta a doppia parete da 12 oz \u00e8 realizzato con materiali di alta qualit\u00e0, tra cui carta kraft e carta rivestita in PE. Questo garantisce che le vostre bevande mantengano la sicurezza e la sostenibilit\u00e0 ambientale. La carta kraft \u00e8 robusta ed ecologica, mentre il rivestimento in PE offre un'eccellente durata e resistenza al grasso. I nostri bicchieri sono realizzati con una robusta struttura a doppio strato, che consente alle bevande di mantenere la temperatura desiderata durante il trasporto. <\/p>\n<p><strong>Propriet\u00e0 fisiche e funzionali<\/strong><br \/>Offriamo vari formati, tra cui il bicchiere di carta a doppia parete da 12 oz, perfetto per il caff\u00e8 o il t\u00e8. Ecco una rapida suddivisione dei formati e delle confezioni:<\/p>\n<table>\n<thead>\n<tr>\n<th>Tipo di tazza<\/th>\n<th>Dimensione<\/th>\n<th>Dimensioni (mm)<\/th>\n<th>Imballaggio<\/th>\n<th>Dimensioni del cartone (cm)<\/th>\n<\/tr>\n<\/thead>\n<tbody>\n<tr>\n<td>Doppia parete<\/td>\n<td>12 oz<\/td>\n<td>90 x 60 x 111<\/td>\n<td>25 x 20 = 500<\/td>\n<td>46 x 37 x 56<\/td>\n<\/tr>\n<\/tbody>\n<\/table>\n<p>Questa gamma \u00e8 adatta a tutti i tipi di bevande, dalle piccole porzioni alle grandi bevande ghiacciate.<\/p>\n<p><strong>Sezione Taglie e Variet\u00e0<\/strong><br \/>Offriamo diverse opzioni per le nostre tazze, tra cui le seguenti:<\/p>\n<ul>\n<li><strong>Tazze a doppia parete<\/strong>: DW-8OZ, DW-10OZ, DW-12OZ, DW-16OZ, DW-20OZ, DW-22OZ.<br \/>Queste variet\u00e0 soddisfano le diverse esigenze di servizio delle bevande, dall'espresso ai caff\u00e8 freddi di grandi dimensioni.<\/li>\n<\/ul>\n<p><strong>Prestazioni e qualit\u00e0<\/strong><br \/>Il nostro bicchiere di carta a doppia parete da 12 oz \u00e8 dotato di un rivestimento a prova di perdite e di grasso, che lo rende perfetto per confezionare senza disordine. La struttura robusta impedisce la deformazione, assicurando che la vostra bevanda arrivi in modo sicuro, sia per la cena che per l'asporto o la consegna.<\/p>\n<p><strong>Sezione Garanzia di qualit\u00e0 e certificazioni<\/strong><br \/>Manteniamo un rigoroso controllo di qualit\u00e0. Ogni lotto di tazze viene sottoposto a test completi per verificarne la resistenza, la tenuta e la sicurezza alimentare. I nostri bicchieri sono approvati dalla FDA e la nostra struttura \u00e8 certificata ISO 9001, ISO 14001 e FSC. Questo vi garantisce di ricevere un prodotto di alta qualit\u00e0 da un produttore affidabile.<\/p>\n<p><strong>Personalizzazione e branding<\/strong><br \/>Potete personalizzare il bicchiere di carta a doppia parete da 12 oz con il vostro logo o design per una migliore visibilit\u00e0. Scegliete tra vari formati e colori per allinearvi all'identit\u00e0 unica del vostro marchio. Le possibilit\u00e0 di personalizzazione del marchio aumentano l'attrattiva del prodotto e sono al tempo stesso eco-compatibili.<\/p>\n<p><strong>Ordini, imballaggio e logistica<\/strong><br \/>Per le aziende che desiderano acquistare all'ingrosso, il nostro ordine minimo \u00e8 di 50.000 pezzi. Imballiamo ogni tazza in modo sicuro per evitare danni durante la spedizione. Con la produzione a Ningbo, in Cina, siamo in grado di soddisfare in modo efficiente esportatori e fornitori. Contattateci per discutere i prezzi all'ingrosso per le vostre esigenze.<\/p>\n<p>Per maggiori dettagli, \u00e8 possibile consultare la nostra collezione di bicchieri di carta a doppia parete su <a href=\"\"https:>https:\/\/ascentpak.com\/product\/8oz-double-wall-paper-cup<\/a> oppure esplorate gli altri formati, come quello da 10 oz o da 12 oz, su <a href=\"\"https:>https:\/\/ascentpak.com\/product\/10oz-single-wall-paper-cup<\/a> e <a href=\"\"https:>https:\/\/ascentpak.com\/product\/12oz-paper-cup-single-wall<\/a>. In qualit\u00e0 di produttore e fornitore di fiducia, vi garantiamo un servizio e prodotti eccellenti per tutte le vostre esigenze di imballaggio.<\/p>\n<h2 style=\"\"text-align: center;\"\">Video del tour della fabbrica:<\/h2>\n\n<p>&nbsp;<\/p>\n<p>&#8220;<\/p>","protected":false},"excerpt":{"rendered":"<p>Il bicchiere di carta a doppia parete da 12 oz \u00e8 progettato per servire bevande calde e fredde. Con una capacit\u00e0 di 12 once, \u00e8 ideale per caffetterie, bar ed eventi. Caratterizzato da una struttura a doppia parete, offre un isolamento superiore per mantenere la temperatura delle bevande e prevenire le scottature per l'industria alimentare e delle bevande.<\/p>","protected":false},"featured_media":753,"comment_status":"open","ping_status":"closed","template":"","meta":[],"product_brand":[],"product_cat":[21,29,27],"product_tag":[],"class_list":{"0":"post-752","1":"product","2":"type-product","3":"status-publish","4":"has-post-thumbnail","6":"product_cat-products","7":"product_cat-double-wall-paper-cups","8":"product_cat-paper-cups","10":"first","11":"instock","12":"shipping-taxable","13":"product-type-simple"},"_links":{"self":[{"href":"https:\/\/ascentpak.com\/it\/wp-json\/wp\/v2\/product\/752","targetHints":{"allow":["GET"]}}],"collection":[{"href":"https:\/\/ascentpak.com\/it\/wp-json\/wp\/v2\/product"}],"about":[{"href":"https:\/\/ascentpak.com\/it\/wp-json\/wp\/v2\/types\/product"}],"replies":[{"embeddable":true,"href":"https:\/\/ascentpak.com\/it\/wp-json\/wp\/v2\/comments?post=752"}],"wp:featuredmedia":[{"embeddable":true,"href":"https:\/\/ascentpak.com\/it\/wp-json\/wp\/v2\/media\/753"}],"wp:attachment":[{"href":"https:\/\/ascentpak.com\/it\/wp-json\/wp\/v2\/media?parent=752"}],"wp:term":[{"taxonomy":"product_brand","embeddable":true,"href":"https:\/\/ascentpak.com\/it\/wp-json\/wp\/v2\/product_brand?post=752"},{"taxonomy":"product_cat","embeddable":true,"href":"https:\/\/ascentpak.com\/it\/wp-json\/wp\/v2\/product_cat?post=752"},{"taxonomy":"product_tag","embeddable":true,"href":"https:\/\/ascentpak.com\/it\/wp-json\/wp\/v2\/product_tag?post=752"}],"curies":[{"name":"wp","href":"https:\/\/api.w.org\/{rel}","templated":true}]}}