{"id":747,"date":"2025-04-15T02:11:02","date_gmt":"2025-04-15T02:11:02","guid":{"rendered":"https:\/\/ascentpak.com\/?post_type=product&#038;p=747"},"modified":"2025-04-15T02:11:04","modified_gmt":"2025-04-15T02:11:04","slug":"8-oz-double-wall-paper-cup","status":"publish","type":"product","link":"https:\/\/ascentpak.com\/it\/prodotto\/8-oz-double-wall-paper-cup\/","title":{"rendered":"Bicchiere di carta a doppia parete da 8 oz"},"content":{"rendered":"<p>&#8220;<\/p>\n\n<table id=\"tablepress-8\" class=\"tablepress tablepress-id-8\">\n<thead>\n<tr class=\"row-1\">\n\t<th class=\"column-1\">Articolo<\/th><th class=\"column-2\">DIMENSIONE (MM)<\/th><th class=\"column-3\">IMBALLAGGIO (PZ*BORSA)<\/th><th class=\"column-4\">DIMENSIONE CTN (CM)<\/th>\n<\/tr>\n<\/thead>\n<tbody class=\"row-striping row-hover\">\n<tr class=\"row-2\">\n\t<td class=\"column-1\">Singola parete-8OZ<\/td><td class=\"column-2\">80*56*90<\/td><td class=\"column-3\">50*20=1000<\/td><td class=\"column-4\">40.5*32.5*39.5<\/td>\n<\/tr>\n<tr class=\"row-3\">\n\t<td class=\"column-1\">Singola parete-10OZ<\/td><td class=\"column-2\">90*59*95<\/td><td class=\"column-3\">50*20=1000<\/td><td class=\"column-4\">45.5*36.5*46.5<\/td>\n<\/tr>\n<tr class=\"row-4\">\n\t<td class=\"column-1\">Singola parete-12OZ<\/td><td class=\"column-2\">90*60*111<\/td><td class=\"column-3\">50*20=1000<\/td><td class=\"column-4\">45.5*36.5*46.5<\/td>\n<\/tr>\n<tr class=\"row-5\">\n\t<td class=\"column-1\">Parete singola-16OZ<\/td><td class=\"column-2\">90*60*136<\/td><td class=\"column-3\">50*20=1000<\/td><td class=\"column-4\">45.5*36.5*54<\/td>\n<\/tr>\n<tr class=\"row-6\">\n\t<td class=\"column-1\">Parete singola-20OZ<\/td><td class=\"column-2\">90*60*162<\/td><td class=\"column-3\">50*20=1000<\/td><td class=\"column-4\">45.5*36.5*63<\/td>\n<\/tr>\n<tr class=\"row-7\">\n\t<td class=\"column-1\">Parete singola-22OZ<\/td><td class=\"column-2\">90*60*171<\/td><td class=\"column-3\">50*20=1000<\/td><td class=\"column-4\">45.5*36.5*65<\/td>\n<\/tr>\n<tr class=\"row-8\">\n\t<td class=\"column-1\">Doppia parete-8OZ <\/td><td class=\"column-2\">80*56*90<\/td><td class=\"column-3\">25*20=500<\/td><td class=\"column-4\">42*33*50<\/td>\n<\/tr>\n<tr class=\"row-9\">\n\t<td class=\"column-1\">Doppia parete-10OZ <\/td><td class=\"column-2\">90*59*95<\/td><td class=\"column-3\">25*20=500<\/td><td class=\"column-4\">42*33*51<\/td>\n<\/tr>\n<tr class=\"row-10\">\n\t<td class=\"column-1\">Doppia parete-12OZ<\/td><td class=\"column-2\">90*60*111<\/td><td class=\"column-3\">25*20=500<\/td><td class=\"column-4\">46*37*56<\/td>\n<\/tr>\n<tr class=\"row-11\">\n\t<td class=\"column-1\">Doppia parete-16OZ <\/td><td class=\"column-2\">90*60*136<\/td><td class=\"column-3\">25*20=500<\/td><td class=\"column-4\">46*37*59<\/td>\n<\/tr>\n<tr class=\"row-12\">\n\t<td class=\"column-1\">Doppia parete-20OZ <\/td><td class=\"column-2\">90*60*162<\/td><td class=\"column-3\">25*20=500<\/td><td class=\"column-4\">46*37*68<\/td>\n<\/tr>\n<tr class=\"row-13\">\n\t<td class=\"column-1\">Doppia parete-22OZ <\/td><td class=\"column-2\">90*60*171<\/td><td class=\"column-3\">25*20=500<\/td><td class=\"column-4\">46*37*70<\/td>\n<\/tr>\n<\/tbody>\n<\/table>\n<!-- #tablepress-8 from cache -->\n<p>&nbsp;<\/p>\n<h2 id=\"\"8-oz-double-wall-paper-cup\"\">Bicchiere di carta a doppia parete da 8 oz<\/h2>\n<p>Il bicchiere di carta a doppia parete da 8 oz \u00e8 essenziale nel settore del confezionamento di alimenti e bevande. Questo bicchiere \u00e8 ideale per bevande calde e fredde. Il suo design garantisce qualit\u00e0 e affidabilit\u00e0, mantenendo le bevande alla giusta temperatura e la struttura durante il trasporto. <\/p>\n<p><strong>Materiali e struttura della coppa<\/strong><br \/>Il nostro bicchiere di carta a doppia parete da 8 oz \u00e8 caratterizzato da materiali pregiati come la carta kraft e la carta rivestita in PE. Questi materiali svolgono un ruolo importante per la sicurezza delle bevande e la sostenibilit\u00e0 ambientale. La carta kraft offre una soluzione robusta ed ecologica. Il rivestimento in PE assicura che il bicchiere sia resistente all'unto e durevole, ideale per vari liquidi. <\/p>\n<p>Inoltre, la carta rivestita in PLA offre un'alternativa compostabile e pi\u00f9 sostenibile per le aziende attente all'ambiente. La carta con rivestimento acquoso fornisce una finitura a base d'acqua e non tossica, mantenendo l'integrit\u00e0 della tazza. I nostri bicchieri vantano una struttura a doppio strato per l'isolamento e una struttura monostrato affidabile per la resistenza. <\/p>\n<p><strong>Propriet\u00e0 fisiche e funzionali<\/strong><br \/>Il bicchiere di carta a doppia parete da 8 oz \u00e8 progettato per contenere in modo sicuro le bevande preservandone la qualit\u00e0. \u00c8 possibile trovare formati specifici come il DW-8OZ, che misura 80\u00d756\u00d790 mm. Ogni bicchiere \u00e8 disponibile in confezioni da 25\u00d720, per un totale di 500 pezzi per cartone. Se avete intenzione di acquistare all'ingrosso, sappiate che le nostre tazze sono perfette per tutte le esigenze del servizio bevande, dalle piccole porzioni di t\u00e8 ai grandi caff\u00e8 freddi. Per saperne di pi\u00f9 sui formati dei nostri prodotti, visitate il sito <a href=\"\"https:>ascentpak<\/a>.<\/p>\n<p><strong>Sezione Taglie e Variet\u00e0<\/strong><br \/>Gli stili disponibili per le nostre tazze includono opzioni a parete singola e doppia. Le tazze a parete singola vanno da SW-8OZ a SW-22OZ, mentre le opzioni a doppia parete vanno da DW-8OZ a DW-22OZ. Ogni dimensione si adatta a diversi servizi di bevande, come le tazze piccole per il t\u00e8 o l'espresso, le tazze medie per il caff\u00e8 normale e le tazze grandi per le bevande ghiacciate.<\/p>\n<p><strong>Prestazioni e qualit\u00e0<\/strong><br \/>Il nostro bicchiere di carta a doppia parete da 8 oz garantisce l'assenza di fuoriuscite o perdite grazie al suo rivestimento impermeabile e resistente al grasso. La struttura robusta impedisce la deformazione, facilitando lo stoccaggio e la manipolazione. Se siete alla ricerca di un produttore e fornitore di bicchieri di carta affidabile, potete trovare opzioni eccezionali su <a href=\"\"https:>ascentpak<\/a>.<\/p>\n<p><strong>Garanzia di qualit\u00e0 e certificazioni<\/strong><br \/>Aderiamo a rigorose norme di controllo della qualit\u00e0. I nostri bicchieri sono sottoposti a test completi per verificarne la resistenza, la tenuta e la sicurezza alimentare. I nostri prodotti sono approvati dalla FDA e certificati ISO 9001 e ISO 14001. Inoltre, rispettiamo gli standard FSC e BRCGS, garantendo una qualit\u00e0 e una sicurezza di prim'ordine per tutti i nostri prodotti.<\/p>\n<p><strong>Personalizzazione e branding<\/strong><br \/>Offriamo opzioni di personalizzazione per migliorare la visibilit\u00e0 del vostro marchio. La stampa del logo personalizzato \u00e8 disponibile per mostrare il vostro marchio in modo efficace. Con i nostri materiali eco-compatibili, potete fare un'impressione duratura sui vostri clienti, rispettando il pianeta. <\/p>\n<p><strong>Ordini, imballaggio e logistica<\/strong><br \/>La quantit\u00e0 minima ordinabile \u00e8 di 50.000 pezzi. Ogni cartone \u00e8 imballato in modo sicuro per evitare danni durante la spedizione. Il nostro tempo di produzione \u00e8 di circa 30 giorni e spediamo da Ningbo, in Cina, garantendo una consegna rapida. Per gli acquirenti all'ingrosso che cercano opzioni di prezzo all'ingrosso, offriamo tariffe competitive per ordini di grandi dimensioni. <\/p>\n<p>Per ulteriori informazioni sui nostri formati, esplorare altri prodotti come il nostro bicchiere di carta a parete singola da 10 oz su <a href=\"\"https:>ascentpak<\/a>.<\/p>\n<h2 style=\"\"text-align: center;\"\">Video del tour della fabbrica:<\/h2>\n\n<p>&nbsp;<\/p>\n<p>&#8220;<\/p>","protected":false},"excerpt":{"rendered":"<p>Il bicchiere di carta a doppia parete da 8 oz \u00e8 progettato per servire bevande calde e fredde. Con una capacit\u00e0 di 8 oz, \u00e8 ideale per caffetterie, eventi di catering e attivit\u00e0 di ristorazione. Caratterizzato da una struttura a doppia parete, offre un isolamento e un comfort superiori per gli utenti, prevenendo le scottature e rendendolo perfetto per l'industria dell'ospitalit\u00e0.<\/p>","protected":false},"featured_media":748,"comment_status":"open","ping_status":"closed","template":"","meta":[],"product_brand":[],"product_cat":[21,29,27],"product_tag":[],"class_list":{"0":"post-747","1":"product","2":"type-product","3":"status-publish","4":"has-post-thumbnail","6":"product_cat-products","7":"product_cat-double-wall-paper-cups","8":"product_cat-paper-cups","10":"first","11":"instock","12":"shipping-taxable","13":"product-type-simple"},"_links":{"self":[{"href":"https:\/\/ascentpak.com\/it\/wp-json\/wp\/v2\/product\/747","targetHints":{"allow":["GET"]}}],"collection":[{"href":"https:\/\/ascentpak.com\/it\/wp-json\/wp\/v2\/product"}],"about":[{"href":"https:\/\/ascentpak.com\/it\/wp-json\/wp\/v2\/types\/product"}],"replies":[{"embeddable":true,"href":"https:\/\/ascentpak.com\/it\/wp-json\/wp\/v2\/comments?post=747"}],"wp:featuredmedia":[{"embeddable":true,"href":"https:\/\/ascentpak.com\/it\/wp-json\/wp\/v2\/media\/748"}],"wp:attachment":[{"href":"https:\/\/ascentpak.com\/it\/wp-json\/wp\/v2\/media?parent=747"}],"wp:term":[{"taxonomy":"product_brand","embeddable":true,"href":"https:\/\/ascentpak.com\/it\/wp-json\/wp\/v2\/product_brand?post=747"},{"taxonomy":"product_cat","embeddable":true,"href":"https:\/\/ascentpak.com\/it\/wp-json\/wp\/v2\/product_cat?post=747"},{"taxonomy":"product_tag","embeddable":true,"href":"https:\/\/ascentpak.com\/it\/wp-json\/wp\/v2\/product_tag?post=747"}],"curies":[{"name":"wp","href":"https:\/\/api.w.org\/{rel}","templated":true}]}}