{"id":743,"date":"2025-04-15T02:07:41","date_gmt":"2025-04-15T02:07:41","guid":{"rendered":"https:\/\/ascentpak.com\/?post_type=product&#038;p=743"},"modified":"2025-04-15T02:07:42","modified_gmt":"2025-04-15T02:07:42","slug":"22-oz-single-wall-paper-cup","status":"publish","type":"product","link":"https:\/\/ascentpak.com\/it\/prodotto\/22-oz-single-wall-paper-cup\/","title":{"rendered":"Bicchiere di carta monoparete da 22 oz"},"content":{"rendered":"<p>&#8220;<\/p>\n\n<table id=\"tablepress-8\" class=\"tablepress tablepress-id-8\">\n<thead>\n<tr class=\"row-1\">\n\t<th class=\"column-1\">Articolo<\/th><th class=\"column-2\">DIMENSIONE (MM)<\/th><th class=\"column-3\">IMBALLAGGIO (PZ*BORSA)<\/th><th class=\"column-4\">DIMENSIONE CTN (CM)<\/th>\n<\/tr>\n<\/thead>\n<tbody class=\"row-striping row-hover\">\n<tr class=\"row-2\">\n\t<td class=\"column-1\">Singola parete-8OZ<\/td><td class=\"column-2\">80*56*90<\/td><td class=\"column-3\">50*20=1000<\/td><td class=\"column-4\">40.5*32.5*39.5<\/td>\n<\/tr>\n<tr class=\"row-3\">\n\t<td class=\"column-1\">Singola parete-10OZ<\/td><td class=\"column-2\">90*59*95<\/td><td class=\"column-3\">50*20=1000<\/td><td class=\"column-4\">45.5*36.5*46.5<\/td>\n<\/tr>\n<tr class=\"row-4\">\n\t<td class=\"column-1\">Singola parete-12OZ<\/td><td class=\"column-2\">90*60*111<\/td><td class=\"column-3\">50*20=1000<\/td><td class=\"column-4\">45.5*36.5*46.5<\/td>\n<\/tr>\n<tr class=\"row-5\">\n\t<td class=\"column-1\">Parete singola-16OZ<\/td><td class=\"column-2\">90*60*136<\/td><td class=\"column-3\">50*20=1000<\/td><td class=\"column-4\">45.5*36.5*54<\/td>\n<\/tr>\n<tr class=\"row-6\">\n\t<td class=\"column-1\">Parete singola-20OZ<\/td><td class=\"column-2\">90*60*162<\/td><td class=\"column-3\">50*20=1000<\/td><td class=\"column-4\">45.5*36.5*63<\/td>\n<\/tr>\n<tr class=\"row-7\">\n\t<td class=\"column-1\">Parete singola-22OZ<\/td><td class=\"column-2\">90*60*171<\/td><td class=\"column-3\">50*20=1000<\/td><td class=\"column-4\">45.5*36.5*65<\/td>\n<\/tr>\n<tr class=\"row-8\">\n\t<td class=\"column-1\">Doppia parete-8OZ <\/td><td class=\"column-2\">80*56*90<\/td><td class=\"column-3\">25*20=500<\/td><td class=\"column-4\">42*33*50<\/td>\n<\/tr>\n<tr class=\"row-9\">\n\t<td class=\"column-1\">Doppia parete-10OZ <\/td><td class=\"column-2\">90*59*95<\/td><td class=\"column-3\">25*20=500<\/td><td class=\"column-4\">42*33*51<\/td>\n<\/tr>\n<tr class=\"row-10\">\n\t<td class=\"column-1\">Doppia parete-12OZ<\/td><td class=\"column-2\">90*60*111<\/td><td class=\"column-3\">25*20=500<\/td><td class=\"column-4\">46*37*56<\/td>\n<\/tr>\n<tr class=\"row-11\">\n\t<td class=\"column-1\">Doppia parete-16OZ <\/td><td class=\"column-2\">90*60*136<\/td><td class=\"column-3\">25*20=500<\/td><td class=\"column-4\">46*37*59<\/td>\n<\/tr>\n<tr class=\"row-12\">\n\t<td class=\"column-1\">Doppia parete-20OZ <\/td><td class=\"column-2\">90*60*162<\/td><td class=\"column-3\">25*20=500<\/td><td class=\"column-4\">46*37*68<\/td>\n<\/tr>\n<tr class=\"row-13\">\n\t<td class=\"column-1\">Doppia parete-22OZ <\/td><td class=\"column-2\">90*60*171<\/td><td class=\"column-3\">25*20=500<\/td><td class=\"column-4\">46*37*70<\/td>\n<\/tr>\n<\/tbody>\n<\/table>\n<!-- #tablepress-8 from cache -->\n<p>&nbsp;<br \/>Il bicchiere di carta monoparete da 22 oz rappresenta un'opzione fondamentale nel settore del confezionamento di alimenti e bevande. Questo bicchiere \u00e8 ideale per contenere bevande sia calde che fredde e offre un'eccellente qualit\u00e0 e affidabilit\u00e0 per mantenere la temperatura e la struttura delle bevande.<\/p>\n<p><strong>Materiali e struttura della coppa<\/strong><br \/>Il nostro bicchiere di carta monoparete da 22 oz \u00e8 realizzato con materiali pregiati come la carta kraft, la carta rivestita in PE e la carta rivestita in PLA. La carta kraft offre una soluzione robusta ed ecologica. Il rivestimento in PE assicura che il bicchiere sia resistente al grasso e durevole, mentre il rivestimento in PLA rappresenta una scelta sostenibile per i marchi eco-consapevoli. Il rivestimento acquoso rappresenta un'opzione a base d'acqua e non tossica, che mantiene l'integrit\u00e0 della tazza. La robusta struttura monostrato garantisce che le bevande rimangano calde o fredde, rendendola una scelta eccellente per qualsiasi evento. Scoprite altre opzioni pratiche come il bicchiere di carta a parete singola da 8 oz o soluzioni premium come il bicchiere di carta a parete singola da 10 oz, per soddisfare le vostre esigenze in fatto di bevande.<\/p>\n<p><strong>Propriet\u00e0 fisiche e funzionali<\/strong><br \/>Considerando il design e l'applicazione del nostro prodotto, il bicchiere di carta a parete singola da 22 oz si adatta efficacemente a diversi tipi di bevande. Ogni bicchiere misura 90\u00d760\u00d7171 mm ed \u00e8 confezionato in unit\u00e0 di 50\u00d720, per un totale di 1000 bicchieri per cartone. Questa struttura di imballaggio \u00e8 ideale sia per uso personale che per esigenze aziendali. Ad esempio, le nostre offerte di prodotti sfusi, compresi i bicchieri pi\u00f9 piccoli come il bicchiere di carta da 12 once a parete singola, possono soddisfare diverse esigenze di servizio.<\/p>\n<p><strong>Sezione Taglie e Variet\u00e0<\/strong><br \/>I nostri bicchieri di carta offrono vari stili e dimensioni, tra cui il bicchiere di carta a parete singola da 22 oz e opzioni come i formati SW-8OZ, SW-10OZ e SW-12OZ. Sia che abbiate bisogno di bicchieri piccoli per il t\u00e8 o di bicchieri grandi per il caff\u00e8 freddo, la nostra collezione vi garantisce di soddisfare le vostre esigenze di servizio bevande. Per gli eventi pi\u00f9 grandi o per gli acquisti all'ingrosso, la nostra selezione di opzioni di acquisto all'ingrosso offre un grande valore per qualsiasi locale.<\/p>\n<p><strong>Prestazioni e qualit\u00e0<\/strong><br \/>Ogni bicchiere di carta monoparete da 22 oz \u00e8 dotato di un rivestimento a prova di perdite e di grasso, per un'esperienza pulita e priva di disordine. La struttura robusta impedisce la deformazione e il design impilabile consente di riporli facilmente. I nostri bicchieri sono progettati per un servizio rapido in bar, ristoranti o anche per eventi all'aperto. <\/p>\n<p><strong>Sezione Garanzia di qualit\u00e0 e certificazioni<\/strong><br \/>Manteniamo standard di controllo di alta qualit\u00e0 e ogni lotto viene sottoposto a test di resistenza e di tenuta. Il nostro impegno per la sicurezza alimentare si riflette nelle nostre certificazioni, tra cui l'approvazione della FDA e le certificazioni ISO. Garantiamo che ogni prodotto proveniente dalla nostra fabbrica aderisca a rigorose pratiche di gestione della qualit\u00e0, fornendovi i pi\u00f9 alti standard di sicurezza e qualit\u00e0, come potete vedere da prodotti simili come il nostro bicchiere di carta a parete singola da 16 once.<\/p>\n<p><strong>Personalizzazione e branding<\/strong><br \/>\u00c8 disponibile la stampa personalizzata del logo, che consente di migliorare la visibilit\u00e0 e la presenza del marchio. Potete scegliere tra diversi formati e opzioni di colore che si allineano all'identit\u00e0 del vostro marchio. L'esposizione del vostro logo sul nostro bicchiere di carta ecologico a parete singola da 22 once pu\u00f2 lasciare un'impressione duratura sui vostri clienti.<\/p>\n<p><strong>Ordini, imballaggio e logistica<\/strong><br \/>Abbiamo una quantit\u00e0 minima d'ordine di 50.000 pezzi, per garantire che la vostra azienda possa soddisfare in modo efficiente la domanda. Le nostre tazze sono imballate in modo sicuro per garantire la sicurezza durante la spedizione, con un tempo di produzione di circa 30 giorni. La nostra fabbrica situata in Cina assicura una logistica fluida per l'esportazione e la distribuzione all'ingrosso a livello globale. Quando si considerano le opzioni per gli acquisti all'ingrosso, i nostri prezzi rimangono competitivi per tutte le aziende. <\/p>\n<p>Vi invitiamo a esplorare la nostra gamma completa di bicchieri di carta, compresa la nostra versatile collezione che inizia con opzioni come il bicchiere di carta da 20 oz a parete singola, per vedere come possiamo supportare le vostre esigenze aziendali.<\/p>\n<h2 style=\"\"text-align: center;\"\">Video del tour della fabbrica:<\/h2>\n\n<p>&nbsp;<\/p>\n<p>&#8220;<\/p>","protected":false},"excerpt":{"rendered":"<p>Il bicchiere di carta monoparete da 22 once \u00e8 progettato per servire bevande. Con una capacit\u00e0 di 22 oz, \u00e8 ideale per caffetterie, bar ed eventi. Caratterizzato da una struttura a parete singola, offre una portabilit\u00e0 leggera per l'industria alimentare e delle bevande.<\/p>","protected":false},"featured_media":744,"comment_status":"open","ping_status":"closed","template":"","meta":[],"product_brand":[],"product_cat":[21,27,28],"product_tag":[],"class_list":{"0":"post-743","1":"product","2":"type-product","3":"status-publish","4":"has-post-thumbnail","6":"product_cat-products","7":"product_cat-paper-cups","8":"product_cat-single-wall-paper-cups","10":"first","11":"instock","12":"shipping-taxable","13":"product-type-simple"},"_links":{"self":[{"href":"https:\/\/ascentpak.com\/it\/wp-json\/wp\/v2\/product\/743","targetHints":{"allow":["GET"]}}],"collection":[{"href":"https:\/\/ascentpak.com\/it\/wp-json\/wp\/v2\/product"}],"about":[{"href":"https:\/\/ascentpak.com\/it\/wp-json\/wp\/v2\/types\/product"}],"replies":[{"embeddable":true,"href":"https:\/\/ascentpak.com\/it\/wp-json\/wp\/v2\/comments?post=743"}],"wp:featuredmedia":[{"embeddable":true,"href":"https:\/\/ascentpak.com\/it\/wp-json\/wp\/v2\/media\/744"}],"wp:attachment":[{"href":"https:\/\/ascentpak.com\/it\/wp-json\/wp\/v2\/media?parent=743"}],"wp:term":[{"taxonomy":"product_brand","embeddable":true,"href":"https:\/\/ascentpak.com\/it\/wp-json\/wp\/v2\/product_brand?post=743"},{"taxonomy":"product_cat","embeddable":true,"href":"https:\/\/ascentpak.com\/it\/wp-json\/wp\/v2\/product_cat?post=743"},{"taxonomy":"product_tag","embeddable":true,"href":"https:\/\/ascentpak.com\/it\/wp-json\/wp\/v2\/product_tag?post=743"}],"curies":[{"name":"wp","href":"https:\/\/api.w.org\/{rel}","templated":true}]}}