{"id":738,"date":"2025-04-15T02:04:39","date_gmt":"2025-04-15T02:04:39","guid":{"rendered":"https:\/\/ascentpak.com\/?post_type=product&#038;p=738"},"modified":"2025-04-15T02:04:43","modified_gmt":"2025-04-15T02:04:43","slug":"20-oz-single-wall-paper-cup","status":"publish","type":"product","link":"https:\/\/ascentpak.com\/it\/prodotto\/20-oz-single-wall-paper-cup\/","title":{"rendered":"Bicchiere di carta monoparete da 20 oz"},"content":{"rendered":"<p>&#8220;<\/p>\n\n<table id=\"tablepress-8\" class=\"tablepress tablepress-id-8\">\n<thead>\n<tr class=\"row-1\">\n\t<th class=\"column-1\">Articolo<\/th><th class=\"column-2\">DIMENSIONE (MM)<\/th><th class=\"column-3\">IMBALLAGGIO (PZ*BORSA)<\/th><th class=\"column-4\">DIMENSIONE CTN (CM)<\/th>\n<\/tr>\n<\/thead>\n<tbody class=\"row-striping row-hover\">\n<tr class=\"row-2\">\n\t<td class=\"column-1\">Singola parete-8OZ<\/td><td class=\"column-2\">80*56*90<\/td><td class=\"column-3\">50*20=1000<\/td><td class=\"column-4\">40.5*32.5*39.5<\/td>\n<\/tr>\n<tr class=\"row-3\">\n\t<td class=\"column-1\">Singola parete-10OZ<\/td><td class=\"column-2\">90*59*95<\/td><td class=\"column-3\">50*20=1000<\/td><td class=\"column-4\">45.5*36.5*46.5<\/td>\n<\/tr>\n<tr class=\"row-4\">\n\t<td class=\"column-1\">Singola parete-12OZ<\/td><td class=\"column-2\">90*60*111<\/td><td class=\"column-3\">50*20=1000<\/td><td class=\"column-4\">45.5*36.5*46.5<\/td>\n<\/tr>\n<tr class=\"row-5\">\n\t<td class=\"column-1\">Parete singola-16OZ<\/td><td class=\"column-2\">90*60*136<\/td><td class=\"column-3\">50*20=1000<\/td><td class=\"column-4\">45.5*36.5*54<\/td>\n<\/tr>\n<tr class=\"row-6\">\n\t<td class=\"column-1\">Parete singola-20OZ<\/td><td class=\"column-2\">90*60*162<\/td><td class=\"column-3\">50*20=1000<\/td><td class=\"column-4\">45.5*36.5*63<\/td>\n<\/tr>\n<tr class=\"row-7\">\n\t<td class=\"column-1\">Parete singola-22OZ<\/td><td class=\"column-2\">90*60*171<\/td><td class=\"column-3\">50*20=1000<\/td><td class=\"column-4\">45.5*36.5*65<\/td>\n<\/tr>\n<tr class=\"row-8\">\n\t<td class=\"column-1\">Doppia parete-8OZ <\/td><td class=\"column-2\">80*56*90<\/td><td class=\"column-3\">25*20=500<\/td><td class=\"column-4\">42*33*50<\/td>\n<\/tr>\n<tr class=\"row-9\">\n\t<td class=\"column-1\">Doppia parete-10OZ <\/td><td class=\"column-2\">90*59*95<\/td><td class=\"column-3\">25*20=500<\/td><td class=\"column-4\">42*33*51<\/td>\n<\/tr>\n<tr class=\"row-10\">\n\t<td class=\"column-1\">Doppia parete-12OZ<\/td><td class=\"column-2\">90*60*111<\/td><td class=\"column-3\">25*20=500<\/td><td class=\"column-4\">46*37*56<\/td>\n<\/tr>\n<tr class=\"row-11\">\n\t<td class=\"column-1\">Doppia parete-16OZ <\/td><td class=\"column-2\">90*60*136<\/td><td class=\"column-3\">25*20=500<\/td><td class=\"column-4\">46*37*59<\/td>\n<\/tr>\n<tr class=\"row-12\">\n\t<td class=\"column-1\">Doppia parete-20OZ <\/td><td class=\"column-2\">90*60*162<\/td><td class=\"column-3\">25*20=500<\/td><td class=\"column-4\">46*37*68<\/td>\n<\/tr>\n<tr class=\"row-13\">\n\t<td class=\"column-1\">Doppia parete-22OZ <\/td><td class=\"column-2\">90*60*171<\/td><td class=\"column-3\">25*20=500<\/td><td class=\"column-4\">46*37*70<\/td>\n<\/tr>\n<\/tbody>\n<\/table>\n<!-- #tablepress-8 from cache -->\n<p>&nbsp;<br \/>Il nostro bicchiere di carta monoparete da 20 oz \u00e8 progettato per essere versatile, ideale per bevande calde e fredde. In qualit\u00e0 di produttore affidabile nel settore del confezionamento di alimenti e bevande, garantiamo che i nostri bicchieri mantengano la temperatura e la struttura della bevanda, assicurando un'esperienza di consumo eccellente.<\/p>\n<p><strong>Materiali e struttura della coppa<\/strong><br \/>Utilizziamo materiali pregiati come la carta kraft e la carta rivestita in PE, noti per la loro affidabilit\u00e0. La carta kraft offre una soluzione robusta ed ecologica, mentre il rivestimento in PE garantisce resistenza al grasso e durata. I nostri bicchieri combinano funzionalit\u00e0 e sostenibilit\u00e0, rendendoli adatti a tutti i tipi di bevande. La nostra robusta struttura monostrato garantisce la sicurezza delle bevande durante il trasporto.<\/p>\n<p><strong>Propriet\u00e0 fisiche e funzionali<\/strong><br \/>Il nostro bicchiere di carta a parete singola da 20 oz si adatta perfettamente a una gamma di formati. Ecco le dimensioni specifiche dei nostri bicchieri a parete singola e doppia: <\/p>\n<table>\n<thead>\n<tr>\n<th>Dimensione<\/th>\n<th>Dimensioni (mm)<\/th>\n<th>Imballaggio<\/th>\n<th>Dimensioni del cartone (cm)<\/th>\n<\/tr>\n<\/thead>\n<tbody>\n<tr>\n<td>SW-20OZ<\/td>\n<td>90\u00d760\u00d7162<\/td>\n<td>50\u00d720=1000 pezzi<\/td>\n<td>45.5\u00d736.5\u00d763<\/td>\n<\/tr>\n<\/tbody>\n<\/table>\n<p>Queste tazze non solo sono progettate per contenere saldamente la vostra bevanda, ma incarnano anche la qualit\u00e0 ad ogni sorso.<\/p>\n<p><strong>Sezione Taglie e Variet\u00e0<\/strong><br \/>La nostra collezione offre varie dimensioni e stili per soddisfare le vostre esigenze. Gli stili disponibili includono:<\/p>\n<ul>\n<li>Tazze a parete singola: SW-8OZ, SW-10OZ, SW-12OZ, SW-16OZ, SW-20OZ<\/li>\n<li>Tazze a doppia parete: DW-8OZ, DW-10OZ, DW-12OZ, DW-16OZ, DW-20OZ<\/li>\n<\/ul>\n<p>Che si tratti di piccoli espressi, caff\u00e8 medi o grandi bevande ghiacciate, troverete il bicchiere perfetto, compreso il nostro famoso bicchiere di carta a parete singola da 20 oz.<\/p>\n<p><strong>Prestazioni e qualit\u00e0<\/strong><br \/>Ciascuna tazza \u00e8 realizzata a prova di perdite e presenta un rivestimento resistente al grasso per un servizio senza disordine. La struttura robusta impedisce la deformazione e il design impilabile garantisce una facile conservazione. Ideali per il take away, il dinner-in e le consegne, i nostri bicchieri si concentrano sulle prestazioni e sulla soddisfazione degli utenti.<\/p>\n<p><strong>Sezione Garanzia di qualit\u00e0 e certificazioni<\/strong><br \/>Ci atteniamo a un rigoroso controllo di qualit\u00e0 con test di resistenza, tenuta e sicurezza alimentare. I nostri prodotti sono approvati dalla FDA e la nostra struttura vanta certificazioni come ISO 9001, ISO 14001, FSC e BRCGS. Questo impegno garantisce la massima qualit\u00e0 e sicurezza per il nostro bicchiere di carta monoparete da 20 oz.<\/p>\n<p><strong>Personalizzazione e branding<\/strong><br \/>Migliorate la visibilit\u00e0 con la stampa del logo personalizzato. Offriamo diverse opzioni di dimensioni e colori per allinearci alle vostre esigenze di branding, aiutandovi a lasciare un'impressione duratura a ogni sorso.<\/p>\n<p><strong>Ordini, imballaggio e logistica<\/strong><br \/>La quantit\u00e0 minima ordinabile \u00e8 di 50.000 pezzi e ogni tazza viene imballata in modo sicuro per garantire una spedizione sicura. Con un tempo di produzione di circa 30 giorni e la spedizione dalla nostra fabbrica di Ningbo, in Cina, promettiamo una consegna tempestiva per soddisfare le vostre esigenze commerciali. In qualit\u00e0 di esportatore e fornitore all'ingrosso di fiducia, offriamo prezzi all'ingrosso competitivi per tutti i nostri clienti, semplificando l'acquisto all'ingrosso direttamente dal produttore. <\/p>\n<p>Per maggiori dettagli su prodotti simili, consultate il nostro bicchiere di carta a parete singola da 8 oz o esplorate il bicchiere di carta a parete singola da 10 oz per una maggiore variet\u00e0. Sia che stiate cercando bicchieri di carta per una caffetteria o che dobbiate fare un ordine all'ingrosso, abbiamo le soluzioni pronte per voi.<\/p>\n<h2 style=\"\"text-align: center;\"\">Video del tour della fabbrica:<\/h2>\n\n<p>&nbsp;<\/p>\n<p>&#8220;<\/p>","protected":false},"excerpt":{"rendered":"<p>Il bicchiere di carta monoparete da 20 oz \u00e8 progettato per servire bevande. Con una capacit\u00e0 di 20 oz, \u00e8 ideale per caffetterie, bar ed eventi di catering. Caratterizzato da una struttura a parete singola, offre una soluzione leggera e conveniente per le bevande monouso nel settore della ristorazione.<\/p>","protected":false},"featured_media":739,"comment_status":"open","ping_status":"closed","template":"","meta":[],"product_brand":[],"product_cat":[21,27,28],"product_tag":[],"class_list":{"0":"post-738","1":"product","2":"type-product","3":"status-publish","4":"has-post-thumbnail","6":"product_cat-products","7":"product_cat-paper-cups","8":"product_cat-single-wall-paper-cups","10":"first","11":"instock","12":"shipping-taxable","13":"product-type-simple"},"_links":{"self":[{"href":"https:\/\/ascentpak.com\/it\/wp-json\/wp\/v2\/product\/738","targetHints":{"allow":["GET"]}}],"collection":[{"href":"https:\/\/ascentpak.com\/it\/wp-json\/wp\/v2\/product"}],"about":[{"href":"https:\/\/ascentpak.com\/it\/wp-json\/wp\/v2\/types\/product"}],"replies":[{"embeddable":true,"href":"https:\/\/ascentpak.com\/it\/wp-json\/wp\/v2\/comments?post=738"}],"wp:featuredmedia":[{"embeddable":true,"href":"https:\/\/ascentpak.com\/it\/wp-json\/wp\/v2\/media\/739"}],"wp:attachment":[{"href":"https:\/\/ascentpak.com\/it\/wp-json\/wp\/v2\/media?parent=738"}],"wp:term":[{"taxonomy":"product_brand","embeddable":true,"href":"https:\/\/ascentpak.com\/it\/wp-json\/wp\/v2\/product_brand?post=738"},{"taxonomy":"product_cat","embeddable":true,"href":"https:\/\/ascentpak.com\/it\/wp-json\/wp\/v2\/product_cat?post=738"},{"taxonomy":"product_tag","embeddable":true,"href":"https:\/\/ascentpak.com\/it\/wp-json\/wp\/v2\/product_tag?post=738"}],"curies":[{"name":"wp","href":"https:\/\/api.w.org\/{rel}","templated":true}]}}