{"id":733,"date":"2025-04-15T01:50:33","date_gmt":"2025-04-15T01:50:33","guid":{"rendered":"https:\/\/ascentpak.com\/?post_type=product&#038;p=733"},"modified":"2025-04-15T01:50:36","modified_gmt":"2025-04-15T01:50:36","slug":"16-oz-single-wall-paper-cup","status":"publish","type":"product","link":"https:\/\/ascentpak.com\/it\/prodotto\/16-oz-single-wall-paper-cup\/","title":{"rendered":"Bicchiere di carta monoparete da 16 oz"},"content":{"rendered":"<p>&#8220;<\/p>\n\n<table id=\"tablepress-8\" class=\"tablepress tablepress-id-8\">\n<thead>\n<tr class=\"row-1\">\n\t<th class=\"column-1\">Articolo<\/th><th class=\"column-2\">DIMENSIONE (MM)<\/th><th class=\"column-3\">IMBALLAGGIO (PZ*BORSA)<\/th><th class=\"column-4\">DIMENSIONE CTN (CM)<\/th>\n<\/tr>\n<\/thead>\n<tbody class=\"row-striping row-hover\">\n<tr class=\"row-2\">\n\t<td class=\"column-1\">Singola parete-8OZ<\/td><td class=\"column-2\">80*56*90<\/td><td class=\"column-3\">50*20=1000<\/td><td class=\"column-4\">40.5*32.5*39.5<\/td>\n<\/tr>\n<tr class=\"row-3\">\n\t<td class=\"column-1\">Singola parete-10OZ<\/td><td class=\"column-2\">90*59*95<\/td><td class=\"column-3\">50*20=1000<\/td><td class=\"column-4\">45.5*36.5*46.5<\/td>\n<\/tr>\n<tr class=\"row-4\">\n\t<td class=\"column-1\">Singola parete-12OZ<\/td><td class=\"column-2\">90*60*111<\/td><td class=\"column-3\">50*20=1000<\/td><td class=\"column-4\">45.5*36.5*46.5<\/td>\n<\/tr>\n<tr class=\"row-5\">\n\t<td class=\"column-1\">Parete singola-16OZ<\/td><td class=\"column-2\">90*60*136<\/td><td class=\"column-3\">50*20=1000<\/td><td class=\"column-4\">45.5*36.5*54<\/td>\n<\/tr>\n<tr class=\"row-6\">\n\t<td class=\"column-1\">Parete singola-20OZ<\/td><td class=\"column-2\">90*60*162<\/td><td class=\"column-3\">50*20=1000<\/td><td class=\"column-4\">45.5*36.5*63<\/td>\n<\/tr>\n<tr class=\"row-7\">\n\t<td class=\"column-1\">Parete singola-22OZ<\/td><td class=\"column-2\">90*60*171<\/td><td class=\"column-3\">50*20=1000<\/td><td class=\"column-4\">45.5*36.5*65<\/td>\n<\/tr>\n<tr class=\"row-8\">\n\t<td class=\"column-1\">Doppia parete-8OZ <\/td><td class=\"column-2\">80*56*90<\/td><td class=\"column-3\">25*20=500<\/td><td class=\"column-4\">42*33*50<\/td>\n<\/tr>\n<tr class=\"row-9\">\n\t<td class=\"column-1\">Doppia parete-10OZ <\/td><td class=\"column-2\">90*59*95<\/td><td class=\"column-3\">25*20=500<\/td><td class=\"column-4\">42*33*51<\/td>\n<\/tr>\n<tr class=\"row-10\">\n\t<td class=\"column-1\">Doppia parete-12OZ<\/td><td class=\"column-2\">90*60*111<\/td><td class=\"column-3\">25*20=500<\/td><td class=\"column-4\">46*37*56<\/td>\n<\/tr>\n<tr class=\"row-11\">\n\t<td class=\"column-1\">Doppia parete-16OZ <\/td><td class=\"column-2\">90*60*136<\/td><td class=\"column-3\">25*20=500<\/td><td class=\"column-4\">46*37*59<\/td>\n<\/tr>\n<tr class=\"row-12\">\n\t<td class=\"column-1\">Doppia parete-20OZ <\/td><td class=\"column-2\">90*60*162<\/td><td class=\"column-3\">25*20=500<\/td><td class=\"column-4\">46*37*68<\/td>\n<\/tr>\n<tr class=\"row-13\">\n\t<td class=\"column-1\">Doppia parete-22OZ <\/td><td class=\"column-2\">90*60*171<\/td><td class=\"column-3\">25*20=500<\/td><td class=\"column-4\">46*37*70<\/td>\n<\/tr>\n<\/tbody>\n<\/table>\n<!-- #tablepress-8 from cache -->\n<p>&nbsp;<br \/>Il <strong>Bicchiere di carta monoparete da 16 oz<\/strong> svolge un ruolo fondamentale nel settore del confezionamento di alimenti e bevande. Progettato per bevande sia calde che fredde, pone l'accento sulla qualit\u00e0 e sull'affidabilit\u00e0, mantenendo efficacemente la temperatura delle bevande e garantendo che la struttura non si indebolisca durante l'uso.<\/p>\n<p><strong>Materiali e struttura della coppa<\/strong><br \/>Il nostro bicchiere di carta monoparete da 16 oz \u00e8 realizzato con materiali pregiati come carta kraft, carta rivestita in PE, carta rivestita in PLA e carta rivestita in acqua. Ciascuno di questi materiali contribuisce alla sicurezza delle bevande e alla sostenibilit\u00e0 ambientale. La carta kraft rappresenta un'opzione robusta ed ecologica. Il rivestimento in PE aggiunge durata e resistenza al grasso, mentre il rivestimento in PLA consente soluzioni compostabili per i marchi eco-consapevoli. Il rivestimento acquoso assicura una finitura liscia e non tossica. I nostri bicchieri sono caratterizzati da una robusta struttura monostrato che mantiene le bevande alla giusta temperatura durante il trasporto.<\/p>\n<p><strong>Propriet\u00e0 fisiche e funzionali<\/strong><br \/>Il design a parete singola dei nostri bicchieri da 16 oz ha dimensioni precise di 90\u00d760\u00d7136 mm. Ogni astuccio contiene 50 confezioni da 20, per un totale di 1000 bicchieri per cartone, di dimensioni 45,5\u00d736,5\u00d754 cm. Questa configurazione garantisce una tenuta sicura per le bevande, dal caff\u00e8 di alta qualit\u00e0 alle rinfrescanti bevande ghiacciate.<\/p>\n<p><strong>Sezione Taglie e Variet\u00e0<\/strong><br \/>Oltre all'opzione da 16 oz, la nostra gamma comprende formati a parete singola come SW-8OZ, SW-10OZ, SW-12OZ e tazze pi\u00f9 grandi come SW-20OZ e SW-22OZ. Ogni formato \u00e8 adatto a bevande diverse: le tazze pi\u00f9 piccole sono ideali per l'espresso, quelle medie per il caff\u00e8 normale e quelle grandi per i frullati o le bevande ghiacciate. Se siete interessati ad esplorare altri formati, potete dare un'occhiata alle nostre opzioni di bicchieri di carta a parete singola da 10 oz o scoprire le nostre variet\u00e0 di bicchieri di carta a parete singola da 12 oz.<\/p>\n<p><strong>Prestazioni e qualit\u00e0<\/strong><br \/>I nostri bicchieri sono dotati di un rivestimento a prova di perdite e di grasso, che aiuta a confezionare senza disordine. La loro struttura robusta garantisce l'assenza di deformazioni, mentre il loro design impilabile facilita lo stoccaggio e la movimentazione.<\/p>\n<p><strong>Sezione Garanzia di qualit\u00e0 e certificazioni<\/strong><br \/>Sosteniamo rigorosi standard di controllo della qualit\u00e0, assicurando che ogni lotto del bicchiere di carta a parete singola da 16 oz sia sottoposto a test completi per verificarne la robustezza, la resistenza alle perdite e l'aderenza alle norme di sicurezza alimentare. I nostri bicchieri sono approvati dalla FDA e il nostro stabilimento \u00e8 orgoglioso di possedere le certificazioni ISO 9001, ISO 14001, FSC e BRCGS.<\/p>\n<p><strong>Personalizzazione e branding<\/strong><br \/>Offriamo varie opzioni di personalizzazione, tra cui la stampa del logo personalizzato per migliorare la visibilit\u00e0 del marchio. Potete scegliere tra diverse configurazioni di dimensioni e colori per soddisfare le vostre esigenze di branding e distinguervi sul mercato.<\/p>\n<p><strong>Ordini, imballaggio e logistica<\/strong><br \/>Per gli ordini all'ingrosso, la quantit\u00e0 minima \u00e8 fissata a 50.000 pezzi. Ogni tazza \u00e8 imballata in modo sicuro, riducendo al minimo il rischio di danni durante la spedizione. I tempi di produzione sono di circa 30 giorni e la spedizione viene effettuata da Ningbo, in Cina. Questa posizione strategica ci consente di fornire consegne rapide ed efficienti per soddisfare le vostre esigenze aziendali.<\/p>\n<p>In qualit\u00e0 di produttore e fabbricante di bicchieri di carta di qualit\u00e0, offriamo prezzi all'ingrosso competitivi e opzioni di vendita all'ingrosso per le aziende che desiderano esportare i loro prodotti. I nostri servizi OEM vi consentono di personalizzare i bicchieri in base alle vostre specifiche, assicurandovi di ricevere un prodotto in linea con la vostra visione. Se siete interessati a fare un acquisto all'ingrosso, contattateci oggi stesso!<\/p>\n<h2 style=\"\"text-align: center;\"\">Video del tour della fabbrica:<\/h2>\n\n<p>&nbsp;<\/p>\n<p>&#8220;<\/p>","protected":false},"excerpt":{"rendered":"<p>Il bicchiere di carta monoparete da 16 once \u00e8 progettato per servire bevande. Con una capacit\u00e0 di 16 oz, \u00e8 ideale per bevande calde e fredde in bar, feste ed eventi. Caratterizzato da un design leggero, offre la comodit\u00e0 di un servizio rapido e da asporto nel settore alimentare e delle bevande.<\/p>","protected":false},"featured_media":734,"comment_status":"open","ping_status":"closed","template":"","meta":[],"product_brand":[],"product_cat":[21,27,28],"product_tag":[],"class_list":{"0":"post-733","1":"product","2":"type-product","3":"status-publish","4":"has-post-thumbnail","6":"product_cat-products","7":"product_cat-paper-cups","8":"product_cat-single-wall-paper-cups","10":"first","11":"instock","12":"shipping-taxable","13":"product-type-simple"},"_links":{"self":[{"href":"https:\/\/ascentpak.com\/it\/wp-json\/wp\/v2\/product\/733","targetHints":{"allow":["GET"]}}],"collection":[{"href":"https:\/\/ascentpak.com\/it\/wp-json\/wp\/v2\/product"}],"about":[{"href":"https:\/\/ascentpak.com\/it\/wp-json\/wp\/v2\/types\/product"}],"replies":[{"embeddable":true,"href":"https:\/\/ascentpak.com\/it\/wp-json\/wp\/v2\/comments?post=733"}],"wp:featuredmedia":[{"embeddable":true,"href":"https:\/\/ascentpak.com\/it\/wp-json\/wp\/v2\/media\/734"}],"wp:attachment":[{"href":"https:\/\/ascentpak.com\/it\/wp-json\/wp\/v2\/media?parent=733"}],"wp:term":[{"taxonomy":"product_brand","embeddable":true,"href":"https:\/\/ascentpak.com\/it\/wp-json\/wp\/v2\/product_brand?post=733"},{"taxonomy":"product_cat","embeddable":true,"href":"https:\/\/ascentpak.com\/it\/wp-json\/wp\/v2\/product_cat?post=733"},{"taxonomy":"product_tag","embeddable":true,"href":"https:\/\/ascentpak.com\/it\/wp-json\/wp\/v2\/product_tag?post=733"}],"curies":[{"name":"wp","href":"https:\/\/api.w.org\/{rel}","templated":true}]}}