{"id":718,"date":"2025-04-15T01:42:10","date_gmt":"2025-04-15T01:42:10","guid":{"rendered":"https:\/\/ascentpak.com\/?post_type=product&#038;p=718"},"modified":"2025-04-15T01:42:12","modified_gmt":"2025-04-15T01:42:12","slug":"10-oz-single-wall-paper-cup","status":"publish","type":"product","link":"https:\/\/ascentpak.com\/it\/prodotto\/10-oz-single-wall-paper-cup\/","title":{"rendered":"Bicchiere di carta monoparete da 10 oz"},"content":{"rendered":"<p>&#8220;<\/p>\n\n<table id=\"tablepress-8\" class=\"tablepress tablepress-id-8\">\n<thead>\n<tr class=\"row-1\">\n\t<th class=\"column-1\">Articolo<\/th><th class=\"column-2\">DIMENSIONE (MM)<\/th><th class=\"column-3\">IMBALLAGGIO (PZ*BORSA)<\/th><th class=\"column-4\">DIMENSIONE CTN (CM)<\/th>\n<\/tr>\n<\/thead>\n<tbody class=\"row-striping row-hover\">\n<tr class=\"row-2\">\n\t<td class=\"column-1\">Singola parete-8OZ<\/td><td class=\"column-2\">80*56*90<\/td><td class=\"column-3\">50*20=1000<\/td><td class=\"column-4\">40.5*32.5*39.5<\/td>\n<\/tr>\n<tr class=\"row-3\">\n\t<td class=\"column-1\">Singola parete-10OZ<\/td><td class=\"column-2\">90*59*95<\/td><td class=\"column-3\">50*20=1000<\/td><td class=\"column-4\">45.5*36.5*46.5<\/td>\n<\/tr>\n<tr class=\"row-4\">\n\t<td class=\"column-1\">Singola parete-12OZ<\/td><td class=\"column-2\">90*60*111<\/td><td class=\"column-3\">50*20=1000<\/td><td class=\"column-4\">45.5*36.5*46.5<\/td>\n<\/tr>\n<tr class=\"row-5\">\n\t<td class=\"column-1\">Parete singola-16OZ<\/td><td class=\"column-2\">90*60*136<\/td><td class=\"column-3\">50*20=1000<\/td><td class=\"column-4\">45.5*36.5*54<\/td>\n<\/tr>\n<tr class=\"row-6\">\n\t<td class=\"column-1\">Parete singola-20OZ<\/td><td class=\"column-2\">90*60*162<\/td><td class=\"column-3\">50*20=1000<\/td><td class=\"column-4\">45.5*36.5*63<\/td>\n<\/tr>\n<tr class=\"row-7\">\n\t<td class=\"column-1\">Parete singola-22OZ<\/td><td class=\"column-2\">90*60*171<\/td><td class=\"column-3\">50*20=1000<\/td><td class=\"column-4\">45.5*36.5*65<\/td>\n<\/tr>\n<tr class=\"row-8\">\n\t<td class=\"column-1\">Doppia parete-8OZ <\/td><td class=\"column-2\">80*56*90<\/td><td class=\"column-3\">25*20=500<\/td><td class=\"column-4\">42*33*50<\/td>\n<\/tr>\n<tr class=\"row-9\">\n\t<td class=\"column-1\">Doppia parete-10OZ <\/td><td class=\"column-2\">90*59*95<\/td><td class=\"column-3\">25*20=500<\/td><td class=\"column-4\">42*33*51<\/td>\n<\/tr>\n<tr class=\"row-10\">\n\t<td class=\"column-1\">Doppia parete-12OZ<\/td><td class=\"column-2\">90*60*111<\/td><td class=\"column-3\">25*20=500<\/td><td class=\"column-4\">46*37*56<\/td>\n<\/tr>\n<tr class=\"row-11\">\n\t<td class=\"column-1\">Doppia parete-16OZ <\/td><td class=\"column-2\">90*60*136<\/td><td class=\"column-3\">25*20=500<\/td><td class=\"column-4\">46*37*59<\/td>\n<\/tr>\n<tr class=\"row-12\">\n\t<td class=\"column-1\">Doppia parete-20OZ <\/td><td class=\"column-2\">90*60*162<\/td><td class=\"column-3\">25*20=500<\/td><td class=\"column-4\">46*37*68<\/td>\n<\/tr>\n<tr class=\"row-13\">\n\t<td class=\"column-1\">Doppia parete-22OZ <\/td><td class=\"column-2\">90*60*171<\/td><td class=\"column-3\">25*20=500<\/td><td class=\"column-4\">46*37*70<\/td>\n<\/tr>\n<\/tbody>\n<\/table>\n<!-- #tablepress-8 from cache -->\n<p>&nbsp;<br \/>Il nostro bicchiere di carta monoparete da 10 oz \u00e8 una soluzione fondamentale nel settore del confezionamento di alimenti e bevande. Questo prodotto si adatta efficacemente sia alle bevande calde che a quelle fredde, garantendo qualit\u00e0 e affidabilit\u00e0 quando si tratta di mantenere la temperatura e la struttura delle bevande. \u00c8 la scelta preferita di bar e ristoranti, che possono contare sulle sue prestazioni.<\/p>\n<p><strong>Materiali e struttura della coppa<\/strong><br \/>Per i nostri bicchieri di carta monoporzione da 10 oz utilizziamo materiali di prima qualit\u00e0. Le opzioni includono carta kraft, carta rivestita in PE, carta rivestita in PLA e carta rivestita in acqua. Ogni materiale svolge un ruolo importante:<\/p>\n<ul>\n<li>La carta kraft offre una soluzione robusta ed ecologica.<\/li>\n<li>Il rivestimento in PE garantisce resistenza al grasso e durata.<\/li>\n<li>Il rivestimento in PLA favorisce la compostabilit\u00e0, ideale per i marchi eco-consapevoli.<\/li>\n<li>Il rivestimento acquoso fornisce una finitura a base d'acqua e non tossica, mantenendo l'integrit\u00e0 della tazza.<\/li>\n<\/ul>\n<p>Le nostre tazze sono dotate di una struttura robusta. Sono progettate per garantire che le bevande rimangano calde o fredde senza compromettere la qualit\u00e0 durante il trasporto.<\/p>\n<p><strong>Propriet\u00e0 fisiche e funzionali<\/strong><br \/>Considerando le specifiche dei nostri bicchieri a parete singola, notiamo che:<\/p>\n<ul>\n<li>SW-10OZ: 90\u00d759\u00d795 mm, confezionato a 50\u00d720=1000 pezzi, con dimensioni del cartone di 45,5\u00d736,5\u00d746,5 cm.<\/li>\n<\/ul>\n<p>Il nostro bicchiere di carta monoparete da 10 oz, tra i vari formati che offriamo, garantisce una tenuta sicura delle bevande, preservandone la qualit\u00e0. Scopri di pi\u00f9 sul nostro bicchiere di carta monoparete da 8 once <a href=\"\"https:>qui<\/a> o vedere le opzioni per le diverse dimensioni <a href=\"\"https:>qui<\/a>.<\/p>\n<p><strong>Sezione Taglie e Variet\u00e0<\/strong><br \/>Offriamo una variet\u00e0 di stili e di opzioni di imballaggio. Le varianti disponibili comprendono:<\/p>\n<ul>\n<li>Coppe a parete singola: SW-8OZ, SW-10OZ, SW-12OZ, SW-16OZ, SW-20OZ, SW-22OZ<\/li>\n<li>Tazze a doppia parete: DW-8OZ, DW-10OZ, DW-12OZ, DW-16OZ, DW-20OZ, DW-22OZ<\/li>\n<\/ul>\n<p>Le tazze ideali sono quelle piccole per il t\u00e8 o l'espresso, quelle medie per il caff\u00e8 normale o il succo di frutta e quelle grandi per il caff\u00e8 freddo o i frullati.<\/p>\n<p><strong>Prestazioni e qualit\u00e0<\/strong><br \/>Le caratteristiche che migliorano l'usabilit\u00e0 includono:<\/p>\n<ul>\n<li>Fodera impermeabile e resistente al grasso per una confezione senza problemi.<\/li>\n<li>Struttura robusta per evitare deformazioni.<\/li>\n<li>Design impilabile per facilitare lo stoccaggio e la movimentazione.<\/li>\n<\/ul>\n<p>Il nostro bicchiere di carta a parete singola da 10 oz \u00e8 stato progettato per essere a prova di perdite, garantendo l'assenza di versamenti. Questa caratteristica \u00e8 essenziale per i ristoranti, i take away o le consegne.<\/p>\n<p><strong>Sezione Garanzia di qualit\u00e0 e certificazioni<\/strong><br \/>Nella nostra fabbrica seguiamo rigorose misure di controllo della qualit\u00e0. Testiamo la robustezza, la resistenza alle perdite e la sicurezza alimentare. Le nostre tazze ricevono l'approvazione della FDA e manteniamo certificazioni come la ISO 9001 per la gestione della qualit\u00e0 e la ISO 14001 per la gestione ambientale. Siamo inoltre conformi agli standard FSC e BRCGS, per garantire che riceviate un prodotto della massima qualit\u00e0.<\/p>\n<p><strong>Personalizzazione e branding<\/strong><br \/>Potete migliorare la visibilit\u00e0 con opzioni personalizzate. Sono disponibili la stampa personalizzata del logo e il branding, che vi permettono di mettere in mostra il vostro logo e i vostri disegni su materiali ecologici. Questo approccio lascia un'impressione duratura sui clienti.<\/p>\n<p><strong>Ordini, imballaggio e logistica<\/strong><br \/>La quantit\u00e0 minima ordinabile \u00e8 di 50.000 pezzi. Garantiamo un imballaggio sicuro per evitare danni durante la spedizione e il nostro tempo di produzione \u00e8 di circa 30 giorni. La spedizione da Ningbo, in Cina, consente una consegna rapida ed efficiente in tutto il mondo. Quando si tratta di ottenere il miglior prezzo all'ingrosso, vi invitiamo a considerare i numerosi vantaggi di collaborare con un fornitore e produttore affidabile come noi.<\/p>\n<p>Per un'opzione di dimensioni diverse, che garantisca resistenza e versatilit\u00e0, \u00e8 possibile consultare il nostro bicchiere di carta a parete singola da 10 oz. <a href=\"\"https:>qui<\/a>.<\/p>\n<h2 style=\"\"text-align: center;\"\">Video del tour della fabbrica:<\/h2>\n\n<p>&nbsp;<\/p>\n<p>&#8220;<\/p>","protected":false},"excerpt":{"rendered":"<p>Il bicchiere di carta a parete singola da 10 oz \u00e8 progettato per servire bevande calde e fredde. Con una capacit\u00e0 di 10 oz, \u00e8 ideale per bar, caffetterie ed eventi. Caratterizzato da un design leggero, offre convenienza e funzionalit\u00e0 per l'industria alimentare e delle bevande.<\/p>","protected":false},"featured_media":723,"comment_status":"open","ping_status":"closed","template":"","meta":[],"product_brand":[],"product_cat":[21,27,28],"product_tag":[],"class_list":{"0":"post-718","1":"product","2":"type-product","3":"status-publish","4":"has-post-thumbnail","6":"product_cat-products","7":"product_cat-paper-cups","8":"product_cat-single-wall-paper-cups","10":"first","11":"instock","12":"shipping-taxable","13":"product-type-simple"},"_links":{"self":[{"href":"https:\/\/ascentpak.com\/it\/wp-json\/wp\/v2\/product\/718","targetHints":{"allow":["GET"]}}],"collection":[{"href":"https:\/\/ascentpak.com\/it\/wp-json\/wp\/v2\/product"}],"about":[{"href":"https:\/\/ascentpak.com\/it\/wp-json\/wp\/v2\/types\/product"}],"replies":[{"embeddable":true,"href":"https:\/\/ascentpak.com\/it\/wp-json\/wp\/v2\/comments?post=718"}],"wp:featuredmedia":[{"embeddable":true,"href":"https:\/\/ascentpak.com\/it\/wp-json\/wp\/v2\/media\/723"}],"wp:attachment":[{"href":"https:\/\/ascentpak.com\/it\/wp-json\/wp\/v2\/media?parent=718"}],"wp:term":[{"taxonomy":"product_brand","embeddable":true,"href":"https:\/\/ascentpak.com\/it\/wp-json\/wp\/v2\/product_brand?post=718"},{"taxonomy":"product_cat","embeddable":true,"href":"https:\/\/ascentpak.com\/it\/wp-json\/wp\/v2\/product_cat?post=718"},{"taxonomy":"product_tag","embeddable":true,"href":"https:\/\/ascentpak.com\/it\/wp-json\/wp\/v2\/product_tag?post=718"}],"curies":[{"name":"wp","href":"https:\/\/api.w.org\/{rel}","templated":true}]}}