{"id":714,"date":"2025-04-15T01:16:16","date_gmt":"2025-04-15T01:16:16","guid":{"rendered":"https:\/\/ascentpak.com\/?post_type=product&#038;p=714"},"modified":"2025-04-15T01:16:23","modified_gmt":"2025-04-15T01:16:23","slug":"8-oz-single-wall-paper-cup","status":"publish","type":"product","link":"https:\/\/ascentpak.com\/it\/prodotto\/8-oz-single-wall-paper-cup\/","title":{"rendered":"Bicchiere di carta monoparete da 8 oz"},"content":{"rendered":"<p>&#8220;<\/p>\n\n<table id=\"tablepress-8\" class=\"tablepress tablepress-id-8\">\n<thead>\n<tr class=\"row-1\">\n\t<th class=\"column-1\">Articolo<\/th><th class=\"column-2\">DIMENSIONE (MM)<\/th><th class=\"column-3\">IMBALLAGGIO (PZ*BORSA)<\/th><th class=\"column-4\">DIMENSIONE CTN (CM)<\/th>\n<\/tr>\n<\/thead>\n<tbody class=\"row-striping row-hover\">\n<tr class=\"row-2\">\n\t<td class=\"column-1\">Singola parete-8OZ<\/td><td class=\"column-2\">80*56*90<\/td><td class=\"column-3\">50*20=1000<\/td><td class=\"column-4\">40.5*32.5*39.5<\/td>\n<\/tr>\n<tr class=\"row-3\">\n\t<td class=\"column-1\">Singola parete-10OZ<\/td><td class=\"column-2\">90*59*95<\/td><td class=\"column-3\">50*20=1000<\/td><td class=\"column-4\">45.5*36.5*46.5<\/td>\n<\/tr>\n<tr class=\"row-4\">\n\t<td class=\"column-1\">Singola parete-12OZ<\/td><td class=\"column-2\">90*60*111<\/td><td class=\"column-3\">50*20=1000<\/td><td class=\"column-4\">45.5*36.5*46.5<\/td>\n<\/tr>\n<tr class=\"row-5\">\n\t<td class=\"column-1\">Parete singola-16OZ<\/td><td class=\"column-2\">90*60*136<\/td><td class=\"column-3\">50*20=1000<\/td><td class=\"column-4\">45.5*36.5*54<\/td>\n<\/tr>\n<tr class=\"row-6\">\n\t<td class=\"column-1\">Parete singola-20OZ<\/td><td class=\"column-2\">90*60*162<\/td><td class=\"column-3\">50*20=1000<\/td><td class=\"column-4\">45.5*36.5*63<\/td>\n<\/tr>\n<tr class=\"row-7\">\n\t<td class=\"column-1\">Parete singola-22OZ<\/td><td class=\"column-2\">90*60*171<\/td><td class=\"column-3\">50*20=1000<\/td><td class=\"column-4\">45.5*36.5*65<\/td>\n<\/tr>\n<tr class=\"row-8\">\n\t<td class=\"column-1\">Doppia parete-8OZ <\/td><td class=\"column-2\">80*56*90<\/td><td class=\"column-3\">25*20=500<\/td><td class=\"column-4\">42*33*50<\/td>\n<\/tr>\n<tr class=\"row-9\">\n\t<td class=\"column-1\">Doppia parete-10OZ <\/td><td class=\"column-2\">90*59*95<\/td><td class=\"column-3\">25*20=500<\/td><td class=\"column-4\">42*33*51<\/td>\n<\/tr>\n<tr class=\"row-10\">\n\t<td class=\"column-1\">Doppia parete-12OZ<\/td><td class=\"column-2\">90*60*111<\/td><td class=\"column-3\">25*20=500<\/td><td class=\"column-4\">46*37*56<\/td>\n<\/tr>\n<tr class=\"row-11\">\n\t<td class=\"column-1\">Doppia parete-16OZ <\/td><td class=\"column-2\">90*60*136<\/td><td class=\"column-3\">25*20=500<\/td><td class=\"column-4\">46*37*59<\/td>\n<\/tr>\n<tr class=\"row-12\">\n\t<td class=\"column-1\">Doppia parete-20OZ <\/td><td class=\"column-2\">90*60*162<\/td><td class=\"column-3\">25*20=500<\/td><td class=\"column-4\">46*37*68<\/td>\n<\/tr>\n<tr class=\"row-13\">\n\t<td class=\"column-1\">Doppia parete-22OZ <\/td><td class=\"column-2\">90*60*171<\/td><td class=\"column-3\">25*20=500<\/td><td class=\"column-4\">46*37*70<\/td>\n<\/tr>\n<\/tbody>\n<\/table>\n<!-- #tablepress-8 from cache -->\n<p>&nbsp;<br \/>Il bicchiere di carta monoparete da 8 oz \u00e8 una soluzione essenziale nel settore del confezionamento di alimenti e bevande. Offre una funzionalit\u00e0 affidabile sia per le bevande calde che per quelle fredde, garantendo il mantenimento della giusta temperatura e struttura della bevanda durante l'uso. \u00c8 possibile trovare opzioni di qualit\u00e0 superiore da produttori e fornitori affidabili che si concentrano sulla fornitura di prodotti eccezionali a prezzi competitivi all'ingrosso.<\/p>\n<p><strong>Materiali e struttura della coppa<\/strong><br \/>Il nostro bicchiere di carta monoparete da 8 oz \u00e8 realizzato con materiali di alta qualit\u00e0, come la carta kraft, la carta rivestita di PE e la carta rivestita di PLA. Questi materiali non solo garantiscono la sicurezza delle bevande, ma promuovono anche la sostenibilit\u00e0 ambientale:  <\/p>\n<ul>\n<li><strong>Carta kraft<\/strong> offre un'opzione robusta ed ecologica per l'imballaggio.  <\/li>\n<li><strong>Rivestimento in PE<\/strong> garantisce resistenza al grasso e durata.  <\/li>\n<li><strong>Rivestimento in PLA<\/strong> \u00e8 una scelta compostabile per le aziende attente all'ambiente.  <\/li>\n<li><strong>Rivestimento acquoso<\/strong> impiega una finitura a base d'acqua che non \u00e8 tossica e rispetta l'ambiente, mantenendo inalterata la durata della tazza.<\/li>\n<\/ul>\n<p>L'integrit\u00e0 strutturale \u00e8 fondamentale e i nostri bicchieri di carta monoparete da 8 oz sono caratterizzati da un affidabile design monostrato, che garantisce che le bevande rimangano fresche e alla giusta temperatura.<br \/>Per saperne di pi\u00f9 su queste tazze <a href=\"\"https:>AscentPak<\/a>.<\/p>\n<p><strong>Propriet\u00e0 fisiche e funzionali<\/strong><br \/>Ecco alcuni importanti dettagli sulle dimensioni e sulle applicazioni delle nostre tazze:  <\/p>\n<ul>\n<li><strong>Tazze a parete singola<\/strong>\n<ul>\n<li>SW-8OZ: 80\u00d756\u00d790 mm, imballaggio 50\u00d720=1000 pezzi, dimensione cartone 40,5\u00d732,5\u00d739,5 cm  <\/li>\n<li>SW-10OZ: 90\u00d759\u00d795 mm, imballaggio 50\u00d720=1000 pezzi, dimensione cartone 45,5\u00d736,5\u00d746,5 cm  <\/li>\n<li>SW-12OZ: 90\u00d760\u00d7111 mm, imballaggio 50\u00d720=1000 pezzi, dimensione cartone 45,5\u00d736,5\u00d746,5 cm<\/li>\n<\/ul>\n<\/li>\n<\/ul>\n<p>La nostra ampia gamma comprende formati per tutti i tipi di bevande, che garantiscono una tenuta sicura e preservano la qualit\u00e0 della bevanda.<\/p>\n<p><strong>Sezione Taglie e Variet\u00e0<\/strong><br \/>Offriamo vari stili e opzioni delle nostre tazze, che includono:  <\/p>\n<ul>\n<li><strong>Tazze a parete singola:<\/strong> SW-8OZ, SW-10OZ, SW-12OZ, SW-16OZ, SW-20OZ, SW-22OZ  <\/li>\n<li><strong>Tazze a doppia parete:<\/strong> DW-8OZ, DW-10OZ, DW-12OZ, DW-16OZ, DW-20OZ, DW-22OZ<\/li>\n<\/ul>\n<p>I formati delle tazze soddisfano le diverse esigenze di servizio delle bevande, assicurando l'adattamento perfetto per qualsiasi cosa, dall'espresso alle bevande ghiacciate di grandi dimensioni. <\/p>\n<p><strong>Prestazioni e qualit\u00e0<\/strong><br \/>Queste tazze sono dotate di caratteristiche utili come:  <\/p>\n<ul>\n<li>Un rivestimento a prova di perdite e di grasso per un divertimento senza disordine.  <\/li>\n<li>Struttura robusta che impedisce la deformazione.  <\/li>\n<li>Un design impilabile per facilitare lo stoccaggio e la movimentazione.<\/li>\n<\/ul>\n<p><strong>Sezione Garanzia di qualit\u00e0 e certificazioni<\/strong><br \/>Ci atteniamo a rigorosi processi di controllo della qualit\u00e0. Ogni lotto di bicchieri di carta viene sottoposto a rigorosi test di resistenza e di tenuta per soddisfare gli standard di sicurezza alimentare. I nostri bicchieri sono in possesso di diverse certificazioni, tra cui l'approvazione della FDA e le certificazioni ISO per la gestione della qualit\u00e0 e dell'ambiente. Questo impegno garantisce che riceviate prodotti di alta qualit\u00e0 da una fabbrica e un esportatore di fiducia con un'attenzione particolare alla sostenibilit\u00e0.<\/p>\n<p><strong>Personalizzazione e branding<\/strong><br \/>Potete personalizzare i vostri bicchieri di carta monoparete da 8 oz con opzioni come:  <\/p>\n<ul>\n<li>Stampa del logo personalizzato per una maggiore visibilit\u00e0.  <\/li>\n<li>Vari formati e colori per soddisfare la visione del vostro marchio.<\/li>\n<\/ul>\n<p><strong>Ordini, imballaggio e logistica<\/strong>  <\/p>\n<ul>\n<li><strong>Quantit\u00e0 minima d'ordine:<\/strong> 50.000 pezzi.  <\/li>\n<li><strong>Dettagli dell'imballaggio:<\/strong> Imballato in modo sicuro per evitare danni durante la spedizione.  <\/li>\n<li><strong>Tempi di produzione:<\/strong> Circa 30 giorni.  <\/li>\n<li><strong>Porto di spedizione:<\/strong> Con sede in Cina, garantiamo consegne rapide ed efficienti in varie localit\u00e0 del mondo.<\/li>\n<\/ul>\n<p>Esplorate le possibilit\u00e0 di acquisto all'ingrosso per le vostre esigenze aziendali con la nostra offerta sulla <a href=\"\"https:>AscentPak<\/a> sito web, facilmente reperibile da un produttore e fornitore di fiducia.<\/p>\n<h2 style=\"\"text-align: center;\"\">Video del tour della fabbrica:<\/h2>\n\n<p>&nbsp;<\/p>\n<p>&#8220;<\/p>","protected":false},"excerpt":{"rendered":"<p>Il bicchiere di carta a parete singola da 8 oz \u00e8 progettato per servire bevande calde o fredde. Con una capacit\u00e0 di 8 oz, \u00e8 ideale per caffetterie, bar ed eventi. Caratterizzato da una struttura a parete singola, offre un utilizzo leggero ed economico per il settore della ristorazione.<\/p>","protected":false},"featured_media":719,"comment_status":"open","ping_status":"closed","template":"","meta":[],"product_brand":[],"product_cat":[21,27,28],"product_tag":[],"class_list":{"0":"post-714","1":"product","2":"type-product","3":"status-publish","4":"has-post-thumbnail","6":"product_cat-products","7":"product_cat-paper-cups","8":"product_cat-single-wall-paper-cups","10":"first","11":"instock","12":"shipping-taxable","13":"product-type-simple"},"_links":{"self":[{"href":"https:\/\/ascentpak.com\/it\/wp-json\/wp\/v2\/product\/714","targetHints":{"allow":["GET"]}}],"collection":[{"href":"https:\/\/ascentpak.com\/it\/wp-json\/wp\/v2\/product"}],"about":[{"href":"https:\/\/ascentpak.com\/it\/wp-json\/wp\/v2\/types\/product"}],"replies":[{"embeddable":true,"href":"https:\/\/ascentpak.com\/it\/wp-json\/wp\/v2\/comments?post=714"}],"wp:featuredmedia":[{"embeddable":true,"href":"https:\/\/ascentpak.com\/it\/wp-json\/wp\/v2\/media\/719"}],"wp:attachment":[{"href":"https:\/\/ascentpak.com\/it\/wp-json\/wp\/v2\/media?parent=714"}],"wp:term":[{"taxonomy":"product_brand","embeddable":true,"href":"https:\/\/ascentpak.com\/it\/wp-json\/wp\/v2\/product_brand?post=714"},{"taxonomy":"product_cat","embeddable":true,"href":"https:\/\/ascentpak.com\/it\/wp-json\/wp\/v2\/product_cat?post=714"},{"taxonomy":"product_tag","embeddable":true,"href":"https:\/\/ascentpak.com\/it\/wp-json\/wp\/v2\/product_tag?post=714"}],"curies":[{"name":"wp","href":"https:\/\/api.w.org\/{rel}","templated":true}]}}