{"id":883,"date":"2025-04-16T04:18:37","date_gmt":"2025-04-16T04:18:37","guid":{"rendered":"https:\/\/ascentpak.com\/?post_type=product&#038;p=883"},"modified":"2025-04-16T04:18:38","modified_gmt":"2025-04-16T04:18:38","slug":"8-oz-paper-boat-tray","status":"publish","type":"product","link":"https:\/\/ascentpak.com\/fr\/produit\/8-oz-paper-boat-tray\/","title":{"rendered":"Plateau \u00e0 bateaux en papier 8 oz"},"content":{"rendered":"<p>&#8220;<\/p>\n\n<table id=\"tablepress-4\" class=\"tablepress tablepress-id-4\">\n<thead>\n<tr class=\"row-1\">\n\t<th class=\"column-1\">Objet<\/th><th class=\"column-2\">TAILLE (MM)<\/th><th class=\"column-3\">EMBALLAGE (PCS*BAG)<\/th><th class=\"column-4\">TAILLE DU CTN (CM)<\/th>\n<\/tr>\n<\/thead>\n<tbody class=\"row-striping row-hover\">\n<tr class=\"row-2\">\n\t<td class=\"column-1\">BT-4OZ<\/td><td class=\"column-2\">75*45*32<\/td><td class=\"column-3\">50*20=1000<\/td><td class=\"column-4\">75*45*32<\/td>\n<\/tr>\n<tr class=\"row-3\">\n\t<td class=\"column-1\">BT-6OZ<\/td><td class=\"column-2\">90*47*28<\/td><td class=\"column-3\">50*20=1000<\/td><td class=\"column-4\">90*47*28<\/td>\n<\/tr>\n<tr class=\"row-4\">\n\t<td class=\"column-1\">BT-8OZ<\/td><td class=\"column-2\">85*51*32<\/td><td class=\"column-3\">50*20=1000<\/td><td class=\"column-4\">85*51*32<\/td>\n<\/tr>\n<tr class=\"row-5\">\n\t<td class=\"column-1\">BT-1LB<\/td><td class=\"column-2\">98.4*60*35<\/td><td class=\"column-3\">50*20=1000<\/td><td class=\"column-4\">98.5*60*35<\/td>\n<\/tr>\n<tr class=\"row-6\">\n\t<td class=\"column-1\">BT-2LB<\/td><td class=\"column-2\">114*70*44.5<\/td><td class=\"column-3\">50*20=1000<\/td><td class=\"column-4\">114*70*44.5<\/td>\n<\/tr>\n<tr class=\"row-7\">\n\t<td class=\"column-1\">BT-2.5LB<\/td><td class=\"column-2\">127*79*44.5<\/td><td class=\"column-3\">50*10=500<\/td><td class=\"column-4\">127*79*44.5<\/td>\n<\/tr>\n<tr class=\"row-8\">\n\t<td class=\"column-1\">BT-3LB<\/td><td class=\"column-2\">133*83*44.5<\/td><td class=\"column-3\">50*10=500<\/td><td class=\"column-4\">133*83*44.5<\/td>\n<\/tr>\n<tr class=\"row-9\">\n\t<td class=\"column-1\">BT-5LB<\/td><td class=\"column-2\">171.5*92*51<\/td><td class=\"column-3\">50*10=500<\/td><td class=\"column-4\">171.5*92*51<\/td>\n<\/tr>\n<\/tbody>\n<\/table>\n<!-- #tablepress-4 from cache -->\n<p>&nbsp;<br \/>Le <strong>Plateau \u00e0 bateaux en papier 8 oz<\/strong> est essentiel pour les entreprises de restauration rapide et de vente \u00e0 emporter. Son design facilite le service et la pr\u00e9sentation des aliments. Que vous soyez un restaurant ou un food truck, ce plateau permet de mettre en valeur vos plats de mani\u00e8re efficace.<\/p>\n<p><strong>1. Mat\u00e9riaux et structure des plateaux<\/strong><br \/>Notre <strong>barquettes en papier de 8 oz<\/strong> utilisent des mat\u00e9riaux de qualit\u00e9 sup\u00e9rieure tels que le papier kraft et les options rev\u00eatues de PLA. Le papier kraft offre un support solide tout en \u00e9tant respectueux de l'environnement. Le rev\u00eatement PE rend les barquettes r\u00e9sistantes aux graisses et \u00e0 l'humidit\u00e9, ce qui les rend parfaites pour une grande vari\u00e9t\u00e9 d'aliments. Nos variantes rev\u00eatues de PLA sont compostables, ce qui est id\u00e9al pour les marques soucieuses de l'environnement. L'int\u00e9grit\u00e9 structurelle garantit la fra\u00eecheur et la s\u00e9curit\u00e9 de vos portions. Pour en savoir plus sur les barquettes en papier, consultez notre rubrique <a href=\"\"https:>Plateau de bateaux en papier 4 oz<\/a> et <a href=\"\"https:>Plateau \u00e0 bateaux en papier 6 oz<\/a>.<\/p>\n<p><strong>2. Propri\u00e9t\u00e9s physiques et fonctionnelles<\/strong><br \/>Voici quelques d\u00e9tails concernant la taille et l'emballage :  <\/p>\n<table>\n<thead>\n<tr>\n<th>Objet<\/th>\n<th>Taille (MM)<\/th>\n<th>Emballage (pcs*bag)<\/th>\n<th>Taille du CTN (cm)<\/th>\n<\/tr>\n<\/thead>\n<tbody>\n<tr>\n<td>BT-4OZ<\/td>\n<td>75\u00d745\u00d732<\/td>\n<td>50\u00d720=1000<\/td>\n<td>75\u00d745\u00d732<\/td>\n<\/tr>\n<tr>\n<td>BT-6OZ<\/td>\n<td>90\u00d747\u00d728<\/td>\n<td>50\u00d720=1000<\/td>\n<td>90\u00d747\u00d728<\/td>\n<\/tr>\n<tr>\n<td>BT-8OZ<\/td>\n<td>85\u00d751\u00d732<\/td>\n<td>50\u00d720=1000<\/td>\n<td>85\u00d751\u00d732<\/td>\n<\/tr>\n<tr>\n<td>BT-1LB<\/td>\n<td>98.4\u00d760\u00d735<\/td>\n<td>50\u00d720=1000<\/td>\n<td>98.5\u00d760\u00d735<\/td>\n<\/tr>\n<tr>\n<td>BT-2LB<\/td>\n<td>114\u00d770\u00d744.5<\/td>\n<td>50\u00d720=1000<\/td>\n<td>114\u00d770\u00d744.5<\/td>\n<\/tr>\n<tr>\n<td>BT-2.5LB<\/td>\n<td>127\u00d779\u00d744.5<\/td>\n<td>50\u00d710=500<\/td>\n<td>127\u00d779\u00d744.5<\/td>\n<\/tr>\n<tr>\n<td>BT-3LB<\/td>\n<td>133\u00d783\u00d744.5<\/td>\n<td>50\u00d710=500<\/td>\n<td>133\u00d783\u00d744.5<\/td>\n<\/tr>\n<tr>\n<td>BT-5LB<\/td>\n<td>171.5\u00d792\u00d751<\/td>\n<td>50\u00d710=500<\/td>\n<td>171.5\u00d792\u00d751<\/td>\n<\/tr>\n<\/tbody>\n<\/table>\n<p>Notre gamme diversifi\u00e9e de <strong>barquettes en papier de 8 oz<\/strong> s'adapte \u00e0 de nombreux plats, garantissant un transport s\u00fbr et une belle pr\u00e9sentation.<\/p>\n<p><strong>3. Tailles et vari\u00e9t\u00e9s<\/strong><br \/>Nous proposons diff\u00e9rents styles et d\u00e9tails d'emballage :  <\/p>\n<ul>\n<li>Plusieurs tailles permettent de r\u00e9pondre \u00e0 diff\u00e9rentes portions de repas.  <\/li>\n<li>Les capacit\u00e9s des options varient pour un ajustement parfait.<\/li>\n<\/ul>\n<p>Ces plateaux conviennent parfaitement aux cha\u00eenes de restauration rapide et aux services de restauration. Qu'il s'agisse de snacks ou de repas plus copieux, nos <strong>barquettes en papier de 8 oz<\/strong> garantir que la nourriture est belle et facile \u00e0 d\u00e9guster.<\/p>\n<p><strong>4. Performance et qualit\u00e9<\/strong><br \/>Nos plateaux pr\u00e9sentent des caract\u00e9ristiques qui les rendent faciles \u00e0 utiliser. Ils sont de construction robuste pour \u00e9viter les d\u00e9versements et conserver leur forme. L'empilage facile facilite le stockage. Nos <strong>barquettes en papier de 8 oz<\/strong> sont construits pour \u00eatre fiables, garantissant que les plats arrivent aux clients en bon \u00e9tat.<\/p>\n<p><strong>5. Assurance qualit\u00e9 et certifications<\/strong><br \/>Nous garantissons la s\u00e9curit\u00e9 alimentaire gr\u00e2ce aux certifications suivantes :  <\/p>\n<ul>\n<li><strong>Approuv\u00e9 par la FDA<\/strong>: Les mat\u00e9riaux sont sans danger pour le contact alimentaire.  <\/li>\n<li><strong>Certifi\u00e9 FSC<\/strong>: Les mati\u00e8res premi\u00e8res proviennent de sources durables.  <\/li>\n<li><strong>Certifi\u00e9 BRCGS<\/strong>: Nous appliquons des normes strictes en mati\u00e8re de gestion de la s\u00e9curit\u00e9 alimentaire.<\/li>\n<\/ul>\n<p>Notre <strong>barquettes en papier de 8 oz<\/strong> r\u00e9pondent aux certifications FDA et FSC, ce qui garantit qu'ils sont s\u00fbrs et respectueux de l'environnement.<\/p>\n<p><strong>6. Personnalisation et strat\u00e9gie de marque<\/strong><br \/>Les options de personnalisation comprennent :  <\/p>\n<ul>\n<li>Impression personnalis\u00e9e pour votre marque.  <\/li>\n<li>Diverses couleurs et conceptions pour correspondre \u00e0 l'identit\u00e9 unique de votre marque.<\/li>\n<\/ul>\n<p><strong>7. Commande, conditionnement et logistique<\/strong>  <\/p>\n<ul>\n<li><strong>Quantit\u00e9 minimale de commande<\/strong>: Varie en fonction de la taille.  <\/li>\n<li><strong>D\u00e9tails de l'emballage<\/strong>: Un emballage s\u00fbr garantit la s\u00e9curit\u00e9 pendant le transport.  <\/li>\n<li><strong>D\u00e9lai de production<\/strong>: Environ 30 jours.  <\/li>\n<li><strong>Port d'embarquement<\/strong>: Ningbo, Chine, pour une livraison rapide et efficace dans le monde entier.<\/li>\n<\/ul>\n<p>Notre <strong>barquettes en papier de 8 oz<\/strong> sont soigneusement emball\u00e9s, pr\u00eats \u00e0 r\u00e9pondre aux besoins de votre entreprise. Que vous souhaitiez <strong>achat en gros<\/strong> ou vous avez besoin d'un <strong>fournisseur<\/strong> ou <strong>fabricant<\/strong>nous sommes l\u00e0 pour vous aider. B\u00e9n\u00e9ficiez d'une <strong>prix en vrac<\/strong> en tant que personne de confiance <strong>exportateur<\/strong> et <strong>OEM<\/strong> partenaire. Laissez-nous \u00eatre votre interlocuteur <strong>producteur<\/strong> pour tous vos besoins en mati\u00e8re de bacs \u00e0 papier !<\/p>\n<h2 style=\"\"text-align: center;\"\">Vid\u00e9o de la visite de l'usine :<\/h2>\n\n<p>&nbsp;<\/p>\n<p>&#8220;<\/p>","protected":false},"excerpt":{"rendered":"<p>Le plateau en papier 8 oz est con\u00e7u pour servir des aliments lors d'\u00e9v\u00e9nements et de rassemblements. Avec une sp\u00e9cification de 8 oz, il est id\u00e9al pour contenir des snacks, des amuse-gueules ou de petites portions de repas. Dot\u00e9 d'un design unique en forme de bateau, il offre commodit\u00e9 et stabilit\u00e9 pour les repas en plein air et les repas d\u00e9contract\u00e9s.<\/p>","protected":false},"featured_media":884,"comment_status":"open","ping_status":"closed","template":"","meta":[],"product_brand":[],"product_cat":[21,37],"product_tag":[],"class_list":{"0":"post-883","1":"product","2":"type-product","3":"status-publish","4":"has-post-thumbnail","6":"product_cat-products","7":"product_cat-paper-boat-trays","9":"first","10":"instock","11":"shipping-taxable","12":"product-type-simple"},"_links":{"self":[{"href":"https:\/\/ascentpak.com\/fr\/wp-json\/wp\/v2\/product\/883","targetHints":{"allow":["GET"]}}],"collection":[{"href":"https:\/\/ascentpak.com\/fr\/wp-json\/wp\/v2\/product"}],"about":[{"href":"https:\/\/ascentpak.com\/fr\/wp-json\/wp\/v2\/types\/product"}],"replies":[{"embeddable":true,"href":"https:\/\/ascentpak.com\/fr\/wp-json\/wp\/v2\/comments?post=883"}],"wp:featuredmedia":[{"embeddable":true,"href":"https:\/\/ascentpak.com\/fr\/wp-json\/wp\/v2\/media\/884"}],"wp:attachment":[{"href":"https:\/\/ascentpak.com\/fr\/wp-json\/wp\/v2\/media?parent=883"}],"wp:term":[{"taxonomy":"product_brand","embeddable":true,"href":"https:\/\/ascentpak.com\/fr\/wp-json\/wp\/v2\/product_brand?post=883"},{"taxonomy":"product_cat","embeddable":true,"href":"https:\/\/ascentpak.com\/fr\/wp-json\/wp\/v2\/product_cat?post=883"},{"taxonomy":"product_tag","embeddable":true,"href":"https:\/\/ascentpak.com\/fr\/wp-json\/wp\/v2\/product_tag?post=883"}],"curies":[{"name":"wp","href":"https:\/\/api.w.org\/{rel}","templated":true}]}}