{"id":876,"date":"2025-04-16T04:17:07","date_gmt":"2025-04-16T04:17:07","guid":{"rendered":"https:\/\/ascentpak.com\/?post_type=product&#038;p=876"},"modified":"2025-04-16T04:17:09","modified_gmt":"2025-04-16T04:17:09","slug":"6-oz-paper-boat-tray","status":"publish","type":"product","link":"https:\/\/ascentpak.com\/fr\/produit\/6-oz-paper-boat-tray\/","title":{"rendered":"Plateau \u00e0 bateaux en papier 6 oz"},"content":{"rendered":"<p>&#8220;<\/p>\n\n<table id=\"tablepress-4\" class=\"tablepress tablepress-id-4\">\n<thead>\n<tr class=\"row-1\">\n\t<th class=\"column-1\">Objet<\/th><th class=\"column-2\">TAILLE (MM)<\/th><th class=\"column-3\">EMBALLAGE (PCS*BAG)<\/th><th class=\"column-4\">TAILLE DU CTN (CM)<\/th>\n<\/tr>\n<\/thead>\n<tbody class=\"row-striping row-hover\">\n<tr class=\"row-2\">\n\t<td class=\"column-1\">BT-4OZ<\/td><td class=\"column-2\">75*45*32<\/td><td class=\"column-3\">50*20=1000<\/td><td class=\"column-4\">75*45*32<\/td>\n<\/tr>\n<tr class=\"row-3\">\n\t<td class=\"column-1\">BT-6OZ<\/td><td class=\"column-2\">90*47*28<\/td><td class=\"column-3\">50*20=1000<\/td><td class=\"column-4\">90*47*28<\/td>\n<\/tr>\n<tr class=\"row-4\">\n\t<td class=\"column-1\">BT-8OZ<\/td><td class=\"column-2\">85*51*32<\/td><td class=\"column-3\">50*20=1000<\/td><td class=\"column-4\">85*51*32<\/td>\n<\/tr>\n<tr class=\"row-5\">\n\t<td class=\"column-1\">BT-1LB<\/td><td class=\"column-2\">98.4*60*35<\/td><td class=\"column-3\">50*20=1000<\/td><td class=\"column-4\">98.5*60*35<\/td>\n<\/tr>\n<tr class=\"row-6\">\n\t<td class=\"column-1\">BT-2LB<\/td><td class=\"column-2\">114*70*44.5<\/td><td class=\"column-3\">50*20=1000<\/td><td class=\"column-4\">114*70*44.5<\/td>\n<\/tr>\n<tr class=\"row-7\">\n\t<td class=\"column-1\">BT-2.5LB<\/td><td class=\"column-2\">127*79*44.5<\/td><td class=\"column-3\">50*10=500<\/td><td class=\"column-4\">127*79*44.5<\/td>\n<\/tr>\n<tr class=\"row-8\">\n\t<td class=\"column-1\">BT-3LB<\/td><td class=\"column-2\">133*83*44.5<\/td><td class=\"column-3\">50*10=500<\/td><td class=\"column-4\">133*83*44.5<\/td>\n<\/tr>\n<tr class=\"row-9\">\n\t<td class=\"column-1\">BT-5LB<\/td><td class=\"column-2\">171.5*92*51<\/td><td class=\"column-3\">50*10=500<\/td><td class=\"column-4\">171.5*92*51<\/td>\n<\/tr>\n<\/tbody>\n<\/table>\n<!-- #tablepress-4 from cache -->\n<p>&nbsp;<br \/>Le <strong>Plateau \u00e0 bateaux en papier 6 oz<\/strong> est essentiel pour l'industrie de la restauration rapide et des plats \u00e0 emporter. Ce plateau constitue un moyen efficace de servir et de pr\u00e9senter les aliments, ce qui en fait un choix id\u00e9al pour les restaurants et les services de restauration. <\/p>\n<p><strong>1. Mat\u00e9riaux et structure des plateaux<\/strong><br \/>Notre <strong>Plateau \u00e0 bateaux en papier 6 oz<\/strong> est fabriqu\u00e9 \u00e0 partir de mat\u00e9riaux de premi\u00e8re qualit\u00e9 tels que le papier kraft, le papier couch\u00e9 PE, le papier couch\u00e9 PLA ou le papier couch\u00e9 aqueux. Ces mat\u00e9riaux sont non seulement robustes, mais aussi respectueux de l'environnement. Ils assurent la s\u00e9curit\u00e9 alimentaire et garantissent que votre exp\u00e9rience gastronomique est sans danger pour tous. Le papier kraft est durable et viable. Le rev\u00eatement PE le rend r\u00e9sistant aux graisses et \u00e0 l'humidit\u00e9, ce qui lui permet d'\u00eatre utilis\u00e9 pour une grande vari\u00e9t\u00e9 de plats. Le rev\u00eatement PLA offre une option compostable pour les marques soucieuses du d\u00e9veloppement durable. Nos produits <strong>Barquettes en papier de 6 oz<\/strong> gardent vos portions fra\u00eeches et s\u00fbres, avec des options disponibles pour diff\u00e9rentes tailles. <\/p>\n<p><strong>2. Propri\u00e9t\u00e9s physiques et fonctionnelles<\/strong><br \/>Voici les dimensions d\u00e9taill\u00e9es et les donn\u00e9es d'application de nos produits. <strong>Plateau \u00e0 bateaux en papier 6 oz<\/strong>:<\/p>\n<table>\n<thead>\n<tr>\n<th>Objet<\/th>\n<th>Taille (MM)<\/th>\n<th>Emballage (pcs*bag)<\/th>\n<th>Taille du CTN (cm)<\/th>\n<\/tr>\n<\/thead>\n<tbody>\n<tr>\n<td>BT-4OZ<\/td>\n<td>75\u00d745\u00d732<\/td>\n<td>50\u00d720=1000<\/td>\n<td>75\u00d745\u00d732<\/td>\n<\/tr>\n<tr>\n<td>BT-6OZ<\/td>\n<td>90\u00d747\u00d728<\/td>\n<td>50\u00d720=1000<\/td>\n<td>90\u00d747\u00d728<\/td>\n<\/tr>\n<tr>\n<td>BT-8OZ<\/td>\n<td>85\u00d751\u00d732<\/td>\n<td>50\u00d720=1000<\/td>\n<td>85\u00d751\u00d732<\/td>\n<\/tr>\n<tr>\n<td>BT-1LB<\/td>\n<td>98.4\u00d760\u00d735<\/td>\n<td>50\u00d720=1000<\/td>\n<td>98.5\u00d760\u00d735<\/td>\n<\/tr>\n<tr>\n<td>BT-2LB<\/td>\n<td>114\u00d770\u00d744.5<\/td>\n<td>50\u00d720=1000<\/td>\n<td>114\u00d770\u00d744.5<\/td>\n<\/tr>\n<tr>\n<td>BT-2.5LB<\/td>\n<td>127\u00d779\u00d744.5<\/td>\n<td>50\u00d710=500<\/td>\n<td>127\u00d779\u00d744.5<\/td>\n<\/tr>\n<tr>\n<td>BT-3LB<\/td>\n<td>133\u00d783\u00d744.5<\/td>\n<td>50\u00d710=500<\/td>\n<td>133\u00d783\u00d744.5<\/td>\n<\/tr>\n<tr>\n<td>BT-5LB<\/td>\n<td>171.5\u00d792\u00d751<\/td>\n<td>50\u00d710=500<\/td>\n<td>171.5\u00d792\u00d751<\/td>\n<\/tr>\n<\/tbody>\n<\/table>\n<p>Pour plus de d\u00e9tails sur les diff\u00e9rentes capacit\u00e9s, consultez notre page \u00e0 ce sujet. <strong>Plateau de bateaux en papier 4 oz<\/strong>. Notre gamme diversifi\u00e9e garantit un transport et une pr\u00e9sentation s\u00fbrs. <\/p>\n<p><strong>3. Tailles et vari\u00e9t\u00e9s<\/strong><br \/>Nous proposons diff\u00e9rentes tailles pour nos <strong>Plateau \u00e0 bateaux en papier 6 oz<\/strong>Ces mod\u00e8les s'adaptent parfaitement aux diff\u00e9rentes portions de repas. Ces mod\u00e8les r\u00e9pondent \u00e0 des besoins sp\u00e9cifiques, qu'il s'agisse de cha\u00eenes de restauration rapide ou de services de restauration. Qu'il s'agisse de snacks ou de repas plus copieux, nos plateaux permettent \u00e0 vos aliments d'\u00eatre attrayants et faciles \u00e0 d\u00e9guster. <\/p>\n<p><strong>4. Performance et qualit\u00e9<\/strong><br \/>Notre <strong>Barquettes en papier de 6 oz<\/strong> sont de construction robuste, \u00e9vitant les d\u00e9versements et conservant leur forme. Ils sont faciles \u00e0 empiler, ce qui permet d'optimiser l'espace de stockage. <\/p>\n<p><strong>5. Section Assurance qualit\u00e9 et certifications<\/strong><br \/>Nous prenons la s\u00e9curit\u00e9 alimentaire au s\u00e9rieux. Nos plateaux sont approuv\u00e9s par la FDA, ce qui garantit que les mat\u00e9riaux ne pr\u00e9sentent aucun danger pour le contact avec les aliments. En outre, nos produits sont certifi\u00e9s FSC, ce qui garantit un approvisionnement durable en mati\u00e8res premi\u00e8res. Avec la certification BRCGS, nous respectons des normes \u00e9lev\u00e9es en mati\u00e8re de gestion de la s\u00e9curit\u00e9 alimentaire.  <\/p>\n<p><strong>6. Personnalisation et strat\u00e9gie de marque<\/strong><br \/>Vous pouvez personnaliser notre <strong>Plateau \u00e0 bateaux en papier 6 oz<\/strong> avec impression personnalis\u00e9e, ce qui permet de cr\u00e9er une image de marque. Choisissez parmi plusieurs couleurs et motifs pour correspondre \u00e0 l'identit\u00e9 de votre marque. <\/p>\n<p><strong>7. Commande, conditionnement et logistique<\/strong>  <\/p>\n<ul>\n<li>Quantit\u00e9 minimale de commande : Varie selon la taille.  <\/li>\n<li>D\u00e9tails de l'emballage : Emballage soign\u00e9 et s\u00e9curis\u00e9 pour la s\u00e9curit\u00e9 de l'exp\u00e9dition.  <\/li>\n<li>D\u00e9lai de production : Environ 30 jours.  <\/li>\n<li>Port d'exp\u00e9dition : Ningbo, Chine, ce qui garantit une livraison mondiale rapide et efficace.<\/li>\n<\/ul>\n<p>Notre <strong>Plateau \u00e0 bateaux en papier 6 oz<\/strong> est soutenu par notre usine en tant que fournisseur et fabricant leader dans ce domaine. Lorsque vous choisissez d'acheter en gros aupr\u00e8s de notre soci\u00e9t\u00e9, vous pouvez b\u00e9n\u00e9ficier de tarifs de gros ou de services OEM \u00e0 des prix de gros. Nous sommes fiers d'\u00eatre un exportateur fiable pour assurer la prosp\u00e9rit\u00e9 de votre entreprise. Pour des options li\u00e9es \u00e0 notre gamme de produits, pensez \u00e0 consulter nos <strong>Plateau \u00e0 bateaux en papier 6 oz<\/strong> collection.<\/p>\n<h2 style=\"\"text-align: center;\"\">Vid\u00e9o de la visite de l'usine :<\/h2>\n\n<p>&nbsp;<\/p>\n<p>&#8220;<\/p>","protected":false},"excerpt":{"rendered":"<p>Le plateau bateau en papier de 6 oz est con\u00e7u pour servir des aliments de mani\u00e8re pratique et \u00e9l\u00e9gante. Avec une sp\u00e9cification de 6 oz, il est id\u00e9al pour les stands de nourriture, les \u00e9v\u00e9nements en plein air et les f\u00eates. Avec son design en forme de bateau, il offre une pr\u00e9sentation unique pour les snacks et les amuse-gueules dans l'industrie de la restauration.<\/p>","protected":false},"featured_media":877,"comment_status":"open","ping_status":"closed","template":"","meta":[],"product_brand":[],"product_cat":[21,37],"product_tag":[],"class_list":{"0":"post-876","1":"product","2":"type-product","3":"status-publish","4":"has-post-thumbnail","6":"product_cat-products","7":"product_cat-paper-boat-trays","9":"first","10":"instock","11":"shipping-taxable","12":"product-type-simple"},"_links":{"self":[{"href":"https:\/\/ascentpak.com\/fr\/wp-json\/wp\/v2\/product\/876","targetHints":{"allow":["GET"]}}],"collection":[{"href":"https:\/\/ascentpak.com\/fr\/wp-json\/wp\/v2\/product"}],"about":[{"href":"https:\/\/ascentpak.com\/fr\/wp-json\/wp\/v2\/types\/product"}],"replies":[{"embeddable":true,"href":"https:\/\/ascentpak.com\/fr\/wp-json\/wp\/v2\/comments?post=876"}],"wp:featuredmedia":[{"embeddable":true,"href":"https:\/\/ascentpak.com\/fr\/wp-json\/wp\/v2\/media\/877"}],"wp:attachment":[{"href":"https:\/\/ascentpak.com\/fr\/wp-json\/wp\/v2\/media?parent=876"}],"wp:term":[{"taxonomy":"product_brand","embeddable":true,"href":"https:\/\/ascentpak.com\/fr\/wp-json\/wp\/v2\/product_brand?post=876"},{"taxonomy":"product_cat","embeddable":true,"href":"https:\/\/ascentpak.com\/fr\/wp-json\/wp\/v2\/product_cat?post=876"},{"taxonomy":"product_tag","embeddable":true,"href":"https:\/\/ascentpak.com\/fr\/wp-json\/wp\/v2\/product_tag?post=876"}],"curies":[{"name":"wp","href":"https:\/\/api.w.org\/{rel}","templated":true}]}}