{"id":871,"date":"2025-04-16T03:59:57","date_gmt":"2025-04-16T03:59:57","guid":{"rendered":"https:\/\/ascentpak.com\/?post_type=product&#038;p=871"},"modified":"2025-04-16T04:00:01","modified_gmt":"2025-04-16T04:00:01","slug":"4-oz-paper-boat-tray","status":"publish","type":"product","link":"https:\/\/ascentpak.com\/fr\/produit\/4-oz-paper-boat-tray\/","title":{"rendered":"Plateau de bateaux en papier 4 oz"},"content":{"rendered":"<p>&#8220;<\/p>\n\n<table id=\"tablepress-4\" class=\"tablepress tablepress-id-4\">\n<thead>\n<tr class=\"row-1\">\n\t<th class=\"column-1\">Objet<\/th><th class=\"column-2\">TAILLE (MM)<\/th><th class=\"column-3\">EMBALLAGE (PCS*BAG)<\/th><th class=\"column-4\">TAILLE DU CTN (CM)<\/th>\n<\/tr>\n<\/thead>\n<tbody class=\"row-striping row-hover\">\n<tr class=\"row-2\">\n\t<td class=\"column-1\">BT-4OZ<\/td><td class=\"column-2\">75*45*32<\/td><td class=\"column-3\">50*20=1000<\/td><td class=\"column-4\">75*45*32<\/td>\n<\/tr>\n<tr class=\"row-3\">\n\t<td class=\"column-1\">BT-6OZ<\/td><td class=\"column-2\">90*47*28<\/td><td class=\"column-3\">50*20=1000<\/td><td class=\"column-4\">90*47*28<\/td>\n<\/tr>\n<tr class=\"row-4\">\n\t<td class=\"column-1\">BT-8OZ<\/td><td class=\"column-2\">85*51*32<\/td><td class=\"column-3\">50*20=1000<\/td><td class=\"column-4\">85*51*32<\/td>\n<\/tr>\n<tr class=\"row-5\">\n\t<td class=\"column-1\">BT-1LB<\/td><td class=\"column-2\">98.4*60*35<\/td><td class=\"column-3\">50*20=1000<\/td><td class=\"column-4\">98.5*60*35<\/td>\n<\/tr>\n<tr class=\"row-6\">\n\t<td class=\"column-1\">BT-2LB<\/td><td class=\"column-2\">114*70*44.5<\/td><td class=\"column-3\">50*20=1000<\/td><td class=\"column-4\">114*70*44.5<\/td>\n<\/tr>\n<tr class=\"row-7\">\n\t<td class=\"column-1\">BT-2.5LB<\/td><td class=\"column-2\">127*79*44.5<\/td><td class=\"column-3\">50*10=500<\/td><td class=\"column-4\">127*79*44.5<\/td>\n<\/tr>\n<tr class=\"row-8\">\n\t<td class=\"column-1\">BT-3LB<\/td><td class=\"column-2\">133*83*44.5<\/td><td class=\"column-3\">50*10=500<\/td><td class=\"column-4\">133*83*44.5<\/td>\n<\/tr>\n<tr class=\"row-9\">\n\t<td class=\"column-1\">BT-5LB<\/td><td class=\"column-2\">171.5*92*51<\/td><td class=\"column-3\">50*10=500<\/td><td class=\"column-4\">171.5*92*51<\/td>\n<\/tr>\n<\/tbody>\n<\/table>\n<!-- #tablepress-4 from cache -->\n<p>&nbsp;<br \/>Pr\u00e9sentation de l'outil hautement fonctionnel <strong>Plateau de bateaux en papier 4 oz<\/strong>! Cet article essentiel est con\u00e7u pour les industries de la restauration rapide et de la vente \u00e0 emporter. Sa forme unique permet un service efficace et une pr\u00e9sentation attrayante de divers produits alimentaires.<\/p>\n<ul>\n<li><strong>Mat\u00e9riaux et structure des plateaux<\/strong><br \/>Notre <strong>Plateau de bateaux en papier 4 oz<\/strong> est fabriqu\u00e9 \u00e0 partir de mat\u00e9riaux de haute qualit\u00e9. Les options comprennent le papier kraft, le papier couch\u00e9 PE, le papier couch\u00e9 PLA ou le papier couch\u00e9 aqueux. Ces mat\u00e9riaux garantissent la s\u00e9curit\u00e9 alimentaire et mettent l'accent sur la durabilit\u00e9 environnementale :\n<ul>\n<li>Le papier kraft est une option solide et \u00e9cologique.<\/li>\n<li>Le rev\u00eatement PE permet au plateau de r\u00e9sister aux graisses et \u00e0 l'humidit\u00e9.<\/li>\n<li>Le rev\u00eatement PLA offre un choix compostable pour les marques soucieuses de l'environnement.<\/li>\n<\/ul>\n<\/li>\n<\/ul>\n<p>Gr\u00e2ce \u00e0 notre construction robuste, vous pouvez \u00eatre s\u00fbr que vos portions resteront fra\u00eeches et en s\u00e9curit\u00e9. Consultez la gamme compl\u00e8te des sp\u00e9cifications sur <a href=\"\"https:>la page de d\u00e9tail de ce produit<\/a>.<\/p>\n<ul>\n<li><strong>Propri\u00e9t\u00e9s physiques et fonctionnelles<\/strong><br \/>Le <strong>Plateau de bateaux en papier 4 oz<\/strong> mesure 75\u00d745\u00d732 mm et convient parfaitement \u00e0 diverses applications. Voici un aper\u00e7u de nos options de plateaux :<\/li>\n<\/ul>\n<table>\n<thead>\n<tr>\n<th>Objet<\/th>\n<th>Taille (MM)<\/th>\n<th>Emballage (pcs*bag)<\/th>\n<th>Taille du CTN (cm)<\/th>\n<\/tr>\n<\/thead>\n<tbody>\n<tr>\n<td>BT-4OZ<\/td>\n<td>75\u00d745\u00d732<\/td>\n<td>50\u00d720=1000<\/td>\n<td>75\u00d745\u00d732<\/td>\n<\/tr>\n<tr>\n<td>BT-6OZ<\/td>\n<td>90\u00d747\u00d728<\/td>\n<td>50\u00d720=1000<\/td>\n<td>90\u00d747\u00d728<\/td>\n<\/tr>\n<tr>\n<td>BT-8OZ<\/td>\n<td>85\u00d751\u00d732<\/td>\n<td>50\u00d720=1000<\/td>\n<td>85\u00d751\u00d732<\/td>\n<\/tr>\n<\/tbody>\n<\/table>\n<p>Notre s\u00e9lection vari\u00e9e de <strong>Barquettes en papier de 4 oz<\/strong> garantit un transport s\u00fbr et rehausse l'attrait visuel de vos repas. D\u00e9couvrez les variations et les tailles disponibles sur <a href=\"\"https:>cette page informative<\/a>.<\/p>\n<ul>\n<li>\n<p><strong>Tailles et vari\u00e9t\u00e9s<\/strong><br \/>De l'en-cas au grand repas, notre <strong>Plateau de bateaux en papier 4 oz<\/strong> s'int\u00e8gre parfaitement dans les cha\u00eenes de restauration rapide et les services de restauration. Vous pouvez les acheter en vrac dans diff\u00e9rentes tailles, ce qui permet de les adapter \u00e0 chaque plat.<\/p>\n<\/li>\n<li>\n<p><strong>Performance et qualit\u00e9<\/strong><br \/>La construction robuste de nos <strong>Plateau de bateaux en papier 4 oz<\/strong> emp\u00eache les d\u00e9versements et conserve sa forme pendant le transport. Ils sont con\u00e7us pour s'empiler facilement, ce qui vous offre des options de stockage pratiques. Vous pouvez compter sur nos plateaux pour vous livrer des plats en parfait \u00e9tat. <\/p>\n<\/li>\n<li>\n<p><strong>Section assurance qualit\u00e9 et certifications<\/strong><br \/>Nous prenons la s\u00e9curit\u00e9 alimentaire au s\u00e9rieux. Notre <strong>Barquettes en papier de 4 oz<\/strong> sont approuv\u00e9s par la FDA et certifi\u00e9s par le FSC, ce qui garantit des mat\u00e9riaux s\u00fbrs pour le contact alimentaire. Nous d\u00e9tenons \u00e9galement la certification BRCGS pour une gestion de la s\u00e9curit\u00e9 alimentaire de haut niveau.<\/p>\n<\/li>\n<li>\n<p><strong>Personnalisation et strat\u00e9gie de marque<\/strong><br \/>Nous proposons des options de personnalisation, y compris l'impression sur mesure pour renforcer l'identit\u00e9 de votre marque. Choisissez parmi les diff\u00e9rentes couleurs et motifs qui correspondent \u00e0 votre style unique.<\/p>\n<\/li>\n<li>\n<p><strong>Commande, conditionnement et logistique<\/strong><br \/>Nous r\u00e9pondons \u00e0 vos besoins gr\u00e2ce \u00e0 des options flexibles. La quantit\u00e9 minimale de commande varie en fonction de la taille, et nos <strong>Barquettes en papier de 4 oz<\/strong> sont emball\u00e9s de mani\u00e8re s\u00fbre pour garantir leur s\u00e9curit\u00e9 pendant le transport. L'efficacit\u00e9 de notre usine en Chine nous permet de g\u00e9rer efficacement les commandes en gros. Le d\u00e9lai de production est d'environ 30 jours et l'exp\u00e9dition est effectu\u00e9e par notre exportateur fiable, ce qui garantit une livraison rapide \u00e0 l'\u00e9chelle mondiale.<\/p>\n<\/li>\n<\/ul>\n<p>Pour en savoir plus ou passer votre commande, consultez nos options OEM et nos produits en gros adapt\u00e9s aux besoins de votre entreprise. C'est l'occasion de travailler avec un <strong>fabricant<\/strong> et <strong>fournisseur<\/strong> qui peut r\u00e9pondre \u00e0 vos exigences en mati\u00e8re de qualit\u00e9 <strong>Barquettes en papier de 4 oz<\/strong>.<\/p>\n<h2 style=\"\"text-align: center;\"\">Vid\u00e9o de la visite de l'usine :<\/h2>\n\n<p>&nbsp;<\/p>\n<p>&#8220;<\/p>","protected":false},"excerpt":{"rendered":"<p>Le plateau en papier 4 oz est con\u00e7u pour servir des aliments lors d'\u00e9v\u00e9nements et de rassemblements. Avec une sp\u00e9cification de 4 oz, il est id\u00e9al pour les amuse-gueules, les snacks et les portions. Fabriqu\u00e9 en papier durable, il est pratique et \u00e9cologique pour l'industrie de la restauration.<\/p>","protected":false},"featured_media":872,"comment_status":"open","ping_status":"closed","template":"","meta":[],"product_brand":[],"product_cat":[21,37],"product_tag":[],"class_list":{"0":"post-871","1":"product","2":"type-product","3":"status-publish","4":"has-post-thumbnail","6":"product_cat-products","7":"product_cat-paper-boat-trays","9":"first","10":"instock","11":"shipping-taxable","12":"product-type-simple"},"_links":{"self":[{"href":"https:\/\/ascentpak.com\/fr\/wp-json\/wp\/v2\/product\/871","targetHints":{"allow":["GET"]}}],"collection":[{"href":"https:\/\/ascentpak.com\/fr\/wp-json\/wp\/v2\/product"}],"about":[{"href":"https:\/\/ascentpak.com\/fr\/wp-json\/wp\/v2\/types\/product"}],"replies":[{"embeddable":true,"href":"https:\/\/ascentpak.com\/fr\/wp-json\/wp\/v2\/comments?post=871"}],"wp:featuredmedia":[{"embeddable":true,"href":"https:\/\/ascentpak.com\/fr\/wp-json\/wp\/v2\/media\/872"}],"wp:attachment":[{"href":"https:\/\/ascentpak.com\/fr\/wp-json\/wp\/v2\/media?parent=871"}],"wp:term":[{"taxonomy":"product_brand","embeddable":true,"href":"https:\/\/ascentpak.com\/fr\/wp-json\/wp\/v2\/product_brand?post=871"},{"taxonomy":"product_cat","embeddable":true,"href":"https:\/\/ascentpak.com\/fr\/wp-json\/wp\/v2\/product_cat?post=871"},{"taxonomy":"product_tag","embeddable":true,"href":"https:\/\/ascentpak.com\/fr\/wp-json\/wp\/v2\/product_tag?post=871"}],"curies":[{"name":"wp","href":"https:\/\/api.w.org\/{rel}","templated":true}]}}