{"id":800,"date":"2025-04-16T01:27:11","date_gmt":"2025-04-16T01:27:11","guid":{"rendered":"https:\/\/ascentpak.com\/?post_type=product&#038;p=800"},"modified":"2025-04-16T01:27:15","modified_gmt":"2025-04-16T01:27:15","slug":"500ml-salad-paper-bowl","status":"publish","type":"product","link":"https:\/\/ascentpak.com\/fr\/produit\/500ml-salad-paper-bowl\/","title":{"rendered":"Saladier en papier 500ML"},"content":{"rendered":"<p>&#8220;<\/p>\n\n<table id=\"tablepress-2\" class=\"tablepress tablepress-id-2\">\n<thead>\n<tr class=\"row-1\">\n\t<th class=\"column-1\">Objet<\/th><th class=\"column-2\">TAILLE (MM)<\/th><th class=\"column-3\">EMBALLAGE (PCS*BAG)<\/th><th class=\"column-4\">TAILLE DU CTN (CM)<\/th>\n<\/tr>\n<\/thead>\n<tbody class=\"row-striping row-hover\">\n<tr class=\"row-2\">\n\t<td class=\"column-1\">SL-21OZ<\/td><td class=\"column-2\">142*120*65<\/td><td class=\"column-3\">25*20=500<\/td><td class=\"column-4\">72*58*31.5<\/td>\n<\/tr>\n<tr class=\"row-3\">\n\t<td class=\"column-1\">SL-22OZ<\/td><td class=\"column-2\">142*115*77.5<\/td><td class=\"column-3\">25*20=500<\/td><td class=\"column-4\">72*58*32.5<\/td>\n<\/tr>\n<tr class=\"row-4\">\n\t<td class=\"column-1\">SL-23OZ<\/td><td class=\"column-2\">142*116*81<\/td><td class=\"column-3\">25*20=500<\/td><td class=\"column-4\">72*58*33<\/td>\n<\/tr>\n<tr class=\"row-5\">\n\t<td class=\"column-1\">SL-24OZ<\/td><td class=\"column-2\">142*113*86<\/td><td class=\"column-3\">25*20=500<\/td><td class=\"column-4\">72*58*35<\/td>\n<\/tr>\n<tr class=\"row-6\">\n\t<td class=\"column-1\">SL-32OZ<\/td><td class=\"column-2\">142*106*103<\/td><td class=\"column-3\">25*20=500<\/td><td class=\"column-4\">72*58*35.5<\/td>\n<\/tr>\n<tr class=\"row-7\">\n\t<td class=\"column-1\">SL-500ML<\/td><td class=\"column-2\">150*128*48<\/td><td class=\"column-3\">50*6=300<\/td><td class=\"column-4\">46*31*43<\/td>\n<\/tr>\n<tr class=\"row-8\">\n\t<td class=\"column-1\">SL-750ML<\/td><td class=\"column-2\">150*128*60<\/td><td class=\"column-3\">50*6=300<\/td><td class=\"column-4\">46*31*44<\/td>\n<\/tr>\n<tr class=\"row-9\">\n\t<td class=\"column-1\">SL-1000ML<\/td><td class=\"column-2\">150*128*75<\/td><td class=\"column-3\">50*6=300<\/td><td class=\"column-4\">46*31*46<\/td>\n<\/tr>\n<tr class=\"row-10\">\n\t<td class=\"column-1\">SL-1100ML<\/td><td class=\"column-2\">165*144*65<\/td><td class=\"column-3\">50*6=300<\/td><td class=\"column-4\">51*34.5*51<\/td>\n<\/tr>\n<tr class=\"row-11\">\n\t<td class=\"column-1\">SL-1300ML(165)<\/td><td class=\"column-2\">165*144*75<\/td><td class=\"column-3\">50*6=300<\/td><td class=\"column-4\">51*34.5*52.5<\/td>\n<\/tr>\n<tr class=\"row-12\">\n\t<td class=\"column-1\">SL-1300ML(184)<\/td><td class=\"column-2\">184*160*65<\/td><td class=\"column-3\">50*6=300<\/td><td class=\"column-4\">56.5*37.5*50<\/td>\n<\/tr>\n<tr class=\"row-13\">\n\t<td class=\"column-1\">SL-1500ML<\/td><td class=\"column-2\">184*160*75<\/td><td class=\"column-3\">50*6=300<\/td><td class=\"column-4\">57*38*52.5<\/td>\n<\/tr>\n<tr class=\"row-14\">\n\t<td class=\"column-1\">142MM SL-142MM COUVERCLE PAPIER<\/td><td class=\"column-2\">\u03c6142MM<\/td><td class=\"column-3\">25*20=500<\/td><td class=\"column-4\">73*38*59<\/td>\n<\/tr>\n<tr class=\"row-15\">\n\t<td class=\"column-1\">150MM SL-150MM COUVERCLE PAPIER<\/td><td class=\"column-2\">\u03c6150MM<\/td><td class=\"column-3\">18*20=360<\/td><td class=\"column-4\">63*37*47<\/td>\n<\/tr>\n<tr class=\"row-16\">\n\t<td class=\"column-1\">184MM SL-184MM COUVERCLE PAPIER<\/td><td class=\"column-2\">\u03c6184MM<\/td><td class=\"column-3\">20*10=200<\/td><td class=\"column-4\">78*38*58<\/td>\n<\/tr>\n<\/tbody>\n<\/table>\n<!-- #tablepress-2 from cache -->\n<p>&nbsp;<br \/>Le saladier en papier de 500 ml est un atout essentiel dans les secteurs de l'alimentation saine et de la vente \u00e0 emporter. Ce saladier sert et pr\u00e9sente efficacement les salades, ce qui le rend id\u00e9al pour les caf\u00e9s et les cha\u00eenes de restaurants. Pour en savoir plus sur les diff\u00e9rents types de saladiers, consultez le site <a href=\"\"https:>cette page<\/a>.<\/p>\n<p><strong>1. Mat\u00e9riaux et structure de la cuvette<\/strong><br \/>Notre saladier en papier de 500 ml est fabriqu\u00e9 \u00e0 partir de mat\u00e9riaux de haute qualit\u00e9 pour garantir la s\u00e9curit\u00e9 et la durabilit\u00e9 :  <\/p>\n<ul>\n<li><strong>Papier kraft<\/strong> offre une solution solide et respectueuse de l'environnement.  <\/li>\n<li><strong>Rev\u00eatement PE<\/strong> garantit la r\u00e9sistance \u00e0 l'humidit\u00e9, id\u00e9al pour les salades fra\u00eeches.  <\/li>\n<li><strong>Rev\u00eatement PLA<\/strong> est une option compostable pour les marques soucieuses de l'environnement.<\/li>\n<\/ul>\n<p>Nous donnons la priorit\u00e9 \u00e0 l'int\u00e9grit\u00e9 structurelle et \u00e0 la commodit\u00e9 dans notre conception, pour que vos salades restent fra\u00eeches et s\u00fbres.  <\/p>\n<p><strong>2. Propri\u00e9t\u00e9s physiques et fonctionnelles<\/strong><br \/>Nos donn\u00e9es d\u00e9taill\u00e9es sur la taille et l'application du saladier en papier de 500ML sont les suivantes :  <\/p>\n<table>\n<thead>\n<tr>\n<th><strong>Objet<\/strong><\/th>\n<th><strong>Taille (MM)<\/strong><\/th>\n<th><strong>Emballage (pcs*bag)<\/strong><\/th>\n<th><strong>Taille du CTN (cm)<\/strong><\/th>\n<\/tr>\n<\/thead>\n<tbody>\n<tr>\n<td>SL-500ML<\/td>\n<td>150\u00d7128\u00d748<\/td>\n<td>50\u00d76=300<\/td>\n<td>46\u00d731\u00d743<\/td>\n<\/tr>\n<\/tbody>\n<\/table>\n<p>Notre gamme diversifi\u00e9e de bols r\u00e9pond \u00e0 des besoins vari\u00e9s et garantit un transport s\u00fbr. Vous pouvez obtenir plus de d\u00e9tails sur ces tailles \u00e0 l'adresse suivante <a href=\"\"https:>ce lien<\/a>.<\/p>\n<p><strong>3. Tailles et vari\u00e9t\u00e9s<\/strong><br \/>Nous proposons diff\u00e9rents styles et variantes du saladier en papier de 500ML :  <\/p>\n<ul>\n<li>Des tailles adapt\u00e9es \u00e0 diff\u00e9rentes portions de salade.  <\/li>\n<li>Profondeurs et diam\u00e8tres adapt\u00e9s pour un ajustement id\u00e9al.<\/li>\n<\/ul>\n<p>Ces bols sont parfaits pour les services de vente \u00e0 emporter et les caf\u00e9s, car ils offrent une excellente protection \u00e0 vos repas.  <\/p>\n<p><strong>4. Performance et qualit\u00e9<\/strong><br \/>Nos bols sont dot\u00e9s de caract\u00e9ristiques qui en facilitent l'utilisation :  <\/p>\n<ul>\n<li><strong>Construction robuste<\/strong> maintient les bols en forme et \u00e9vite les d\u00e9versements.  <\/li>\n<li><strong>Empilage facile<\/strong> facilite le rangement.<\/li>\n<\/ul>\n<p>Ces caract\u00e9ristiques de qualit\u00e9 font de nos saladiers en papier de 500ML des produits fiables pour servir les salades dans des conditions optimales.  <\/p>\n<p><strong>5. Section Assurance qualit\u00e9 et certifications<\/strong><br \/>Nos bols r\u00e9pondent aux normes de s\u00e9curit\u00e9 alimentaire :  <\/p>\n<ul>\n<li><strong>Approuv\u00e9 par la FDA<\/strong> garantissent la s\u00e9curit\u00e9 du contact avec les aliments.  <\/li>\n<li><strong>Certifi\u00e9 FSC<\/strong> pour un approvisionnement durable.  <\/li>\n<li><strong>Certifi\u00e9 BRCGS<\/strong> pour des normes \u00e9lev\u00e9es de gestion de la s\u00e9curit\u00e9 alimentaire.<\/li>\n<\/ul>\n<p>Nous nous engageons en faveur de la qualit\u00e9 et de la responsabilit\u00e9 environnementale.  <\/p>\n<p><strong>6. Personnalisation et strat\u00e9gie de marque<\/strong><br \/>Nous proposons des options de personnalisation telles que :  <\/p>\n<ul>\n<li><strong>Impression personnalis\u00e9e<\/strong> pour les possibilit\u00e9s de promotion de l'image de marque.  <\/li>\n<li>Une vari\u00e9t\u00e9 de couleurs et de designs pour s'aligner sur l'identit\u00e9 de votre marque.<\/li>\n<\/ul>\n<p><strong>7. Commande, conditionnement et logistique<\/strong><br \/>Notre processus de commande comprend  <\/p>\n<ul>\n<li>La quantit\u00e9 minimale de commande varie en fonction de la taille.  <\/li>\n<li>Nos produits sont emball\u00e9s de mani\u00e8re s\u00e9curis\u00e9e pour une exp\u00e9dition en toute s\u00e9curit\u00e9.  <\/li>\n<li>Le d\u00e9lai de production est d'environ 30 jours.  <\/li>\n<li>Port d'exp\u00e9dition : Ningbo, Chine pour une livraison globale.<\/li>\n<\/ul>\n<p>Nous vous invitons \u00e0 <a href=\"\"https:>achat en gros<\/a> nos saladiers en papier 500ML au prix de gros de notre usine. En tant que fabricant et producteur de confiance, nous sommes l\u00e0 pour r\u00e9pondre efficacement \u00e0 vos besoins commerciaux.<\/p>\n<h2 style=\"\"text-align: center;\"\">Vid\u00e9o de la visite de l'usine :<\/h2>\n\n<p>&nbsp;<\/p>\n<p>&#8220;<\/p>","protected":false},"excerpt":{"rendered":"<p>Le saladier en papier 500ML est con\u00e7u pour servir des salades fra\u00eeches et des plats \u00e0 emporter. Avec une capacit\u00e9 de 500 ml, il est id\u00e9al pour les restaurants, les services de restauration et les food trucks. Fabriqu\u00e9 en papier biod\u00e9gradable, il offre une solution \u00e9cologique pour la restauration dans l'industrie alimentaire.<\/p>","protected":false},"featured_media":801,"comment_status":"open","ping_status":"closed","template":"","meta":[],"product_brand":[],"product_cat":[21,31],"product_tag":[],"class_list":{"0":"post-800","1":"product","2":"type-product","3":"status-publish","4":"has-post-thumbnail","6":"product_cat-products","7":"product_cat-paper-salad-bowls","9":"first","10":"instock","11":"shipping-taxable","12":"product-type-simple"},"_links":{"self":[{"href":"https:\/\/ascentpak.com\/fr\/wp-json\/wp\/v2\/product\/800","targetHints":{"allow":["GET"]}}],"collection":[{"href":"https:\/\/ascentpak.com\/fr\/wp-json\/wp\/v2\/product"}],"about":[{"href":"https:\/\/ascentpak.com\/fr\/wp-json\/wp\/v2\/types\/product"}],"replies":[{"embeddable":true,"href":"https:\/\/ascentpak.com\/fr\/wp-json\/wp\/v2\/comments?post=800"}],"wp:featuredmedia":[{"embeddable":true,"href":"https:\/\/ascentpak.com\/fr\/wp-json\/wp\/v2\/media\/801"}],"wp:attachment":[{"href":"https:\/\/ascentpak.com\/fr\/wp-json\/wp\/v2\/media?parent=800"}],"wp:term":[{"taxonomy":"product_brand","embeddable":true,"href":"https:\/\/ascentpak.com\/fr\/wp-json\/wp\/v2\/product_brand?post=800"},{"taxonomy":"product_cat","embeddable":true,"href":"https:\/\/ascentpak.com\/fr\/wp-json\/wp\/v2\/product_cat?post=800"},{"taxonomy":"product_tag","embeddable":true,"href":"https:\/\/ascentpak.com\/fr\/wp-json\/wp\/v2\/product_tag?post=800"}],"curies":[{"name":"wp","href":"https:\/\/api.w.org\/{rel}","templated":true}]}}