{"id":795,"date":"2025-04-16T01:18:32","date_gmt":"2025-04-16T01:18:32","guid":{"rendered":"https:\/\/ascentpak.com\/?post_type=product&#038;p=795"},"modified":"2025-04-16T01:18:37","modified_gmt":"2025-04-16T01:18:37","slug":"32-oz-soup-paper-bowl","status":"publish","type":"product","link":"https:\/\/ascentpak.com\/fr\/produit\/32-oz-soup-paper-bowl\/","title":{"rendered":"Bol en papier pour soupe de 32 oz"},"content":{"rendered":"<p>&#8220;<\/p>\n\n<table id=\"tablepress-1\" class=\"tablepress tablepress-id-1\">\n<thead>\n<tr class=\"row-1\">\n\t<th class=\"column-1\">                 Objet<\/th><th class=\"column-2\">             TAILLE (MM)<\/th><th class=\"column-3\">     EMBALLAGE (PCS*BAG)<\/th><th class=\"column-4\">          TAILLE DU CTN (CM)<\/th>\n<\/tr>\n<\/thead>\n<tbody class=\"row-striping row-hover\">\n<tr class=\"row-2\">\n\t<td class=\"column-1\">SB-8OZ (96MM)<\/td><td class=\"column-2\">96*77*60<\/td><td class=\"column-3\">25*20=500<\/td><td class=\"column-4\">49.5*39.5*27.5<\/td>\n<\/tr>\n<tr class=\"row-3\">\n\t<td class=\"column-1\">SB-8OZ (90MM)<\/td><td class=\"column-2\">90*75*63<\/td><td class=\"column-3\">25*20=500<\/td><td class=\"column-4\">46.5*37.5*28<\/td>\n<\/tr>\n<tr class=\"row-4\">\n\t<td class=\"column-1\">SB-12OZ (96MM)<\/td><td class=\"column-2\">96*82*67<\/td><td class=\"column-3\">25*20=500<\/td><td class=\"column-4\">49.5*39.5*31.5<\/td>\n<\/tr>\n<tr class=\"row-5\">\n\t<td class=\"column-1\">SB-12OZ (90MM)<\/td><td class=\"column-2\">90*73*88<\/td><td class=\"column-3\">25*20=500<\/td><td class=\"column-4\">46.5*37.5*33.5<\/td>\n<\/tr>\n<tr class=\"row-6\">\n\t<td class=\"column-1\">SB-16OZ (96MM)<\/td><td class=\"column-2\">96*78*96<\/td><td class=\"column-3\">25*20=500<\/td><td class=\"column-4\">49.5*39.5*35<\/td>\n<\/tr>\n<tr class=\"row-7\">\n\t<td class=\"column-1\">SB-12OZ (115MM)<\/td><td class=\"column-2\">115*93*63<\/td><td class=\"column-3\">25*20=500<\/td><td class=\"column-4\">58.5*46.5*27<\/td>\n<\/tr>\n<tr class=\"row-8\">\n\t<td class=\"column-1\">SB-16OZ (115MM)<\/td><td class=\"column-2\">115*96*78<\/td><td class=\"column-3\">25*20=500<\/td><td class=\"column-4\">58.5*46.5*31<\/td>\n<\/tr>\n<tr class=\"row-9\">\n\t<td class=\"column-1\">SB-26OZ (115MM)<\/td><td class=\"column-2\">115*89*115<\/td><td class=\"column-3\">25*20=500<\/td><td class=\"column-4\">58.5*46.5*40.5<\/td>\n<\/tr>\n<tr class=\"row-10\">\n\t<td class=\"column-1\">SB-32OZ (115MM)<\/td><td class=\"column-2\">115*91*133<\/td><td class=\"column-3\">25*20=500<\/td><td class=\"column-4\">58.5*46.5*40.5<\/td>\n<\/tr>\n<\/tbody>\n<\/table>\n<!-- #tablepress-1 from cache -->\n<p>&nbsp;<\/p>\n<p>Le <strong>Bol en papier pour soupe de 32 oz<\/strong> est essentiel dans l'industrie de l'emballage des aliments et des boissons. Il est sp\u00e9cialement con\u00e7u pour contenir les soupes et les rago\u00fbts chauds tout en maintenant la temp\u00e9rature et la structure des aliments. Vous pouvez compter sur la qualit\u00e9 et la durabilit\u00e9 de ce produit pour am\u00e9liorer votre service.<\/p>\n<ol>\n<li>\n<p><strong>Mat\u00e9riaux et structure des godets<\/strong><br \/>Notre <strong>Bol en papier pour soupe de 32 oz<\/strong> est fabriqu\u00e9 \u00e0 partir de mat\u00e9riaux de premi\u00e8re qualit\u00e9. Nous utilisons du papier kraft, du papier couch\u00e9 PE, du papier couch\u00e9 PLA et du papier couch\u00e9 aqueux. Ces mat\u00e9riaux ne respectent pas seulement les normes de s\u00e9curit\u00e9, mais favorisent \u00e9galement le d\u00e9veloppement durable :  <\/p>\n<ul>\n<li>Le papier kraft constitue une solution solide et \u00e9cologique.  <\/li>\n<li>Le rev\u00eatement PE garantit que le seau est r\u00e9sistant aux graisses et durable.  <\/li>\n<li>Le rev\u00eatement PLA constitue une option compostable et durable pour les marques soucieuses de l'environnement.  <\/li>\n<li>Le rev\u00eatement aqueux est une option \u00e0 base d'eau, non toxique et respectueuse de l'environnement, qui permet d'obtenir une finition lisse tout en pr\u00e9servant l'int\u00e9grit\u00e9 du seau.<br \/>Nos bols \u00e0 soupe en papier de 32 oz ont une construction solide qui garantit que vos soupes restent chaudes sans compromettre la qualit\u00e9 pendant le transport.<\/li>\n<\/ul>\n<\/li>\n<li>\n<p><strong>Propri\u00e9t\u00e9s physiques et fonctionnelles<\/strong><br \/>Le <strong>Bol en papier pour soupe de 32 oz<\/strong> est con\u00e7u pour diverses applications. Voici les sp\u00e9cifications d\u00e9taill\u00e9es :<\/p>\n<\/li>\n<\/ol>\n<ul>\n<li><strong>SB-32OZ (115MM)<\/strong>: 115\u00d791\u00d7133mm, emballage 25\u00d720 = 500 pcs, taille du carton 58.5\u00d746.5\u00d740.5 cm.<br \/>Sa conception robuste permet de maintenir votre soupe en toute s\u00e9curit\u00e9, tout en pr\u00e9servant sa haute qualit\u00e9. Pour plus d'options, consultez notre <a href=\"\"https:>Bol en papier pour soupe de 8 oz<\/a> et <a href=\"\"https:>Bol en papier pour soupe de 12 oz<\/a>.<\/li>\n<\/ul>\n<ol start=\"\"3\"\">\n<li><strong>Section des tailles et des vari\u00e9t\u00e9s<\/strong><br \/>Nous proposons une vari\u00e9t\u00e9 de styles et de tailles pour nos <strong>Bol en papier pour soupe de 32 oz<\/strong>:<\/li>\n<\/ol>\n<ul>\n<li>Tailles : SB-8OZ, SB-12OZ, SB-16OZ, SB-26OZ, SB-32OZ.  <\/li>\n<li>Plusieurs options de diam\u00e8tre (90MM, 96MM, 115MM) disponibles pour des besoins divers.<br \/>Ces tailles sont adapt\u00e9es \u00e0 diff\u00e9rents services, tels que les petits seaux pour les portions individuelles ou les grands seaux pour les repas familiaux.<\/li>\n<\/ul>\n<ol start=\"\"4\"\">\n<li><strong>Performance et qualit\u00e9<\/strong><br \/>Notre <strong>Bol en papier pour soupe de 32 oz<\/strong> poss\u00e8de des caract\u00e9ristiques qui am\u00e9liorent la convivialit\u00e9 :<\/li>\n<\/ol>\n<ul>\n<li>Doublure \u00e9tanche et r\u00e9sistante aux graisses pour un emballage sans d\u00e9g\u00e2ts.  <\/li>\n<li>Construction robuste pour \u00e9viter les d\u00e9formations.  <\/li>\n<li>Conception empilable pour faciliter le stockage et la manipulation.<br \/>Chaque bol est con\u00e7u pour ne pas se renverser, ce qui le rend parfait pour la restauration, la vente \u00e0 emporter ou la livraison.<\/li>\n<\/ul>\n<ol start=\"\"5\"\">\n<li>\n<p><strong>Assurance qualit\u00e9 et certifications<\/strong><br \/>Nous appliquons des mesures strictes de contr\u00f4le de la qualit\u00e9. Chaque lot du <strong>Bol en papier pour soupe de 32 oz<\/strong> est soumis \u00e0 des tests de solidit\u00e9, de r\u00e9sistance aux fuites et de conformit\u00e9 aux r\u00e9glementations en mati\u00e8re de s\u00e9curit\u00e9 alimentaire. Nos bols sont approuv\u00e9s par la FDA et nos installations sont certifi\u00e9es ISO 9001, ISO 14001, FSC et BRCGS, ce qui vous garantit des produits de qualit\u00e9 sup\u00e9rieure.  <\/p>\n<\/li>\n<li>\n<p><strong>Personnalisation et strat\u00e9gie de marque<\/strong><br \/>Vous pouvez personnaliser votre <strong>Bol en papier pour soupe de 32 oz<\/strong>. Nous proposons des options telles que :<\/p>\n<\/li>\n<\/ol>\n<ul>\n<li>Impression de logos personnalis\u00e9s pour une plus grande visibilit\u00e9.  <\/li>\n<li>Plusieurs choix de tailles et de couleurs pour s'adapter \u00e0 l'identit\u00e9 de votre marque.<br \/>Rehaussez votre marque avec des designs personnalis\u00e9s sur des mat\u00e9riaux respectueux de l'environnement, laissant une impression durable sur les clients.<\/li>\n<\/ul>\n<ol start=\"\"7\"\">\n<li><strong>Commande, conditionnement et logistique<\/strong><\/li>\n<\/ol>\n<ul>\n<li><strong>Quantit\u00e9 minimale de commande<\/strong>: 50 000 pi\u00e8ces.  <\/li>\n<li><strong>D\u00e9tails de l'emballage<\/strong>: Emballage s\u00e9curis\u00e9 pour une exp\u00e9dition en toute s\u00e9curit\u00e9.  <\/li>\n<li><strong>D\u00e9lai de production<\/strong>: Environ 30 jours.  <\/li>\n<li><strong>Port d'embarquement<\/strong>: Ningbo, Chine, garantit une livraison rapide et efficace dans le monde entier.<br \/>Nos bols sont soigneusement emball\u00e9s pour \u00e9viter tout dommage pendant le transport. Gr\u00e2ce \u00e0 la production dans une usine fiable, vous pouvez acheter en vrac \u00e0 des prix de gros comp\u00e9titifs, ce qui est id\u00e9al pour les exportateurs et les besoins OEM.<\/li>\n<\/ul>\n<p>D\u00e9couvrez la gamme de nos bols \u00e0 soupe, y compris notre <a href=\"\"https:>Bol en papier de 16 oz pour la soupe<\/a> et <a href=\"\"https:>Bols \u00e0 soupe en papier de 26 oz<\/a>. Faites l'exp\u00e9rience de la qualit\u00e9 et de l'excellence du service avec nos <strong>Bol en papier pour soupe de 32 oz<\/strong> aujourd'hui !<\/p>\n<h2 style=\"\"text-align: center;\"\">Vid\u00e9o de la visite de l'usine :<\/h2>\n\n<p>&nbsp;<\/p>\n<p>&#8220;<\/p>","protected":false},"excerpt":{"rendered":"<p>Le bol en papier pour soupe de 32 oz est con\u00e7u pour servir des soupes chaudes et des repas \u00e0 emporter. Avec une capacit\u00e9 de 32 oz, il est id\u00e9al pour les restaurants, les food trucks et les services de restauration. De construction robuste, il offre une durabilit\u00e9 fiable pour l'industrie de la restauration.<\/p>","protected":false},"featured_media":796,"comment_status":"open","ping_status":"closed","template":"","meta":[],"product_brand":[],"product_cat":[21,32],"product_tag":[],"class_list":{"0":"post-795","1":"product","2":"type-product","3":"status-publish","4":"has-post-thumbnail","6":"product_cat-products","7":"product_cat-paper-soup-cups","9":"first","10":"instock","11":"shipping-taxable","12":"product-type-simple"},"_links":{"self":[{"href":"https:\/\/ascentpak.com\/fr\/wp-json\/wp\/v2\/product\/795","targetHints":{"allow":["GET"]}}],"collection":[{"href":"https:\/\/ascentpak.com\/fr\/wp-json\/wp\/v2\/product"}],"about":[{"href":"https:\/\/ascentpak.com\/fr\/wp-json\/wp\/v2\/types\/product"}],"replies":[{"embeddable":true,"href":"https:\/\/ascentpak.com\/fr\/wp-json\/wp\/v2\/comments?post=795"}],"wp:featuredmedia":[{"embeddable":true,"href":"https:\/\/ascentpak.com\/fr\/wp-json\/wp\/v2\/media\/796"}],"wp:attachment":[{"href":"https:\/\/ascentpak.com\/fr\/wp-json\/wp\/v2\/media?parent=795"}],"wp:term":[{"taxonomy":"product_brand","embeddable":true,"href":"https:\/\/ascentpak.com\/fr\/wp-json\/wp\/v2\/product_brand?post=795"},{"taxonomy":"product_cat","embeddable":true,"href":"https:\/\/ascentpak.com\/fr\/wp-json\/wp\/v2\/product_cat?post=795"},{"taxonomy":"product_tag","embeddable":true,"href":"https:\/\/ascentpak.com\/fr\/wp-json\/wp\/v2\/product_tag?post=795"}],"curies":[{"name":"wp","href":"https:\/\/api.w.org\/{rel}","templated":true}]}}