{"id":789,"date":"2025-04-16T01:11:39","date_gmt":"2025-04-16T01:11:39","guid":{"rendered":"https:\/\/ascentpak.com\/?post_type=product&#038;p=789"},"modified":"2025-04-16T01:11:42","modified_gmt":"2025-04-16T01:11:42","slug":"26-oz-soup-paper-bowl","status":"publish","type":"product","link":"https:\/\/ascentpak.com\/fr\/produit\/26-oz-soup-paper-bowl\/","title":{"rendered":"Bol en papier pour soupe de 26 oz"},"content":{"rendered":"<p>&#8220;<\/p>\n\n<table id=\"tablepress-1\" class=\"tablepress tablepress-id-1\">\n<thead>\n<tr class=\"row-1\">\n\t<th class=\"column-1\">                 Objet<\/th><th class=\"column-2\">             TAILLE (MM)<\/th><th class=\"column-3\">     EMBALLAGE (PCS*BAG)<\/th><th class=\"column-4\">          TAILLE DU CTN (CM)<\/th>\n<\/tr>\n<\/thead>\n<tbody class=\"row-striping row-hover\">\n<tr class=\"row-2\">\n\t<td class=\"column-1\">SB-8OZ (96MM)<\/td><td class=\"column-2\">96*77*60<\/td><td class=\"column-3\">25*20=500<\/td><td class=\"column-4\">49.5*39.5*27.5<\/td>\n<\/tr>\n<tr class=\"row-3\">\n\t<td class=\"column-1\">SB-8OZ (90MM)<\/td><td class=\"column-2\">90*75*63<\/td><td class=\"column-3\">25*20=500<\/td><td class=\"column-4\">46.5*37.5*28<\/td>\n<\/tr>\n<tr class=\"row-4\">\n\t<td class=\"column-1\">SB-12OZ (96MM)<\/td><td class=\"column-2\">96*82*67<\/td><td class=\"column-3\">25*20=500<\/td><td class=\"column-4\">49.5*39.5*31.5<\/td>\n<\/tr>\n<tr class=\"row-5\">\n\t<td class=\"column-1\">SB-12OZ (90MM)<\/td><td class=\"column-2\">90*73*88<\/td><td class=\"column-3\">25*20=500<\/td><td class=\"column-4\">46.5*37.5*33.5<\/td>\n<\/tr>\n<tr class=\"row-6\">\n\t<td class=\"column-1\">SB-16OZ (96MM)<\/td><td class=\"column-2\">96*78*96<\/td><td class=\"column-3\">25*20=500<\/td><td class=\"column-4\">49.5*39.5*35<\/td>\n<\/tr>\n<tr class=\"row-7\">\n\t<td class=\"column-1\">SB-12OZ (115MM)<\/td><td class=\"column-2\">115*93*63<\/td><td class=\"column-3\">25*20=500<\/td><td class=\"column-4\">58.5*46.5*27<\/td>\n<\/tr>\n<tr class=\"row-8\">\n\t<td class=\"column-1\">SB-16OZ (115MM)<\/td><td class=\"column-2\">115*96*78<\/td><td class=\"column-3\">25*20=500<\/td><td class=\"column-4\">58.5*46.5*31<\/td>\n<\/tr>\n<tr class=\"row-9\">\n\t<td class=\"column-1\">SB-26OZ (115MM)<\/td><td class=\"column-2\">115*89*115<\/td><td class=\"column-3\">25*20=500<\/td><td class=\"column-4\">58.5*46.5*40.5<\/td>\n<\/tr>\n<tr class=\"row-10\">\n\t<td class=\"column-1\">SB-32OZ (115MM)<\/td><td class=\"column-2\">115*91*133<\/td><td class=\"column-3\">25*20=500<\/td><td class=\"column-4\">58.5*46.5*40.5<\/td>\n<\/tr>\n<\/tbody>\n<\/table>\n<!-- #tablepress-1 from cache -->\n<p>&nbsp;<\/p>\n<p>Le bol en papier pour soupe de 26 oz est un \u00e9l\u00e9ment cl\u00e9 dans le secteur de l'emballage des aliments et des boissons. Il est con\u00e7u pour contenir des soupes et des rago\u00fbts consistants, en garantissant la qualit\u00e9 et la fiabilit\u00e9 du maintien de la temp\u00e9rature et de la structure des aliments.<\/p>\n<p><strong>1. Mat\u00e9riaux et structure des godets<\/strong><br \/>Notre bol \u00e0 soupe en papier de 26 oz est fabriqu\u00e9 \u00e0 partir de mat\u00e9riaux de qualit\u00e9 sup\u00e9rieure tels que le papier kraft, le papier couch\u00e9 PE, le papier couch\u00e9 PLA et le papier couch\u00e9 aqueux. Ces mat\u00e9riaux jouent un r\u00f4le crucial en garantissant la s\u00e9curit\u00e9 alimentaire et la durabilit\u00e9 environnementale :  <\/p>\n<ul>\n<li><strong>Papier kraft<\/strong> constitue une solution solide et \u00e9cologique.  <\/li>\n<li><strong>Rev\u00eatement PE<\/strong> garantit que le seau est r\u00e9sistant aux graisses et durable.  <\/li>\n<li><strong>Rev\u00eatement PLA<\/strong> offre une option compostable et durable pour les marques soucieuses de l'environnement.  <\/li>\n<li><strong>Rev\u00eatement aqueux<\/strong> offre une finition \u00e0 base d'eau, non toxique et \u00e9cologique, tout en pr\u00e9servant l'int\u00e9grit\u00e9 du seau.<br \/>Notre bol \u00e0 soupe en papier de 26 oz est dot\u00e9 d'une construction solide qui garantit que vos soupes restent chaudes sans compromettre la qualit\u00e9 pendant le transport.<\/li>\n<\/ul>\n<p><strong>2. Propri\u00e9t\u00e9s physiques et fonctionnelles<\/strong><br \/>Notre large gamme de bols \u00e0 soupe en papier de 26 oz comprend diff\u00e9rentes tailles adapt\u00e9es \u00e0 diff\u00e9rents besoins de service. Par exemple, consultez nos bols \u00e0 soupe en papier de 8 oz, 12 oz et 16 oz. Chaque godet est con\u00e7u pour contenir solidement votre soupe tout en pr\u00e9servant sa qualit\u00e9.<\/p>\n<p><strong>3. Section des tailles et des vari\u00e9t\u00e9s<\/strong><br \/>Avec un assortiment de styles et de variations, vous trouverez la solution id\u00e9ale :  <\/p>\n<ul>\n<li><strong>Tailles :<\/strong> SB-8OZ, SB-12OZ, SB-16OZ, SB-26OZ, SB-32OZ  <\/li>\n<li><strong>Plusieurs options de diam\u00e8tre :<\/strong> (90MM, 96MM, 115MM) pour r\u00e9pondre \u00e0 divers besoins de service.<br \/>Que vous recherchiez de petits seaux pour des portions individuelles ou de grands repas familiaux, notre collection s'adapte parfaitement \u00e0 toutes les exigences de service.<\/li>\n<\/ul>\n<p><strong>4. Performance et qualit\u00e9<\/strong><br \/>Chaque bol \u00e0 soupe en papier de 26 oz a \u00e9t\u00e9 con\u00e7u dans un souci de facilit\u00e9 d'utilisation. Les caract\u00e9ristiques notables sont les suivantes :  <\/p>\n<ul>\n<li><strong>Doublure \u00e9tanche et r\u00e9sistante aux graisses<\/strong> pour un emballage sans d\u00e9g\u00e2ts.  <\/li>\n<li><strong>Construction robuste<\/strong> pour \u00e9viter les d\u00e9formations.  <\/li>\n<li><strong>Conception empilable<\/strong> pour faciliter le stockage et la manipulation.<br \/>Cette performance garantit un transport s\u00fbr pour la restauration, la vente \u00e0 emporter ou la livraison.<\/li>\n<\/ul>\n<p><strong>5. Assurance qualit\u00e9 et certifications<\/strong><br \/>Nous respectons strictement les proc\u00e9dures de contr\u00f4le de la qualit\u00e9. Chaque lot de bols \u00e0 soupe en papier de 26 oz est soumis \u00e0 des tests de solidit\u00e9, de r\u00e9sistance aux fuites et de s\u00e9curit\u00e9 alimentaire. Nos bols sont approuv\u00e9s par la FDA et nos installations sont certifi\u00e9es ISO 9001 pour la gestion de la qualit\u00e9 et ISO 14001 pour la gestion de l'environnement.<\/p>\n<p><strong>6. Personnalisation et strat\u00e9gie de marque<\/strong><br \/>Vous pouvez am\u00e9liorer votre visibilit\u00e9 gr\u00e2ce \u00e0 l'impression de logos personnalis\u00e9s et au marquage. Explorez les multiples options de taille et de couleur pour r\u00e9pondre aux besoins de votre marque. Am\u00e9liorez la reconnaissance de votre marque avec des bols \u00e0 soupe en papier de 26 oz imprim\u00e9s sur mesure, et assurez-vous de vous d\u00e9marquer sur le march\u00e9.<\/p>\n<p><strong>7. Commande, conditionnement et logistique<\/strong><br \/>Nous proposons des options d'achat en gros avec un <strong>quantit\u00e9 minimale de commande de 50 000 pi\u00e8ces<\/strong>. Chaque bol est emball\u00e9 de mani\u00e8re s\u00fbre pour garantir la s\u00e9curit\u00e9 pendant le transport. Notre <strong>d\u00e9lai de production<\/strong> est d'environ 30 jours, l'exp\u00e9dition se faisant depuis notre usine de Ningbo, en Chine, ce qui vous garantit des livraisons en temps voulu en tant qu'exportateur et partenaire OEM fiable. <\/p>\n<p>Pour ceux qui souhaitent d\u00e9couvrir nos plus petites tailles, vous pouvez consulter nos <a href=\"\"https:>Bol en papier pour soupe de 8 oz<\/a> et <a href=\"\"https:>Bol en papier pour soupe de 12 oz<\/a> options. En nous choisissant comme producteur, fournisseur et fabricant, vous b\u00e9n\u00e9ficierez d'offres de prix en vrac comp\u00e9titives qui r\u00e9pondront rapidement et efficacement \u00e0 vos besoins commerciaux. Passez \u00e0 l'\u00e9tape suivante et \u00e9tablissez votre marque avec les meilleurs bols en papier pour soupe de 26 oz du march\u00e9 !<\/p>\n<h2 style=\"\"text-align: center;\"\">Vid\u00e9o de la visite de l'usine :<\/h2>\n\n<p>&nbsp;<\/p>\n<p>&#8220;<\/p>","protected":false},"excerpt":{"rendered":"<p>Le bol en papier pour soupe de 26 oz est con\u00e7u pour servir des soupes et des rago\u00fbts. Avec une capacit\u00e9 de 26 oz, il est id\u00e9al pour les \u00e9tablissements de restauration tels que les restaurants et les traiteurs. De construction robuste, il est pratique et facile \u00e0 jeter pour l'industrie alimentaire.<\/p>","protected":false},"featured_media":790,"comment_status":"open","ping_status":"closed","template":"","meta":[],"product_brand":[],"product_cat":[21,32],"product_tag":[],"class_list":{"0":"post-789","1":"product","2":"type-product","3":"status-publish","4":"has-post-thumbnail","6":"product_cat-products","7":"product_cat-paper-soup-cups","9":"first","10":"instock","11":"shipping-taxable","12":"product-type-simple"},"_links":{"self":[{"href":"https:\/\/ascentpak.com\/fr\/wp-json\/wp\/v2\/product\/789","targetHints":{"allow":["GET"]}}],"collection":[{"href":"https:\/\/ascentpak.com\/fr\/wp-json\/wp\/v2\/product"}],"about":[{"href":"https:\/\/ascentpak.com\/fr\/wp-json\/wp\/v2\/types\/product"}],"replies":[{"embeddable":true,"href":"https:\/\/ascentpak.com\/fr\/wp-json\/wp\/v2\/comments?post=789"}],"wp:featuredmedia":[{"embeddable":true,"href":"https:\/\/ascentpak.com\/fr\/wp-json\/wp\/v2\/media\/790"}],"wp:attachment":[{"href":"https:\/\/ascentpak.com\/fr\/wp-json\/wp\/v2\/media?parent=789"}],"wp:term":[{"taxonomy":"product_brand","embeddable":true,"href":"https:\/\/ascentpak.com\/fr\/wp-json\/wp\/v2\/product_brand?post=789"},{"taxonomy":"product_cat","embeddable":true,"href":"https:\/\/ascentpak.com\/fr\/wp-json\/wp\/v2\/product_cat?post=789"},{"taxonomy":"product_tag","embeddable":true,"href":"https:\/\/ascentpak.com\/fr\/wp-json\/wp\/v2\/product_tag?post=789"}],"curies":[{"name":"wp","href":"https:\/\/api.w.org\/{rel}","templated":true}]}}