{"id":780,"date":"2025-04-16T01:05:20","date_gmt":"2025-04-16T01:05:20","guid":{"rendered":"https:\/\/ascentpak.com\/?post_type=product&#038;p=780"},"modified":"2025-04-16T01:05:22","modified_gmt":"2025-04-16T01:05:22","slug":"12-oz-soup-paper-bowl","status":"publish","type":"product","link":"https:\/\/ascentpak.com\/fr\/produit\/12-oz-soup-paper-bowl\/","title":{"rendered":"Bol en papier pour soupe de 12 oz"},"content":{"rendered":"<p>&#8220;<\/p>\n\n<table id=\"tablepress-1\" class=\"tablepress tablepress-id-1\">\n<thead>\n<tr class=\"row-1\">\n\t<th class=\"column-1\">                 Objet<\/th><th class=\"column-2\">             TAILLE (MM)<\/th><th class=\"column-3\">     EMBALLAGE (PCS*BAG)<\/th><th class=\"column-4\">          TAILLE DU CTN (CM)<\/th>\n<\/tr>\n<\/thead>\n<tbody class=\"row-striping row-hover\">\n<tr class=\"row-2\">\n\t<td class=\"column-1\">SB-8OZ (96MM)<\/td><td class=\"column-2\">96*77*60<\/td><td class=\"column-3\">25*20=500<\/td><td class=\"column-4\">49.5*39.5*27.5<\/td>\n<\/tr>\n<tr class=\"row-3\">\n\t<td class=\"column-1\">SB-8OZ (90MM)<\/td><td class=\"column-2\">90*75*63<\/td><td class=\"column-3\">25*20=500<\/td><td class=\"column-4\">46.5*37.5*28<\/td>\n<\/tr>\n<tr class=\"row-4\">\n\t<td class=\"column-1\">SB-12OZ (96MM)<\/td><td class=\"column-2\">96*82*67<\/td><td class=\"column-3\">25*20=500<\/td><td class=\"column-4\">49.5*39.5*31.5<\/td>\n<\/tr>\n<tr class=\"row-5\">\n\t<td class=\"column-1\">SB-12OZ (90MM)<\/td><td class=\"column-2\">90*73*88<\/td><td class=\"column-3\">25*20=500<\/td><td class=\"column-4\">46.5*37.5*33.5<\/td>\n<\/tr>\n<tr class=\"row-6\">\n\t<td class=\"column-1\">SB-16OZ (96MM)<\/td><td class=\"column-2\">96*78*96<\/td><td class=\"column-3\">25*20=500<\/td><td class=\"column-4\">49.5*39.5*35<\/td>\n<\/tr>\n<tr class=\"row-7\">\n\t<td class=\"column-1\">SB-12OZ (115MM)<\/td><td class=\"column-2\">115*93*63<\/td><td class=\"column-3\">25*20=500<\/td><td class=\"column-4\">58.5*46.5*27<\/td>\n<\/tr>\n<tr class=\"row-8\">\n\t<td class=\"column-1\">SB-16OZ (115MM)<\/td><td class=\"column-2\">115*96*78<\/td><td class=\"column-3\">25*20=500<\/td><td class=\"column-4\">58.5*46.5*31<\/td>\n<\/tr>\n<tr class=\"row-9\">\n\t<td class=\"column-1\">SB-26OZ (115MM)<\/td><td class=\"column-2\">115*89*115<\/td><td class=\"column-3\">25*20=500<\/td><td class=\"column-4\">58.5*46.5*40.5<\/td>\n<\/tr>\n<tr class=\"row-10\">\n\t<td class=\"column-1\">SB-32OZ (115MM)<\/td><td class=\"column-2\">115*91*133<\/td><td class=\"column-3\">25*20=500<\/td><td class=\"column-4\">58.5*46.5*40.5<\/td>\n<\/tr>\n<\/tbody>\n<\/table>\n<!-- #tablepress-1 from cache -->\n<p>&nbsp;<\/p>\n<p>Le bol en papier pour soupe de 12 oz est un produit essentiel dans l'industrie de l'emballage des aliments et des boissons. Il joue un r\u00f4le essentiel en contenant en toute s\u00e9curit\u00e9 les soupes et rago\u00fbts chauds, en garantissant la qualit\u00e9 et la fiabilit\u00e9 du maintien de la temp\u00e9rature et de la structure des aliments.<\/p>\n<p><strong>1. Mat\u00e9riaux et structure des godets<\/strong><br \/>Nous utilisons des mat\u00e9riaux de premi\u00e8re qualit\u00e9 pour cr\u00e9er le bol \u00e0 soupe en papier de 12 oz, notamment du papier kraft, du papier recouvert de PE et du papier recouvert de PLA. Ces mat\u00e9riaux garantissent la s\u00e9curit\u00e9 alimentaire et la durabilit\u00e9 environnementale :<\/p>\n<ul>\n<li><strong>Papier Kraft<\/strong>: Constitue une solution solide et \u00e9cologique.  <\/li>\n<li><strong>Rev\u00eatement PE<\/strong>: Assure la r\u00e9sistance \u00e0 la graisse et la durabilit\u00e9 du godet.  <\/li>\n<li><strong>Rev\u00eatement PLA<\/strong>: Offre une option compostable et durable pour les marques soucieuses de l'environnement.  <\/li>\n<li><strong>Rev\u00eatement aqueux<\/strong>: Une option \u00e0 base d'eau, non toxique, qui offre une finition lisse tout en pr\u00e9servant l'int\u00e9grit\u00e9.<\/li>\n<\/ul>\n<p>Notre bol \u00e0 soupe en papier de 12 oz est dot\u00e9 d'une construction solide qui garantit que vos soupes restent chaudes sans compromettre la qualit\u00e9 pendant le transport. Pour plus d'informations sur nos bols \u00e0 soupe, consultez notre page produit. <a href=\"\"https:>ici<\/a>.<\/p>\n<p><strong>2. Propri\u00e9t\u00e9s physiques et fonctionnelles<\/strong><br \/>Le bol en papier pour soupe de 12 oz est disponible en diff\u00e9rentes tailles avec des donn\u00e9es d'application sp\u00e9cifiques :<\/p>\n<ul>\n<li><strong>SB-12OZ (96MM)<\/strong>Dimensions : 96\u00d782\u00d767mm, emballage 25\u00d720=500 pcs, taille du carton 49.5\u00d739.5\u00d731.5 cm  <\/li>\n<li><strong>SB-12OZ (90MM)<\/strong>Dimensions : 90\u00d773\u00d788mm, emballage 25\u00d720=500 pcs, taille du carton 46.5\u00d737.5\u00d733.5 cm<\/li>\n<\/ul>\n<p>Chaque seau est con\u00e7u pour contenir solidement votre soupe tout en pr\u00e9servant sa qualit\u00e9. Cette polyvalence en fait un excellent choix pour les restaurants et les vendeurs de produits alimentaires.<\/p>\n<p><strong>3. Section des tailles et des vari\u00e9t\u00e9s<\/strong><br \/>Notre bol \u00e0 soupe en papier de 12 oz est disponible dans plusieurs styles :<\/p>\n<ul>\n<li><strong>Tailles<\/strong>: SB-8OZ, SB-12OZ, SB-16OZ, SB-26OZ, SB-32OZ  <\/li>\n<li><strong>Options de diam\u00e8tres multiples<\/strong>Les mod\u00e8les 90MM, 96MM et 115MM sont disponibles pour r\u00e9pondre aux besoins les plus divers.<\/li>\n<\/ul>\n<p>Nous r\u00e9pondons aux diff\u00e9rents besoins en mati\u00e8re de service, garantissant ainsi un r\u00e9sultat parfait pour tous, qu'il s'agisse de portions individuelles ou de grands repas familiaux. <\/p>\n<p><strong>4. Performance et qualit\u00e9<\/strong><br \/>Les caract\u00e9ristiques d'utilisation sont les suivantes :<\/p>\n<ul>\n<li><strong>Etanche et r\u00e9sistant aux graisses<\/strong>: Garantit un emballage sans d\u00e9sordre.  <\/li>\n<li><strong>Construction robuste<\/strong>: Pr\u00e9vient les d\u00e9formations.  <\/li>\n<li><strong>Conception empilable<\/strong>: Pour un stockage et une manipulation ais\u00e9s.<\/li>\n<\/ul>\n<p>Chaque bol est con\u00e7u pour r\u00e9sister au transport, que ce soit pour la restauration, la vente \u00e0 emporter ou la livraison, ce qui vous permet d'offrir un service exceptionnel \u00e0 vos clients.<\/p>\n<p><strong>5. Assurance qualit\u00e9 et certifications<\/strong><br \/>Nous suivons des proc\u00e9dures strictes de contr\u00f4le de la qualit\u00e9, testant la solidit\u00e9, la r\u00e9sistance aux fuites et la s\u00e9curit\u00e9 alimentaire. Tous nos bols sont approuv\u00e9s par la FDA et notre usine est certifi\u00e9e ISO 9001 et ISO 14001, ainsi que selon les normes FSC et BRCGS. Cela signifie que vous recevez un produit d'une qualit\u00e9 et d'une s\u00e9curit\u00e9 optimales.<\/p>\n<p><strong>6. Personnalisation et strat\u00e9gie de marque<\/strong><br \/>Vous pouvez personnaliser le bol en papier de 12 oz avec :<\/p>\n<ul>\n<li><strong>Impression de logos personnalis\u00e9s<\/strong>: Am\u00e9liorez la visibilit\u00e9 de votre marque.  <\/li>\n<li><strong>Options de taille et de couleur multiples<\/strong>: S'aligner sur les besoins de votre marque.<\/li>\n<\/ul>\n<p>Renforcez la reconnaissance de votre marque avec des bols personnalis\u00e9s qui laissent une impression durable.<\/p>\n<p><strong>7. Commande, conditionnement et logistique<\/strong>  <\/p>\n<ul>\n<li><strong>Quantit\u00e9 minimale de commande<\/strong>: 50 000 pi\u00e8ces.  <\/li>\n<li><strong>D\u00e9tails de l'emballage<\/strong>: Emballage s\u00e9curis\u00e9 pour garantir la s\u00e9curit\u00e9 pendant le transport.  <\/li>\n<li><strong>D\u00e9lai de production<\/strong>: Environ 30 jours.  <\/li>\n<li><strong>Port d'embarquement<\/strong>: Ningbo, Chine, garantit une livraison rapide et efficace dans le monde entier.<\/li>\n<\/ul>\n<p>Nous emballons soigneusement le bol \u00e0 soupe en papier de 12 oz pour \u00e9viter qu'il ne soit endommag\u00e9 pendant le transport. En tant que fabricant et fournisseur fiable, notre production permet des options de vente en gros et OEM pour des achats en vrac \u00e0 des prix comp\u00e9titifs. Pour les achats en gros, voir plus d'informations <a href=\"\"https:>ici<\/a> pour d\u00e9couvrir nos offres.<\/p>\n<p>Notre engagement en faveur de la qualit\u00e9, en tant qu'exportateur leader du secteur, fait de nous un partenaire de confiance pour vos besoins en vrac. Le bol en papier de 12 oz n'est pas seulement un produit ; c'est un m\u00e9lange de qualit\u00e9, de fiabilit\u00e9 et de pratiques \u00e9cologiques qui s'alignent sur les besoins des entreprises modernes.<\/p>\n<h2 style=\"\"text-align: center;\"\">Vid\u00e9o de la visite de l'usine :<\/h2>\n\n<p>&nbsp;<\/p>\n<p>&#8220;<\/p>","protected":false},"excerpt":{"rendered":"<p>Le bol en papier 12 oz est con\u00e7u pour servir des soupes et des liquides chauds. Avec une sp\u00e9cification de 12 oz, il est id\u00e9al pour les restaurants, les \u00e9v\u00e9nements de restauration et les camions de nourriture. Fabriqu\u00e9 en papier r\u00e9sistant \u00e0 l'humidit\u00e9, il offre une durabilit\u00e9 fiable pour l'industrie de la restauration.<\/p>","protected":false},"featured_media":781,"comment_status":"open","ping_status":"closed","template":"","meta":[],"product_brand":[],"product_cat":[21,32],"product_tag":[],"class_list":{"0":"post-780","1":"product","2":"type-product","3":"status-publish","4":"has-post-thumbnail","6":"product_cat-products","7":"product_cat-paper-soup-cups","9":"first","10":"instock","11":"shipping-taxable","12":"product-type-simple"},"_links":{"self":[{"href":"https:\/\/ascentpak.com\/fr\/wp-json\/wp\/v2\/product\/780","targetHints":{"allow":["GET"]}}],"collection":[{"href":"https:\/\/ascentpak.com\/fr\/wp-json\/wp\/v2\/product"}],"about":[{"href":"https:\/\/ascentpak.com\/fr\/wp-json\/wp\/v2\/types\/product"}],"replies":[{"embeddable":true,"href":"https:\/\/ascentpak.com\/fr\/wp-json\/wp\/v2\/comments?post=780"}],"wp:featuredmedia":[{"embeddable":true,"href":"https:\/\/ascentpak.com\/fr\/wp-json\/wp\/v2\/media\/781"}],"wp:attachment":[{"href":"https:\/\/ascentpak.com\/fr\/wp-json\/wp\/v2\/media?parent=780"}],"wp:term":[{"taxonomy":"product_brand","embeddable":true,"href":"https:\/\/ascentpak.com\/fr\/wp-json\/wp\/v2\/product_brand?post=780"},{"taxonomy":"product_cat","embeddable":true,"href":"https:\/\/ascentpak.com\/fr\/wp-json\/wp\/v2\/product_cat?post=780"},{"taxonomy":"product_tag","embeddable":true,"href":"https:\/\/ascentpak.com\/fr\/wp-json\/wp\/v2\/product_tag?post=780"}],"curies":[{"name":"wp","href":"https:\/\/api.w.org\/{rel}","templated":true}]}}