{"id":775,"date":"2025-04-16T01:00:45","date_gmt":"2025-04-16T01:00:45","guid":{"rendered":"https:\/\/ascentpak.com\/?post_type=product&#038;p=775"},"modified":"2025-04-16T01:00:47","modified_gmt":"2025-04-16T01:00:47","slug":"8-oz-soup-paper-bowl","status":"publish","type":"product","link":"https:\/\/ascentpak.com\/fr\/produit\/8-oz-soup-paper-bowl\/","title":{"rendered":"Bol en papier pour soupe de 8 oz"},"content":{"rendered":"<p>&#8220;<\/p>\n\n<table id=\"tablepress-1\" class=\"tablepress tablepress-id-1\">\n<thead>\n<tr class=\"row-1\">\n\t<th class=\"column-1\">                 Objet<\/th><th class=\"column-2\">             TAILLE (MM)<\/th><th class=\"column-3\">     EMBALLAGE (PCS*BAG)<\/th><th class=\"column-4\">          TAILLE DU CTN (CM)<\/th>\n<\/tr>\n<\/thead>\n<tbody class=\"row-striping row-hover\">\n<tr class=\"row-2\">\n\t<td class=\"column-1\">SB-8OZ (96MM)<\/td><td class=\"column-2\">96*77*60<\/td><td class=\"column-3\">25*20=500<\/td><td class=\"column-4\">49.5*39.5*27.5<\/td>\n<\/tr>\n<tr class=\"row-3\">\n\t<td class=\"column-1\">SB-8OZ (90MM)<\/td><td class=\"column-2\">90*75*63<\/td><td class=\"column-3\">25*20=500<\/td><td class=\"column-4\">46.5*37.5*28<\/td>\n<\/tr>\n<tr class=\"row-4\">\n\t<td class=\"column-1\">SB-12OZ (96MM)<\/td><td class=\"column-2\">96*82*67<\/td><td class=\"column-3\">25*20=500<\/td><td class=\"column-4\">49.5*39.5*31.5<\/td>\n<\/tr>\n<tr class=\"row-5\">\n\t<td class=\"column-1\">SB-12OZ (90MM)<\/td><td class=\"column-2\">90*73*88<\/td><td class=\"column-3\">25*20=500<\/td><td class=\"column-4\">46.5*37.5*33.5<\/td>\n<\/tr>\n<tr class=\"row-6\">\n\t<td class=\"column-1\">SB-16OZ (96MM)<\/td><td class=\"column-2\">96*78*96<\/td><td class=\"column-3\">25*20=500<\/td><td class=\"column-4\">49.5*39.5*35<\/td>\n<\/tr>\n<tr class=\"row-7\">\n\t<td class=\"column-1\">SB-12OZ (115MM)<\/td><td class=\"column-2\">115*93*63<\/td><td class=\"column-3\">25*20=500<\/td><td class=\"column-4\">58.5*46.5*27<\/td>\n<\/tr>\n<tr class=\"row-8\">\n\t<td class=\"column-1\">SB-16OZ (115MM)<\/td><td class=\"column-2\">115*96*78<\/td><td class=\"column-3\">25*20=500<\/td><td class=\"column-4\">58.5*46.5*31<\/td>\n<\/tr>\n<tr class=\"row-9\">\n\t<td class=\"column-1\">SB-26OZ (115MM)<\/td><td class=\"column-2\">115*89*115<\/td><td class=\"column-3\">25*20=500<\/td><td class=\"column-4\">58.5*46.5*40.5<\/td>\n<\/tr>\n<tr class=\"row-10\">\n\t<td class=\"column-1\">SB-32OZ (115MM)<\/td><td class=\"column-2\">115*91*133<\/td><td class=\"column-3\">25*20=500<\/td><td class=\"column-4\">58.5*46.5*40.5<\/td>\n<\/tr>\n<\/tbody>\n<\/table>\n<!-- #tablepress-1 from cache -->\n<p>&nbsp;<\/p>\n<p>Voici le bol en papier de 8 oz, un \u00e9l\u00e9ment cl\u00e9 de l'emballage des aliments et des boissons. Sa conception est parfaite pour contenir des soupes chaudes, des rago\u00fbts, etc. La qualit\u00e9 et la fiabilit\u00e9 sont essentielles pour maintenir la temp\u00e9rature et la structure des aliments. Vous pouvez compter sur la performance de ces bols.<\/p>\n<ol>\n<li>\n<p><strong>Mat\u00e9riaux et structure des godets<\/strong><br \/>Notre bol \u00e0 soupe en papier de 8 oz est fabriqu\u00e9 \u00e0 partir de mat\u00e9riaux de premi\u00e8re qualit\u00e9. Nous utilisons du papier kraft, du papier couch\u00e9 PE, du papier couch\u00e9 PLA et du papier couch\u00e9 aqueux. Le papier kraft constitue une solution solide et \u00e9cologique. Le rev\u00eatement PE garantit que le bol est r\u00e9sistant aux graisses et durable. Pour les marques soucieuses de l'environnement, le rev\u00eatement PLA offre une option compostable. Le rev\u00eatement aqueux est \u00e0 base d'eau, non toxique et \u00e9cologique. Nos bols ont une construction solide qui permet de garder les soupes chaudes sans compromettre la qualit\u00e9 pendant le transport. Pour plus de d\u00e9tails sur la fa\u00e7on dont nos emballages pr\u00e9servent la qualit\u00e9 des aliments, visitez ce lien vers notre ligne de produits sur <a href=\"\"http:>bols \u00e0 soupe en papier<\/a>.<\/p>\n<\/li>\n<li>\n<p><strong>Propri\u00e9t\u00e9s physiques et fonctionnelles<\/strong><br \/>Notre bol \u00e0 soupe en papier de 8 oz est disponible dans des tailles parfaitement con\u00e7ues pour diff\u00e9rentes portions. Les sp\u00e9cifications de chaque bol sont les suivantes :<\/p>\n<\/li>\n<\/ol>\n<ul>\n<li><strong>SB-8OZ (96MM)<\/strong>96\u00d777\u00d760mm, emball\u00e9 25\u00d720=500 pcs, taille du carton 49.5\u00d739.5\u00d727.5 cm  <\/li>\n<li><strong>SB-8OZ (90MM)<\/strong>Dimensions : 90\u00d775\u00d763mm, emballage 25\u00d720=500 pcs, taille du carton 46.5\u00d737.5\u00d728 cm  <\/li>\n<li><strong>SB-12OZ (96MM)<\/strong>96\u00d782\u00d767mm, emball\u00e9 25\u00d720=500 pcs, taille du carton 49.5\u00d739.5\u00d731.5 cm<br \/>Notre collection comprend diff\u00e9rentes tailles pour tout ce qui concerne les portions individuelles et les repas familiaux. Pour plus d'options, vous pouvez consulter notre gamme compl\u00e8te de bols en papier de 8 oz pour la soupe ici : <a href=\"\"http:>Bols \u00e0 soupe de 8 oz<\/a>.<\/li>\n<\/ul>\n<ol start=\"\"3\"\">\n<li>\n<p><strong>Section des tailles et des vari\u00e9t\u00e9s<\/strong><br \/>Nous proposons plusieurs styles et variations. Nos tailles comprennent SB-8OZ, SB-12OZ, SB-16OZ, SB-26OZ et SB-32OZ. Chaque style a plusieurs options de diam\u00e8tre : 90MM, 96MM et 115MM. Ces variations r\u00e9pondent \u00e0 diff\u00e9rents besoins de service. Que vous souhaitiez de petits seaux pour des portions individuelles ou de grands seaux pour des repas familiaux, vous trouverez l'option id\u00e9ale.<\/p>\n<\/li>\n<li>\n<p><strong>Performance et qualit\u00e9<\/strong><br \/>Les caract\u00e9ristiques de nos bols am\u00e9liorent la facilit\u00e9 d'utilisation. Elles sont dot\u00e9es d'un rev\u00eatement \u00e9tanche et r\u00e9sistant aux graisses pour une utilisation sans d\u00e9sordre. Leur construction robuste emp\u00eache toute d\u00e9formation. De plus, la conception empilable facilite le stockage. Notre bol \u00e0 soupe en papier de 8 oz garantit la s\u00e9curit\u00e9 pendant le transport et est parfait pour la restauration, la vente \u00e0 emporter ou la livraison. <\/p>\n<\/li>\n<li>\n<p><strong>Assurance qualit\u00e9 et certifications<\/strong><br \/>Nous suivons des proc\u00e9dures strictes de contr\u00f4le de la qualit\u00e9. Chaque lot est test\u00e9 pour v\u00e9rifier sa solidit\u00e9 et sa r\u00e9sistance aux fuites. Nous d\u00e9tenons des certifications telles que l'approbation de la FDA, la norme ISO 9001 pour la gestion de la qualit\u00e9 et la norme ISO 14001 pour la gestion de l'environnement. Nos bols r\u00e9pondent aux normes FSC et BRCGS. Vous pouvez faire confiance \u00e0 notre qualit\u00e9 lorsque vous achetez en vrac aupr\u00e8s d'un fournisseur ou d'un fabricant fiable.<\/p>\n<\/li>\n<li>\n<p><strong>Personnalisation et strat\u00e9gie de marque<\/strong><br \/>La personnalisation est disponible pour notre bol \u00e0 soupe en papier de 8 oz. Vous pouvez choisir l'impression de votre logo pour une meilleure visibilit\u00e9. Nous proposons plusieurs tailles et options de couleurs pour r\u00e9pondre aux besoins de votre marque. Cela vous permet de laisser une impression durable \u00e0 vos clients. En tant qu'exportateur de confiance, nous pouvons \u00e9galement r\u00e9pondre aux demandes OEM.<\/p>\n<\/li>\n<li>\n<p><strong>Commande, conditionnement et logistique<\/strong><br \/>La quantit\u00e9 minimale de commande est de 50 000 pi\u00e8ces. Toutes les commandes sont emball\u00e9es de mani\u00e8re s\u00e9curis\u00e9e afin de garantir la s\u00e9curit\u00e9 pendant le transport. Le d\u00e9lai de production est d'environ 30 jours. Notre port d'exp\u00e9dition se trouve \u00e0 Ningbo, en Chine, ce qui garantit une livraison rapide dans le monde entier. Nos prix de gros comp\u00e9titifs font de nous un choix privil\u00e9gi\u00e9 parmi les grossistes.<\/p>\n<\/li>\n<\/ol>\n<p>En int\u00e9grant des informations cl\u00e9s sur notre bol en papier de 8 oz et en maintenant l'accent sur la qualit\u00e9 et le service, nous visons \u00e0 r\u00e9pondre efficacement \u00e0 vos besoins commerciaux.<\/p>\n<h2 style=\"\"text-align: center;\"\">Vid\u00e9o de la visite de l'usine :<\/h2>\n\n<p>&nbsp;<\/p>\n<p>&#8220;<\/p>","protected":false},"excerpt":{"rendered":"<p>Le bol en papier pour soupe de 8 oz est con\u00e7u pour servir des soupes et des rago\u00fbts chauds. Avec une sp\u00e9cification de 8 oz, il est id\u00e9al pour les restaurants, les caf\u00e9s et les services de restauration. De conception jetable, il est pratique et facile \u00e0 nettoyer pour l'industrie de la restauration.<\/p>","protected":false},"featured_media":776,"comment_status":"open","ping_status":"closed","template":"","meta":[],"product_brand":[],"product_cat":[21,32],"product_tag":[],"class_list":{"0":"post-775","1":"product","2":"type-product","3":"status-publish","4":"has-post-thumbnail","6":"product_cat-products","7":"product_cat-paper-soup-cups","9":"first","10":"instock","11":"shipping-taxable","12":"product-type-simple"},"_links":{"self":[{"href":"https:\/\/ascentpak.com\/fr\/wp-json\/wp\/v2\/product\/775","targetHints":{"allow":["GET"]}}],"collection":[{"href":"https:\/\/ascentpak.com\/fr\/wp-json\/wp\/v2\/product"}],"about":[{"href":"https:\/\/ascentpak.com\/fr\/wp-json\/wp\/v2\/types\/product"}],"replies":[{"embeddable":true,"href":"https:\/\/ascentpak.com\/fr\/wp-json\/wp\/v2\/comments?post=775"}],"wp:featuredmedia":[{"embeddable":true,"href":"https:\/\/ascentpak.com\/fr\/wp-json\/wp\/v2\/media\/776"}],"wp:attachment":[{"href":"https:\/\/ascentpak.com\/fr\/wp-json\/wp\/v2\/media?parent=775"}],"wp:term":[{"taxonomy":"product_brand","embeddable":true,"href":"https:\/\/ascentpak.com\/fr\/wp-json\/wp\/v2\/product_brand?post=775"},{"taxonomy":"product_cat","embeddable":true,"href":"https:\/\/ascentpak.com\/fr\/wp-json\/wp\/v2\/product_cat?post=775"},{"taxonomy":"product_tag","embeddable":true,"href":"https:\/\/ascentpak.com\/fr\/wp-json\/wp\/v2\/product_tag?post=775"}],"curies":[{"name":"wp","href":"https:\/\/api.w.org\/{rel}","templated":true}]}}