{"id":771,"date":"2025-04-15T02:31:55","date_gmt":"2025-04-15T02:31:55","guid":{"rendered":"https:\/\/ascentpak.com\/?post_type=product&#038;p=771"},"modified":"2025-04-15T02:31:57","modified_gmt":"2025-04-15T02:31:57","slug":"16-oz-ripple-wall-paper-cup","status":"publish","type":"product","link":"https:\/\/ascentpak.com\/fr\/produit\/16-oz-ripple-wall-paper-cup\/","title":{"rendered":"gobelet en papier ondul\u00e9 de 16 oz"},"content":{"rendered":"<p>&#8220;<\/p>\n\n<table id=\"tablepress-8\" class=\"tablepress tablepress-id-8\">\n<thead>\n<tr class=\"row-1\">\n\t<th class=\"column-1\">Objet<\/th><th class=\"column-2\">TAILLE (MM)<\/th><th class=\"column-3\">EMBALLAGE (PCS*BAG)<\/th><th class=\"column-4\">TAILLE DU CTN (CM)<\/th>\n<\/tr>\n<\/thead>\n<tbody class=\"row-striping row-hover\">\n<tr class=\"row-2\">\n\t<td class=\"column-1\">Mur simple-8OZ<\/td><td class=\"column-2\">80*56*90<\/td><td class=\"column-3\">50*20=1000<\/td><td class=\"column-4\">40.5*32.5*39.5<\/td>\n<\/tr>\n<tr class=\"row-3\">\n\t<td class=\"column-1\">Simple paroi-10OZ<\/td><td class=\"column-2\">90*59*95<\/td><td class=\"column-3\">50*20=1000<\/td><td class=\"column-4\">45.5*36.5*46.5<\/td>\n<\/tr>\n<tr class=\"row-4\">\n\t<td class=\"column-1\">Simple paroi-12OZ<\/td><td class=\"column-2\">90*60*111<\/td><td class=\"column-3\">50*20=1000<\/td><td class=\"column-4\">45.5*36.5*46.5<\/td>\n<\/tr>\n<tr class=\"row-5\">\n\t<td class=\"column-1\">Simple paroi-16OZ<\/td><td class=\"column-2\">90*60*136<\/td><td class=\"column-3\">50*20=1000<\/td><td class=\"column-4\">45.5*36.5*54<\/td>\n<\/tr>\n<tr class=\"row-6\">\n\t<td class=\"column-1\">Simple paroi-20OZ<\/td><td class=\"column-2\">90*60*162<\/td><td class=\"column-3\">50*20=1000<\/td><td class=\"column-4\">45.5*36.5*63<\/td>\n<\/tr>\n<tr class=\"row-7\">\n\t<td class=\"column-1\">Simple paroi-22OZ<\/td><td class=\"column-2\">90*60*171<\/td><td class=\"column-3\">50*20=1000<\/td><td class=\"column-4\">45.5*36.5*65<\/td>\n<\/tr>\n<tr class=\"row-8\">\n\t<td class=\"column-1\">Double paroi-8OZ <\/td><td class=\"column-2\">80*56*90<\/td><td class=\"column-3\">25*20=500<\/td><td class=\"column-4\">42*33*50<\/td>\n<\/tr>\n<tr class=\"row-9\">\n\t<td class=\"column-1\">Double paroi-10OZ <\/td><td class=\"column-2\">90*59*95<\/td><td class=\"column-3\">25*20=500<\/td><td class=\"column-4\">42*33*51<\/td>\n<\/tr>\n<tr class=\"row-10\">\n\t<td class=\"column-1\">Double paroi-12OZ<\/td><td class=\"column-2\">90*60*111<\/td><td class=\"column-3\">25*20=500<\/td><td class=\"column-4\">46*37*56<\/td>\n<\/tr>\n<tr class=\"row-11\">\n\t<td class=\"column-1\">Double paroi-16OZ <\/td><td class=\"column-2\">90*60*136<\/td><td class=\"column-3\">25*20=500<\/td><td class=\"column-4\">46*37*59<\/td>\n<\/tr>\n<tr class=\"row-12\">\n\t<td class=\"column-1\">Double paroi-20OZ <\/td><td class=\"column-2\">90*60*162<\/td><td class=\"column-3\">25*20=500<\/td><td class=\"column-4\">46*37*68<\/td>\n<\/tr>\n<tr class=\"row-13\">\n\t<td class=\"column-1\">Double paroi-22OZ <\/td><td class=\"column-2\">90*60*171<\/td><td class=\"column-3\">25*20=500<\/td><td class=\"column-4\">46*37*70<\/td>\n<\/tr>\n<\/tbody>\n<\/table>\n<!-- #tablepress-8 from cache -->\n<p>&nbsp;<br \/>Le gobelet en papier de 16 oz \u00e0 paroi ondul\u00e9e est un produit tr\u00e8s polyvalent et essentiel dans l'industrie de l'emballage des aliments et des boissons. Sa conception garantit sa fonctionnalit\u00e9 pour les boissons chaudes et froides, en maintenant la temp\u00e9rature et la structure de la boisson avec qualit\u00e9 et fiabilit\u00e9.<\/p>\n<p><strong>Mat\u00e9riaux et structure du gobelet<\/strong><br \/>Ce gobelet exceptionnel est fabriqu\u00e9 \u00e0 partir de mat\u00e9riaux de premi\u00e8re qualit\u00e9 pour garantir la s\u00e9curit\u00e9 et la durabilit\u00e9. Nos gobelets peuvent \u00eatre fabriqu\u00e9s \u00e0 partir de papier kraft, de papier couch\u00e9 PE, de papier couch\u00e9 PLA ou de papier couch\u00e9 aqueux : <\/p>\n<ul>\n<li><strong>Papier kraft :<\/strong> Constitue une solution robuste et respectueuse de l'environnement. <\/li>\n<li><strong>PE Rev\u00eatement :<\/strong> Assure la r\u00e9sistance aux graisses et la durabilit\u00e9.<\/li>\n<li><strong>PLA Rev\u00eatement :<\/strong> Offre une option compostable pour les marques soucieuses de l'environnement. <\/li>\n<li><strong>Rev\u00eatement aqueux :<\/strong> A base d'eau et non toxique, il permet d'obtenir une finition lisse tout en pr\u00e9servant l'int\u00e9grit\u00e9.<\/li>\n<\/ul>\n<p>Notre gobelet en papier de 16 oz \u00e0 paroi ondul\u00e9e est dot\u00e9 d'une structure solide \u00e0 double couche (pour les gobelets \u00e0 double paroi) et d'une structure fiable \u00e0 simple couche (pour les gobelets \u00e0 simple paroi). Cette conception garantit que vos boissons restent chaudes ou froides sans compromettre la qualit\u00e9 pendant le transport.<\/p>\n<p><strong>Propri\u00e9t\u00e9s physiques et fonctionnelles<\/strong><br \/>Notre large gamme de gobelets en papier ondul\u00e9s de 16 oz comprend diff\u00e9rentes tailles pour tous les types de boissons. Par exemple, les gobelets \u00e0 simple paroi et \u00e0 double paroi offrent des d\u00e9tails d'emballage et des dimensions diff\u00e9rents :<\/p>\n<table>\n<thead>\n<tr>\n<th>Type<\/th>\n<th>Taille<\/th>\n<th>Dimensions (mm)<\/th>\n<th>Emballage<\/th>\n<th>Taille du carton (cm)<\/th>\n<\/tr>\n<\/thead>\n<tbody>\n<tr>\n<td>Mur simple<\/td>\n<td>SW-16OZ<\/td>\n<td>90\u00d760\u00d7136<\/td>\n<td>50\u00d720=1000 pcs<\/td>\n<td>45.5\u00d736.5\u00d754<\/td>\n<\/tr>\n<tr>\n<td>Double paroi<\/td>\n<td>DW-16OZ<\/td>\n<td>90\u00d760\u00d7136<\/td>\n<td>25\u00d720=500 pcs<\/td>\n<td>46\u00d737\u00d759<\/td>\n<\/tr>\n<\/tbody>\n<\/table>\n<p>Qu'il s'agisse de petites portions de th\u00e9 ou de grands caf\u00e9s glac\u00e9s, notre collection r\u00e9pond parfaitement \u00e0 tous les besoins en mati\u00e8re de service de boissons.<\/p>\n<p><strong>Tailles et vari\u00e9t\u00e9s<\/strong><br \/>Nous proposons diff\u00e9rents styles et d\u00e9tails d'emballage :  <\/p>\n<ul>\n<li><strong>Tasses \u00e0 simple paroi :<\/strong> SW-8OZ, SW-10OZ, SW-12OZ, SW-16OZ, SW-20OZ, SW-22OZ  <\/li>\n<li><strong>Tasses \u00e0 double paroi :<\/strong> DW-8OZ, DW-10OZ, DW-12OZ, DW-16OZ, DW-20OZ, DW-22OZ<\/li>\n<\/ul>\n<p>Ces options r\u00e9pondent \u00e0 diff\u00e9rents besoins en mati\u00e8re de boissons : des petites tasses pour l'espresso aux grandes tasses pour les smoothies.<\/p>\n<p><strong>Performance et qualit\u00e9<\/strong><br \/>Nos gobelets sont dot\u00e9s de caract\u00e9ristiques qui en am\u00e9liorent l'utilisation :<\/p>\n<ul>\n<li>Doublure \u00e9tanche et r\u00e9sistante aux graisses pour un emballage sans d\u00e9g\u00e2ts.<\/li>\n<li>Construction robuste pour \u00e9viter les d\u00e9formations.<\/li>\n<li>Conception empilable pour faciliter le stockage et la manipulation.<\/li>\n<\/ul>\n<p>Chaque produit est con\u00e7u pour \u00eatre \u00e9tanche, garantissant ainsi l'absence de d\u00e9versements ou de fuites. La construction solide permet un transport en toute s\u00e9curit\u00e9, que ce soit pour la restauration, la vente \u00e0 emporter ou la livraison.<\/p>\n<p><strong>Assurance qualit\u00e9 et certifications<\/strong><br \/>Dans notre usine, nous respectons des normes strictes de contr\u00f4le de la qualit\u00e9, en testant la solidit\u00e9, la r\u00e9sistance aux fuites et la s\u00e9curit\u00e9 alimentaire. Notre usine est certifi\u00e9e ISO 9001 et ISO 14001, ce qui garantit le respect de normes \u00e9lev\u00e9es. Nos gobelets sont approuv\u00e9s par la FDA et nous d\u00e9tenons des certifications pertinentes telles que FSC et BRCGS, ce qui vous garantit des produits fiables.<\/p>\n<p><strong>Personnalisation et strat\u00e9gie de marque<\/strong><br \/>Vous disposez d'options de personnalisation, y compris l'impression de votre logo pour une meilleure visibilit\u00e9. Avec de multiples options de taille et de couleur, nos gobelets peuvent s'aligner parfaitement sur les besoins de votre marque. Augmentez la reconnaissance de votre marque avec le gobelet en papier ondul\u00e9 de 16 oz ; mettez en valeur votre logo et vos designs uniques sur des mat\u00e9riaux respectueux de l'environnement.<\/p>\n<p><strong>Commande, conditionnement et logistique<\/strong><br \/>Notre quantit\u00e9 minimale de commande est de 50 000 pi\u00e8ces. Le gobelet en papier ondul\u00e9 de 16 oz est solidement emball\u00e9 pour garantir la s\u00e9curit\u00e9 pendant le transport. Avec des d\u00e9lais de production d'environ 30 jours, notre port d'exp\u00e9dition de Ningbo, en Chine, assure une livraison rapide dans le monde entier.   <\/p>\n<p>Pour ceux qui recherchent des produits similaires, vous pouvez vous r\u00e9f\u00e9rer \u00e0 notre gobelet en papier simple paroi de 8 oz, notre gobelet en papier de 10 oz, ou m\u00eame explorer le gobelet en papier double paroi de 12 oz pour plus d'options dans vos besoins de service de boissons.<\/p>\n<h2 style=\"\"text-align: center;\"\">Vid\u00e9o de la visite de l'usine :<\/h2>\n\n<p>&nbsp;<\/p>\n<p>&#8220;<\/p>","protected":false},"excerpt":{"rendered":"<p>Le gobelet en papier ondul\u00e9 de 16 oz est con\u00e7u pour le service de boissons chaudes et froides. Avec une capacit\u00e9 de 16 oz, il est id\u00e9al pour les caf\u00e9s, les restaurants et les \u00e9v\u00e9nements de restauration. Dot\u00e9 d'une paroi ondul\u00e9e, il offre une isolation et une prise en main confortable aux clients de l'industrie alimentaire et des boissons.<\/p>","protected":false},"featured_media":772,"comment_status":"open","ping_status":"closed","template":"","meta":[],"product_brand":[],"product_cat":[21,27,30],"product_tag":[],"class_list":{"0":"post-771","1":"product","2":"type-product","3":"status-publish","4":"has-post-thumbnail","6":"product_cat-products","7":"product_cat-paper-cups","8":"product_cat-ripple-wall-paper-cups","10":"first","11":"instock","12":"shipping-taxable","13":"product-type-simple"},"_links":{"self":[{"href":"https:\/\/ascentpak.com\/fr\/wp-json\/wp\/v2\/product\/771","targetHints":{"allow":["GET"]}}],"collection":[{"href":"https:\/\/ascentpak.com\/fr\/wp-json\/wp\/v2\/product"}],"about":[{"href":"https:\/\/ascentpak.com\/fr\/wp-json\/wp\/v2\/types\/product"}],"replies":[{"embeddable":true,"href":"https:\/\/ascentpak.com\/fr\/wp-json\/wp\/v2\/comments?post=771"}],"wp:featuredmedia":[{"embeddable":true,"href":"https:\/\/ascentpak.com\/fr\/wp-json\/wp\/v2\/media\/772"}],"wp:attachment":[{"href":"https:\/\/ascentpak.com\/fr\/wp-json\/wp\/v2\/media?parent=771"}],"wp:term":[{"taxonomy":"product_brand","embeddable":true,"href":"https:\/\/ascentpak.com\/fr\/wp-json\/wp\/v2\/product_brand?post=771"},{"taxonomy":"product_cat","embeddable":true,"href":"https:\/\/ascentpak.com\/fr\/wp-json\/wp\/v2\/product_cat?post=771"},{"taxonomy":"product_tag","embeddable":true,"href":"https:\/\/ascentpak.com\/fr\/wp-json\/wp\/v2\/product_tag?post=771"}],"curies":[{"name":"wp","href":"https:\/\/api.w.org\/{rel}","templated":true}]}}