{"id":714,"date":"2025-04-15T01:16:16","date_gmt":"2025-04-15T01:16:16","guid":{"rendered":"https:\/\/ascentpak.com\/?post_type=product&#038;p=714"},"modified":"2025-04-15T01:16:23","modified_gmt":"2025-04-15T01:16:23","slug":"8-oz-single-wall-paper-cup","status":"publish","type":"product","link":"https:\/\/ascentpak.com\/fr\/produit\/8-oz-single-wall-paper-cup\/","title":{"rendered":"Gobelet en papier de 8 oz \u00e0 paroi unique"},"content":{"rendered":"<p>&#8220;<\/p>\n\n<table id=\"tablepress-8\" class=\"tablepress tablepress-id-8\">\n<thead>\n<tr class=\"row-1\">\n\t<th class=\"column-1\">Objet<\/th><th class=\"column-2\">TAILLE (MM)<\/th><th class=\"column-3\">EMBALLAGE (PCS*BAG)<\/th><th class=\"column-4\">TAILLE DU CTN (CM)<\/th>\n<\/tr>\n<\/thead>\n<tbody class=\"row-striping row-hover\">\n<tr class=\"row-2\">\n\t<td class=\"column-1\">Mur simple-8OZ<\/td><td class=\"column-2\">80*56*90<\/td><td class=\"column-3\">50*20=1000<\/td><td class=\"column-4\">40.5*32.5*39.5<\/td>\n<\/tr>\n<tr class=\"row-3\">\n\t<td class=\"column-1\">Simple paroi-10OZ<\/td><td class=\"column-2\">90*59*95<\/td><td class=\"column-3\">50*20=1000<\/td><td class=\"column-4\">45.5*36.5*46.5<\/td>\n<\/tr>\n<tr class=\"row-4\">\n\t<td class=\"column-1\">Simple paroi-12OZ<\/td><td class=\"column-2\">90*60*111<\/td><td class=\"column-3\">50*20=1000<\/td><td class=\"column-4\">45.5*36.5*46.5<\/td>\n<\/tr>\n<tr class=\"row-5\">\n\t<td class=\"column-1\">Simple paroi-16OZ<\/td><td class=\"column-2\">90*60*136<\/td><td class=\"column-3\">50*20=1000<\/td><td class=\"column-4\">45.5*36.5*54<\/td>\n<\/tr>\n<tr class=\"row-6\">\n\t<td class=\"column-1\">Simple paroi-20OZ<\/td><td class=\"column-2\">90*60*162<\/td><td class=\"column-3\">50*20=1000<\/td><td class=\"column-4\">45.5*36.5*63<\/td>\n<\/tr>\n<tr class=\"row-7\">\n\t<td class=\"column-1\">Simple paroi-22OZ<\/td><td class=\"column-2\">90*60*171<\/td><td class=\"column-3\">50*20=1000<\/td><td class=\"column-4\">45.5*36.5*65<\/td>\n<\/tr>\n<tr class=\"row-8\">\n\t<td class=\"column-1\">Double paroi-8OZ <\/td><td class=\"column-2\">80*56*90<\/td><td class=\"column-3\">25*20=500<\/td><td class=\"column-4\">42*33*50<\/td>\n<\/tr>\n<tr class=\"row-9\">\n\t<td class=\"column-1\">Double paroi-10OZ <\/td><td class=\"column-2\">90*59*95<\/td><td class=\"column-3\">25*20=500<\/td><td class=\"column-4\">42*33*51<\/td>\n<\/tr>\n<tr class=\"row-10\">\n\t<td class=\"column-1\">Double paroi-12OZ<\/td><td class=\"column-2\">90*60*111<\/td><td class=\"column-3\">25*20=500<\/td><td class=\"column-4\">46*37*56<\/td>\n<\/tr>\n<tr class=\"row-11\">\n\t<td class=\"column-1\">Double paroi-16OZ <\/td><td class=\"column-2\">90*60*136<\/td><td class=\"column-3\">25*20=500<\/td><td class=\"column-4\">46*37*59<\/td>\n<\/tr>\n<tr class=\"row-12\">\n\t<td class=\"column-1\">Double paroi-20OZ <\/td><td class=\"column-2\">90*60*162<\/td><td class=\"column-3\">25*20=500<\/td><td class=\"column-4\">46*37*68<\/td>\n<\/tr>\n<tr class=\"row-13\">\n\t<td class=\"column-1\">Double paroi-22OZ <\/td><td class=\"column-2\">90*60*171<\/td><td class=\"column-3\">25*20=500<\/td><td class=\"column-4\">46*37*70<\/td>\n<\/tr>\n<\/tbody>\n<\/table>\n<!-- #tablepress-8 from cache -->\n<p>&nbsp;<br \/>Le gobelet en papier simple paroi de 8 oz est une solution essentielle dans l'industrie de l'emballage des aliments et des boissons. Il offre une fonctionnalit\u00e9 fiable pour les boissons chaudes et froides, garantissant le maintien de la temp\u00e9rature et de la structure de la boisson pendant l'utilisation. Vous pouvez trouver des options de qualit\u00e9 sup\u00e9rieure aupr\u00e8s de fabricants et de fournisseurs r\u00e9put\u00e9s qui s'efforcent de fournir des produits exceptionnels \u00e0 des prix de gros comp\u00e9titifs.<\/p>\n<p><strong>Mat\u00e9riaux et structure du gobelet<\/strong><br \/>Notre gobelet en papier simple paroi de 8 oz est fabriqu\u00e9 \u00e0 partir de mat\u00e9riaux de haute qualit\u00e9, tels que le papier kraft, le papier enduit de PE et le papier enduit de PLA. Ces mat\u00e9riaux garantissent non seulement la s\u00e9curit\u00e9 des boissons, mais favorisent \u00e9galement la durabilit\u00e9 environnementale :  <\/p>\n<ul>\n<li><strong>Papier kraft<\/strong> constitue une option d'emballage solide et \u00e9cologique.  <\/li>\n<li><strong>Rev\u00eatement PE<\/strong> garantit la r\u00e9sistance aux graisses et la durabilit\u00e9.  <\/li>\n<li><strong>Rev\u00eatement PLA<\/strong> est un choix compostable pour les entreprises soucieuses de l'environnement.  <\/li>\n<li><strong>Rev\u00eatement aqueux<\/strong> utilise une finition \u00e0 base d'eau qui est non toxique et respectueuse de l'environnement tout en maintenant la durabilit\u00e9 du gobelet.<\/li>\n<\/ul>\n<p>L'int\u00e9grit\u00e9 structurelle est vitale, et nos gobelets en papier 8 oz \u00e0 simple paroi sont dot\u00e9s d'une conception monocouche fiable, garantissant que vos boissons restent fra\u00eeches et \u00e0 la bonne temp\u00e9rature.<br \/>Pour en savoir plus sur ces coupes, voir <a href=\"\"https:>AscentPak<\/a>.<\/p>\n<p><strong>Propri\u00e9t\u00e9s physiques et fonctionnelles<\/strong><br \/>Voici quelques informations importantes sur les dimensions et les applications de nos gobelets :  <\/p>\n<ul>\n<li><strong>Tasses \u00e0 simple paroi<\/strong>\n<ul>\n<li>SW-8OZ : 80\u00d756\u00d790mm, emballage 50\u00d720=1000 pcs, taille du carton 40.5\u00d732.5\u00d739.5 cm  <\/li>\n<li>SW-10OZ : 90\u00d759\u00d795mm, emballage 50\u00d720=1000 pcs, taille du carton 45.5\u00d736.5\u00d746.5 cm  <\/li>\n<li>SW-12OZ : 90\u00d760\u00d7111mm, emballage 50\u00d720=1000 pcs, taille du carton 45.5\u00d736.5\u00d746.5 cm<\/li>\n<\/ul>\n<\/li>\n<\/ul>\n<p>Notre large gamme comprend des tailles adapt\u00e9es \u00e0 tous les types de boissons, assurant un maintien s\u00fbr tout en pr\u00e9servant la qualit\u00e9 de la boisson.<\/p>\n<p><strong>Section des tailles et des vari\u00e9t\u00e9s<\/strong><br \/>Nous proposons diff\u00e9rents styles et options pour nos gobelets :  <\/p>\n<ul>\n<li><strong>Tasses \u00e0 simple paroi :<\/strong> SW-8OZ, SW-10OZ, SW-12OZ, SW-16OZ, SW-20OZ, SW-22OZ  <\/li>\n<li><strong>Tasses \u00e0 double paroi :<\/strong> DW-8OZ, DW-10OZ, DW-12OZ, DW-16OZ, DW-20OZ, DW-22OZ<\/li>\n<\/ul>\n<p>Ces tailles de gobelets r\u00e9pondent \u00e0 diff\u00e9rents besoins en mati\u00e8re de service de boissons, garantissant une adaptation parfaite \u00e0 tous les besoins, de l'expresso aux grandes boissons glac\u00e9es. <\/p>\n<p><strong>Performance et qualit\u00e9<\/strong><br \/>Ces gobelets sont dot\u00e9s de caract\u00e9ristiques utiles telles que :  <\/p>\n<ul>\n<li>Une doublure \u00e9tanche et r\u00e9sistante aux graisses pour un plaisir sans d\u00e9sordre.  <\/li>\n<li>Construction robuste qui permet d'\u00e9viter les d\u00e9formations.  <\/li>\n<li>Conception empilable pour faciliter le stockage et la manipulation.<\/li>\n<\/ul>\n<p><strong>Section assurance qualit\u00e9 et certifications<\/strong><br \/>Nous adh\u00e9rons \u00e0 des processus de contr\u00f4le de la qualit\u00e9 tr\u00e8s stricts. Chaque lot de gobelets en papier est soumis \u00e0 des tests rigoureux de solidit\u00e9 et de r\u00e9sistance aux fuites afin de r\u00e9pondre aux normes de s\u00e9curit\u00e9 alimentaire. Nos gobelets poss\u00e8dent plusieurs certifications, notamment l'approbation de la FDA et les certifications ISO pour la gestion de la qualit\u00e9 et de l'environnement. Cet engagement garantit que vous recevrez des produits de qualit\u00e9 sup\u00e9rieure de la part d'une usine et d'un exportateur de confiance qui mettent l'accent sur le d\u00e9veloppement durable.<\/p>\n<p><strong>Personnalisation et strat\u00e9gie de marque<\/strong><br \/>Vous pouvez personnaliser vos gobelets en papier 8 oz \u00e0 paroi unique avec des options telles que :  <\/p>\n<ul>\n<li>Impression de logos personnalis\u00e9s pour une meilleure visibilit\u00e9.  <\/li>\n<li>Diff\u00e9rentes tailles et couleurs pour r\u00e9pondre \u00e0 la vision de votre marque.<\/li>\n<\/ul>\n<p><strong>Commande, conditionnement et logistique<\/strong>  <\/p>\n<ul>\n<li><strong>Quantit\u00e9 minimale de commande :<\/strong> 50 000 pi\u00e8ces.  <\/li>\n<li><strong>D\u00e9tails de l'emballage :<\/strong> Emballage s\u00fbr pour \u00e9viter tout dommage pendant le transport.  <\/li>\n<li><strong>D\u00e9lai de production :<\/strong> Environ 30 jours.  <\/li>\n<li><strong>Port d'embarquement :<\/strong> Bas\u00e9s en Chine, nous assurons une livraison rapide et efficace dans de nombreux pays du monde.<\/li>\n<\/ul>\n<p>Explorez les possibilit\u00e9s d'achat en gros pour vos besoins professionnels gr\u00e2ce \u00e0 notre offre sur les <a href=\"\"https:>AscentPak<\/a> et s'approvisionner facilement aupr\u00e8s d'un fabricant et d'un fournisseur de confiance.<\/p>\n<h2 style=\"\"text-align: center;\"\">Vid\u00e9o de la visite de l'usine :<\/h2>\n\n<p>&nbsp;<\/p>\n<p>&#8220;<\/p>","protected":false},"excerpt":{"rendered":"<p>Le gobelet en papier simple paroi de 8 oz est con\u00e7u pour servir des boissons chaudes ou froides. Avec une sp\u00e9cification de 8 oz, il est id\u00e9al pour les caf\u00e9s, les caf\u00e9s et les \u00e9v\u00e9nements. Fabriqu\u00e9 \u00e0 partir d'une seule paroi, il est l\u00e9ger et \u00e9conomique pour l'industrie de la restauration.<\/p>","protected":false},"featured_media":719,"comment_status":"open","ping_status":"closed","template":"","meta":[],"product_brand":[],"product_cat":[21,27,28],"product_tag":[],"class_list":{"0":"post-714","1":"product","2":"type-product","3":"status-publish","4":"has-post-thumbnail","6":"product_cat-products","7":"product_cat-paper-cups","8":"product_cat-single-wall-paper-cups","10":"first","11":"instock","12":"shipping-taxable","13":"product-type-simple"},"_links":{"self":[{"href":"https:\/\/ascentpak.com\/fr\/wp-json\/wp\/v2\/product\/714","targetHints":{"allow":["GET"]}}],"collection":[{"href":"https:\/\/ascentpak.com\/fr\/wp-json\/wp\/v2\/product"}],"about":[{"href":"https:\/\/ascentpak.com\/fr\/wp-json\/wp\/v2\/types\/product"}],"replies":[{"embeddable":true,"href":"https:\/\/ascentpak.com\/fr\/wp-json\/wp\/v2\/comments?post=714"}],"wp:featuredmedia":[{"embeddable":true,"href":"https:\/\/ascentpak.com\/fr\/wp-json\/wp\/v2\/media\/719"}],"wp:attachment":[{"href":"https:\/\/ascentpak.com\/fr\/wp-json\/wp\/v2\/media?parent=714"}],"wp:term":[{"taxonomy":"product_brand","embeddable":true,"href":"https:\/\/ascentpak.com\/fr\/wp-json\/wp\/v2\/product_brand?post=714"},{"taxonomy":"product_cat","embeddable":true,"href":"https:\/\/ascentpak.com\/fr\/wp-json\/wp\/v2\/product_cat?post=714"},{"taxonomy":"product_tag","embeddable":true,"href":"https:\/\/ascentpak.com\/fr\/wp-json\/wp\/v2\/product_tag?post=714"}],"curies":[{"name":"wp","href":"https:\/\/api.w.org\/{rel}","templated":true}]}}