{"id":534,"date":"2025-04-10T05:33:01","date_gmt":"2025-04-10T05:33:01","guid":{"rendered":"https:\/\/ascentpak.com\/?page_id=534"},"modified":"2025-04-28T04:46:56","modified_gmt":"2025-04-28T04:46:56","slug":"about-us","status":"publish","type":"page","link":"https:\/\/ascentpak.com\/fr\/about-us\/","title":{"rendered":"\u00c0 propos de nous"},"content":{"rendered":"<div data-elementor-type=\"wp-page\" data-elementor-id=\"534\" class=\"elementor elementor-534\" data-elementor-post-type=\"page\">\n\t\t\t\t<div class=\"elementor-element elementor-element-ee585f9 e-flex e-con-boxed e-con e-parent\" data-id=\"ee585f9\" data-element_type=\"container\">\n\t\t\t\t\t<div class=\"e-con-inner\">\n\t\t\t\t<div class=\"elementor-element elementor-element-e929b39 elementor-widget elementor-widget-heading\" data-id=\"e929b39\" data-element_type=\"widget\" data-widget_type=\"heading.default\">\n\t\t\t\t<div class=\"elementor-widget-container\">\n\t\t\t\t\t<h2 class=\"elementor-heading-title elementor-size-default\">\u00c0 propos d'Ascent<\/h2>\t\t\t\t<\/div>\n\t\t\t\t<\/div>\n\t\t\t\t\t<\/div>\n\t\t\t\t<\/div>\n\t\t<div class=\"elementor-element elementor-element-88e143d e-flex e-con-boxed e-con e-parent\" data-id=\"88e143d\" data-element_type=\"container\">\n\t\t\t\t\t<div class=\"e-con-inner\">\n\t\t\t\t<div class=\"elementor-element elementor-element-119518b elementor-widget elementor-widget-text-editor\" data-id=\"119518b\" data-element_type=\"widget\" data-widget_type=\"text-editor.default\">\n\t\t\t\t<div class=\"elementor-widget-container\">\n\t\t\t\t\t\t\t\t\t<p class=\"ds-markdown-paragraph\">Ascent est un fabricant de confiance de produits\u00a0<strong>Emballage en papier respectueux de l'environnement<\/strong>sp\u00e9cialis\u00e9e dans\u00a0<strong>gobelets en papier, bols en papier, saladiers, sacs en papier et bo\u00eetes repas<\/strong>. Strat\u00e9giquement situ\u00e9 \u00e0\u00a0<strong>Ningbo, Chine<\/strong>Situ\u00e9 \u00e0 proximit\u00e9 d'un grand port maritime, nous assurons une logistique mondiale efficace et des livraisons dans les d\u00e9lais pour nos clients internationaux dans les pays de l'Union europ\u00e9enne.\u00a0<strong>les secteurs de la restauration, du commerce de d\u00e9tail et des soins de sant\u00e9<\/strong>.<\/p><p class=\"ds-markdown-paragraph\">Avec\u00a0<strong>17+ ann\u00e9es d'expertise<\/strong>Nous combinons\u00a0<strong>mat\u00e9riaux durables, ing\u00e9nierie de pr\u00e9cision et innovation ax\u00e9e sur le client<\/strong>\u00a0pour fournir des solutions d'emballage de haute performance. Nos produits r\u00e9pondent aux normes industrielles les plus strictes, soutenues par\u00a0<strong>Certifications FSC, ISO, BRC et BSCI<\/strong>garantissant\u00a0<strong>la qualit\u00e9, la s\u00e9curit\u00e9 et la production \u00e9thique<\/strong>.<\/p><p class=\"ds-markdown-paragraph\">Engag\u00e9s dans le d\u00e9veloppement durable, nous offrons\u00a0<strong>des conceptions personnalis\u00e9es, des prix comp\u00e9titifs et des d\u00e9lais d'ex\u00e9cution rapides<\/strong>ce qui fait de nous le partenaire privil\u00e9gi\u00e9 des marques qui accordent la priorit\u00e9 \u00e0 l'innovation.\u00a0<strong>la responsabilit\u00e9 environnementale sans compromettre les performances<\/strong>. Que ce soit pour\u00a0<strong>les aliments \u00e0 emporter, les emballages de vente au d\u00e9tail ou les fournitures de soins de sant\u00e9<\/strong>Ascent fournit un service fiable,\u00a0<strong>des solutions respectueuses de l'environnement<\/strong>\u00a0qui s'alignent sur les objectifs mondiaux de d\u00e9veloppement durable.<\/p><p class=\"ds-markdown-paragraph\">Choisissez Ascent pour\u00a0<strong>des emballages responsables et de haute qualit\u00e9 - con\u00e7us pour \u00eatre efficaces et livr\u00e9s avec excellence<\/strong>.<\/p>\t\t\t\t\t\t\t\t<\/div>\n\t\t\t\t<\/div>\n\t\t\t\t\t<\/div>\n\t\t\t\t<\/div>\n\t\t<div class=\"elementor-element elementor-element-1b95454 e-grid e-con-boxed e-con e-parent\" data-id=\"1b95454\" data-element_type=\"container\">\n\t\t\t\t\t<div class=\"e-con-inner\">\n\t\t\t\t<div class=\"elementor-element elementor-element-89c1d30 elementor-widget elementor-widget-image\" data-id=\"89c1d30\" data-element_type=\"widget\" data-widget_type=\"image.default\">\n\t\t\t\t<div class=\"elementor-widget-container\">\n\t\t\t\t\t\t\t\t\t\t\t\t\t\t\t<img fetchpriority=\"high\" decoding=\"async\" width=\"800\" height=\"533\" src=\"https:\/\/ascentpak.com\/wp-content\/uploads\/2025\/04\/IMG_1371.jpg\" class=\"attachment-large size-large wp-image-951\" alt=\"\" srcset=\"https:\/\/ascentpak.com\/wp-content\/uploads\/2025\/04\/IMG_1371.jpg 800w, https:\/\/ascentpak.com\/wp-content\/uploads\/2025\/04\/IMG_1371-600x400.jpg 600w, https:\/\/ascentpak.com\/wp-content\/uploads\/2025\/04\/IMG_1371-300x200.jpg 300w, https:\/\/ascentpak.com\/wp-content\/uploads\/2025\/04\/IMG_1371-768x512.jpg 768w\" sizes=\"(max-width: 800px) 100vw, 800px\" \/>\t\t\t\t\t\t\t\t\t\t\t\t\t\t\t<\/div>\n\t\t\t\t<\/div>\n\t\t\t\t<div class=\"elementor-element elementor-element-3c3a003 elementor-widget elementor-widget-image\" data-id=\"3c3a003\" data-element_type=\"widget\" data-widget_type=\"image.default\">\n\t\t\t\t<div class=\"elementor-widget-container\">\n\t\t\t\t\t\t\t\t\t\t\t\t\t\t\t<img decoding=\"async\" width=\"800\" height=\"533\" src=\"https:\/\/ascentpak.com\/wp-content\/uploads\/2025\/04\/IMG_1388.jpg\" class=\"attachment-large size-large wp-image-952\" alt=\"\" srcset=\"https:\/\/ascentpak.com\/wp-content\/uploads\/2025\/04\/IMG_1388.jpg 800w, https:\/\/ascentpak.com\/wp-content\/uploads\/2025\/04\/IMG_1388-600x400.jpg 600w, https:\/\/ascentpak.com\/wp-content\/uploads\/2025\/04\/IMG_1388-300x200.jpg 300w, https:\/\/ascentpak.com\/wp-content\/uploads\/2025\/04\/IMG_1388-768x512.jpg 768w\" sizes=\"(max-width: 800px) 100vw, 800px\" \/>\t\t\t\t\t\t\t\t\t\t\t\t\t\t\t<\/div>\n\t\t\t\t<\/div>\n\t\t\t\t<div class=\"elementor-element elementor-element-f227509 elementor-widget elementor-widget-image\" data-id=\"f227509\" data-element_type=\"widget\" data-widget_type=\"image.default\">\n\t\t\t\t<div class=\"elementor-widget-container\">\n\t\t\t\t\t\t\t\t\t\t\t\t\t\t\t<img decoding=\"async\" width=\"800\" height=\"533\" src=\"https:\/\/ascentpak.com\/wp-content\/uploads\/2025\/04\/IMG_1379.jpg\" class=\"attachment-large size-large wp-image-953\" alt=\"\" srcset=\"https:\/\/ascentpak.com\/wp-content\/uploads\/2025\/04\/IMG_1379.jpg 800w, https:\/\/ascentpak.com\/wp-content\/uploads\/2025\/04\/IMG_1379-600x400.jpg 600w, https:\/\/ascentpak.com\/wp-content\/uploads\/2025\/04\/IMG_1379-300x200.jpg 300w, https:\/\/ascentpak.com\/wp-content\/uploads\/2025\/04\/IMG_1379-768x512.jpg 768w\" sizes=\"(max-width: 800px) 100vw, 800px\" \/>\t\t\t\t\t\t\t\t\t\t\t\t\t\t\t<\/div>\n\t\t\t\t<\/div>\n\t\t\t\t\t<\/div>\n\t\t\t\t<\/div>\n\t\t\t\t<\/div>","protected":false},"excerpt":{"rendered":"<p>About Ascent Ascent is a trusted manufacturer of premium\u00a0eco-friendly paper packaging, specializing in\u00a0paper cups, paper bowls, salad bowls, paper bags, and meal boxes. Strategically located in\u00a0Ningbo, China, near a major sea port, we ensure efficient global logistics and timely deliveries for our international clients in the\u00a0food service, retail, and healthcare industries. With\u00a017+ years of expertise, [&hellip;]<\/p>","protected":false},"author":1,"featured_media":0,"parent":0,"menu_order":0,"comment_status":"closed","ping_status":"closed","template":"","meta":{"footnotes":""},"class_list":["post-534","page","type-page","status-publish","hentry"],"_links":{"self":[{"href":"https:\/\/ascentpak.com\/fr\/wp-json\/wp\/v2\/pages\/534","targetHints":{"allow":["GET"]}}],"collection":[{"href":"https:\/\/ascentpak.com\/fr\/wp-json\/wp\/v2\/pages"}],"about":[{"href":"https:\/\/ascentpak.com\/fr\/wp-json\/wp\/v2\/types\/page"}],"author":[{"embeddable":true,"href":"https:\/\/ascentpak.com\/fr\/wp-json\/wp\/v2\/users\/1"}],"replies":[{"embeddable":true,"href":"https:\/\/ascentpak.com\/fr\/wp-json\/wp\/v2\/comments?post=534"}],"version-history":[{"count":13,"href":"https:\/\/ascentpak.com\/fr\/wp-json\/wp\/v2\/pages\/534\/revisions"}],"predecessor-version":[{"id":962,"href":"https:\/\/ascentpak.com\/fr\/wp-json\/wp\/v2\/pages\/534\/revisions\/962"}],"wp:attachment":[{"href":"https:\/\/ascentpak.com\/fr\/wp-json\/wp\/v2\/media?parent=534"}],"curies":[{"name":"wp","href":"https:\/\/api.w.org\/{rel}","templated":true}]}}