{"id":795,"date":"2025-04-16T01:18:32","date_gmt":"2025-04-16T01:18:32","guid":{"rendered":"https:\/\/ascentpak.com\/?post_type=product&#038;p=795"},"modified":"2025-04-16T01:18:37","modified_gmt":"2025-04-16T01:18:37","slug":"32-oz-soup-paper-bowl","status":"publish","type":"product","link":"https:\/\/ascentpak.com\/es\/producto\/32-oz-soup-paper-bowl\/","title":{"rendered":"sopera de papel de 32 oz"},"content":{"rendered":"<p>&#8220;<\/p>\n\n<table id=\"tablepress-1\" class=\"tablepress tablepress-id-1\">\n<thead>\n<tr class=\"row-1\">\n\t<th class=\"column-1\">                 Art\u00edculo<\/th><th class=\"column-2\">             TAMA\u00d1O(MM)<\/th><th class=\"column-3\">     EMBALAJE (PIEZAS*BOLSA)<\/th><th class=\"column-4\">          TAMA\u00d1O CTN(CM)<\/th>\n<\/tr>\n<\/thead>\n<tbody class=\"row-striping row-hover\">\n<tr class=\"row-2\">\n\t<td class=\"column-1\">SB-8OZ (96MM)<\/td><td class=\"column-2\">96*77*60<\/td><td class=\"column-3\">25*20=500<\/td><td class=\"column-4\">49.5*39.5*27.5<\/td>\n<\/tr>\n<tr class=\"row-3\">\n\t<td class=\"column-1\">SB-8OZ (90MM)<\/td><td class=\"column-2\">90*75*63<\/td><td class=\"column-3\">25*20=500<\/td><td class=\"column-4\">46.5*37.5*28<\/td>\n<\/tr>\n<tr class=\"row-4\">\n\t<td class=\"column-1\">SB-12OZ (96MM)<\/td><td class=\"column-2\">96*82*67<\/td><td class=\"column-3\">25*20=500<\/td><td class=\"column-4\">49.5*39.5*31.5<\/td>\n<\/tr>\n<tr class=\"row-5\">\n\t<td class=\"column-1\">SB-12OZ (90MM)<\/td><td class=\"column-2\">90*73*88<\/td><td class=\"column-3\">25*20=500<\/td><td class=\"column-4\">46.5*37.5*33.5<\/td>\n<\/tr>\n<tr class=\"row-6\">\n\t<td class=\"column-1\">SB-16OZ (96MM)<\/td><td class=\"column-2\">96*78*96<\/td><td class=\"column-3\">25*20=500<\/td><td class=\"column-4\">49.5*39.5*35<\/td>\n<\/tr>\n<tr class=\"row-7\">\n\t<td class=\"column-1\">SB-12OZ (115MM)<\/td><td class=\"column-2\">115*93*63<\/td><td class=\"column-3\">25*20=500<\/td><td class=\"column-4\">58.5*46.5*27<\/td>\n<\/tr>\n<tr class=\"row-8\">\n\t<td class=\"column-1\">SB-16OZ (115MM)<\/td><td class=\"column-2\">115*96*78<\/td><td class=\"column-3\">25*20=500<\/td><td class=\"column-4\">58.5*46.5*31<\/td>\n<\/tr>\n<tr class=\"row-9\">\n\t<td class=\"column-1\">SB-26OZ (115MM)<\/td><td class=\"column-2\">115*89*115<\/td><td class=\"column-3\">25*20=500<\/td><td class=\"column-4\">58.5*46.5*40.5<\/td>\n<\/tr>\n<tr class=\"row-10\">\n\t<td class=\"column-1\">SB-32OZ (115MM)<\/td><td class=\"column-2\">115*91*133<\/td><td class=\"column-3\">25*20=500<\/td><td class=\"column-4\">58.5*46.5*40.5<\/td>\n<\/tr>\n<\/tbody>\n<\/table>\n\n<p>&nbsp;<\/p>\n<p>En <strong>sopera de papel de 32 oz<\/strong> es esencial en la industria del envasado de alimentos y bebidas. Est\u00e1 especialmente dise\u00f1ado para contener sopas y guisos calientes manteniendo la temperatura y la estructura de los alimentos. Puede confiar en la calidad y durabilidad de este producto para mejorar su servicio.<\/p>\n<ol>\n<li>\n<p><strong>Materiales y estructura de la cuchara<\/strong><br \/>Nuestra <strong>sopera de papel de 32 oz<\/strong> est\u00e1 fabricado con materiales de primera calidad. Utilizamos papel kraft, papel con revestimiento de PE, papel con revestimiento de PLA y papel con revestimiento acuoso. Estos materiales no solo cumplen las normas de seguridad, sino que tambi\u00e9n favorecen la sostenibilidad:  <\/p>\n<ul>\n<li>El papel kraft ofrece una soluci\u00f3n resistente y respetuosa con el medio ambiente.  <\/li>\n<li>El revestimiento de PE garantiza que el cubo sea resistente a la grasa y duradero.  <\/li>\n<li>El revestimiento de PLA ofrece una opci\u00f3n compostable y sostenible para las marcas con conciencia ecol\u00f3gica.  <\/li>\n<li>El revestimiento acuoso ofrece una opci\u00f3n a base de agua, no t\u00f3xica y respetuosa con el medio ambiente para conseguir un acabado liso manteniendo la integridad del cubo.<br \/>Nuestros cuencos de papel para sopa de 32 onzas presentan una construcci\u00f3n resistente que garantiza que sus sopas se mantengan calientes sin comprometer la calidad durante el transporte.<\/li>\n<\/ul>\n<\/li>\n<li>\n<p><strong>Propiedades f\u00edsicas y funcionales<\/strong><br \/>En <strong>sopera de papel de 32 oz<\/strong> est\u00e1 dise\u00f1ado para diversas aplicaciones. Aqu\u00ed est\u00e1n las especificaciones detalladas:<\/p>\n<\/li>\n<\/ol>\n<ul>\n<li><strong>SB-32OZ (115MM)<\/strong>: 115\u00d791\u00d7133 mm, embalaje 25\u00d720 = 500 unidades, tama\u00f1o de la caja 58,5\u00d746,5\u00d740,5 cm.<br \/>Su robusto dise\u00f1o sujeta firmemente la sopa, conservando su alta calidad. Para m\u00e1s opciones, consulte nuestra <a href=\"\"https:>sopera de papel de 8 oz<\/a> y <a href=\"\"https:>sopera de papel de 12 oz<\/a>.<\/li>\n<\/ul>\n<ol start=\"\"3\"\">\n<li><strong>Secci\u00f3n de tama\u00f1os y variedades<\/strong><br \/>Ofrecemos una gran variedad de estilos y tama\u00f1os para nuestros <strong>sopera de papel de 32 oz<\/strong>:<\/li>\n<\/ol>\n<ul>\n<li>Tama\u00f1os: SB-8OZ, SB-12OZ, SB-16OZ, SB-26OZ, SB-32OZ.  <\/li>\n<li>M\u00faltiples opciones de di\u00e1metro (90MM, 96MM, 115MM) disponibles para diversas necesidades.<br \/>Estos tama\u00f1os se adaptan a diferentes servicios, como cubos peque\u00f1os para raciones individuales o cubos grandes para comidas familiares.<\/li>\n<\/ul>\n<ol start=\"\"4\"\">\n<li><strong>Rendimiento y calidad<\/strong><br \/>Nuestra <strong>sopera de papel de 32 oz<\/strong> tiene caracter\u00edsticas que mejoran la usabilidad:<\/li>\n<\/ol>\n<ul>\n<li>Forro a prueba de fugas y resistente a la grasa para un envasado sin complicaciones.  <\/li>\n<li>Construcci\u00f3n robusta para evitar deformaciones.  <\/li>\n<li>Dise\u00f1o apilable para facilitar el almacenamiento y la manipulaci\u00f3n.<br \/>Cada cuenco est\u00e1 dise\u00f1ado para que no se derrame nada, por lo que es perfecto para comer en casa, para llevar o para entregar a domicilio.<\/li>\n<\/ul>\n<ol start=\"\"5\"\">\n<li>\n<p><strong>Garant\u00eda de calidad y certificaciones<\/strong><br \/>Seguimos estrictas medidas de control de calidad. Cada lote de <strong>sopera de papel de 32 oz<\/strong> se somete a pruebas de resistencia, estanqueidad y cumplimiento de la normativa de seguridad alimentaria. Nuestros cuencos est\u00e1n aprobados por la FDA y nuestras instalaciones cuentan con certificaciones como ISO 9001, ISO 14001, FSC y BRCGS, lo que le garantiza que recibir\u00e1 productos de la m\u00e1xima calidad.  <\/p>\n<\/li>\n<li>\n<p><strong>Personalizaci\u00f3n y marca<\/strong><br \/>Puedes personalizar tu <strong>sopera de papel de 32 oz<\/strong>. Ofrecemos opciones como:<\/p>\n<\/li>\n<\/ol>\n<ul>\n<li>Impresi\u00f3n personalizada del logotipo para una mayor visibilidad.  <\/li>\n<li>M\u00faltiples opciones de tama\u00f1o y color para adaptarse a la identidad de su marca.<br \/>Eleve su marca con dise\u00f1os personalizados en materiales ecol\u00f3gicos, dejando una impresi\u00f3n duradera en los clientes.<\/li>\n<\/ul>\n<ol start=\"\"7\"\">\n<li><strong>Pedidos, embalaje y log\u00edstica<\/strong><\/li>\n<\/ol>\n<ul>\n<li><strong>Cantidad m\u00ednima de pedido<\/strong>: 50.000 unidades.  <\/li>\n<li><strong>Detalles del embalaje<\/strong>: Embalado con seguridad para un env\u00edo seguro.  <\/li>\n<li><strong>Plazo de producci\u00f3n<\/strong>: Aproximadamente 30 d\u00edas.  <\/li>\n<li><strong>Puerto de embarque<\/strong>: Ningbo, China, garantiza una entrega r\u00e1pida y eficaz en todo el mundo.<br \/>Nuestros cuencos se embalan cuidadosamente para evitar da\u00f1os durante el transporte. Con la producci\u00f3n en una f\u00e1brica confiable, usted puede comprar a granel a precios competitivos al por mayor, por lo que es ideal para los exportadores y las necesidades de OEM.<\/li>\n<\/ul>\n<p>Explore la gama de nuestros platos hondos, incluido nuestro <a href=\"\"https:>sopera de papel de 16 oz<\/a> y <a href=\"\"https:>Tazones de sopa de papel de 26 oz<\/a>. Experimente la excelencia en calidad y servicio con nuestro <strong>sopera de papel de 32 oz<\/strong> \u00a1hoy!<\/p>\n<h2 style=\"\"text-align: center;\"\">V\u00eddeo de la visita a la f\u00e1brica:<\/h2>\n\n<p>&nbsp;<\/p>\n<p>&#8220;<\/p>","protected":false},"excerpt":{"rendered":"<p>El bol de papel para sopa de 32 onzas est\u00e1 dise\u00f1ado para servir sopas calientes y comidas para llevar. Con una capacidad de 32 onzas, es ideal para restaurantes, camiones de comida y servicios de catering. Con una construcci\u00f3n robusta, ofrece una durabilidad fiable para el sector de la restauraci\u00f3n.<\/p>","protected":false},"featured_media":796,"comment_status":"open","ping_status":"closed","template":"","meta":[],"product_brand":[],"product_cat":[21,32],"product_tag":[],"class_list":{"0":"post-795","1":"product","2":"type-product","3":"status-publish","4":"has-post-thumbnail","6":"product_cat-products","7":"product_cat-paper-soup-cups","9":"first","10":"instock","11":"shipping-taxable","12":"product-type-simple"},"_links":{"self":[{"href":"https:\/\/ascentpak.com\/es\/wp-json\/wp\/v2\/product\/795","targetHints":{"allow":["GET"]}}],"collection":[{"href":"https:\/\/ascentpak.com\/es\/wp-json\/wp\/v2\/product"}],"about":[{"href":"https:\/\/ascentpak.com\/es\/wp-json\/wp\/v2\/types\/product"}],"replies":[{"embeddable":true,"href":"https:\/\/ascentpak.com\/es\/wp-json\/wp\/v2\/comments?post=795"}],"wp:featuredmedia":[{"embeddable":true,"href":"https:\/\/ascentpak.com\/es\/wp-json\/wp\/v2\/media\/796"}],"wp:attachment":[{"href":"https:\/\/ascentpak.com\/es\/wp-json\/wp\/v2\/media?parent=795"}],"wp:term":[{"taxonomy":"product_brand","embeddable":true,"href":"https:\/\/ascentpak.com\/es\/wp-json\/wp\/v2\/product_brand?post=795"},{"taxonomy":"product_cat","embeddable":true,"href":"https:\/\/ascentpak.com\/es\/wp-json\/wp\/v2\/product_cat?post=795"},{"taxonomy":"product_tag","embeddable":true,"href":"https:\/\/ascentpak.com\/es\/wp-json\/wp\/v2\/product_tag?post=795"}],"curies":[{"name":"wp","href":"https:\/\/api.w.org\/{rel}","templated":true}]}}