{"id":789,"date":"2025-04-16T01:11:39","date_gmt":"2025-04-16T01:11:39","guid":{"rendered":"https:\/\/ascentpak.com\/?post_type=product&#038;p=789"},"modified":"2025-04-16T01:11:42","modified_gmt":"2025-04-16T01:11:42","slug":"26-oz-soup-paper-bowl","status":"publish","type":"product","link":"https:\/\/ascentpak.com\/es\/producto\/26-oz-soup-paper-bowl\/","title":{"rendered":"sopera de papel de 26 oz"},"content":{"rendered":"<p>&#8220;<\/p>\n\n<table id=\"tablepress-1\" class=\"tablepress tablepress-id-1\">\n<thead>\n<tr class=\"row-1\">\n\t<th class=\"column-1\">                 Art\u00edculo<\/th><th class=\"column-2\">             TAMA\u00d1O(MM)<\/th><th class=\"column-3\">     EMBALAJE (PIEZAS*BOLSA)<\/th><th class=\"column-4\">          TAMA\u00d1O CTN(CM)<\/th>\n<\/tr>\n<\/thead>\n<tbody class=\"row-striping row-hover\">\n<tr class=\"row-2\">\n\t<td class=\"column-1\">SB-8OZ (96MM)<\/td><td class=\"column-2\">96*77*60<\/td><td class=\"column-3\">25*20=500<\/td><td class=\"column-4\">49.5*39.5*27.5<\/td>\n<\/tr>\n<tr class=\"row-3\">\n\t<td class=\"column-1\">SB-8OZ (90MM)<\/td><td class=\"column-2\">90*75*63<\/td><td class=\"column-3\">25*20=500<\/td><td class=\"column-4\">46.5*37.5*28<\/td>\n<\/tr>\n<tr class=\"row-4\">\n\t<td class=\"column-1\">SB-12OZ (96MM)<\/td><td class=\"column-2\">96*82*67<\/td><td class=\"column-3\">25*20=500<\/td><td class=\"column-4\">49.5*39.5*31.5<\/td>\n<\/tr>\n<tr class=\"row-5\">\n\t<td class=\"column-1\">SB-12OZ (90MM)<\/td><td class=\"column-2\">90*73*88<\/td><td class=\"column-3\">25*20=500<\/td><td class=\"column-4\">46.5*37.5*33.5<\/td>\n<\/tr>\n<tr class=\"row-6\">\n\t<td class=\"column-1\">SB-16OZ (96MM)<\/td><td class=\"column-2\">96*78*96<\/td><td class=\"column-3\">25*20=500<\/td><td class=\"column-4\">49.5*39.5*35<\/td>\n<\/tr>\n<tr class=\"row-7\">\n\t<td class=\"column-1\">SB-12OZ (115MM)<\/td><td class=\"column-2\">115*93*63<\/td><td class=\"column-3\">25*20=500<\/td><td class=\"column-4\">58.5*46.5*27<\/td>\n<\/tr>\n<tr class=\"row-8\">\n\t<td class=\"column-1\">SB-16OZ (115MM)<\/td><td class=\"column-2\">115*96*78<\/td><td class=\"column-3\">25*20=500<\/td><td class=\"column-4\">58.5*46.5*31<\/td>\n<\/tr>\n<tr class=\"row-9\">\n\t<td class=\"column-1\">SB-26OZ (115MM)<\/td><td class=\"column-2\">115*89*115<\/td><td class=\"column-3\">25*20=500<\/td><td class=\"column-4\">58.5*46.5*40.5<\/td>\n<\/tr>\n<tr class=\"row-10\">\n\t<td class=\"column-1\">SB-32OZ (115MM)<\/td><td class=\"column-2\">115*91*133<\/td><td class=\"column-3\">25*20=500<\/td><td class=\"column-4\">58.5*46.5*40.5<\/td>\n<\/tr>\n<\/tbody>\n<\/table>\n<!-- #tablepress-1 from cache -->\n<p>&nbsp;<\/p>\n<p>El cuenco de papel para sopa de 26 onzas es una pieza clave en el sector del envasado de alimentos y bebidas. Est\u00e1 dise\u00f1ado para contener sopas y guisos sustanciosos, garantizando calidad y fiabilidad para mantener la temperatura y la estructura de los alimentos.<\/p>\n<p><strong>1. Materiales y estructura de la cuchara<\/strong><br \/>Nuestro cuenco de papel para sopa de 26 onzas est\u00e1 fabricado con materiales de primera calidad, como papel kraft, papel recubierto de PE, papel recubierto de PLA y papel recubierto de agua. Estos materiales desempe\u00f1an un papel crucial a la hora de garantizar la seguridad alimentaria y la sostenibilidad medioambiental:  <\/p>\n<ul>\n<li><strong>Papel Kraft<\/strong> ofrece una soluci\u00f3n resistente y respetuosa con el medio ambiente.  <\/li>\n<li><strong>Revestimiento de PE<\/strong> garantiza que el cubo sea resistente a la grasa y duradero.  <\/li>\n<li><strong>Revestimiento de PLA<\/strong> ofrece una opci\u00f3n compostable y sostenible para las marcas con conciencia ecol\u00f3gica.  <\/li>\n<li><strong>Revestimiento acuoso<\/strong> proporciona un acabado a base de agua, no t\u00f3xico y respetuoso con el medio ambiente, al tiempo que mantiene la integridad del cubo.<br \/>Nuestro bol de papel para sopa de 26 onzas presenta una construcci\u00f3n resistente que garantiza que sus sopas se mantengan calientes sin comprometer la calidad durante el transporte.<\/li>\n<\/ul>\n<p><strong>2. Propiedades f\u00edsicas y funcionales<\/strong><br \/>Nuestra amplia gama de cuencos de papel para sopa de 26 oz incluye varios tama\u00f1os adaptados a diferentes necesidades de servicio. Por ejemplo, eche un vistazo a nuestros cuencos de papel para sopa de 8 oz, 12 oz y 16 oz. Cada cubo est\u00e1 dise\u00f1ado para sostener con seguridad su sopa preservando su calidad.<\/p>\n<p><strong>3. Secci\u00f3n de tama\u00f1os y variedades<\/strong><br \/>Con un surtido de estilos y variaciones, encontrar\u00e1 el ajuste perfecto:  <\/p>\n<ul>\n<li><strong>Tallas:<\/strong> SB-8OZ, SB-12OZ, SB-16OZ, SB-26OZ, SB-32OZ  <\/li>\n<li><strong>M\u00faltiples opciones de di\u00e1metro:<\/strong> (90MM, 96MM, 115MM) para diversas necesidades de servicio.<br \/>Tanto si busca cubos peque\u00f1os para raciones individuales como grandes comidas familiares, nuestra colecci\u00f3n garantiza un ajuste perfecto para todas las necesidades de servicio.<\/li>\n<\/ul>\n<p><strong>4. Rendimiento y calidad<\/strong><br \/>Cada cuenco de papel para sopa de 26 onzas est\u00e1 dise\u00f1ado pensando en la facilidad de uso. Caracter\u00edsticas notables incluyen:  <\/p>\n<ul>\n<li><strong>Revestimiento estanco y resistente a la grasa<\/strong> para un envasado sin complicaciones.  <\/li>\n<li><strong>Construcci\u00f3n robusta<\/strong> para evitar deformaciones.  <\/li>\n<li><strong>Dise\u00f1o apilable<\/strong> para facilitar su almacenamiento y manipulaci\u00f3n.<br \/>Este rendimiento garantiza un transporte seguro para comer, llevar o entregar.<\/li>\n<\/ul>\n<p><strong>5. Garant\u00eda de calidad y certificaciones<\/strong><br \/>Cumplimos estrictamente los procedimientos de control de calidad. Cada lote de cuencos de papel para sopa de 26 onzas se somete a pruebas de solidez, resistencia a las fugas y seguridad alimentaria. Nuestros cuencos est\u00e1n aprobados por la FDA y nuestras instalaciones cuentan con la certificaci\u00f3n ISO 9001 de gesti\u00f3n de calidad e ISO 14001 de gesti\u00f3n medioambiental.<\/p>\n<p><strong>6. Personalizaci\u00f3n y marca<\/strong><br \/>Puede mejorar su visibilidad con la impresi\u00f3n de logotipos y marcas personalizadas. Explore m\u00faltiples opciones de tama\u00f1o y color para adaptarse a las necesidades de su marca. Aumente el reconocimiento de su marca con cuencos de papel para sopa de 26 oz impresos a medida, asegur\u00e1ndose de destacar en el mercado.<\/p>\n<p><strong>7. Pedidos, embalaje y log\u00edstica<\/strong><br \/>Ofrecemos opciones de compra al por mayor con un <strong>pedido m\u00ednimo de 50.000 unidades<\/strong>. Cada cuenco se embala de forma segura para garantizar la seguridad durante el env\u00edo. Nuestro <strong>plazo de producci\u00f3n<\/strong> es de aproximadamente 30 d\u00edas, con env\u00edo desde nuestra f\u00e1brica en Ningbo, China, garantiz\u00e1ndole entregas puntuales como exportador fiable y socio OEM. <\/p>\n<p>Si est\u00e1 interesado en conocer nuestros tama\u00f1os m\u00e1s peque\u00f1os, puede consultar nuestro <a href=\"\"https:>sopera de papel de 8 oz<\/a> y <a href=\"\"https:>sopera de papel de 12 oz<\/a> opciones. Al elegirnos como productor, proveedor y fabricante, se beneficiar\u00e1 de ofertas competitivas de precios al por mayor que satisfacen las necesidades de su negocio con rapidez y eficacia. D\u00e9 el siguiente paso y establezca su marca con los mejores cuencos de papel para sopa de 26 oz del mercado.<\/p>\n<h2 style=\"\"text-align: center;\"\">V\u00eddeo de la visita a la f\u00e1brica:<\/h2>\n\n<p>&nbsp;<\/p>\n<p>&#8220;<\/p>","protected":false},"excerpt":{"rendered":"<p>El cuenco de papel para sopas de 26 onzas est\u00e1 dise\u00f1ado para servir sopas y guisos. Con una especificaci\u00f3n de 26 onzas, es ideal para establecimientos de servicios alimentarios como restaurantes y catering. Con una construcci\u00f3n robusta, ofrece comodidad y facilidad de eliminaci\u00f3n para la industria alimentaria.<\/p>","protected":false},"featured_media":790,"comment_status":"open","ping_status":"closed","template":"","meta":[],"product_brand":[],"product_cat":[21,32],"product_tag":[],"class_list":{"0":"post-789","1":"product","2":"type-product","3":"status-publish","4":"has-post-thumbnail","6":"product_cat-products","7":"product_cat-paper-soup-cups","9":"first","10":"instock","11":"shipping-taxable","12":"product-type-simple"},"_links":{"self":[{"href":"https:\/\/ascentpak.com\/es\/wp-json\/wp\/v2\/product\/789","targetHints":{"allow":["GET"]}}],"collection":[{"href":"https:\/\/ascentpak.com\/es\/wp-json\/wp\/v2\/product"}],"about":[{"href":"https:\/\/ascentpak.com\/es\/wp-json\/wp\/v2\/types\/product"}],"replies":[{"embeddable":true,"href":"https:\/\/ascentpak.com\/es\/wp-json\/wp\/v2\/comments?post=789"}],"wp:featuredmedia":[{"embeddable":true,"href":"https:\/\/ascentpak.com\/es\/wp-json\/wp\/v2\/media\/790"}],"wp:attachment":[{"href":"https:\/\/ascentpak.com\/es\/wp-json\/wp\/v2\/media?parent=789"}],"wp:term":[{"taxonomy":"product_brand","embeddable":true,"href":"https:\/\/ascentpak.com\/es\/wp-json\/wp\/v2\/product_brand?post=789"},{"taxonomy":"product_cat","embeddable":true,"href":"https:\/\/ascentpak.com\/es\/wp-json\/wp\/v2\/product_cat?post=789"},{"taxonomy":"product_tag","embeddable":true,"href":"https:\/\/ascentpak.com\/es\/wp-json\/wp\/v2\/product_tag?post=789"}],"curies":[{"name":"wp","href":"https:\/\/api.w.org\/{rel}","templated":true}]}}