{"id":784,"date":"2025-04-16T01:08:30","date_gmt":"2025-04-16T01:08:30","guid":{"rendered":"https:\/\/ascentpak.com\/?post_type=product&#038;p=784"},"modified":"2025-04-16T01:08:31","modified_gmt":"2025-04-16T01:08:31","slug":"16-oz-soup-paper-bowl","status":"publish","type":"product","link":"https:\/\/ascentpak.com\/es\/producto\/16-oz-soup-paper-bowl\/","title":{"rendered":"sopera de papel de 16 oz"},"content":{"rendered":"<p>&#8220;<\/p>\n\n<table id=\"tablepress-1\" class=\"tablepress tablepress-id-1\">\n<thead>\n<tr class=\"row-1\">\n\t<th class=\"column-1\">                 Art\u00edculo<\/th><th class=\"column-2\">             TAMA\u00d1O(MM)<\/th><th class=\"column-3\">     EMBALAJE (PIEZAS*BOLSA)<\/th><th class=\"column-4\">          TAMA\u00d1O CTN(CM)<\/th>\n<\/tr>\n<\/thead>\n<tbody class=\"row-striping row-hover\">\n<tr class=\"row-2\">\n\t<td class=\"column-1\">SB-8OZ (96MM)<\/td><td class=\"column-2\">96*77*60<\/td><td class=\"column-3\">25*20=500<\/td><td class=\"column-4\">49.5*39.5*27.5<\/td>\n<\/tr>\n<tr class=\"row-3\">\n\t<td class=\"column-1\">SB-8OZ (90MM)<\/td><td class=\"column-2\">90*75*63<\/td><td class=\"column-3\">25*20=500<\/td><td class=\"column-4\">46.5*37.5*28<\/td>\n<\/tr>\n<tr class=\"row-4\">\n\t<td class=\"column-1\">SB-12OZ (96MM)<\/td><td class=\"column-2\">96*82*67<\/td><td class=\"column-3\">25*20=500<\/td><td class=\"column-4\">49.5*39.5*31.5<\/td>\n<\/tr>\n<tr class=\"row-5\">\n\t<td class=\"column-1\">SB-12OZ (90MM)<\/td><td class=\"column-2\">90*73*88<\/td><td class=\"column-3\">25*20=500<\/td><td class=\"column-4\">46.5*37.5*33.5<\/td>\n<\/tr>\n<tr class=\"row-6\">\n\t<td class=\"column-1\">SB-16OZ (96MM)<\/td><td class=\"column-2\">96*78*96<\/td><td class=\"column-3\">25*20=500<\/td><td class=\"column-4\">49.5*39.5*35<\/td>\n<\/tr>\n<tr class=\"row-7\">\n\t<td class=\"column-1\">SB-12OZ (115MM)<\/td><td class=\"column-2\">115*93*63<\/td><td class=\"column-3\">25*20=500<\/td><td class=\"column-4\">58.5*46.5*27<\/td>\n<\/tr>\n<tr class=\"row-8\">\n\t<td class=\"column-1\">SB-16OZ (115MM)<\/td><td class=\"column-2\">115*96*78<\/td><td class=\"column-3\">25*20=500<\/td><td class=\"column-4\">58.5*46.5*31<\/td>\n<\/tr>\n<tr class=\"row-9\">\n\t<td class=\"column-1\">SB-26OZ (115MM)<\/td><td class=\"column-2\">115*89*115<\/td><td class=\"column-3\">25*20=500<\/td><td class=\"column-4\">58.5*46.5*40.5<\/td>\n<\/tr>\n<tr class=\"row-10\">\n\t<td class=\"column-1\">SB-32OZ (115MM)<\/td><td class=\"column-2\">115*91*133<\/td><td class=\"column-3\">25*20=500<\/td><td class=\"column-4\">58.5*46.5*40.5<\/td>\n<\/tr>\n<\/tbody>\n<\/table>\n<!-- #tablepress-1 from cache -->\n<p>&nbsp;<\/p>\n<p>El cuenco de papel para sopa de 16 onzas desempe\u00f1a un papel vital en la industria del envasado de alimentos y bebidas. Su funcionalidad lo hace perfecto para contener sopas y guisos calientes, garantizando que la temperatura y la estructura de los alimentos se mantengan durante m\u00e1s tiempo. Puede confiar en su calidad y dise\u00f1o para servir eficazmente a sus clientes. <\/p>\n<ol>\n<li><strong>Materiales y estructura de la cuchara<\/strong><br \/>Nuestro bol de papel para sopa de 16 onzas est\u00e1 fabricado con materiales de primera calidad, como papel kraft, papel recubierto de PE, papel recubierto de PLA o papel recubierto de agua, que ayudan a mantener la seguridad alimentaria y a cumplir los objetivos de sostenibilidad medioambiental.<\/li>\n<\/ol>\n<ul>\n<li>El papel kraft ofrece una soluci\u00f3n resistente y respetuosa con el medio ambiente.<\/li>\n<li>El revestimiento de PE garantiza que el cubo sea resistente a la grasa y duradero.<\/li>\n<li>El revestimiento de PLA ofrece una opci\u00f3n compostable y sostenible para las marcas con conciencia ecol\u00f3gica.<\/li>\n<li>El revestimiento acuoso proporciona una soluci\u00f3n a base de agua, no t\u00f3xica y respetuosa con el medio ambiente, al tiempo que mantiene la integridad del cubo.<\/li>\n<\/ul>\n<p>Nuestro bol de papel para sopa de 16 onzas presenta una construcci\u00f3n resistente que garantiza que sus sopas se mantengan calientes sin comprometer la calidad durante el transporte. Para obtener informaci\u00f3n sobre tama\u00f1os a\u00fan m\u00e1s peque\u00f1os de nuestra oferta, consulte nuestros <a href=\"\"https:>sopera de papel de 8 oz<\/a> y <a href=\"\"https:>sopera de papel de 12 oz<\/a>.<\/p>\n<ol start=\"\"2\"\">\n<li><strong>Propiedades f\u00edsicas y funcionales<\/strong><br \/>Los datos detallados de tama\u00f1o y aplicaci\u00f3n del bol de papel para sopa de 16 oz incluyen diversas variantes para satisfacer sus necesidades:<\/li>\n<\/ol>\n<ul>\n<li>SB-16OZ (96MM): 96\u00d778\u00d796mm, embalaje 25\u00d720=500 unidades, tama\u00f1o de la caja 49,5\u00d739,5\u00d735 cm<\/li>\n<li>SB-16OZ (115MM): 115\u00d796\u00d778mm, embalaje 25\u00d720=500 unidades, tama\u00f1o de la caja 58,5\u00d746,5\u00d731 cm<\/li>\n<\/ul>\n<p>Nuestra amplia gama de cuencos de papel para sopa de 16 oz incluye tama\u00f1os para diferentes raciones. Cada cubo est\u00e1 dise\u00f1ado para sostener con seguridad su sopa preservando su calidad, adecuado para cualquier compra a granel o requisitos al por mayor.<\/p>\n<ol start=\"\"3\"\">\n<li><strong>Secci\u00f3n de tama\u00f1os y variedades<\/strong><br \/>Entre los estilos y variaciones disponibles para nuestros cuencos de papel para sopa se incluyen:<\/li>\n<\/ol>\n<ul>\n<li>Tama\u00f1os: SB-8OZ, SB-12OZ, SB-16OZ, SB-26OZ, SB-32OZ<\/li>\n<li>M\u00faltiples opciones de di\u00e1metro (90MM, 96MM, 115MM) disponibles para diversas necesidades.<\/li>\n<\/ul>\n<p>Tanto si necesita cubos para raciones individuales como para grandes comidas familiares, nuestra colecci\u00f3n garantiza un ajuste perfecto para todos los requisitos de servicio y es ideal para cualquier Proveedor que busque mejorar su oferta de productos.<\/p>\n<ol start=\"\"4\"\">\n<li><strong>Rendimiento y calidad<\/strong><br \/>Entre las caracter\u00edsticas que mejoran la usabilidad de nuestros cuencos de papel para sopa de 16 oz se incluyen:<\/li>\n<\/ol>\n<ul>\n<li>Forro a prueba de fugas y resistente a la grasa para un envasado sin complicaciones.<\/li>\n<li>Construcci\u00f3n robusta para evitar deformaciones.<\/li>\n<li>Dise\u00f1o apilable para facilitar el almacenamiento y la manipulaci\u00f3n.<\/li>\n<\/ul>\n<p>Cada bol de papel para sopa de 16 onzas est\u00e1 dise\u00f1ado a prueba de fugas, lo que garantiza que no se produzcan derrames ni fugas. Su robusta construcci\u00f3n permite transportarlo con seguridad, ya sea para comer en casa, para llevar o para entregar a domicilio.<\/p>\n<ol start=\"\"5\"\">\n<li><strong>Garant\u00eda de calidad y certificaciones<\/strong><br \/>Nuestros procedimientos de control de calidad incluyen pruebas de solidez, resistencia a las fugas y normas de seguridad alimentaria. Nuestras certificaciones son:<\/li>\n<\/ol>\n<ul>\n<li>Aprobado por la FDA<\/li>\n<li>ISO 9001 para la gesti\u00f3n de la calidad<\/li>\n<li>ISO 14001 de gesti\u00f3n medioambiental<\/li>\n<li>Certificado FSC y BRCGS<\/li>\n<\/ul>\n<p>Cumplimos estrictas normas de control de calidad, lo que garantiza que usted reciba un producto de la m\u00e1xima calidad y seguridad.<\/p>\n<ol start=\"\"6\"\">\n<li><strong>Personalizaci\u00f3n y marca<\/strong><br \/>Tambi\u00e9n puedes acceder a opciones de personalizaci\u00f3n como:<\/li>\n<\/ol>\n<ul>\n<li>Impresi\u00f3n personalizada de logotipos y marcas para una mayor visibilidad.<\/li>\n<li>M\u00faltiples opciones de tama\u00f1o y color para adaptarse a las necesidades de su marca.<\/li>\n<\/ul>\n<p>Aumente el reconocimiento de su marca con cuencos de papel para sopa de 16 onzas impresos a medida. Muestre su logotipo y dise\u00f1os \u00fanicos en materiales ecol\u00f3gicos para dejar una impresi\u00f3n duradera en los clientes.<\/p>\n<ol start=\"\"7\"\">\n<li><strong>Pedidos, embalaje y log\u00edstica<\/strong><\/li>\n<\/ol>\n<ul>\n<li>Cantidad m\u00ednima de pedido: 50.000 unidades.<\/li>\n<li>Detalles del embalaje: Embalado de forma segura para garantizar la seguridad durante el env\u00edo.<\/li>\n<li>Plazo de producci\u00f3n: 30 d\u00edas aproximadamente.<\/li>\n<li>Puerto de env\u00edo: Ningbo, China, lo que garantiza una entrega r\u00e1pida y eficaz en todo el mundo.<\/li>\n<\/ul>\n<p>Nuestros cuencos de papel para sopa de 16 onzas se embalan con cuidado para evitar da\u00f1os durante el transporte. Con la producci\u00f3n en Ningbo, un centro log\u00edstico global, ofrecemos entrega oportuna para todas las necesidades del fabricante. Como exportador, estamos comprometidos a ofrecerle precios competitivos a granel al tiempo que garantiza que usted tiene los mejores productos disponibles.<\/p>\n<p>Puede beneficiarse de estas caracter\u00edsticas cuando considere nuestros productos para su pr\u00f3ximo pedido.<\/p>\n<h2 style=\"\"text-align: center;\"\">V\u00eddeo de la visita a la f\u00e1brica:<\/h2>\n\n<p>&nbsp;<\/p>\n<p>&#8220;<\/p>","protected":false},"excerpt":{"rendered":"<p>El bol de papel para sopa de 16 onzas est\u00e1 dise\u00f1ado para servir sopas y guisos calientes. Con una especificaci\u00f3n de 16 onzas, es ideal para restaurantes, servicios de catering y aplicaciones de preparaci\u00f3n de comidas. Con un dise\u00f1o robusto y resistente a las fugas, ofrece comodidad y fiabilidad para el sector de la restauraci\u00f3n.<\/p>","protected":false},"featured_media":785,"comment_status":"open","ping_status":"closed","template":"","meta":[],"product_brand":[],"product_cat":[21,32],"product_tag":[],"class_list":{"0":"post-784","1":"product","2":"type-product","3":"status-publish","4":"has-post-thumbnail","6":"product_cat-products","7":"product_cat-paper-soup-cups","9":"first","10":"instock","11":"shipping-taxable","12":"product-type-simple"},"_links":{"self":[{"href":"https:\/\/ascentpak.com\/es\/wp-json\/wp\/v2\/product\/784","targetHints":{"allow":["GET"]}}],"collection":[{"href":"https:\/\/ascentpak.com\/es\/wp-json\/wp\/v2\/product"}],"about":[{"href":"https:\/\/ascentpak.com\/es\/wp-json\/wp\/v2\/types\/product"}],"replies":[{"embeddable":true,"href":"https:\/\/ascentpak.com\/es\/wp-json\/wp\/v2\/comments?post=784"}],"wp:featuredmedia":[{"embeddable":true,"href":"https:\/\/ascentpak.com\/es\/wp-json\/wp\/v2\/media\/785"}],"wp:attachment":[{"href":"https:\/\/ascentpak.com\/es\/wp-json\/wp\/v2\/media?parent=784"}],"wp:term":[{"taxonomy":"product_brand","embeddable":true,"href":"https:\/\/ascentpak.com\/es\/wp-json\/wp\/v2\/product_brand?post=784"},{"taxonomy":"product_cat","embeddable":true,"href":"https:\/\/ascentpak.com\/es\/wp-json\/wp\/v2\/product_cat?post=784"},{"taxonomy":"product_tag","embeddable":true,"href":"https:\/\/ascentpak.com\/es\/wp-json\/wp\/v2\/product_tag?post=784"}],"curies":[{"name":"wp","href":"https:\/\/api.w.org\/{rel}","templated":true}]}}