{"id":780,"date":"2025-04-16T01:05:20","date_gmt":"2025-04-16T01:05:20","guid":{"rendered":"https:\/\/ascentpak.com\/?post_type=product&#038;p=780"},"modified":"2025-04-16T01:05:22","modified_gmt":"2025-04-16T01:05:22","slug":"12-oz-soup-paper-bowl","status":"publish","type":"product","link":"https:\/\/ascentpak.com\/es\/producto\/12-oz-soup-paper-bowl\/","title":{"rendered":"sopera de papel de 12 oz"},"content":{"rendered":"<p>&#8220;<\/p>\n\n<table id=\"tablepress-1\" class=\"tablepress tablepress-id-1\">\n<thead>\n<tr class=\"row-1\">\n\t<th class=\"column-1\">                 Art\u00edculo<\/th><th class=\"column-2\">             TAMA\u00d1O(MM)<\/th><th class=\"column-3\">     EMBALAJE (PIEZAS*BOLSA)<\/th><th class=\"column-4\">          TAMA\u00d1O CTN(CM)<\/th>\n<\/tr>\n<\/thead>\n<tbody class=\"row-striping row-hover\">\n<tr class=\"row-2\">\n\t<td class=\"column-1\">SB-8OZ (96MM)<\/td><td class=\"column-2\">96*77*60<\/td><td class=\"column-3\">25*20=500<\/td><td class=\"column-4\">49.5*39.5*27.5<\/td>\n<\/tr>\n<tr class=\"row-3\">\n\t<td class=\"column-1\">SB-8OZ (90MM)<\/td><td class=\"column-2\">90*75*63<\/td><td class=\"column-3\">25*20=500<\/td><td class=\"column-4\">46.5*37.5*28<\/td>\n<\/tr>\n<tr class=\"row-4\">\n\t<td class=\"column-1\">SB-12OZ (96MM)<\/td><td class=\"column-2\">96*82*67<\/td><td class=\"column-3\">25*20=500<\/td><td class=\"column-4\">49.5*39.5*31.5<\/td>\n<\/tr>\n<tr class=\"row-5\">\n\t<td class=\"column-1\">SB-12OZ (90MM)<\/td><td class=\"column-2\">90*73*88<\/td><td class=\"column-3\">25*20=500<\/td><td class=\"column-4\">46.5*37.5*33.5<\/td>\n<\/tr>\n<tr class=\"row-6\">\n\t<td class=\"column-1\">SB-16OZ (96MM)<\/td><td class=\"column-2\">96*78*96<\/td><td class=\"column-3\">25*20=500<\/td><td class=\"column-4\">49.5*39.5*35<\/td>\n<\/tr>\n<tr class=\"row-7\">\n\t<td class=\"column-1\">SB-12OZ (115MM)<\/td><td class=\"column-2\">115*93*63<\/td><td class=\"column-3\">25*20=500<\/td><td class=\"column-4\">58.5*46.5*27<\/td>\n<\/tr>\n<tr class=\"row-8\">\n\t<td class=\"column-1\">SB-16OZ (115MM)<\/td><td class=\"column-2\">115*96*78<\/td><td class=\"column-3\">25*20=500<\/td><td class=\"column-4\">58.5*46.5*31<\/td>\n<\/tr>\n<tr class=\"row-9\">\n\t<td class=\"column-1\">SB-26OZ (115MM)<\/td><td class=\"column-2\">115*89*115<\/td><td class=\"column-3\">25*20=500<\/td><td class=\"column-4\">58.5*46.5*40.5<\/td>\n<\/tr>\n<tr class=\"row-10\">\n\t<td class=\"column-1\">SB-32OZ (115MM)<\/td><td class=\"column-2\">115*91*133<\/td><td class=\"column-3\">25*20=500<\/td><td class=\"column-4\">58.5*46.5*40.5<\/td>\n<\/tr>\n<\/tbody>\n<\/table>\n<!-- #tablepress-1 from cache -->\n<p>&nbsp;<\/p>\n<p>El cuenco de papel para sopa de 12 onzas es un producto esencial en la industria del envasado de alimentos y bebidas. Desempe\u00f1a un papel vital en la contenci\u00f3n segura de sopas y guisos calientes, garantizando la calidad y la fiabilidad para mantener la temperatura y la estructura de los alimentos.<\/p>\n<p><strong>1. Materiales y estructura de la cuchara<\/strong><br \/>Utilizamos materiales de primera calidad para crear el cuenco de papel para sopa de 12 onzas, incluido papel kraft, papel recubierto de PE y papel recubierto de PLA. Estos materiales garantizan la seguridad alimentaria y la sostenibilidad medioambiental:<\/p>\n<ul>\n<li><strong>Papel Kraft<\/strong>: Proporciona una soluci\u00f3n resistente y respetuosa con el medio ambiente.  <\/li>\n<li><strong>Revestimiento de PE<\/strong>: Garantiza que el cubo sea resistente a la grasa y duradero.  <\/li>\n<li><strong>Revestimiento de PLA<\/strong>: Ofrece una opci\u00f3n compostable y sostenible para las marcas con conciencia ecol\u00f3gica.  <\/li>\n<li><strong>Revestimiento acuoso<\/strong>: Una opci\u00f3n a base de agua, no t\u00f3xica, que proporciona un acabado suave manteniendo la integridad.<\/li>\n<\/ul>\n<p>Nuestro bol de papel para sopa de 12 onzas presenta una construcci\u00f3n resistente que garantiza que sus sopas se mantengan calientes sin comprometer la calidad durante el transporte. Para obtener m\u00e1s informaci\u00f3n sobre nuestros cuencos para sopa, consulte nuestra p\u00e1gina de productos. <a href=\"\"https:>aqu\u00ed<\/a>.<\/p>\n<p><strong>2. Propiedades f\u00edsicas y funcionales<\/strong><br \/>El cuenco de papel para sopa de 12 onzas est\u00e1 disponible en varios tama\u00f1os con datos de aplicaci\u00f3n espec\u00edficos:<\/p>\n<ul>\n<li><strong>SB-12OZ (96MM)<\/strong>: 96\u00d782\u00d767mm, embalaje 25\u00d720=500 unidades, tama\u00f1o de la caja 49,5\u00d739,5\u00d731,5 cm  <\/li>\n<li><strong>SB-12OZ (90MM)<\/strong>: 90\u00d773\u00d788mm, embalaje 25\u00d720=500 unidades, tama\u00f1o de la caja 46,5\u00d737,5\u00d733,5 cm<\/li>\n<\/ul>\n<p>Cada cubo est\u00e1 dise\u00f1ado para contener la sopa de forma segura preservando su calidad. Esta versatilidad lo convierte en una gran elecci\u00f3n para restaurantes y vendedores de comida.<\/p>\n<p><strong>3. Secci\u00f3n de tama\u00f1os y variedades<\/strong><br \/>Nuestro cuenco de papel para sopa de 12 onzas est\u00e1 disponible en varios estilos:<\/p>\n<ul>\n<li><strong>Tallas<\/strong>: SB-8OZ, SB-12OZ, SB-16OZ, SB-26OZ, SB-32OZ  <\/li>\n<li><strong>M\u00faltiples opciones de di\u00e1metro<\/strong>: 90MM, 96MM, 115MM disponibles para diversas necesidades.<\/li>\n<\/ul>\n<p>Nos adaptamos a las diferentes necesidades de servicio, garantizando un ajuste perfecto para todos, ya sean raciones individuales o grandes comidas familiares. <\/p>\n<p><strong>4. Rendimiento y calidad<\/strong><br \/>Entre las funciones de usabilidad se incluyen:<\/p>\n<ul>\n<li><strong>A prueba de fugas y resistente a la grasa<\/strong>: Garantiza un envasado sin complicaciones.  <\/li>\n<li><strong>Construcci\u00f3n robusta<\/strong>: Evita la deformaci\u00f3n.  <\/li>\n<li><strong>Dise\u00f1o apilable<\/strong>: Para facilitar el almacenamiento y la manipulaci\u00f3n.<\/li>\n<\/ul>\n<p>Cada cuenco est\u00e1 dise\u00f1ado para resistir el transporte, ya sea para comer, para llevar o para entrega a domicilio, ayud\u00e1ndole a ofrecer un servicio excepcional a sus clientes.<\/p>\n<p><strong>5. Garant\u00eda de calidad y certificaciones<\/strong><br \/>Seguimos estrictos procedimientos de control de calidad, comprobando la solidez, la resistencia a las fugas y la seguridad alimentaria. Todos nuestros cuencos est\u00e1n aprobados por la FDA, y nuestra f\u00e1brica opera bajo las certificaciones ISO 9001 e ISO 14001, junto con las normas FSC y BRCGS. Esto significa que usted recibe un producto de m\u00e1xima calidad y seguridad.<\/p>\n<p><strong>6. Personalizaci\u00f3n y marca<\/strong><br \/>Puedes personalizar el cuenco de papel para sopa de 12 oz con:<\/p>\n<ul>\n<li><strong>Impresi\u00f3n de logotipos personalizados<\/strong>: Aumente la visibilidad con su marca.  <\/li>\n<li><strong>M\u00faltiples opciones de tama\u00f1o y color<\/strong>: Alinearse con las necesidades de su marca.<\/li>\n<\/ul>\n<p>Aumente el reconocimiento de su marca con cuencos impresos a medida que dejan una impresi\u00f3n duradera.<\/p>\n<p><strong>7. Pedidos, embalaje y log\u00edstica<\/strong>  <\/p>\n<ul>\n<li><strong>Cantidad m\u00ednima de pedido<\/strong>: 50.000 unidades.  <\/li>\n<li><strong>Detalles del embalaje<\/strong>: Embalado de forma segura para garantizar la seguridad durante el env\u00edo.  <\/li>\n<li><strong>Plazo de producci\u00f3n<\/strong>: Aproximadamente 30 d\u00edas.  <\/li>\n<li><strong>Puerto de embarque<\/strong>: Ningbo, China, garantiza una entrega r\u00e1pida y eficaz en todo el mundo.<\/li>\n<\/ul>\n<p>Embalamos cuidadosamente el taz\u00f3n de papel para sopa de 12 oz para evitar da\u00f1os durante el tr\u00e1nsito. Como fabricante y proveedor de confianza, nuestra producci\u00f3n permite opciones al por mayor y OEM para compras al por mayor a precios competitivos. Para compras al por mayor, ver m\u00e1s informaci\u00f3n <a href=\"\"https:>aqu\u00ed<\/a> para explorar nuestra oferta.<\/p>\n<p>Nuestro compromiso con la calidad como exportador l\u00edder en el sector nos convierte en un socio de confianza para sus necesidades a granel. El cuenco de papel para sopa de 12 oz no es solo un producto; es una mezcla de calidad, fiabilidad y pr\u00e1cticas ecol\u00f3gicas que se alinean con las necesidades empresariales modernas.<\/p>\n<h2 style=\"\"text-align: center;\"\">V\u00eddeo de la visita a la f\u00e1brica:<\/h2>\n\n<p>&nbsp;<\/p>\n<p>&#8220;<\/p>","protected":false},"excerpt":{"rendered":"<p>El cuenco de papel para sopas de 12 onzas est\u00e1 dise\u00f1ado para servir sopas y l\u00edquidos calientes. Con una capacidad de 12 onzas, es ideal para restaurantes, caterings y food trucks. Con una estructura de papel resistente a la humedad, ofrece una durabilidad fiable para el sector de la restauraci\u00f3n.<\/p>","protected":false},"featured_media":781,"comment_status":"open","ping_status":"closed","template":"","meta":[],"product_brand":[],"product_cat":[21,32],"product_tag":[],"class_list":{"0":"post-780","1":"product","2":"type-product","3":"status-publish","4":"has-post-thumbnail","6":"product_cat-products","7":"product_cat-paper-soup-cups","9":"first","10":"instock","11":"shipping-taxable","12":"product-type-simple"},"_links":{"self":[{"href":"https:\/\/ascentpak.com\/es\/wp-json\/wp\/v2\/product\/780","targetHints":{"allow":["GET"]}}],"collection":[{"href":"https:\/\/ascentpak.com\/es\/wp-json\/wp\/v2\/product"}],"about":[{"href":"https:\/\/ascentpak.com\/es\/wp-json\/wp\/v2\/types\/product"}],"replies":[{"embeddable":true,"href":"https:\/\/ascentpak.com\/es\/wp-json\/wp\/v2\/comments?post=780"}],"wp:featuredmedia":[{"embeddable":true,"href":"https:\/\/ascentpak.com\/es\/wp-json\/wp\/v2\/media\/781"}],"wp:attachment":[{"href":"https:\/\/ascentpak.com\/es\/wp-json\/wp\/v2\/media?parent=780"}],"wp:term":[{"taxonomy":"product_brand","embeddable":true,"href":"https:\/\/ascentpak.com\/es\/wp-json\/wp\/v2\/product_brand?post=780"},{"taxonomy":"product_cat","embeddable":true,"href":"https:\/\/ascentpak.com\/es\/wp-json\/wp\/v2\/product_cat?post=780"},{"taxonomy":"product_tag","embeddable":true,"href":"https:\/\/ascentpak.com\/es\/wp-json\/wp\/v2\/product_tag?post=780"}],"curies":[{"name":"wp","href":"https:\/\/api.w.org\/{rel}","templated":true}]}}