{"id":775,"date":"2025-04-16T01:00:45","date_gmt":"2025-04-16T01:00:45","guid":{"rendered":"https:\/\/ascentpak.com\/?post_type=product&#038;p=775"},"modified":"2025-04-16T01:00:47","modified_gmt":"2025-04-16T01:00:47","slug":"8-oz-soup-paper-bowl","status":"publish","type":"product","link":"https:\/\/ascentpak.com\/es\/producto\/8-oz-soup-paper-bowl\/","title":{"rendered":"sopera de papel de 8 oz"},"content":{"rendered":"<p>&#8220;<\/p>\n\n<table id=\"tablepress-1\" class=\"tablepress tablepress-id-1\">\n<thead>\n<tr class=\"row-1\">\n\t<th class=\"column-1\">                 Art\u00edculo<\/th><th class=\"column-2\">             TAMA\u00d1O(MM)<\/th><th class=\"column-3\">     EMBALAJE (PIEZAS*BOLSA)<\/th><th class=\"column-4\">          TAMA\u00d1O CTN(CM)<\/th>\n<\/tr>\n<\/thead>\n<tbody class=\"row-striping row-hover\">\n<tr class=\"row-2\">\n\t<td class=\"column-1\">SB-8OZ (96MM)<\/td><td class=\"column-2\">96*77*60<\/td><td class=\"column-3\">25*20=500<\/td><td class=\"column-4\">49.5*39.5*27.5<\/td>\n<\/tr>\n<tr class=\"row-3\">\n\t<td class=\"column-1\">SB-8OZ (90MM)<\/td><td class=\"column-2\">90*75*63<\/td><td class=\"column-3\">25*20=500<\/td><td class=\"column-4\">46.5*37.5*28<\/td>\n<\/tr>\n<tr class=\"row-4\">\n\t<td class=\"column-1\">SB-12OZ (96MM)<\/td><td class=\"column-2\">96*82*67<\/td><td class=\"column-3\">25*20=500<\/td><td class=\"column-4\">49.5*39.5*31.5<\/td>\n<\/tr>\n<tr class=\"row-5\">\n\t<td class=\"column-1\">SB-12OZ (90MM)<\/td><td class=\"column-2\">90*73*88<\/td><td class=\"column-3\">25*20=500<\/td><td class=\"column-4\">46.5*37.5*33.5<\/td>\n<\/tr>\n<tr class=\"row-6\">\n\t<td class=\"column-1\">SB-16OZ (96MM)<\/td><td class=\"column-2\">96*78*96<\/td><td class=\"column-3\">25*20=500<\/td><td class=\"column-4\">49.5*39.5*35<\/td>\n<\/tr>\n<tr class=\"row-7\">\n\t<td class=\"column-1\">SB-12OZ (115MM)<\/td><td class=\"column-2\">115*93*63<\/td><td class=\"column-3\">25*20=500<\/td><td class=\"column-4\">58.5*46.5*27<\/td>\n<\/tr>\n<tr class=\"row-8\">\n\t<td class=\"column-1\">SB-16OZ (115MM)<\/td><td class=\"column-2\">115*96*78<\/td><td class=\"column-3\">25*20=500<\/td><td class=\"column-4\">58.5*46.5*31<\/td>\n<\/tr>\n<tr class=\"row-9\">\n\t<td class=\"column-1\">SB-26OZ (115MM)<\/td><td class=\"column-2\">115*89*115<\/td><td class=\"column-3\">25*20=500<\/td><td class=\"column-4\">58.5*46.5*40.5<\/td>\n<\/tr>\n<tr class=\"row-10\">\n\t<td class=\"column-1\">SB-32OZ (115MM)<\/td><td class=\"column-2\">115*91*133<\/td><td class=\"column-3\">25*20=500<\/td><td class=\"column-4\">58.5*46.5*40.5<\/td>\n<\/tr>\n<\/tbody>\n<\/table>\n<!-- #tablepress-1 from cache -->\n<p>&nbsp;<\/p>\n<p>Presentamos el bol de papel para sopa de 8 onzas, un elemento clave en el envasado de alimentos y bebidas. Su dise\u00f1o es perfecto para contener sopas calientes, guisos y mucho m\u00e1s. La calidad y la fiabilidad son esenciales para mantener la temperatura y la estructura de los alimentos. Puede confiar en que estos cuencos funcionar\u00e1n bien.<\/p>\n<ol>\n<li>\n<p><strong>Materiales y estructura de la cuchara<\/strong><br \/>Nuestro bol de papel para sopa de 8 onzas est\u00e1 fabricado con materiales de primera calidad. Utilizamos papel kraft, papel con revestimiento de PE, papel con revestimiento de PLA y papel con revestimiento acuoso. El papel kraft ofrece una soluci\u00f3n resistente y respetuosa con el medio ambiente. El revestimiento de PE garantiza que el bol sea resistente a la grasa y duradero. Para las marcas con conciencia ecol\u00f3gica, el revestimiento de PLA ofrece una opci\u00f3n compostable. El revestimiento acuoso es a base de agua, no t\u00f3xico y respetuoso con el medio ambiente. Nuestros cuencos son de construcci\u00f3n robusta para mantener las sopas calientes sin comprometer la calidad durante el transporte. Para m\u00e1s detalles sobre c\u00f3mo nuestros envases preservan la calidad de los alimentos, visite este enlace a nuestra l\u00ednea de productos en <a href=\"\"http:>platos hondos de papel<\/a>.<\/p>\n<\/li>\n<li>\n<p><strong>Propiedades f\u00edsicas y funcionales<\/strong><br \/>Nuestro taz\u00f3n de papel para sopa de 8 oz viene en tama\u00f1os perfectamente dise\u00f1ados para diferentes porciones. Las especificaciones de cada cuenco son las siguientes:<\/p>\n<\/li>\n<\/ol>\n<ul>\n<li><strong>SB-8OZ (96MM)<\/strong>: 96\u00d777\u00d760mm, embalado 25\u00d720=500 unidades, tama\u00f1o de la caja 49,5\u00d739,5\u00d727,5 cm  <\/li>\n<li><strong>SB-8OZ (90MM)<\/strong>: 90\u00d775\u00d763mm, embalado 25\u00d720=500 unidades, tama\u00f1o de la caja 46,5\u00d737,5\u00d728 cm  <\/li>\n<li><strong>SB-12OZ (96MM)<\/strong>: 96\u00d782\u00d767mm, embalado 25\u00d720=500 unidades, tama\u00f1o de la caja 49,5\u00d739,5\u00d731,5 cm<br \/>Nuestra colecci\u00f3n incluye varios tama\u00f1os para todo, desde raciones individuales hasta comidas familiares. Para m\u00e1s opciones, puede ver nuestra gama completa de cuencos de papel para sopa de 8 oz aqu\u00ed: <a href=\"\"http:>Tazones de sopa de 8 oz<\/a>.<\/li>\n<\/ul>\n<ol start=\"\"3\"\">\n<li>\n<p><strong>Secci\u00f3n de tama\u00f1os y variedades<\/strong><br \/>Ofrecemos varios estilos y variaciones. Nuestros tama\u00f1os incluyen SB-8OZ, SB-12OZ, SB-16OZ, SB-26OZ y SB-32OZ. Cada estilo tiene m\u00faltiples opciones de di\u00e1metro: 90MM, 96MM y 115MM. Estas variaciones se adaptan a diferentes necesidades de servicio. Tanto si desea cubos peque\u00f1os para raciones individuales como grandes para comidas familiares, encontrar\u00e1 la opci\u00f3n ideal.<\/p>\n<\/li>\n<li>\n<p><strong>Rendimiento y calidad<\/strong><br \/>Las caracter\u00edsticas de nuestros cuencos mejoran la facilidad de uso. Tienen un revestimiento impermeable y resistente a la grasa para que no se ensucie. Su robusta construcci\u00f3n evita que se deformen. Adem\u00e1s, su dise\u00f1o apilable facilita su almacenamiento. Nuestro bol de papel para sopa de 8 onzas garantiza la seguridad durante el transporte y es perfecto para comer en casa, llevar o entregar a domicilio. <\/p>\n<\/li>\n<li>\n<p><strong>Garant\u00eda de calidad y certificaciones<\/strong><br \/>Seguimos estrictos procedimientos de control de calidad. Cada lote se somete a pruebas de resistencia y estanqueidad. Contamos con certificaciones como la aprobaci\u00f3n de la FDA, la ISO 9001 de gesti\u00f3n de calidad y la ISO 14001 de gesti\u00f3n medioambiental. Nuestros cuencos cumplen las normas de FSC y BRCGS. Puede confiar en nuestra calidad cuando compra al por mayor a un proveedor o fabricante de confianza.<\/p>\n<\/li>\n<li>\n<p><strong>Personalizaci\u00f3n y marca<\/strong><br \/>Personalizaci\u00f3n disponible para nuestro bol de papel para sopa de 8 oz. Puede elegir la impresi\u00f3n personalizada de su logotipo para una mayor visibilidad. Ofrecemos m\u00faltiples tama\u00f1os y opciones de color para adaptarnos a las necesidades de su marca. Esto le permitir\u00e1 dejar una impresi\u00f3n duradera en sus clientes. Como exportador de confianza, tambi\u00e9n podemos atender pedidos OEM.<\/p>\n<\/li>\n<li>\n<p><strong>Pedidos, embalaje y log\u00edstica<\/strong><br \/>El pedido m\u00ednimo es de 50.000 unidades. Embalamos de forma segura todos los pedidos para garantizar la seguridad durante el env\u00edo. El plazo de producci\u00f3n es de unos 30 d\u00edas. Nuestro puerto de embarque est\u00e1 en Ningbo, China, lo que garantiza una entrega r\u00e1pida en todo el mundo. Nuestros competitivos precios al por mayor nos convierten en la opci\u00f3n preferida de los mayoristas.<\/p>\n<\/li>\n<\/ol>\n<p>Mediante la integraci\u00f3n de informaci\u00f3n clave sobre nuestro taz\u00f3n de papel para sopa de 8 oz y manteniendo el enfoque en la calidad y el servicio, nuestro objetivo es apoyar sus necesidades de negocio de manera efectiva.<\/p>\n<h2 style=\"\"text-align: center;\"\">V\u00eddeo de la visita a la f\u00e1brica:<\/h2>\n\n<p>&nbsp;<\/p>\n<p>&#8220;<\/p>","protected":false},"excerpt":{"rendered":"<p>El cuenco de papel para sopas de 8 onzas est\u00e1 dise\u00f1ado para servir sopas y guisos calientes. Con una especificaci\u00f3n de 8 onzas, es ideal para restaurantes, cafeter\u00edas y servicios de catering. Con un dise\u00f1o desechable, ofrece comodidad y facilidad de limpieza para el sector de la restauraci\u00f3n.<\/p>","protected":false},"featured_media":776,"comment_status":"open","ping_status":"closed","template":"","meta":[],"product_brand":[],"product_cat":[21,32],"product_tag":[],"class_list":{"0":"post-775","1":"product","2":"type-product","3":"status-publish","4":"has-post-thumbnail","6":"product_cat-products","7":"product_cat-paper-soup-cups","9":"first","10":"instock","11":"shipping-taxable","12":"product-type-simple"},"_links":{"self":[{"href":"https:\/\/ascentpak.com\/es\/wp-json\/wp\/v2\/product\/775","targetHints":{"allow":["GET"]}}],"collection":[{"href":"https:\/\/ascentpak.com\/es\/wp-json\/wp\/v2\/product"}],"about":[{"href":"https:\/\/ascentpak.com\/es\/wp-json\/wp\/v2\/types\/product"}],"replies":[{"embeddable":true,"href":"https:\/\/ascentpak.com\/es\/wp-json\/wp\/v2\/comments?post=775"}],"wp:featuredmedia":[{"embeddable":true,"href":"https:\/\/ascentpak.com\/es\/wp-json\/wp\/v2\/media\/776"}],"wp:attachment":[{"href":"https:\/\/ascentpak.com\/es\/wp-json\/wp\/v2\/media?parent=775"}],"wp:term":[{"taxonomy":"product_brand","embeddable":true,"href":"https:\/\/ascentpak.com\/es\/wp-json\/wp\/v2\/product_brand?post=775"},{"taxonomy":"product_cat","embeddable":true,"href":"https:\/\/ascentpak.com\/es\/wp-json\/wp\/v2\/product_cat?post=775"},{"taxonomy":"product_tag","embeddable":true,"href":"https:\/\/ascentpak.com\/es\/wp-json\/wp\/v2\/product_tag?post=775"}],"curies":[{"name":"wp","href":"https:\/\/api.w.org\/{rel}","templated":true}]}}