{"id":534,"date":"2025-04-10T05:33:01","date_gmt":"2025-04-10T05:33:01","guid":{"rendered":"https:\/\/ascentpak.com\/?page_id=534"},"modified":"2025-04-28T04:46:56","modified_gmt":"2025-04-28T04:46:56","slug":"about-us","status":"publish","type":"page","link":"https:\/\/ascentpak.com\/es\/about-us\/","title":{"rendered":"Qui\u00e9nes somos"},"content":{"rendered":"<div data-elementor-type=\"wp-page\" data-elementor-id=\"534\" class=\"elementor elementor-534\" data-elementor-post-type=\"page\">\n\t\t\t\t<div class=\"elementor-element elementor-element-ee585f9 e-flex e-con-boxed e-con e-parent\" data-id=\"ee585f9\" data-element_type=\"container\">\n\t\t\t\t\t<div class=\"e-con-inner\">\n\t\t\t\t<div class=\"elementor-element elementor-element-e929b39 elementor-widget elementor-widget-heading\" data-id=\"e929b39\" data-element_type=\"widget\" data-widget_type=\"heading.default\">\n\t\t\t\t<div class=\"elementor-widget-container\">\n\t\t\t\t\t<h2 class=\"elementor-heading-title elementor-size-default\">Acerca de Ascent<\/h2>\t\t\t\t<\/div>\n\t\t\t\t<\/div>\n\t\t\t\t\t<\/div>\n\t\t\t\t<\/div>\n\t\t<div class=\"elementor-element elementor-element-88e143d e-flex e-con-boxed e-con e-parent\" data-id=\"88e143d\" data-element_type=\"container\">\n\t\t\t\t\t<div class=\"e-con-inner\">\n\t\t\t\t<div class=\"elementor-element elementor-element-119518b elementor-widget elementor-widget-text-editor\" data-id=\"119518b\" data-element_type=\"widget\" data-widget_type=\"text-editor.default\">\n\t\t\t\t<div class=\"elementor-widget-container\">\n\t\t\t\t\t\t\t\t\t<p class=\"ds-markdown-paragraph\">Ascent es un fabricante de confianza de\u00a0<strong>envases de papel ecol\u00f3gicos<\/strong>especializada en\u00a0<strong>vasos de papel, cuencos de papel, ensaladeras, bolsas de papel y cajas de comida<\/strong>. Estrat\u00e9gicamente situado en\u00a0<strong>Ningbo, China<\/strong>En nuestra sede central, cerca de un importante puerto mar\u00edtimo, garantizamos una log\u00edstica global eficaz y entregas puntuales a nuestros clientes internacionales en los pa\u00edses de la UE.\u00a0<strong>restauraci\u00f3n, comercio minorista y sanidad<\/strong>.<\/p><p class=\"ds-markdown-paragraph\">Con\u00a0<strong>M\u00e1s de 17 a\u00f1os de experiencia<\/strong>combinamos\u00a0<strong>materiales sostenibles, ingenier\u00eda de precisi\u00f3n e innovaci\u00f3n orientada al cliente<\/strong>\u00a0para ofrecer soluciones de envasado de alto rendimiento. Nuestros productos cumplen las normas m\u00e1s exigentes del sector, con el respaldo de\u00a0<strong>Certificaciones FSC, ISO, BRC y BSCI<\/strong>garantizando\u00a0<strong>calidad, seguridad y producci\u00f3n \u00e9tica<\/strong>.<\/p><p class=\"ds-markdown-paragraph\">Comprometidos con la sostenibilidad, ofrecemos\u00a0<strong>dise\u00f1os personalizados, precios competitivos y plazos de entrega r\u00e1pidos<\/strong>lo que nos convierte en el socio preferido de las marcas que priorizan\u00a0<strong>responsabilidad medioambiental sin comprometer el rendimiento<\/strong>. Ya sea para\u00a0<strong>comida para llevar, envases de venta al por menor o suministros sanitarios<\/strong>Ascent proporciona fiabilidad,\u00a0<strong>soluciones ecol\u00f3gicas<\/strong>\u00a0que se alinean con los objetivos globales de sostenibilidad.<\/p><p class=\"ds-markdown-paragraph\">Elija Ascent para\u00a0<strong>envases responsables y de alta calidad, dise\u00f1ados para ser eficientes y suministrados con excelencia<\/strong>.<\/p>\t\t\t\t\t\t\t\t<\/div>\n\t\t\t\t<\/div>\n\t\t\t\t\t<\/div>\n\t\t\t\t<\/div>\n\t\t<div class=\"elementor-element elementor-element-1b95454 e-grid e-con-boxed e-con e-parent\" data-id=\"1b95454\" data-element_type=\"container\">\n\t\t\t\t\t<div class=\"e-con-inner\">\n\t\t\t\t<div class=\"elementor-element elementor-element-89c1d30 elementor-widget elementor-widget-image\" data-id=\"89c1d30\" data-element_type=\"widget\" data-widget_type=\"image.default\">\n\t\t\t\t<div class=\"elementor-widget-container\">\n\t\t\t\t\t\t\t\t\t\t\t\t\t\t\t<img fetchpriority=\"high\" decoding=\"async\" width=\"800\" height=\"533\" src=\"https:\/\/ascentpak.com\/wp-content\/uploads\/2025\/04\/IMG_1371.jpg\" class=\"attachment-large size-large wp-image-951\" alt=\"\" srcset=\"https:\/\/ascentpak.com\/wp-content\/uploads\/2025\/04\/IMG_1371.jpg 800w, https:\/\/ascentpak.com\/wp-content\/uploads\/2025\/04\/IMG_1371-600x400.jpg 600w, https:\/\/ascentpak.com\/wp-content\/uploads\/2025\/04\/IMG_1371-300x200.jpg 300w, https:\/\/ascentpak.com\/wp-content\/uploads\/2025\/04\/IMG_1371-768x512.jpg 768w\" sizes=\"(max-width: 800px) 100vw, 800px\" \/>\t\t\t\t\t\t\t\t\t\t\t\t\t\t\t<\/div>\n\t\t\t\t<\/div>\n\t\t\t\t<div class=\"elementor-element elementor-element-3c3a003 elementor-widget elementor-widget-image\" data-id=\"3c3a003\" data-element_type=\"widget\" data-widget_type=\"image.default\">\n\t\t\t\t<div class=\"elementor-widget-container\">\n\t\t\t\t\t\t\t\t\t\t\t\t\t\t\t<img decoding=\"async\" width=\"800\" height=\"533\" src=\"https:\/\/ascentpak.com\/wp-content\/uploads\/2025\/04\/IMG_1388.jpg\" class=\"attachment-large size-large wp-image-952\" alt=\"\" srcset=\"https:\/\/ascentpak.com\/wp-content\/uploads\/2025\/04\/IMG_1388.jpg 800w, https:\/\/ascentpak.com\/wp-content\/uploads\/2025\/04\/IMG_1388-600x400.jpg 600w, https:\/\/ascentpak.com\/wp-content\/uploads\/2025\/04\/IMG_1388-300x200.jpg 300w, https:\/\/ascentpak.com\/wp-content\/uploads\/2025\/04\/IMG_1388-768x512.jpg 768w\" sizes=\"(max-width: 800px) 100vw, 800px\" \/>\t\t\t\t\t\t\t\t\t\t\t\t\t\t\t<\/div>\n\t\t\t\t<\/div>\n\t\t\t\t<div class=\"elementor-element elementor-element-f227509 elementor-widget elementor-widget-image\" data-id=\"f227509\" data-element_type=\"widget\" data-widget_type=\"image.default\">\n\t\t\t\t<div class=\"elementor-widget-container\">\n\t\t\t\t\t\t\t\t\t\t\t\t\t\t\t<img decoding=\"async\" width=\"800\" height=\"533\" src=\"https:\/\/ascentpak.com\/wp-content\/uploads\/2025\/04\/IMG_1379.jpg\" class=\"attachment-large size-large wp-image-953\" alt=\"\" srcset=\"https:\/\/ascentpak.com\/wp-content\/uploads\/2025\/04\/IMG_1379.jpg 800w, https:\/\/ascentpak.com\/wp-content\/uploads\/2025\/04\/IMG_1379-600x400.jpg 600w, https:\/\/ascentpak.com\/wp-content\/uploads\/2025\/04\/IMG_1379-300x200.jpg 300w, https:\/\/ascentpak.com\/wp-content\/uploads\/2025\/04\/IMG_1379-768x512.jpg 768w\" sizes=\"(max-width: 800px) 100vw, 800px\" \/>\t\t\t\t\t\t\t\t\t\t\t\t\t\t\t<\/div>\n\t\t\t\t<\/div>\n\t\t\t\t\t<\/div>\n\t\t\t\t<\/div>\n\t\t\t\t<\/div>","protected":false},"excerpt":{"rendered":"<p>About Ascent Ascent is a trusted manufacturer of premium\u00a0eco-friendly paper packaging, specializing in\u00a0paper cups, paper bowls, salad bowls, paper bags, and meal boxes. Strategically located in\u00a0Ningbo, China, near a major sea port, we ensure efficient global logistics and timely deliveries for our international clients in the\u00a0food service, retail, and healthcare industries. With\u00a017+ years of expertise, [&hellip;]<\/p>","protected":false},"author":1,"featured_media":0,"parent":0,"menu_order":0,"comment_status":"closed","ping_status":"closed","template":"","meta":{"footnotes":""},"class_list":["post-534","page","type-page","status-publish","hentry"],"_links":{"self":[{"href":"https:\/\/ascentpak.com\/es\/wp-json\/wp\/v2\/pages\/534","targetHints":{"allow":["GET"]}}],"collection":[{"href":"https:\/\/ascentpak.com\/es\/wp-json\/wp\/v2\/pages"}],"about":[{"href":"https:\/\/ascentpak.com\/es\/wp-json\/wp\/v2\/types\/page"}],"author":[{"embeddable":true,"href":"https:\/\/ascentpak.com\/es\/wp-json\/wp\/v2\/users\/1"}],"replies":[{"embeddable":true,"href":"https:\/\/ascentpak.com\/es\/wp-json\/wp\/v2\/comments?post=534"}],"version-history":[{"count":13,"href":"https:\/\/ascentpak.com\/es\/wp-json\/wp\/v2\/pages\/534\/revisions"}],"predecessor-version":[{"id":962,"href":"https:\/\/ascentpak.com\/es\/wp-json\/wp\/v2\/pages\/534\/revisions\/962"}],"wp:attachment":[{"href":"https:\/\/ascentpak.com\/es\/wp-json\/wp\/v2\/media?parent=534"}],"curies":[{"name":"wp","href":"https:\/\/api.w.org\/{rel}","templated":true}]}}