{"id":795,"date":"2025-04-16T01:18:32","date_gmt":"2025-04-16T01:18:32","guid":{"rendered":"https:\/\/ascentpak.com\/?post_type=product&#038;p=795"},"modified":"2025-04-16T01:18:37","modified_gmt":"2025-04-16T01:18:37","slug":"32-oz-soup-paper-bowl","status":"publish","type":"product","link":"https:\/\/ascentpak.com\/de\/produkt\/32-oz-soup-paper-bowl\/","title":{"rendered":"32 oz Suppensch\u00fcssel aus Papier"},"content":{"rendered":"<p>&#8220;<\/p>\n\n<table id=\"tablepress-1\" class=\"tablepress tablepress-id-1\">\n<thead>\n<tr class=\"row-1\">\n\t<th class=\"column-1\">                 Artikel<\/th><th class=\"column-2\">             GR\u00d6SSE(MM)<\/th><th class=\"column-3\">     VERPACKUNG (ST\u00dcCK*BEUTEL)<\/th><th class=\"column-4\">          CTN GR\u00d6SSE(CM)<\/th>\n<\/tr>\n<\/thead>\n<tbody class=\"row-striping row-hover\">\n<tr class=\"row-2\">\n\t<td class=\"column-1\">SB-8OZ (96MM)<\/td><td class=\"column-2\">96*77*60<\/td><td class=\"column-3\">25*20=500<\/td><td class=\"column-4\">49.5*39.5*27.5<\/td>\n<\/tr>\n<tr class=\"row-3\">\n\t<td class=\"column-1\">SB-8OZ (90MM)<\/td><td class=\"column-2\">90*75*63<\/td><td class=\"column-3\">25*20=500<\/td><td class=\"column-4\">46.5*37.5*28<\/td>\n<\/tr>\n<tr class=\"row-4\">\n\t<td class=\"column-1\">SB-12OZ (96MM)<\/td><td class=\"column-2\">96*82*67<\/td><td class=\"column-3\">25*20=500<\/td><td class=\"column-4\">49.5*39.5*31.5<\/td>\n<\/tr>\n<tr class=\"row-5\">\n\t<td class=\"column-1\">SB-12OZ (90MM)<\/td><td class=\"column-2\">90*73*88<\/td><td class=\"column-3\">25*20=500<\/td><td class=\"column-4\">46.5*37.5*33.5<\/td>\n<\/tr>\n<tr class=\"row-6\">\n\t<td class=\"column-1\">SB-16OZ (96MM)<\/td><td class=\"column-2\">96*78*96<\/td><td class=\"column-3\">25*20=500<\/td><td class=\"column-4\">49.5*39.5*35<\/td>\n<\/tr>\n<tr class=\"row-7\">\n\t<td class=\"column-1\">SB-12OZ (115MM)<\/td><td class=\"column-2\">115*93*63<\/td><td class=\"column-3\">25*20=500<\/td><td class=\"column-4\">58.5*46.5*27<\/td>\n<\/tr>\n<tr class=\"row-8\">\n\t<td class=\"column-1\">SB-16OZ (115MM)<\/td><td class=\"column-2\">115*96*78<\/td><td class=\"column-3\">25*20=500<\/td><td class=\"column-4\">58.5*46.5*31<\/td>\n<\/tr>\n<tr class=\"row-9\">\n\t<td class=\"column-1\">SB-26OZ (115MM)<\/td><td class=\"column-2\">115*89*115<\/td><td class=\"column-3\">25*20=500<\/td><td class=\"column-4\">58.5*46.5*40.5<\/td>\n<\/tr>\n<tr class=\"row-10\">\n\t<td class=\"column-1\">SB-32OZ (115MM)<\/td><td class=\"column-2\">115*91*133<\/td><td class=\"column-3\">25*20=500<\/td><td class=\"column-4\">58.5*46.5*40.5<\/td>\n<\/tr>\n<\/tbody>\n<\/table>\n<!-- #tablepress-1 from cache -->\n<p>&nbsp;<\/p>\n<p>Die <strong>32 oz Suppensch\u00fcssel aus Papier<\/strong> ist in der Lebensmittel- und Getr\u00e4nkeverpackungsindustrie unverzichtbar. Er ist speziell daf\u00fcr ausgelegt, hei\u00dfe Suppen und Eint\u00f6pfe zu halten und dabei die Temperatur und Struktur der Lebensmittel zu erhalten. Sie k\u00f6nnen sich auf die Qualit\u00e4t und Haltbarkeit dieses Produkts verlassen, um Ihren Service zu verbessern.<\/p>\n<ol>\n<li>\n<p><strong>Materialien und Schaufelaufbau<\/strong><br \/>Unser <strong>32 oz Suppensch\u00fcssel aus Papier<\/strong> wird aus hochwertigen Materialien hergestellt. Wir verwenden Kraftpapier, PE-beschichtetes Papier, PLA-beschichtetes Papier und w\u00e4ssrig beschichtetes Papier. Diese Materialien entsprechen nicht nur den Sicherheitsstandards, sondern unterst\u00fctzen auch die Nachhaltigkeit:  <\/p>\n<ul>\n<li>Kraftpapier ist eine robuste und umweltfreundliche L\u00f6sung.  <\/li>\n<li>Die PE-Beschichtung sorgt daf\u00fcr, dass der Eimer fettbest\u00e4ndig und langlebig ist.  <\/li>\n<li>Die PLA-Beschichtung bietet eine kompostierbare und nachhaltige Option f\u00fcr umweltbewusste Marken.  <\/li>\n<li>Die w\u00e4ssrige Beschichtung ist eine ungiftige und umweltfreundliche Option auf Wasserbasis, die f\u00fcr eine glatte Oberfl\u00e4che sorgt und gleichzeitig die Integrit\u00e4t des Eimers bewahrt.<br \/>Unsere 32-Unzen-Papierschalen f\u00fcr Suppen zeichnen sich durch eine stabile Konstruktion aus, die daf\u00fcr sorgt, dass Ihre Suppen hei\u00df bleiben, ohne dass die Qualit\u00e4t beim Transport beeintr\u00e4chtigt wird.<\/li>\n<\/ul>\n<\/li>\n<li>\n<p><strong>Physikalische und funktionelle Eigenschaften<\/strong><br \/>Die <strong>32 oz Suppensch\u00fcssel aus Papier<\/strong> ist f\u00fcr verschiedene Anwendungen konzipiert. Hier sind die detaillierten Spezifikationen:<\/p>\n<\/li>\n<\/ol>\n<ul>\n<li><strong>SB-32OZ (115MM)<\/strong>: 115\u00d791\u00d7133mm, Verpackung 25\u00d720 = 500 St\u00fcck, Kartongr\u00f6\u00dfe 58,5\u00d746,5\u00d740,5 cm.<br \/>Die robuste Konstruktion h\u00e4lt Ihre Suppe sicher fest und bewahrt ihre hohe Qualit\u00e4t. Weitere Optionen finden Sie in unserem <a href=\"\"https:>8 oz Suppensch\u00fcssel aus Papier<\/a> und <a href=\"\"https:>12 oz Suppensch\u00fcssel aus Papier<\/a>.<\/li>\n<\/ul>\n<ol start=\"\"3\"\">\n<li><strong>Abschnitt Gr\u00f6\u00dfen und Sorten<\/strong><br \/>Wir bieten eine Vielzahl von Stilen und Gr\u00f6\u00dfen f\u00fcr unsere <strong>32 oz Suppensch\u00fcssel aus Papier<\/strong>:<\/li>\n<\/ol>\n<ul>\n<li>Gr\u00f6\u00dfen: SB-8OZ, SB-12OZ, SB-16OZ, SB-26OZ, SB-32OZ.  <\/li>\n<li>Mehrere Durchmesseroptionen (90MM, 96MM, 115MM) f\u00fcr unterschiedliche Anforderungen verf\u00fcgbar.<br \/>Diese Gr\u00f6\u00dfen eignen sich f\u00fcr unterschiedliche Dienstleistungen wie kleine Eimer f\u00fcr Einzelportionen oder gro\u00dfe Eimer f\u00fcr Familienmahlzeiten.<\/li>\n<\/ul>\n<ol start=\"\"4\"\">\n<li><strong>Leistung und Qualit\u00e4t<\/strong><br \/>Unser <strong>32 oz Suppensch\u00fcssel aus Papier<\/strong> verf\u00fcgt \u00fcber Funktionen, die die Benutzerfreundlichkeit verbessern:<\/li>\n<\/ol>\n<ul>\n<li>Auslaufsichere und fettabweisende Auskleidung f\u00fcr eine unauff\u00e4llige Verpackung.  <\/li>\n<li>Stabile Konstruktion zur Vermeidung von Verformungen.  <\/li>\n<li>Stapelbares Design f\u00fcr einfache Lagerung und Handhabung.<br \/>Jede Schale ist so konzipiert, dass nichts versch\u00fcttet wird, und eignet sich daher perfekt zum Essen, Mitnehmen oder Liefern.<\/li>\n<\/ul>\n<ol start=\"\"5\"\">\n<li>\n<p><strong>Qualit\u00e4tssicherung und Zertifizierungen<\/strong><br \/>Wir halten uns an strenge Ma\u00dfnahmen zur Qualit\u00e4tskontrolle. Jede Charge der <strong>32 oz Suppensch\u00fcssel aus Papier<\/strong> wird auf Festigkeit, Auslaufsicherheit und Einhaltung der Lebensmittelsicherheitsvorschriften gepr\u00fcft. Unsere Schalen sind FDA-zugelassen, und unser Werk verf\u00fcgt \u00fcber Zertifizierungen wie ISO 9001, ISO 14001, FSC und BRCGS, damit Sie Produkte von h\u00f6chster Qualit\u00e4t erhalten.  <\/p>\n<\/li>\n<li>\n<p><strong>Personalisierung und Branding<\/strong><br \/>Sie k\u00f6nnen Ihre pers\u00f6nliche <strong>32 oz Suppensch\u00fcssel aus Papier<\/strong>. Wir bieten Optionen wie:<\/p>\n<\/li>\n<\/ol>\n<ul>\n<li>Individueller Logodruck f\u00fcr bessere Sichtbarkeit.  <\/li>\n<li>Mehrere Gr\u00f6\u00dfen und Farben zur Anpassung an die Identit\u00e4t Ihrer Marke.<br \/>Heben Sie Ihre Marke mit individuellen Designs auf umweltfreundlichen Materialien hervor und hinterlassen Sie einen bleibenden Eindruck bei Ihren Kunden.<\/li>\n<\/ul>\n<ol start=\"\"7\"\">\n<li><strong>Bestellung, Verpackung und Logistik<\/strong><\/li>\n<\/ol>\n<ul>\n<li><strong>Mindestbestellmenge<\/strong>: 50.000 St\u00fcck.  <\/li>\n<li><strong>Details zur Verpackung<\/strong>: Sicher verpackt f\u00fcr einen sicheren Versand.  <\/li>\n<li><strong>Produktionsvorlaufzeit<\/strong>: Ungef\u00e4hr 30 Tage.  <\/li>\n<li><strong>Schifffahrtshafen<\/strong>: Ningbo, China, sorgt f\u00fcr eine schnelle und effiziente Lieferung in alle Welt.<br \/>Unsere Schalen werden sorgf\u00e4ltig verpackt, um Transportsch\u00e4den zu vermeiden. Dank der Produktion in einer zuverl\u00e4ssigen Fabrik k\u00f6nnen Sie gro\u00dfe Mengen zu wettbewerbsf\u00e4higen Gro\u00dfhandelspreisen kaufen, was ideal f\u00fcr Exporteure und OEM-Bedarf ist.<\/li>\n<\/ul>\n<p>Entdecken Sie unser Sortiment an Suppenschalen, darunter unsere <a href=\"\"https:>16 oz Suppensch\u00fcssel aus Papier<\/a> und <a href=\"\"https:>26 oz Papiersuppenschalen<\/a>. Erleben Sie Qualit\u00e4t und hervorragenden Service mit unserem <strong>32 oz Suppensch\u00fcssel aus Papier<\/strong> heute!<\/p>\n<h2 style=\"\"text-align: center;\"\">Video der Werksbesichtigung:<\/h2>\n\n<p>&nbsp;<\/p>\n<p>&#8220;<\/p>","protected":false},"excerpt":{"rendered":"<p>32 oz Suppensch\u00fcssel aus Papier, ist f\u00fcr das Servieren von hei\u00dfen Suppen und Mahlzeiten zum Mitnehmen gedacht. Mit einer Spezifikation von 32 oz ist sie ideal f\u00fcr Restaurants, Imbisswagen und Catering-Services. Mit ihrer robusten Konstruktion bietet sie zuverl\u00e4ssige Haltbarkeit f\u00fcr die Gastronomie.<\/p>","protected":false},"featured_media":796,"comment_status":"open","ping_status":"closed","template":"","meta":[],"product_brand":[],"product_cat":[21,32],"product_tag":[],"class_list":{"0":"post-795","1":"product","2":"type-product","3":"status-publish","4":"has-post-thumbnail","6":"product_cat-products","7":"product_cat-paper-soup-cups","9":"first","10":"instock","11":"shipping-taxable","12":"product-type-simple"},"_links":{"self":[{"href":"https:\/\/ascentpak.com\/de\/wp-json\/wp\/v2\/product\/795","targetHints":{"allow":["GET"]}}],"collection":[{"href":"https:\/\/ascentpak.com\/de\/wp-json\/wp\/v2\/product"}],"about":[{"href":"https:\/\/ascentpak.com\/de\/wp-json\/wp\/v2\/types\/product"}],"replies":[{"embeddable":true,"href":"https:\/\/ascentpak.com\/de\/wp-json\/wp\/v2\/comments?post=795"}],"wp:featuredmedia":[{"embeddable":true,"href":"https:\/\/ascentpak.com\/de\/wp-json\/wp\/v2\/media\/796"}],"wp:attachment":[{"href":"https:\/\/ascentpak.com\/de\/wp-json\/wp\/v2\/media?parent=795"}],"wp:term":[{"taxonomy":"product_brand","embeddable":true,"href":"https:\/\/ascentpak.com\/de\/wp-json\/wp\/v2\/product_brand?post=795"},{"taxonomy":"product_cat","embeddable":true,"href":"https:\/\/ascentpak.com\/de\/wp-json\/wp\/v2\/product_cat?post=795"},{"taxonomy":"product_tag","embeddable":true,"href":"https:\/\/ascentpak.com\/de\/wp-json\/wp\/v2\/product_tag?post=795"}],"curies":[{"name":"wp","href":"https:\/\/api.w.org\/{rel}","templated":true}]}}