{"id":789,"date":"2025-04-16T01:11:39","date_gmt":"2025-04-16T01:11:39","guid":{"rendered":"https:\/\/ascentpak.com\/?post_type=product&#038;p=789"},"modified":"2025-04-16T01:11:42","modified_gmt":"2025-04-16T01:11:42","slug":"26-oz-soup-paper-bowl","status":"publish","type":"product","link":"https:\/\/ascentpak.com\/de\/produkt\/26-oz-soup-paper-bowl\/","title":{"rendered":"26 oz Suppensch\u00fcssel aus Papier"},"content":{"rendered":"<p>&#8220;<\/p>\n\n<table id=\"tablepress-1\" class=\"tablepress tablepress-id-1\">\n<thead>\n<tr class=\"row-1\">\n\t<th class=\"column-1\">                 Artikel<\/th><th class=\"column-2\">             GR\u00d6SSE(MM)<\/th><th class=\"column-3\">     VERPACKUNG (ST\u00dcCK*BEUTEL)<\/th><th class=\"column-4\">          CTN GR\u00d6SSE(CM)<\/th>\n<\/tr>\n<\/thead>\n<tbody class=\"row-striping row-hover\">\n<tr class=\"row-2\">\n\t<td class=\"column-1\">SB-8OZ (96MM)<\/td><td class=\"column-2\">96*77*60<\/td><td class=\"column-3\">25*20=500<\/td><td class=\"column-4\">49.5*39.5*27.5<\/td>\n<\/tr>\n<tr class=\"row-3\">\n\t<td class=\"column-1\">SB-8OZ (90MM)<\/td><td class=\"column-2\">90*75*63<\/td><td class=\"column-3\">25*20=500<\/td><td class=\"column-4\">46.5*37.5*28<\/td>\n<\/tr>\n<tr class=\"row-4\">\n\t<td class=\"column-1\">SB-12OZ (96MM)<\/td><td class=\"column-2\">96*82*67<\/td><td class=\"column-3\">25*20=500<\/td><td class=\"column-4\">49.5*39.5*31.5<\/td>\n<\/tr>\n<tr class=\"row-5\">\n\t<td class=\"column-1\">SB-12OZ (90MM)<\/td><td class=\"column-2\">90*73*88<\/td><td class=\"column-3\">25*20=500<\/td><td class=\"column-4\">46.5*37.5*33.5<\/td>\n<\/tr>\n<tr class=\"row-6\">\n\t<td class=\"column-1\">SB-16OZ (96MM)<\/td><td class=\"column-2\">96*78*96<\/td><td class=\"column-3\">25*20=500<\/td><td class=\"column-4\">49.5*39.5*35<\/td>\n<\/tr>\n<tr class=\"row-7\">\n\t<td class=\"column-1\">SB-12OZ (115MM)<\/td><td class=\"column-2\">115*93*63<\/td><td class=\"column-3\">25*20=500<\/td><td class=\"column-4\">58.5*46.5*27<\/td>\n<\/tr>\n<tr class=\"row-8\">\n\t<td class=\"column-1\">SB-16OZ (115MM)<\/td><td class=\"column-2\">115*96*78<\/td><td class=\"column-3\">25*20=500<\/td><td class=\"column-4\">58.5*46.5*31<\/td>\n<\/tr>\n<tr class=\"row-9\">\n\t<td class=\"column-1\">SB-26OZ (115MM)<\/td><td class=\"column-2\">115*89*115<\/td><td class=\"column-3\">25*20=500<\/td><td class=\"column-4\">58.5*46.5*40.5<\/td>\n<\/tr>\n<tr class=\"row-10\">\n\t<td class=\"column-1\">SB-32OZ (115MM)<\/td><td class=\"column-2\">115*91*133<\/td><td class=\"column-3\">25*20=500<\/td><td class=\"column-4\">58.5*46.5*40.5<\/td>\n<\/tr>\n<\/tbody>\n<\/table>\n<!-- #tablepress-1 from cache -->\n<p>&nbsp;<\/p>\n<p>Die 26 oz Suppensch\u00fcssel aus Papier ist ein wichtiger Akteur im Bereich der Lebensmittel- und Getr\u00e4nkeverpackungen. Sie ist f\u00fcr herzhafte Suppen und Eint\u00f6pfe konzipiert und gew\u00e4hrleistet Qualit\u00e4t und Zuverl\u00e4ssigkeit bei der Erhaltung der Temperatur und Struktur von Lebensmitteln.<\/p>\n<p><strong>1. Materialien und Aufbau der Schaufel<\/strong><br \/>Unsere 26 oz Suppensch\u00fcssel aus Papier wird aus hochwertigen Materialien wie Kraftpapier, PE-beschichtetem Papier, PLA-beschichtetem Papier und wasserfest beschichtetem Papier hergestellt. Diese Materialien spielen eine entscheidende Rolle bei der Gew\u00e4hrleistung der Lebensmittelsicherheit und der Umweltvertr\u00e4glichkeit:  <\/p>\n<ul>\n<li><strong>Kraftpapier<\/strong> bietet eine robuste, umweltfreundliche L\u00f6sung.  <\/li>\n<li><strong>PE-Beschichtung<\/strong> gew\u00e4hrleistet, dass der Eimer fettbest\u00e4ndig und langlebig ist.  <\/li>\n<li><strong>PLA-Beschichtung<\/strong> bietet eine kompostierbare und nachhaltige Option f\u00fcr umweltbewusste Marken.  <\/li>\n<li><strong>W\u00e4ssrige Beschichtung<\/strong> bietet ein ungiftiges und umweltfreundliches Finish auf Wasserbasis, wobei die Integrit\u00e4t des Eimers erhalten bleibt.<br \/>Unsere 26-Unzen-Papiersch\u00fcssel f\u00fcr Suppen zeichnet sich durch eine stabile Konstruktion aus, die daf\u00fcr sorgt, dass Ihre Suppen hei\u00df bleiben, ohne dass die Qualit\u00e4t beim Transport beeintr\u00e4chtigt wird.<\/li>\n<\/ul>\n<p><strong>2. Physikalische und funktionelle Eigenschaften<\/strong><br \/>Unser breites Angebot an 26 oz Suppenschalen aus Papier umfasst verschiedene Gr\u00f6\u00dfen, die auf unterschiedliche Servieranforderungen zugeschnitten sind. Sehen Sie sich zum Beispiel unsere 8 oz, 12 oz und 16 oz Suppenschalen aus Papier an. Jeder Eimer ist so konzipiert, dass er Ihre Suppe sicher h\u00e4lt und gleichzeitig ihre Qualit\u00e4t bewahrt.<\/p>\n<p><strong>3. Abschnitt Gr\u00f6\u00dfen und Sorten<\/strong><br \/>Mit einer Auswahl an Stilen und Variationen finden Sie die perfekte Passform:  <\/p>\n<ul>\n<li><strong>Gr\u00f6\u00dfen:<\/strong> SB-8OZ, SB-12OZ, SB-16OZ, SB-26OZ, SB-32OZ  <\/li>\n<li><strong>Mehrere Durchmesseroptionen:<\/strong> (90MM, 96MM, 115MM) f\u00fcr unterschiedliche Anforderungen.<br \/>Egal, ob Sie kleine Eimer f\u00fcr einzelne Portionen oder gro\u00dfe Familienmahlzeiten suchen, unsere Kollektion bietet f\u00fcr alle Serviceanforderungen die passende L\u00f6sung.<\/li>\n<\/ul>\n<p><strong>4. Leistung und Qualit\u00e4t<\/strong><br \/>Jede 26 oz Suppensch\u00fcssel aus Papier wurde mit Blick auf die Benutzerfreundlichkeit entwickelt. Bemerkenswerte Eigenschaften umfassen:  <\/p>\n<ul>\n<li><strong>Auslaufsichere und fettbest\u00e4ndige Auskleidung<\/strong> f\u00fcr eine unauff\u00e4llige Verpackung.  <\/li>\n<li><strong>Robuste Konstruktion<\/strong> um Verformungen zu vermeiden.  <\/li>\n<li><strong>Stapelbare Konstruktion<\/strong> f\u00fcr einfache Lagerung und Handhabung.<br \/>Diese Leistung gew\u00e4hrleistet einen sicheren Transport zum Essen, Mitnehmen oder Liefern.<\/li>\n<\/ul>\n<p><strong>5. Qualit\u00e4tssicherung und Zertifizierungen<\/strong><br \/>Wir halten uns streng an die Qualit\u00e4tskontrollverfahren. Jede Charge der 26-Unzen-Suppenschalen aus Papier wird auf Festigkeit, Auslaufsicherheit und Lebensmittelsicherheit gepr\u00fcft. Unsere Schalen sind FDA-zugelassen, und unser Werk ist nach ISO 9001 f\u00fcr das Qualit\u00e4tsmanagement und ISO 14001 f\u00fcr das Umweltmanagement zertifiziert.<\/p>\n<p><strong>6. Personalisierung und Branding<\/strong><br \/>Mit individuellem Logodruck und Branding k\u00f6nnen Sie Ihre Sichtbarkeit erh\u00f6hen. Entdecken Sie mehrere Gr\u00f6\u00dfen- und Farboptionen, die den Anforderungen Ihrer Marke entsprechen. Steigern Sie den Wiedererkennungswert Ihrer Marke mit individuell bedruckten 26 oz Suppenschalen aus Papier und stellen Sie sicher, dass Sie sich auf dem Markt abheben.<\/p>\n<p><strong>7. Bestellung, Verpackung und Logistik<\/strong><br \/>Wir bieten Gro\u00dfeinkaufsoptionen mit einem <strong>Mindestbestellmenge von 50.000 St\u00fcck<\/strong>. Jede Schale ist sicher verpackt, um die Sicherheit beim Versand zu gew\u00e4hrleisten. Unser <strong>Produktionsvorlaufzeit<\/strong> betr\u00e4gt ca. 30 Tage, wobei der Versand von unserem Werk in Ningbo, China, aus erfolgt. Damit stellen wir sicher, dass Sie als zuverl\u00e4ssiger Exporteur und OEM-Partner p\u00fcnktliche Lieferungen erhalten. <\/p>\n<p>Wenn Sie sich f\u00fcr unsere kleineren Gr\u00f6\u00dfen interessieren, k\u00f6nnen Sie sich unsere <a href=\"\"https:>8 oz Suppensch\u00fcssel aus Papier<\/a> und <a href=\"\"https:>12 oz Suppensch\u00fcssel aus Papier<\/a> Optionen. Wenn Sie sich f\u00fcr uns als Produzent, Lieferant und Hersteller entscheiden, profitieren Sie von wettbewerbsf\u00e4higen Massenpreisangeboten, die Ihre gesch\u00e4ftlichen Anforderungen schnell und effektiv erf\u00fcllen. Machen Sie den n\u00e4chsten Schritt und etablieren Sie Ihre Marke mit den besten 26 oz Suppenschalen aus Papier auf dem Markt!<\/p>\n<h2 style=\"\"text-align: center;\"\">Video der Werksbesichtigung:<\/h2>\n\n<p>&nbsp;<\/p>\n<p>&#8220;<\/p>","protected":false},"excerpt":{"rendered":"<p>26 oz Suppensch\u00fcssel aus Papier, ist f\u00fcr das Servieren von Suppen und Eint\u00f6pfen konzipiert. Mit einer Spezifikation von 26 oz ist sie ideal f\u00fcr Lebensmittelbetriebe wie Restaurants und Catering. Mit ihrer robusten Konstruktion bietet sie Komfort und einfache Entsorgung f\u00fcr die Lebensmittelindustrie.<\/p>","protected":false},"featured_media":790,"comment_status":"open","ping_status":"closed","template":"","meta":[],"product_brand":[],"product_cat":[21,32],"product_tag":[],"class_list":{"0":"post-789","1":"product","2":"type-product","3":"status-publish","4":"has-post-thumbnail","6":"product_cat-products","7":"product_cat-paper-soup-cups","9":"first","10":"instock","11":"shipping-taxable","12":"product-type-simple"},"_links":{"self":[{"href":"https:\/\/ascentpak.com\/de\/wp-json\/wp\/v2\/product\/789","targetHints":{"allow":["GET"]}}],"collection":[{"href":"https:\/\/ascentpak.com\/de\/wp-json\/wp\/v2\/product"}],"about":[{"href":"https:\/\/ascentpak.com\/de\/wp-json\/wp\/v2\/types\/product"}],"replies":[{"embeddable":true,"href":"https:\/\/ascentpak.com\/de\/wp-json\/wp\/v2\/comments?post=789"}],"wp:featuredmedia":[{"embeddable":true,"href":"https:\/\/ascentpak.com\/de\/wp-json\/wp\/v2\/media\/790"}],"wp:attachment":[{"href":"https:\/\/ascentpak.com\/de\/wp-json\/wp\/v2\/media?parent=789"}],"wp:term":[{"taxonomy":"product_brand","embeddable":true,"href":"https:\/\/ascentpak.com\/de\/wp-json\/wp\/v2\/product_brand?post=789"},{"taxonomy":"product_cat","embeddable":true,"href":"https:\/\/ascentpak.com\/de\/wp-json\/wp\/v2\/product_cat?post=789"},{"taxonomy":"product_tag","embeddable":true,"href":"https:\/\/ascentpak.com\/de\/wp-json\/wp\/v2\/product_tag?post=789"}],"curies":[{"name":"wp","href":"https:\/\/api.w.org\/{rel}","templated":true}]}}