{"id":780,"date":"2025-04-16T01:05:20","date_gmt":"2025-04-16T01:05:20","guid":{"rendered":"https:\/\/ascentpak.com\/?post_type=product&#038;p=780"},"modified":"2025-04-16T01:05:22","modified_gmt":"2025-04-16T01:05:22","slug":"12-oz-soup-paper-bowl","status":"publish","type":"product","link":"https:\/\/ascentpak.com\/de\/produkt\/12-oz-soup-paper-bowl\/","title":{"rendered":"12 oz Suppensch\u00fcssel aus Papier"},"content":{"rendered":"<p>&#8220;<\/p>\n\n<table id=\"tablepress-1\" class=\"tablepress tablepress-id-1\">\n<thead>\n<tr class=\"row-1\">\n\t<th class=\"column-1\">                 Artikel<\/th><th class=\"column-2\">             GR\u00d6SSE(MM)<\/th><th class=\"column-3\">     VERPACKUNG (ST\u00dcCK*BEUTEL)<\/th><th class=\"column-4\">          CTN GR\u00d6SSE(CM)<\/th>\n<\/tr>\n<\/thead>\n<tbody class=\"row-striping row-hover\">\n<tr class=\"row-2\">\n\t<td class=\"column-1\">SB-8OZ (96MM)<\/td><td class=\"column-2\">96*77*60<\/td><td class=\"column-3\">25*20=500<\/td><td class=\"column-4\">49.5*39.5*27.5<\/td>\n<\/tr>\n<tr class=\"row-3\">\n\t<td class=\"column-1\">SB-8OZ (90MM)<\/td><td class=\"column-2\">90*75*63<\/td><td class=\"column-3\">25*20=500<\/td><td class=\"column-4\">46.5*37.5*28<\/td>\n<\/tr>\n<tr class=\"row-4\">\n\t<td class=\"column-1\">SB-12OZ (96MM)<\/td><td class=\"column-2\">96*82*67<\/td><td class=\"column-3\">25*20=500<\/td><td class=\"column-4\">49.5*39.5*31.5<\/td>\n<\/tr>\n<tr class=\"row-5\">\n\t<td class=\"column-1\">SB-12OZ (90MM)<\/td><td class=\"column-2\">90*73*88<\/td><td class=\"column-3\">25*20=500<\/td><td class=\"column-4\">46.5*37.5*33.5<\/td>\n<\/tr>\n<tr class=\"row-6\">\n\t<td class=\"column-1\">SB-16OZ (96MM)<\/td><td class=\"column-2\">96*78*96<\/td><td class=\"column-3\">25*20=500<\/td><td class=\"column-4\">49.5*39.5*35<\/td>\n<\/tr>\n<tr class=\"row-7\">\n\t<td class=\"column-1\">SB-12OZ (115MM)<\/td><td class=\"column-2\">115*93*63<\/td><td class=\"column-3\">25*20=500<\/td><td class=\"column-4\">58.5*46.5*27<\/td>\n<\/tr>\n<tr class=\"row-8\">\n\t<td class=\"column-1\">SB-16OZ (115MM)<\/td><td class=\"column-2\">115*96*78<\/td><td class=\"column-3\">25*20=500<\/td><td class=\"column-4\">58.5*46.5*31<\/td>\n<\/tr>\n<tr class=\"row-9\">\n\t<td class=\"column-1\">SB-26OZ (115MM)<\/td><td class=\"column-2\">115*89*115<\/td><td class=\"column-3\">25*20=500<\/td><td class=\"column-4\">58.5*46.5*40.5<\/td>\n<\/tr>\n<tr class=\"row-10\">\n\t<td class=\"column-1\">SB-32OZ (115MM)<\/td><td class=\"column-2\">115*91*133<\/td><td class=\"column-3\">25*20=500<\/td><td class=\"column-4\">58.5*46.5*40.5<\/td>\n<\/tr>\n<\/tbody>\n<\/table>\n<!-- #tablepress-1 from cache -->\n<p>&nbsp;<\/p>\n<p>Die 12 oz Suppensch\u00fcssel aus Papier ist ein unverzichtbares Produkt in der Lebensmittel- und Getr\u00e4nkeindustrie. Sie spielt eine wichtige Rolle bei der sicheren Aufbewahrung von hei\u00dfen Suppen und Eint\u00f6pfen und gew\u00e4hrleistet Qualit\u00e4t und Zuverl\u00e4ssigkeit bei der Aufrechterhaltung von Temperatur und Struktur der Lebensmittel.<\/p>\n<p><strong>1. Materialien und Aufbau der Schaufel<\/strong><br \/>F\u00fcr die Herstellung der 12 oz Suppensch\u00fcssel aus Papier verwenden wir hochwertige Materialien, darunter Kraftpapier, PE-beschichtetes Papier und PLA-beschichtetes Papier. Diese Materialien gew\u00e4hrleisten Lebensmittelsicherheit und Umweltvertr\u00e4glichkeit:<\/p>\n<ul>\n<li><strong>Kraftpapier<\/strong>: Bietet eine robuste, umweltfreundliche L\u00f6sung.  <\/li>\n<li><strong>PE-Beschichtung<\/strong>: Sorgt daf\u00fcr, dass der Eimer fettbest\u00e4ndig und langlebig ist.  <\/li>\n<li><strong>PLA-Beschichtung<\/strong>: Bietet eine kompostierbare und nachhaltige Option f\u00fcr umweltbewusste Marken.  <\/li>\n<li><strong>W\u00e4ssrige Beschichtung<\/strong>: Eine ungiftige Option auf Wasserbasis, die eine glatte Oberfl\u00e4che bietet und gleichzeitig die Integrit\u00e4t bewahrt.<\/li>\n<\/ul>\n<p>Unsere 12 oz Suppensch\u00fcssel aus Papier zeichnet sich durch eine stabile Konstruktion aus, die daf\u00fcr sorgt, dass Ihre Suppen hei\u00df bleiben, ohne dass die Qualit\u00e4t beim Transport beeintr\u00e4chtigt wird. F\u00fcr weitere Informationen \u00fcber unsere Suppenschalen besuchen Sie unsere Produktseite <a href=\"\"https:>hier<\/a>.<\/p>\n<p><strong>2. Physikalische und funktionelle Eigenschaften<\/strong><br \/>Die 12 oz Suppensch\u00fcssel aus Papier ist in verschiedenen Gr\u00f6\u00dfen mit spezifischen Anwendungsdaten erh\u00e4ltlich:<\/p>\n<ul>\n<li><strong>SB-12OZ (96MM)<\/strong>96\u00d782\u00d767mm, Verpackung 25\u00d720=500 St\u00fcck, Kartongr\u00f6\u00dfe 49,5\u00d739,5\u00d731,5 cm  <\/li>\n<li><strong>SB-12OZ (90MM)<\/strong>: 90\u00d773\u00d788mm, Verpackung 25\u00d720=500 St\u00fcck, Kartongr\u00f6\u00dfe 46,5\u00d737,5\u00d733,5 cm<\/li>\n<\/ul>\n<p>Jeder Eimer ist so konzipiert, dass er Ihre Suppe sicher aufnimmt und gleichzeitig ihre Qualit\u00e4t bewahrt. Diese Vielseitigkeit macht ihn zu einer guten Wahl f\u00fcr Restaurants und Lebensmittelh\u00e4ndler.<\/p>\n<p><strong>3. Abschnitt Gr\u00f6\u00dfen und Sorten<\/strong><br \/>Unsere 12 oz Suppensch\u00fcssel aus Papier ist in verschiedenen Ausf\u00fchrungen erh\u00e4ltlich:<\/p>\n<ul>\n<li><strong>Gr\u00f6\u00dfen<\/strong>: SB-8OZ, SB-12OZ, SB-16OZ, SB-26OZ, SB-32OZ  <\/li>\n<li><strong>Mehrere Durchmesseroptionen<\/strong>: 90MM, 96MM, 115MM f\u00fcr verschiedene Bed\u00fcrfnisse verf\u00fcgbar.<\/li>\n<\/ul>\n<p>Wir stellen uns auf die unterschiedlichen Bed\u00fcrfnisse ein und sorgen daf\u00fcr, dass f\u00fcr jeden etwas dabei ist, egal ob es sich um einzelne Portionen oder gro\u00dfe Familienmahlzeiten handelt. <\/p>\n<p><strong>4. Leistung und Qualit\u00e4t<\/strong><br \/>Die Benutzerfreundlichkeit umfasst folgende Merkmale:<\/p>\n<ul>\n<li><strong>Auslaufsicher und fettbest\u00e4ndig<\/strong>: Sorgt f\u00fcr eine unauff\u00e4llige Verpackung.  <\/li>\n<li><strong>Robuste Konstruktion<\/strong>: Verhindert Verformungen.  <\/li>\n<li><strong>Stapelbares Design<\/strong>: Zur einfachen Lagerung und Handhabung.<\/li>\n<\/ul>\n<p>Jede Schale ist so konstruiert, dass sie den Transport \u00fcbersteht, egal ob zum Essen, Mitnehmen oder Ausliefern, und Ihnen dabei hilft, Ihren Kunden einen au\u00dfergew\u00f6hnlichen Service zu bieten.<\/p>\n<p><strong>5. Qualit\u00e4tssicherung und Zertifizierungen<\/strong><br \/>Wir halten uns an strenge Qualit\u00e4tskontrollverfahren und testen auf Festigkeit, Auslaufsicherheit und Lebensmittelsicherheit. Alle unsere Schalen sind von der FDA zugelassen, und unser Werk ist nach ISO 9001 und ISO 14001 sowie nach FSC- und BRCGS-Normen zertifiziert. Das bedeutet, dass Sie ein Produkt von h\u00f6chster Qualit\u00e4t und Sicherheit erhalten.<\/p>\n<p><strong>6. Personalisierung und Branding<\/strong><br \/>Sie k\u00f6nnen die 12 oz Suppensch\u00fcssel aus Papier mit personalisieren:<\/p>\n<ul>\n<li><strong>Kundenspezifischer Logodruck<\/strong>: Verbessern Sie die Sichtbarkeit mit Ihrem Branding.  <\/li>\n<li><strong>Mehrere Gr\u00f6\u00dfen- und Farboptionen<\/strong>: Richten Sie sich an den Bed\u00fcrfnissen Ihrer Marke aus.<\/li>\n<\/ul>\n<p>Steigern Sie den Wiedererkennungswert Ihrer Marke mit individuell bedruckten Schalen, die einen bleibenden Eindruck hinterlassen.<\/p>\n<p><strong>7. Bestellung, Verpackung und Logistik<\/strong>  <\/p>\n<ul>\n<li><strong>Mindestbestellmenge<\/strong>: 50.000 St\u00fcck.  <\/li>\n<li><strong>Details zur Verpackung<\/strong>: Sicher verpackt, um die Sicherheit beim Versand zu gew\u00e4hrleisten.  <\/li>\n<li><strong>Produktionsvorlaufzeit<\/strong>: Ungef\u00e4hr 30 Tage.  <\/li>\n<li><strong>Schifffahrtshafen<\/strong>: Ningbo, China, sorgt f\u00fcr eine schnelle und effiziente Lieferung in alle Welt.<\/li>\n<\/ul>\n<p>Wir verpacken die 12 oz Suppensch\u00fcssel aus Papier sorgf\u00e4ltig, um Transportsch\u00e4den zu vermeiden. Als zuverl\u00e4ssiger Hersteller und Lieferant erm\u00f6glicht unsere Produktion Gro\u00dfhandels- und OEM-Optionen f\u00fcr Gro\u00dfeink\u00e4ufe zu wettbewerbsf\u00e4higen Preisen. F\u00fcr Gro\u00dfeink\u00e4ufe, siehe weitere Informationen <a href=\"\"https:>hier<\/a> um unser Angebot zu erkunden.<\/p>\n<p>Unser Engagement f\u00fcr Qualit\u00e4t als f\u00fchrender Exporteur in der Branche macht uns zu einem zuverl\u00e4ssigen Partner f\u00fcr Ihren Bedarf an Gro\u00dfpackungen. Die 12 oz Suppensch\u00fcssel aus Papier ist nicht nur ein Produkt, sondern eine Mischung aus Qualit\u00e4t, Zuverl\u00e4ssigkeit und umweltfreundlichen Praktiken, die den modernen Gesch\u00e4ftsanforderungen entsprechen.<\/p>\n<h2 style=\"\"text-align: center;\"\">Video der Werksbesichtigung:<\/h2>\n\n<p>&nbsp;<\/p>\n<p>&#8220;<\/p>","protected":false},"excerpt":{"rendered":"<p>Die 12 oz Suppensch\u00fcssel aus Papier ist f\u00fcr das Servieren von hei\u00dfen Suppen und Fl\u00fcssigkeiten gedacht. Mit einer Spezifikation von 12 oz ist sie ideal f\u00fcr Restaurants, Catering-Events und Food Trucks. Mit ihrer feuchtigkeitsbest\u00e4ndigen Papierkonstruktion bietet sie zuverl\u00e4ssige Haltbarkeit f\u00fcr die Gastronomie.<\/p>","protected":false},"featured_media":781,"comment_status":"open","ping_status":"closed","template":"","meta":[],"product_brand":[],"product_cat":[21,32],"product_tag":[],"class_list":{"0":"post-780","1":"product","2":"type-product","3":"status-publish","4":"has-post-thumbnail","6":"product_cat-products","7":"product_cat-paper-soup-cups","9":"first","10":"instock","11":"shipping-taxable","12":"product-type-simple"},"_links":{"self":[{"href":"https:\/\/ascentpak.com\/de\/wp-json\/wp\/v2\/product\/780","targetHints":{"allow":["GET"]}}],"collection":[{"href":"https:\/\/ascentpak.com\/de\/wp-json\/wp\/v2\/product"}],"about":[{"href":"https:\/\/ascentpak.com\/de\/wp-json\/wp\/v2\/types\/product"}],"replies":[{"embeddable":true,"href":"https:\/\/ascentpak.com\/de\/wp-json\/wp\/v2\/comments?post=780"}],"wp:featuredmedia":[{"embeddable":true,"href":"https:\/\/ascentpak.com\/de\/wp-json\/wp\/v2\/media\/781"}],"wp:attachment":[{"href":"https:\/\/ascentpak.com\/de\/wp-json\/wp\/v2\/media?parent=780"}],"wp:term":[{"taxonomy":"product_brand","embeddable":true,"href":"https:\/\/ascentpak.com\/de\/wp-json\/wp\/v2\/product_brand?post=780"},{"taxonomy":"product_cat","embeddable":true,"href":"https:\/\/ascentpak.com\/de\/wp-json\/wp\/v2\/product_cat?post=780"},{"taxonomy":"product_tag","embeddable":true,"href":"https:\/\/ascentpak.com\/de\/wp-json\/wp\/v2\/product_tag?post=780"}],"curies":[{"name":"wp","href":"https:\/\/api.w.org\/{rel}","templated":true}]}}