{"id":775,"date":"2025-04-16T01:00:45","date_gmt":"2025-04-16T01:00:45","guid":{"rendered":"https:\/\/ascentpak.com\/?post_type=product&#038;p=775"},"modified":"2025-04-16T01:00:47","modified_gmt":"2025-04-16T01:00:47","slug":"8-oz-soup-paper-bowl","status":"publish","type":"product","link":"https:\/\/ascentpak.com\/de\/produkt\/8-oz-soup-paper-bowl\/","title":{"rendered":"8 oz Suppensch\u00fcssel aus Papier"},"content":{"rendered":"<p>&#8220;<\/p>\n\n<table id=\"tablepress-1\" class=\"tablepress tablepress-id-1\">\n<thead>\n<tr class=\"row-1\">\n\t<th class=\"column-1\">                 Artikel<\/th><th class=\"column-2\">             GR\u00d6SSE(MM)<\/th><th class=\"column-3\">     VERPACKUNG (ST\u00dcCK*BEUTEL)<\/th><th class=\"column-4\">          CTN GR\u00d6SSE(CM)<\/th>\n<\/tr>\n<\/thead>\n<tbody class=\"row-striping row-hover\">\n<tr class=\"row-2\">\n\t<td class=\"column-1\">SB-8OZ (96MM)<\/td><td class=\"column-2\">96*77*60<\/td><td class=\"column-3\">25*20=500<\/td><td class=\"column-4\">49.5*39.5*27.5<\/td>\n<\/tr>\n<tr class=\"row-3\">\n\t<td class=\"column-1\">SB-8OZ (90MM)<\/td><td class=\"column-2\">90*75*63<\/td><td class=\"column-3\">25*20=500<\/td><td class=\"column-4\">46.5*37.5*28<\/td>\n<\/tr>\n<tr class=\"row-4\">\n\t<td class=\"column-1\">SB-12OZ (96MM)<\/td><td class=\"column-2\">96*82*67<\/td><td class=\"column-3\">25*20=500<\/td><td class=\"column-4\">49.5*39.5*31.5<\/td>\n<\/tr>\n<tr class=\"row-5\">\n\t<td class=\"column-1\">SB-12OZ (90MM)<\/td><td class=\"column-2\">90*73*88<\/td><td class=\"column-3\">25*20=500<\/td><td class=\"column-4\">46.5*37.5*33.5<\/td>\n<\/tr>\n<tr class=\"row-6\">\n\t<td class=\"column-1\">SB-16OZ (96MM)<\/td><td class=\"column-2\">96*78*96<\/td><td class=\"column-3\">25*20=500<\/td><td class=\"column-4\">49.5*39.5*35<\/td>\n<\/tr>\n<tr class=\"row-7\">\n\t<td class=\"column-1\">SB-12OZ (115MM)<\/td><td class=\"column-2\">115*93*63<\/td><td class=\"column-3\">25*20=500<\/td><td class=\"column-4\">58.5*46.5*27<\/td>\n<\/tr>\n<tr class=\"row-8\">\n\t<td class=\"column-1\">SB-16OZ (115MM)<\/td><td class=\"column-2\">115*96*78<\/td><td class=\"column-3\">25*20=500<\/td><td class=\"column-4\">58.5*46.5*31<\/td>\n<\/tr>\n<tr class=\"row-9\">\n\t<td class=\"column-1\">SB-26OZ (115MM)<\/td><td class=\"column-2\">115*89*115<\/td><td class=\"column-3\">25*20=500<\/td><td class=\"column-4\">58.5*46.5*40.5<\/td>\n<\/tr>\n<tr class=\"row-10\">\n\t<td class=\"column-1\">SB-32OZ (115MM)<\/td><td class=\"column-2\">115*91*133<\/td><td class=\"column-3\">25*20=500<\/td><td class=\"column-4\">58.5*46.5*40.5<\/td>\n<\/tr>\n<\/tbody>\n<\/table>\n<!-- #tablepress-1 from cache -->\n<p>&nbsp;<\/p>\n<p>Die 8 oz Suppensch\u00fcssel aus Papier ist ein wichtiger Bestandteil der Lebensmittel- und Getr\u00e4nkeverpackungen. Ihr Design ist perfekt f\u00fcr hei\u00dfe Suppen, Eint\u00f6pfe und mehr. Qualit\u00e4t und Zuverl\u00e4ssigkeit sind f\u00fcr die Erhaltung der Temperatur und der Struktur von Lebensmitteln von entscheidender Bedeutung. Sie k\u00f6nnen sich darauf verlassen, dass diese Schalen ihre Aufgabe gut erf\u00fcllen.<\/p>\n<ol>\n<li>\n<p><strong>Materialien und Schaufelaufbau<\/strong><br \/>Unsere 8 oz Suppensch\u00fcssel aus Papier wird aus hochwertigen Materialien hergestellt. Wir verwenden Kraftpapier, PE-beschichtetes Papier, PLA-beschichtetes Papier und w\u00e4ssrig beschichtetes Papier. Kraftpapier bietet eine robuste, umweltfreundliche L\u00f6sung. Die PE-Beschichtung sorgt daf\u00fcr, dass die Schale fettbest\u00e4ndig und langlebig ist. F\u00fcr umweltbewusste Marken bietet die PLA-Beschichtung eine kompostierbare Option. Die w\u00e4ssrige Beschichtung ist auf Wasserbasis, ungiftig und umweltfreundlich. Unsere Schalen zeichnen sich durch eine robuste Konstruktion aus, die die Suppen hei\u00df h\u00e4lt, ohne die Qualit\u00e4t beim Transport zu beeintr\u00e4chtigen. Weitere Einzelheiten dar\u00fcber, wie unsere Verpackungen die Lebensmittelqualit\u00e4t erhalten, finden Sie unter diesem Link zu unserer Produktlinie auf <a href=\"\"http:>Papiersuppenschalen<\/a>.<\/p>\n<\/li>\n<li>\n<p><strong>Physikalische und funktionelle Eigenschaften<\/strong><br \/>Unsere 8 oz Suppensch\u00fcssel aus Papier gibt es in verschiedenen Gr\u00f6\u00dfen, die perfekt f\u00fcr unterschiedliche Portionen geeignet sind. Die Spezifikationen f\u00fcr jede Schale sind wie folgt:<\/p>\n<\/li>\n<\/ol>\n<ul>\n<li><strong>SB-8OZ (96MM)<\/strong>: 96\u00d777\u00d760mm, verpackt 25\u00d720=500 St\u00fcck, Kartongr\u00f6\u00dfe 49,5\u00d739,5\u00d727,5 cm  <\/li>\n<li><strong>SB-8OZ (90MM)<\/strong>: 90\u00d775\u00d763mm, verpackt 25\u00d720=500 St\u00fcck, Kartongr\u00f6\u00dfe 46,5\u00d737,5\u00d728 cm  <\/li>\n<li><strong>SB-12OZ (96MM)<\/strong>: 96\u00d782\u00d767mm, verpackt 25\u00d720=500 St\u00fcck, Kartongr\u00f6\u00dfe 49,5\u00d739,5\u00d731,5 cm<br \/>Unsere Kollektion umfasst verschiedene Gr\u00f6\u00dfen f\u00fcr alles, von Einzelportionen bis hin zu Familienmahlzeiten. Weitere Optionen finden Sie in unserem kompletten Sortiment an 8-Unzen-Papierschalen f\u00fcr Suppen hier: <a href=\"\"http:>8-Unzen-Suppenschalen<\/a>.<\/li>\n<\/ul>\n<ol start=\"\"3\"\">\n<li>\n<p><strong>Abschnitt Gr\u00f6\u00dfen und Sorten<\/strong><br \/>Wir bieten verschiedene Stile und Varianten an. Unsere Gr\u00f6\u00dfen umfassen SB-8OZ, SB-12OZ, SB-16OZ, SB-26OZ und SB-32OZ. Jedes Modell hat mehrere Durchmesseroptionen: 90MM, 96MM, und 115MM. Diese Variationen eignen sich f\u00fcr unterschiedliche Serviceanforderungen. Egal, ob Sie kleine Eimer f\u00fcr einzelne Portionen oder gro\u00dfe Eimer f\u00fcr Familienmahlzeiten ben\u00f6tigen, Sie werden die ideale Option finden.<\/p>\n<\/li>\n<li>\n<p><strong>Leistung und Qualit\u00e4t<\/strong><br \/>Die Eigenschaften unserer Schalen verbessern die Benutzerfreundlichkeit. Sie verf\u00fcgen \u00fcber eine auslaufsichere und fettabweisende Auskleidung f\u00fcr eine schmutzfreie Verwendung. Ihre robuste Konstruktion verhindert Verformungen. Und das stapelbare Design erleichtert die Aufbewahrung. Unsere 8-Unzen-Papiersch\u00fcssel f\u00fcr Suppen sorgt f\u00fcr Sicherheit beim Transport und eignet sich perfekt zum Essen, Mitnehmen oder Liefern. <\/p>\n<\/li>\n<li>\n<p><strong>Qualit\u00e4tssicherung und Zertifizierungen<\/strong><br \/>Wir befolgen strenge Qualit\u00e4tskontrollverfahren. Jede Charge wird auf Festigkeit und Dichtigkeit gepr\u00fcft. Wir verf\u00fcgen \u00fcber Zertifizierungen wie die FDA-Zulassung, ISO 9001 f\u00fcr das Qualit\u00e4tsmanagement und ISO 14001 f\u00fcr das Umweltmanagement. Unsere Schalen erf\u00fcllen die Standards von FSC und BRCGS. Sie k\u00f6nnen unserer Qualit\u00e4t vertrauen, wenn Sie bei einem zuverl\u00e4ssigen Lieferanten oder Hersteller einkaufen.<\/p>\n<\/li>\n<li>\n<p><strong>Personalisierung und Branding<\/strong><br \/>Unsere 8-Unzen-Papiersch\u00fcssel f\u00fcr Suppen ist personalisierbar. Sie k\u00f6nnen sich f\u00fcr einen individuellen Logodruck entscheiden, um die Sichtbarkeit zu erh\u00f6hen. Wir bieten mehrere Gr\u00f6\u00dfen und Farboptionen an, um Ihren Markenanforderungen gerecht zu werden. So k\u00f6nnen Sie bei Ihren Kunden einen bleibenden Eindruck hinterlassen. Als zuverl\u00e4ssiger Exporteur k\u00f6nnen wir auch OEM-Anfragen bearbeiten.<\/p>\n<\/li>\n<li>\n<p><strong>Bestellung, Verpackung und Logistik<\/strong><br \/>Die Mindestbestellmenge betr\u00e4gt 50.000 St\u00fcck. Wir verpacken alle Bestellungen sicher, um die Sicherheit beim Versand zu gew\u00e4hrleisten. Die Produktionsvorlaufzeit betr\u00e4gt etwa 30 Tage. Unser Verschiffungshafen befindet sich in Ningbo, China, was eine schnelle Lieferung in alle Welt gew\u00e4hrleistet. Unsere wettbewerbsf\u00e4higen Gro\u00dfhandelspreise machen uns zu einer bevorzugten Wahl unter Gro\u00dfh\u00e4ndlern.<\/p>\n<\/li>\n<\/ol>\n<p>Durch die Integration der wichtigsten Informationen \u00fcber unsere 8 oz Suppensch\u00fcssel aus Papier und die Beibehaltung des Fokus auf Qualit\u00e4t und Service, wollen wir Ihre gesch\u00e4ftlichen Anforderungen effektiv unterst\u00fctzen.<\/p>\n<h2 style=\"\"text-align: center;\"\">Video der Werksbesichtigung:<\/h2>\n\n<p>&nbsp;<\/p>\n<p>&#8220;<\/p>","protected":false},"excerpt":{"rendered":"<p>8 oz Suppensch\u00fcssel aus Papier, ist f\u00fcr das Servieren von hei\u00dfen Suppen und Eint\u00f6pfen gedacht. Mit einer Spezifikation von 8 oz ist sie ideal f\u00fcr Restaurants, Caf\u00e9s und Catering-Services. Mit ihrem Einwegdesign bietet sie Komfort und eine einfache Reinigung f\u00fcr die Foodservice-Industrie.<\/p>","protected":false},"featured_media":776,"comment_status":"open","ping_status":"closed","template":"","meta":[],"product_brand":[],"product_cat":[21,32],"product_tag":[],"class_list":{"0":"post-775","1":"product","2":"type-product","3":"status-publish","4":"has-post-thumbnail","6":"product_cat-products","7":"product_cat-paper-soup-cups","9":"first","10":"instock","11":"shipping-taxable","12":"product-type-simple"},"_links":{"self":[{"href":"https:\/\/ascentpak.com\/de\/wp-json\/wp\/v2\/product\/775","targetHints":{"allow":["GET"]}}],"collection":[{"href":"https:\/\/ascentpak.com\/de\/wp-json\/wp\/v2\/product"}],"about":[{"href":"https:\/\/ascentpak.com\/de\/wp-json\/wp\/v2\/types\/product"}],"replies":[{"embeddable":true,"href":"https:\/\/ascentpak.com\/de\/wp-json\/wp\/v2\/comments?post=775"}],"wp:featuredmedia":[{"embeddable":true,"href":"https:\/\/ascentpak.com\/de\/wp-json\/wp\/v2\/media\/776"}],"wp:attachment":[{"href":"https:\/\/ascentpak.com\/de\/wp-json\/wp\/v2\/media?parent=775"}],"wp:term":[{"taxonomy":"product_brand","embeddable":true,"href":"https:\/\/ascentpak.com\/de\/wp-json\/wp\/v2\/product_brand?post=775"},{"taxonomy":"product_cat","embeddable":true,"href":"https:\/\/ascentpak.com\/de\/wp-json\/wp\/v2\/product_cat?post=775"},{"taxonomy":"product_tag","embeddable":true,"href":"https:\/\/ascentpak.com\/de\/wp-json\/wp\/v2\/product_tag?post=775"}],"curies":[{"name":"wp","href":"https:\/\/api.w.org\/{rel}","templated":true}]}}