{"id":771,"date":"2025-04-15T02:31:55","date_gmt":"2025-04-15T02:31:55","guid":{"rendered":"https:\/\/ascentpak.com\/?post_type=product&#038;p=771"},"modified":"2025-04-15T02:31:57","modified_gmt":"2025-04-15T02:31:57","slug":"16-oz-ripple-wall-paper-cup","status":"publish","type":"product","link":"https:\/\/ascentpak.com\/de\/produkt\/16-oz-ripple-wall-paper-cup\/","title":{"rendered":"16 oz Riffelwand-Papierbecher"},"content":{"rendered":"<p>&#8220;<\/p>\n\n<table id=\"tablepress-8\" class=\"tablepress tablepress-id-8\">\n<thead>\n<tr class=\"row-1\">\n\t<th class=\"column-1\">Artikel<\/th><th class=\"column-2\">GR\u00d6SSE(MM)<\/th><th class=\"column-3\">VERPACKUNG (ST\u00dcCK*BEUTEL)<\/th><th class=\"column-4\">CTN GR\u00d6SSE(CM)<\/th>\n<\/tr>\n<\/thead>\n<tbody class=\"row-striping row-hover\">\n<tr class=\"row-2\">\n\t<td class=\"column-1\">Einzelne Wand-8OZ<\/td><td class=\"column-2\">80*56*90<\/td><td class=\"column-3\">50*20=1000<\/td><td class=\"column-4\">40.5*32.5*39.5<\/td>\n<\/tr>\n<tr class=\"row-3\">\n\t<td class=\"column-1\">Einzelwand-10OZ<\/td><td class=\"column-2\">90*59*95<\/td><td class=\"column-3\">50*20=1000<\/td><td class=\"column-4\">45.5*36.5*46.5<\/td>\n<\/tr>\n<tr class=\"row-4\">\n\t<td class=\"column-1\">Einwandig-12OZ<\/td><td class=\"column-2\">90*60*111<\/td><td class=\"column-3\">50*20=1000<\/td><td class=\"column-4\">45.5*36.5*46.5<\/td>\n<\/tr>\n<tr class=\"row-5\">\n\t<td class=\"column-1\">Einwandig-16OZ<\/td><td class=\"column-2\">90*60*136<\/td><td class=\"column-3\">50*20=1000<\/td><td class=\"column-4\">45.5*36.5*54<\/td>\n<\/tr>\n<tr class=\"row-6\">\n\t<td class=\"column-1\">Einwandig-20OZ<\/td><td class=\"column-2\">90*60*162<\/td><td class=\"column-3\">50*20=1000<\/td><td class=\"column-4\">45.5*36.5*63<\/td>\n<\/tr>\n<tr class=\"row-7\">\n\t<td class=\"column-1\">Einwandig-22OZ<\/td><td class=\"column-2\">90*60*171<\/td><td class=\"column-3\">50*20=1000<\/td><td class=\"column-4\">45.5*36.5*65<\/td>\n<\/tr>\n<tr class=\"row-8\">\n\t<td class=\"column-1\">Doppelwand-8OZ <\/td><td class=\"column-2\">80*56*90<\/td><td class=\"column-3\">25*20=500<\/td><td class=\"column-4\">42*33*50<\/td>\n<\/tr>\n<tr class=\"row-9\">\n\t<td class=\"column-1\">Doppelwandig-10OZ <\/td><td class=\"column-2\">90*59*95<\/td><td class=\"column-3\">25*20=500<\/td><td class=\"column-4\">42*33*51<\/td>\n<\/tr>\n<tr class=\"row-10\">\n\t<td class=\"column-1\">Doppelwandig-12OZ<\/td><td class=\"column-2\">90*60*111<\/td><td class=\"column-3\">25*20=500<\/td><td class=\"column-4\">46*37*56<\/td>\n<\/tr>\n<tr class=\"row-11\">\n\t<td class=\"column-1\">Doppelwandig-16OZ <\/td><td class=\"column-2\">90*60*136<\/td><td class=\"column-3\">25*20=500<\/td><td class=\"column-4\">46*37*59<\/td>\n<\/tr>\n<tr class=\"row-12\">\n\t<td class=\"column-1\">Doppelwandig-20OZ <\/td><td class=\"column-2\">90*60*162<\/td><td class=\"column-3\">25*20=500<\/td><td class=\"column-4\">46*37*68<\/td>\n<\/tr>\n<tr class=\"row-13\">\n\t<td class=\"column-1\">Doppelwandig-22OZ <\/td><td class=\"column-2\">90*60*171<\/td><td class=\"column-3\">25*20=500<\/td><td class=\"column-4\">46*37*70<\/td>\n<\/tr>\n<\/tbody>\n<\/table>\n<!-- #tablepress-8 from cache -->\n<p>&nbsp;<br \/>Der 16 oz Riffelwand-Papierbecher ist ein \u00e4u\u00dferst vielseitiges und unverzichtbares Produkt in der Lebensmittel- und Getr\u00e4nkeverpackungsindustrie. Sein Design gew\u00e4hrleistet die Funktionalit\u00e4t sowohl f\u00fcr hei\u00dfe als auch f\u00fcr kalte Getr\u00e4nke, indem es die Getr\u00e4nketemperatur und -struktur mit Qualit\u00e4t und Zuverl\u00e4ssigkeit aufrechterh\u00e4lt.<\/p>\n<p><strong>Materialien und Becherstruktur<\/strong><br \/>Dieser au\u00dfergew\u00f6hnliche Becher wird aus hochwertigen Materialien hergestellt, um Sicherheit und Nachhaltigkeit zu gew\u00e4hrleisten. Unsere Becher k\u00f6nnen aus Kraftpapier, PE-beschichtetem Papier, PLA-beschichtetem Papier oder w\u00e4ssrig beschichtetem Papier hergestellt werden: <\/p>\n<ul>\n<li><strong>Kraftpapier:<\/strong> Bietet eine robuste, umweltfreundliche L\u00f6sung. <\/li>\n<li><strong>PE-Beschichtung:<\/strong> Gew\u00e4hrleistet Fettbest\u00e4ndigkeit und Haltbarkeit.<\/li>\n<li><strong>PLA-Beschichtung:<\/strong> Bietet eine kompostierbare Option f\u00fcr umweltbewusste Marken. <\/li>\n<li><strong>W\u00e4ssrige Beschichtung:<\/strong> Es ist auf Wasserbasis und ungiftig und sorgt f\u00fcr eine glatte Oberfl\u00e4che, ohne die Integrit\u00e4t zu beeintr\u00e4chtigen.<\/li>\n<\/ul>\n<p>Unser 16 oz Riffelwand-Papierbecher verf\u00fcgt \u00fcber eine starke, zweischichtige Konstruktion (f\u00fcr doppelwandige Becher) und eine zuverl\u00e4ssige einschichtige Struktur (f\u00fcr einwandige Becher). Dieses Design sorgt daf\u00fcr, dass Ihre Getr\u00e4nke hei\u00df oder kalt bleiben, ohne dass die Qualit\u00e4t beim Transport beeintr\u00e4chtigt wird.<\/p>\n<p><strong>Physikalische und funktionelle Eigenschaften<\/strong><br \/>Unser breites Angebot an 16 oz Riffelwand-Papierbechern umfasst verschiedene Gr\u00f6\u00dfen f\u00fcr alle Arten von Getr\u00e4nken. Zum Beispiel bieten einwandige und doppelwandige Becher unterschiedliche Verpackungsdetails und Abmessungen, wie zum Beispiel:<\/p>\n<table>\n<thead>\n<tr>\n<th>Typ<\/th>\n<th>Gr\u00f6\u00dfe<\/th>\n<th>Abmessungen (mm)<\/th>\n<th>Verpacken<\/th>\n<th>Gr\u00f6\u00dfe des Kartons (cm)<\/th>\n<\/tr>\n<\/thead>\n<tbody>\n<tr>\n<td>Einzelne Wand<\/td>\n<td>SW-16OZ<\/td>\n<td>90\u00d760\u00d7136<\/td>\n<td>50\u00d720=1000 St\u00fcck<\/td>\n<td>45.5\u00d736.5\u00d754<\/td>\n<\/tr>\n<tr>\n<td>Doppelwandig<\/td>\n<td>DW-16OZ<\/td>\n<td>90\u00d760\u00d7136<\/td>\n<td>25\u00d720=500 St\u00fcck<\/td>\n<td>46\u00d737\u00d759<\/td>\n<\/tr>\n<\/tbody>\n<\/table>\n<p>Ob f\u00fcr kleine Teeportionen oder gr\u00f6\u00dfere Eiskaffees, unsere Kollektion bietet f\u00fcr alle Anforderungen im Getr\u00e4nkeservice die perfekte L\u00f6sung.<\/p>\n<p><strong>Gr\u00f6\u00dfen und Sorten<\/strong><br \/>Wir bieten verschiedene Stile und Verpackungsdetails an:  <\/p>\n<ul>\n<li><strong>Einwandige Becher:<\/strong> SW-8OZ, SW-10OZ, SW-12OZ, SW-16OZ, SW-20OZ, SW-22OZ  <\/li>\n<li><strong>Doppelwandige Becher:<\/strong> DW-8OZ, DW-10OZ, DW-12OZ, DW-16OZ, DW-20OZ, DW-22OZ<\/li>\n<\/ul>\n<p>Diese Optionen decken unterschiedliche Getr\u00e4nkebed\u00fcrfnisse ab: von kleinen Tassen f\u00fcr Espresso bis zu gro\u00dfen Tassen f\u00fcr Smoothies.<\/p>\n<p><strong>Leistung und Qualit\u00e4t<\/strong><br \/>Unsere Becher haben Merkmale, die die Benutzerfreundlichkeit verbessern:<\/p>\n<ul>\n<li>Auslaufsichere und fettabweisende Auskleidung f\u00fcr eine unauff\u00e4llige Verpackung.<\/li>\n<li>Stabile Konstruktion zur Vermeidung von Verformungen.<\/li>\n<li>Stapelbares Design f\u00fcr einfache Lagerung und Handhabung.<\/li>\n<\/ul>\n<p>Jedes Produkt ist so konstruiert, dass es auslaufsicher ist, damit nichts versch\u00fcttet werden kann. Die stabile Konstruktion erm\u00f6glicht einen sicheren Transport, egal ob zum Essen, Mitnehmen oder Liefern.<\/p>\n<p><strong>Qualit\u00e4tssicherung und Zertifizierungen<\/strong><br \/>In unserem Werk halten wir uns an strenge Qualit\u00e4tskontrollnormen und pr\u00fcfen auf Festigkeit, Dichtigkeit und Lebensmittelsicherheit. Unsere Produktionsst\u00e4tte ist nach ISO 9001 und ISO 14001 zertifiziert, um hohe Standards zu gew\u00e4hrleisten. Unsere Becher sind FDA-zugelassen, und wir verf\u00fcgen \u00fcber relevante Zertifizierungen wie FSC und BRCGS, damit Sie zuverl\u00e4ssige Produkte erhalten.<\/p>\n<p><strong>Personalisierung und Branding<\/strong><br \/>Sie haben die M\u00f6glichkeit zur Personalisierung, einschlie\u00dflich eines individuellen Logodrucks f\u00fcr bessere Sichtbarkeit. Mit mehreren Gr\u00f6\u00dfen- und Farboptionen k\u00f6nnen unsere Becher perfekt an die Bed\u00fcrfnisse Ihrer Marke angepasst werden. Steigern Sie den Wiedererkennungswert Ihrer Marke mit dem 16 oz Riffelwand-Papierbecher; pr\u00e4sentieren Sie Ihr Logo und einzigartige Designs auf umweltfreundlichen Materialien.<\/p>\n<p><strong>Bestellung, Verpackung und Logistik<\/strong><br \/>Unsere Mindestbestellmenge betr\u00e4gt 50.000 St\u00fcck. Der 16 oz Riffelwand-Pappbecher ist sicher verpackt, um die Sicherheit beim Versand zu gew\u00e4hrleisten. Mit Produktionsvorlaufzeiten von ca. 30 Tagen sorgt unser Versandhafen in Ningbo, China, f\u00fcr eine schnelle weltweite Lieferung.   <\/p>\n<p>F\u00fcr diejenigen, die nach \u00e4hnlichen Produkten suchen, k\u00f6nnen Sie auf unseren 8 oz einwandigen Pappbecher, unseren 10 oz Pappbecher oder sogar den 12 oz doppelwandigen Pappbecher zur\u00fcckgreifen, um weitere Optionen f\u00fcr Ihren Getr\u00e4nkedienstbedarf zu entdecken.<\/p>\n<h2 style=\"\"text-align: center;\"\">Video der Werksbesichtigung:<\/h2>\n\n<p>&nbsp;<\/p>\n<p>&#8220;<\/p>","protected":false},"excerpt":{"rendered":"<p>Der 16 oz Riffelwand-Papierbecher ist f\u00fcr den Service von Hei\u00df- und Kaltgetr\u00e4nken konzipiert. Mit einem Fassungsverm\u00f6gen von 16 oz ist er ideal f\u00fcr Caf\u00e9s, Restaurants und Catering-Veranstaltungen. Mit seinem Riffelwanddesign bietet er Isolierung und einen bequemen Griff f\u00fcr Kunden in der Lebensmittel- und Getr\u00e4nkeindustrie.<\/p>","protected":false},"featured_media":772,"comment_status":"open","ping_status":"closed","template":"","meta":[],"product_brand":[],"product_cat":[21,27,30],"product_tag":[],"class_list":{"0":"post-771","1":"product","2":"type-product","3":"status-publish","4":"has-post-thumbnail","6":"product_cat-products","7":"product_cat-paper-cups","8":"product_cat-ripple-wall-paper-cups","10":"first","11":"instock","12":"shipping-taxable","13":"product-type-simple"},"_links":{"self":[{"href":"https:\/\/ascentpak.com\/de\/wp-json\/wp\/v2\/product\/771","targetHints":{"allow":["GET"]}}],"collection":[{"href":"https:\/\/ascentpak.com\/de\/wp-json\/wp\/v2\/product"}],"about":[{"href":"https:\/\/ascentpak.com\/de\/wp-json\/wp\/v2\/types\/product"}],"replies":[{"embeddable":true,"href":"https:\/\/ascentpak.com\/de\/wp-json\/wp\/v2\/comments?post=771"}],"wp:featuredmedia":[{"embeddable":true,"href":"https:\/\/ascentpak.com\/de\/wp-json\/wp\/v2\/media\/772"}],"wp:attachment":[{"href":"https:\/\/ascentpak.com\/de\/wp-json\/wp\/v2\/media?parent=771"}],"wp:term":[{"taxonomy":"product_brand","embeddable":true,"href":"https:\/\/ascentpak.com\/de\/wp-json\/wp\/v2\/product_brand?post=771"},{"taxonomy":"product_cat","embeddable":true,"href":"https:\/\/ascentpak.com\/de\/wp-json\/wp\/v2\/product_cat?post=771"},{"taxonomy":"product_tag","embeddable":true,"href":"https:\/\/ascentpak.com\/de\/wp-json\/wp\/v2\/product_tag?post=771"}],"curies":[{"name":"wp","href":"https:\/\/api.w.org\/{rel}","templated":true}]}}