{"id":761,"date":"2025-04-15T02:23:23","date_gmt":"2025-04-15T02:23:23","guid":{"rendered":"https:\/\/ascentpak.com\/?post_type=product&#038;p=761"},"modified":"2025-04-15T02:23:31","modified_gmt":"2025-04-15T02:23:31","slug":"8-oz-ripple-wall-paper-cup","status":"publish","type":"product","link":"https:\/\/ascentpak.com\/de\/produkt\/8-oz-ripple-wall-paper-cup\/","title":{"rendered":"8 oz Riffelwand-Papierbecher"},"content":{"rendered":"<p>&#8220;<\/p>\n\n<table id=\"tablepress-8\" class=\"tablepress tablepress-id-8\">\n<thead>\n<tr class=\"row-1\">\n\t<th class=\"column-1\">Artikel<\/th><th class=\"column-2\">GR\u00d6SSE(MM)<\/th><th class=\"column-3\">VERPACKUNG (ST\u00dcCK*BEUTEL)<\/th><th class=\"column-4\">CTN GR\u00d6SSE(CM)<\/th>\n<\/tr>\n<\/thead>\n<tbody class=\"row-striping row-hover\">\n<tr class=\"row-2\">\n\t<td class=\"column-1\">Einzelne Wand-8OZ<\/td><td class=\"column-2\">80*56*90<\/td><td class=\"column-3\">50*20=1000<\/td><td class=\"column-4\">40.5*32.5*39.5<\/td>\n<\/tr>\n<tr class=\"row-3\">\n\t<td class=\"column-1\">Einzelwand-10OZ<\/td><td class=\"column-2\">90*59*95<\/td><td class=\"column-3\">50*20=1000<\/td><td class=\"column-4\">45.5*36.5*46.5<\/td>\n<\/tr>\n<tr class=\"row-4\">\n\t<td class=\"column-1\">Einwandig-12OZ<\/td><td class=\"column-2\">90*60*111<\/td><td class=\"column-3\">50*20=1000<\/td><td class=\"column-4\">45.5*36.5*46.5<\/td>\n<\/tr>\n<tr class=\"row-5\">\n\t<td class=\"column-1\">Einwandig-16OZ<\/td><td class=\"column-2\">90*60*136<\/td><td class=\"column-3\">50*20=1000<\/td><td class=\"column-4\">45.5*36.5*54<\/td>\n<\/tr>\n<tr class=\"row-6\">\n\t<td class=\"column-1\">Einwandig-20OZ<\/td><td class=\"column-2\">90*60*162<\/td><td class=\"column-3\">50*20=1000<\/td><td class=\"column-4\">45.5*36.5*63<\/td>\n<\/tr>\n<tr class=\"row-7\">\n\t<td class=\"column-1\">Einwandig-22OZ<\/td><td class=\"column-2\">90*60*171<\/td><td class=\"column-3\">50*20=1000<\/td><td class=\"column-4\">45.5*36.5*65<\/td>\n<\/tr>\n<tr class=\"row-8\">\n\t<td class=\"column-1\">Doppelwand-8OZ <\/td><td class=\"column-2\">80*56*90<\/td><td class=\"column-3\">25*20=500<\/td><td class=\"column-4\">42*33*50<\/td>\n<\/tr>\n<tr class=\"row-9\">\n\t<td class=\"column-1\">Doppelwandig-10OZ <\/td><td class=\"column-2\">90*59*95<\/td><td class=\"column-3\">25*20=500<\/td><td class=\"column-4\">42*33*51<\/td>\n<\/tr>\n<tr class=\"row-10\">\n\t<td class=\"column-1\">Doppelwandig-12OZ<\/td><td class=\"column-2\">90*60*111<\/td><td class=\"column-3\">25*20=500<\/td><td class=\"column-4\">46*37*56<\/td>\n<\/tr>\n<tr class=\"row-11\">\n\t<td class=\"column-1\">Doppelwandig-16OZ <\/td><td class=\"column-2\">90*60*136<\/td><td class=\"column-3\">25*20=500<\/td><td class=\"column-4\">46*37*59<\/td>\n<\/tr>\n<tr class=\"row-12\">\n\t<td class=\"column-1\">Doppelwandig-20OZ <\/td><td class=\"column-2\">90*60*162<\/td><td class=\"column-3\">25*20=500<\/td><td class=\"column-4\">46*37*68<\/td>\n<\/tr>\n<tr class=\"row-13\">\n\t<td class=\"column-1\">Doppelwandig-22OZ <\/td><td class=\"column-2\">90*60*171<\/td><td class=\"column-3\">25*20=500<\/td><td class=\"column-4\">46*37*70<\/td>\n<\/tr>\n<\/tbody>\n<\/table>\n<!-- #tablepress-8 from cache -->\n<p>&nbsp;<br \/>Der 8-Unzen-Papierbecher mit Riffelwand ist ein unverzichtbarer Artikel in der heutigen Lebensmittel- und Getr\u00e4nkeverpackungsindustrie. Dieser robuste Becher eignet sich sowohl f\u00fcr hei\u00dfe als auch f\u00fcr kalte Getr\u00e4nke und ist so konzipiert, dass er die Temperatur und Struktur Ihres Getr\u00e4nks beibeh\u00e4lt. Er ist ideal f\u00fcr Caf\u00e9s, Restaurants und Veranstaltungen und Sie k\u00f6nnen sich auf seine Qualit\u00e4t verlassen.<\/p>\n<p><strong>Materialien und Becherstruktur<\/strong><br \/>Unser 8 oz Riffelwand-Papierbecher wird aus hochwertigen Materialien hergestellt. Er besteht aus robustem Kraftpapier und bietet eine stabile und umweltfreundliche L\u00f6sung f\u00fcr Ihren Getr\u00e4nkebedarf. Die PE-Beschichtung macht diese Becher fettbest\u00e4ndig und langlebig, w\u00e4hrend die PLA-beschichtete Variante umweltbewusste Marken anspricht, die eine kompostierbare Alternative suchen. Dar\u00fcber hinaus bietet die w\u00e4ssrige Beschichtung ein Finish auf Wasserbasis, das eine glatte Oberfl\u00e4che ohne giftige Bestandteile gew\u00e4hrleistet. Jeder Becher verf\u00fcgt \u00fcber eine stabile, doppelwandige Konstruktion (bei doppelwandigen Bechern) oder ein zuverl\u00e4ssiges einlagiges Design (bei einwandigen Bechern), so dass Ihre Getr\u00e4nke auch w\u00e4hrend des Transports optimal bleiben.<\/p>\n<p><strong>Physikalische und funktionelle Eigenschaften<\/strong><br \/>Unsere Becher sind in verschiedenen Gr\u00f6\u00dfen erh\u00e4ltlich. Der einwandige 8-Unzen-Papierbecher mit Riffelwand (SW-8OZ) hat die Ma\u00dfe 80\u00d756\u00d790 mm und wird mit 50\u00d720=1000 St\u00fcck pro Karton verpackt. Er ist f\u00fcr eine sichere Handhabung konzipiert und eignet sich hervorragend f\u00fcr den Getr\u00e4nkeservice, von kleinen Teeportionen bis hin zu normalem Kaffee.<\/p>\n<p><strong>Abschnitt Gr\u00f6\u00dfen und Sorten<\/strong><br \/>Wir bieten eine Reihe von Modellen f\u00fcr unterschiedliche Anforderungen im Getr\u00e4nkeservice. Die einwandigen Varianten sind SW-8OZ, SW-10OZ, SW-12OZ, SW-16OZ, SW-20OZ und SW-22OZ. Die doppelwandigen Versionen umfassen DW-8OZ, DW-10OZ, DW-12OZ, DW-16OZ, DW-20OZ und DW-22OZ. Ob Sie nun Becher f\u00fcr Espresso oder gr\u00f6\u00dfere Eisgetr\u00e4nke ben\u00f6tigen, unsere Kollektion deckt alle Serviceanforderungen ab. Weitere Informationen \u00fcber verwandte Produkte finden Sie auf unserer Website <a href=\"\"https:>8 oz einwandiger Pappbecher<\/a>.<\/p>\n<p><strong>Leistung und Qualit\u00e4t<\/strong><br \/>Der 8 oz Riffelwand-Papierbecher verf\u00fcgt \u00fcber eine auslaufsichere und fettabweisende Auskleidung und eignet sich daher hervorragend f\u00fcr eine unauff\u00e4llige Verpackung. Die robuste Konstruktion verhindert Verformungen, und das stapelbare Design erm\u00f6glicht eine einfache Lagerung und Handhabung. F\u00fcr gr\u00f6\u00dfere Mengen erkunden Sie bitte unsere Optionen f\u00fcr den Gro\u00dfeinkauf.<\/p>\n<p><strong>Abteilung Qualit\u00e4tssicherung und Zertifizierungen<\/strong><br \/>Wir f\u00fchren strenge Qualit\u00e4tskontrollen f\u00fcr unsere Produkte durch und testen sie auf Festigkeit, Auslaufsicherheit und Lebensmittelsicherheit. Unsere Becher sind FDA-zugelassen und erf\u00fcllen die Normen ISO 9001 und ISO 14001 f\u00fcr Qualit\u00e4ts- und Umweltmanagement. Dar\u00fcber hinaus ist unsere Produktionsst\u00e4tte auch von FSC und BRCGS zertifiziert. Dies garantiert Ihnen, dass Sie ein sicheres und hochwertiges Produkt erhalten. Wenn Sie sich f\u00fcr den 10 oz Pappbecher interessieren, besuchen Sie bitte unsere <a href=\"\"https:>10oz Pappbecher einwandig<\/a> Seite.<\/p>\n<p><strong>Personalisierung und Branding<\/strong><br \/>Unsere Becher k\u00f6nnen individuell gestaltet werden, um die Sichtbarkeit Ihrer Marke zu erh\u00f6hen. Sie k\u00f6nnen Ihr Logo an prominenter Stelle auf unseren umweltfreundlichen 8-Unzen-Papierbecher mit Riffelwand drucken lassen. Mit unseren zahlreichen Gr\u00f6\u00dfen- und Farboptionen k\u00f6nnen Sie sicherstellen, dass Ihre Becher perfekt zur Identit\u00e4t Ihrer Marke passen.<\/p>\n<p><strong>Bestellung, Verpackung und Logistik<\/strong><br \/>Wir haben eine Mindestbestellmenge von 50.000 St\u00fcck, was Gro\u00dfhandelsk\u00e4ufe zu einem wettbewerbsf\u00e4higen Gro\u00dfhandelspreis erm\u00f6glicht. Unsere Produkte sind sicher verpackt, um Sch\u00e4den beim Versand zu vermeiden. Mit einer Produktionsvorlaufzeit von etwa 30 Tagen liefern wir von unserem Werk in China aus, um eine schnelle und effiziente Lieferung in die ganze Welt zu gew\u00e4hrleisten. Als erfahrener Lieferant und Exporteur von Pappbechern erf\u00fcllen wir Ihre OEM-Anforderungen mit Pr\u00e4zision und Professionalit\u00e4t. F\u00fcr andere Gr\u00f6\u00dfen wie z.B. den 12 oz Doppelwandbecher, k\u00f6nnen Sie sich auf unsere <a href=\"\"https:>12oz doppelwandiger Pappbecher<\/a> um weitere Angebote zu sehen.<\/p>\n<h2 style=\"\"text-align: center;\"\">Video der Werksbesichtigung:<\/h2>\n\n<p>&nbsp;<\/p>\n<p>&#8220;<\/p>","protected":false},"excerpt":{"rendered":"<p>Der 8 oz Riffelwand-Papierbecher ist f\u00fcr den Ausschank von Hei\u00df- und Kaltgetr\u00e4nken konzipiert. Mit einer Spezifikation von 8 oz ist er ideal f\u00fcr Caf\u00e9s, Restaurants und Catering-Veranstaltungen. Mit seinem Riffelwanddesign bietet er eine hervorragende Isolierung und einen bequemen Griff f\u00fcr die Kunden.<\/p>","protected":false},"featured_media":762,"comment_status":"open","ping_status":"closed","template":"","meta":[],"product_brand":[],"product_cat":[21,27,30],"product_tag":[],"class_list":{"0":"post-761","1":"product","2":"type-product","3":"status-publish","4":"has-post-thumbnail","6":"product_cat-products","7":"product_cat-paper-cups","8":"product_cat-ripple-wall-paper-cups","10":"first","11":"instock","12":"shipping-taxable","13":"product-type-simple"},"_links":{"self":[{"href":"https:\/\/ascentpak.com\/de\/wp-json\/wp\/v2\/product\/761","targetHints":{"allow":["GET"]}}],"collection":[{"href":"https:\/\/ascentpak.com\/de\/wp-json\/wp\/v2\/product"}],"about":[{"href":"https:\/\/ascentpak.com\/de\/wp-json\/wp\/v2\/types\/product"}],"replies":[{"embeddable":true,"href":"https:\/\/ascentpak.com\/de\/wp-json\/wp\/v2\/comments?post=761"}],"wp:featuredmedia":[{"embeddable":true,"href":"https:\/\/ascentpak.com\/de\/wp-json\/wp\/v2\/media\/762"}],"wp:attachment":[{"href":"https:\/\/ascentpak.com\/de\/wp-json\/wp\/v2\/media?parent=761"}],"wp:term":[{"taxonomy":"product_brand","embeddable":true,"href":"https:\/\/ascentpak.com\/de\/wp-json\/wp\/v2\/product_brand?post=761"},{"taxonomy":"product_cat","embeddable":true,"href":"https:\/\/ascentpak.com\/de\/wp-json\/wp\/v2\/product_cat?post=761"},{"taxonomy":"product_tag","embeddable":true,"href":"https:\/\/ascentpak.com\/de\/wp-json\/wp\/v2\/product_tag?post=761"}],"curies":[{"name":"wp","href":"https:\/\/api.w.org\/{rel}","templated":true}]}}