{"id":534,"date":"2025-04-10T05:33:01","date_gmt":"2025-04-10T05:33:01","guid":{"rendered":"https:\/\/ascentpak.com\/?page_id=534"},"modified":"2025-04-28T04:46:56","modified_gmt":"2025-04-28T04:46:56","slug":"about-us","status":"publish","type":"page","link":"https:\/\/ascentpak.com\/de\/about-us\/","title":{"rendered":"\u00dcber uns"},"content":{"rendered":"<div data-elementor-type=\"wp-page\" data-elementor-id=\"534\" class=\"elementor elementor-534\" data-elementor-post-type=\"page\">\n\t\t\t\t<div class=\"elementor-element elementor-element-ee585f9 e-flex e-con-boxed e-con e-parent\" data-id=\"ee585f9\" data-element_type=\"container\">\n\t\t\t\t\t<div class=\"e-con-inner\">\n\t\t\t\t<div class=\"elementor-element elementor-element-e929b39 elementor-widget elementor-widget-heading\" data-id=\"e929b39\" data-element_type=\"widget\" data-widget_type=\"heading.default\">\n\t\t\t\t<div class=\"elementor-widget-container\">\n\t\t\t\t\t<h2 class=\"elementor-heading-title elementor-size-default\">\u00dcber Ascent<\/h2>\t\t\t\t<\/div>\n\t\t\t\t<\/div>\n\t\t\t\t\t<\/div>\n\t\t\t\t<\/div>\n\t\t<div class=\"elementor-element elementor-element-88e143d e-flex e-con-boxed e-con e-parent\" data-id=\"88e143d\" data-element_type=\"container\">\n\t\t\t\t\t<div class=\"e-con-inner\">\n\t\t\t\t<div class=\"elementor-element elementor-element-119518b elementor-widget elementor-widget-text-editor\" data-id=\"119518b\" data-element_type=\"widget\" data-widget_type=\"text-editor.default\">\n\t\t\t\t<div class=\"elementor-widget-container\">\n\t\t\t\t\t\t\t\t\t<p class=\"ds-markdown-paragraph\">Ascent ist ein zuverl\u00e4ssiger Hersteller von hochwertigen\u00a0<strong>umweltfreundliche Papierverpackungen<\/strong>spezialisiert auf\u00a0<strong>Pappbecher, Pappsch\u00fcsseln, Salatsch\u00fcsseln, Papiert\u00fcten und Essensboxen<\/strong>. Strategisch g\u00fcnstig gelegen in\u00a0<strong>Ningbo, China<\/strong>in der N\u00e4he eines gro\u00dfen Seehafens gew\u00e4hrleisten wir eine effiziente globale Logistik und p\u00fcnktliche Lieferungen f\u00fcr unsere internationalen Kunden in den\u00a0<strong>Lebensmitteldienstleistungen, Einzelhandel und Gesundheitswesen<\/strong>.<\/p><p class=\"ds-markdown-paragraph\">Mit\u00a0<strong>17+ Jahre Erfahrung<\/strong>kombinieren wir\u00a0<strong>nachhaltige Materialien, Pr\u00e4zisionstechnik und kundenorientierte Innovation<\/strong>\u00a0um leistungsstarke Verpackungsl\u00f6sungen zu liefern. Unsere Produkte erf\u00fcllen die h\u00f6chsten Industriestandards und werden unterst\u00fctzt durch\u00a0<strong>FSC-, ISO-, BRC- und BSCI-Zertifizierungen<\/strong>und garantiert\u00a0<strong>Qualit\u00e4t, Sicherheit und ethische Produktion<\/strong>.<\/p><p class=\"ds-markdown-paragraph\">Wir sind der Nachhaltigkeit verpflichtet und bieten\u00a0<strong>individuelle Entw\u00fcrfe, wettbewerbsf\u00e4hige Preise und schnelle Durchlaufzeiten<\/strong>Damit sind wir der bevorzugte Partner f\u00fcr Marken, die Wert auf\u00a0<strong>Verantwortung f\u00fcr die Umwelt ohne Leistungseinbu\u00dfen<\/strong>. Ob f\u00fcr\u00a0<strong>Lebensmittel zum Mitnehmen, Verpackungen f\u00fcr den Einzelhandel oder medizinische Produkte<\/strong>Ascent bietet zuverl\u00e4ssige,\u00a0<strong>umweltbewusste L\u00f6sungen<\/strong>\u00a0die sich an den globalen Nachhaltigkeitszielen orientieren.<\/p><p class=\"ds-markdown-paragraph\">W\u00e4hlen Sie Ascent f\u00fcr\u00a0<strong>verantwortungsbewusste, qualitativ hochwertige Verpackungen, die auf Effizienz ausgelegt sind und mit hervorragender Qualit\u00e4t geliefert werden<\/strong>.<\/p>\t\t\t\t\t\t\t\t<\/div>\n\t\t\t\t<\/div>\n\t\t\t\t\t<\/div>\n\t\t\t\t<\/div>\n\t\t<div class=\"elementor-element elementor-element-1b95454 e-grid e-con-boxed e-con e-parent\" data-id=\"1b95454\" data-element_type=\"container\">\n\t\t\t\t\t<div class=\"e-con-inner\">\n\t\t\t\t<div class=\"elementor-element elementor-element-89c1d30 elementor-widget elementor-widget-image\" data-id=\"89c1d30\" data-element_type=\"widget\" data-widget_type=\"image.default\">\n\t\t\t\t<div class=\"elementor-widget-container\">\n\t\t\t\t\t\t\t\t\t\t\t\t\t\t\t<img fetchpriority=\"high\" decoding=\"async\" width=\"800\" height=\"533\" src=\"https:\/\/ascentpak.com\/wp-content\/uploads\/2025\/04\/IMG_1371.jpg\" class=\"attachment-large size-large wp-image-951\" alt=\"\" srcset=\"https:\/\/ascentpak.com\/wp-content\/uploads\/2025\/04\/IMG_1371.jpg 800w, https:\/\/ascentpak.com\/wp-content\/uploads\/2025\/04\/IMG_1371-600x400.jpg 600w, https:\/\/ascentpak.com\/wp-content\/uploads\/2025\/04\/IMG_1371-300x200.jpg 300w, https:\/\/ascentpak.com\/wp-content\/uploads\/2025\/04\/IMG_1371-768x512.jpg 768w\" sizes=\"(max-width: 800px) 100vw, 800px\" \/>\t\t\t\t\t\t\t\t\t\t\t\t\t\t\t<\/div>\n\t\t\t\t<\/div>\n\t\t\t\t<div class=\"elementor-element elementor-element-3c3a003 elementor-widget elementor-widget-image\" data-id=\"3c3a003\" data-element_type=\"widget\" data-widget_type=\"image.default\">\n\t\t\t\t<div class=\"elementor-widget-container\">\n\t\t\t\t\t\t\t\t\t\t\t\t\t\t\t<img decoding=\"async\" width=\"800\" height=\"533\" src=\"https:\/\/ascentpak.com\/wp-content\/uploads\/2025\/04\/IMG_1388.jpg\" class=\"attachment-large size-large wp-image-952\" alt=\"\" srcset=\"https:\/\/ascentpak.com\/wp-content\/uploads\/2025\/04\/IMG_1388.jpg 800w, https:\/\/ascentpak.com\/wp-content\/uploads\/2025\/04\/IMG_1388-600x400.jpg 600w, https:\/\/ascentpak.com\/wp-content\/uploads\/2025\/04\/IMG_1388-300x200.jpg 300w, https:\/\/ascentpak.com\/wp-content\/uploads\/2025\/04\/IMG_1388-768x512.jpg 768w\" sizes=\"(max-width: 800px) 100vw, 800px\" \/>\t\t\t\t\t\t\t\t\t\t\t\t\t\t\t<\/div>\n\t\t\t\t<\/div>\n\t\t\t\t<div class=\"elementor-element elementor-element-f227509 elementor-widget elementor-widget-image\" data-id=\"f227509\" data-element_type=\"widget\" data-widget_type=\"image.default\">\n\t\t\t\t<div class=\"elementor-widget-container\">\n\t\t\t\t\t\t\t\t\t\t\t\t\t\t\t<img decoding=\"async\" width=\"800\" height=\"533\" src=\"https:\/\/ascentpak.com\/wp-content\/uploads\/2025\/04\/IMG_1379.jpg\" class=\"attachment-large size-large wp-image-953\" alt=\"\" srcset=\"https:\/\/ascentpak.com\/wp-content\/uploads\/2025\/04\/IMG_1379.jpg 800w, https:\/\/ascentpak.com\/wp-content\/uploads\/2025\/04\/IMG_1379-600x400.jpg 600w, https:\/\/ascentpak.com\/wp-content\/uploads\/2025\/04\/IMG_1379-300x200.jpg 300w, https:\/\/ascentpak.com\/wp-content\/uploads\/2025\/04\/IMG_1379-768x512.jpg 768w\" sizes=\"(max-width: 800px) 100vw, 800px\" \/>\t\t\t\t\t\t\t\t\t\t\t\t\t\t\t<\/div>\n\t\t\t\t<\/div>\n\t\t\t\t\t<\/div>\n\t\t\t\t<\/div>\n\t\t\t\t<\/div>","protected":false},"excerpt":{"rendered":"<p>About Ascent Ascent is a trusted manufacturer of premium\u00a0eco-friendly paper packaging, specializing in\u00a0paper cups, paper bowls, salad bowls, paper bags, and meal boxes. Strategically located in\u00a0Ningbo, China, near a major sea port, we ensure efficient global logistics and timely deliveries for our international clients in the\u00a0food service, retail, and healthcare industries. With\u00a017+ years of expertise, [&hellip;]<\/p>","protected":false},"author":1,"featured_media":0,"parent":0,"menu_order":0,"comment_status":"closed","ping_status":"closed","template":"","meta":{"footnotes":""},"class_list":["post-534","page","type-page","status-publish","hentry"],"_links":{"self":[{"href":"https:\/\/ascentpak.com\/de\/wp-json\/wp\/v2\/pages\/534","targetHints":{"allow":["GET"]}}],"collection":[{"href":"https:\/\/ascentpak.com\/de\/wp-json\/wp\/v2\/pages"}],"about":[{"href":"https:\/\/ascentpak.com\/de\/wp-json\/wp\/v2\/types\/page"}],"author":[{"embeddable":true,"href":"https:\/\/ascentpak.com\/de\/wp-json\/wp\/v2\/users\/1"}],"replies":[{"embeddable":true,"href":"https:\/\/ascentpak.com\/de\/wp-json\/wp\/v2\/comments?post=534"}],"version-history":[{"count":13,"href":"https:\/\/ascentpak.com\/de\/wp-json\/wp\/v2\/pages\/534\/revisions"}],"predecessor-version":[{"id":962,"href":"https:\/\/ascentpak.com\/de\/wp-json\/wp\/v2\/pages\/534\/revisions\/962"}],"wp:attachment":[{"href":"https:\/\/ascentpak.com\/de\/wp-json\/wp\/v2\/media?parent=534"}],"curies":[{"name":"wp","href":"https:\/\/api.w.org\/{rel}","templated":true}]}}