{"id":780,"date":"2025-04-16T01:05:20","date_gmt":"2025-04-16T01:05:20","guid":{"rendered":"https:\/\/ascentpak.com\/?post_type=product&#038;p=780"},"modified":"2025-04-16T01:05:22","modified_gmt":"2025-04-16T01:05:22","slug":"12-oz-soup-paper-bowl","status":"publish","type":"product","link":"https:\/\/ascentpak.com\/ar\/product\/12-oz-soup-paper-bowl\/","title":{"rendered":"\u0648\u0639\u0627\u0621 \u0634\u0648\u0631\u0628\u0629 \u0648\u0631\u0642\u064a \u0633\u0639\u0629 12 \u0623\u0648\u0646\u0635\u0629"},"content":{"rendered":"<p>&#8220;<\/p>\n\n<table id=\"tablepress-1\" class=\"tablepress tablepress-id-1\">\n<thead>\n<tr class=\"row-1\">\n\t<th class=\"column-1\">                 \u0627\u0644\u0628\u0646\u062f<\/th><th class=\"column-2\">             \u0627\u0644\u062d\u062c\u0645 (\u0645\u0645)<\/th><th class=\"column-3\">     \u0627\u0644\u062a\u0639\u0628\u0626\u0629 (\u0642\u0637\u0639\u0629*\u062d\u0642\u064a\u0628\u0629)<\/th><th class=\"column-4\">          \u062d\u062c\u0645 CTN (\u0633\u0645)<\/th>\n<\/tr>\n<\/thead>\n<tbody class=\"row-striping row-hover\">\n<tr class=\"row-2\">\n\t<td class=\"column-1\">SB-8OZ (96 \u0645\u0645)<\/td><td class=\"column-2\">96*77*60<\/td><td class=\"column-3\">25*20=500<\/td><td class=\"column-4\">49.5*39.5*27.5<\/td>\n<\/tr>\n<tr class=\"row-3\">\n\t<td class=\"column-1\">SB-8OZ (90 \u0645\u0645)<\/td><td class=\"column-2\">90*75*63<\/td><td class=\"column-3\">25*20=500<\/td><td class=\"column-4\">46.5*37.5*28<\/td>\n<\/tr>\n<tr class=\"row-4\">\n\t<td class=\"column-1\">SB-12OZ (96 \u0645\u0645)<\/td><td class=\"column-2\">96*82*67<\/td><td class=\"column-3\">25*20=500<\/td><td class=\"column-4\">49.5*39.5*31.5<\/td>\n<\/tr>\n<tr class=\"row-5\">\n\t<td class=\"column-1\">SB-12OZ (90 \u0645\u0645)<\/td><td class=\"column-2\">90*73*88<\/td><td class=\"column-3\">25*20=500<\/td><td class=\"column-4\">46.5*37.5*33.5<\/td>\n<\/tr>\n<tr class=\"row-6\">\n\t<td class=\"column-1\">SB-16OZ (96 \u0645\u0645)<\/td><td class=\"column-2\">96*78*96<\/td><td class=\"column-3\">25*20=500<\/td><td class=\"column-4\">49.5*39.5*35<\/td>\n<\/tr>\n<tr class=\"row-7\">\n\t<td class=\"column-1\">SB-12 \u0623\u0648\u0642\u064a\u0629 (115 \u0645\u0645)<\/td><td class=\"column-2\">115*93*63<\/td><td class=\"column-3\">25*20=500<\/td><td class=\"column-4\">58.5*46.5*27<\/td>\n<\/tr>\n<tr class=\"row-8\">\n\t<td class=\"column-1\">sb-16 \u0623\u0648\u0642\u064a\u0629 (115 \u0645\u0645)<\/td><td class=\"column-2\">115*96*78<\/td><td class=\"column-3\">25*20=500<\/td><td class=\"column-4\">58.5*46.5*31<\/td>\n<\/tr>\n<tr class=\"row-9\">\n\t<td class=\"column-1\">\u0633 \u0628 - 26 \u0623\u0648\u0646\u0635\u0629 (115 \u0645\u0645)<\/td><td class=\"column-2\">115*89*115<\/td><td class=\"column-3\">25*20=500<\/td><td class=\"column-4\">58.5*46.5*40.5<\/td>\n<\/tr>\n<tr class=\"row-10\">\n\t<td class=\"column-1\">\u0633 \u0628 - 32 \u0623\u0648\u0646\u0635\u0629 (115 \u0645\u0645)<\/td><td class=\"column-2\">115*91*133<\/td><td class=\"column-3\">25*20=500<\/td><td class=\"column-4\">58.5*46.5*40.5<\/td>\n<\/tr>\n<\/tbody>\n<\/table>\n<!-- #tablepress-1 from cache -->\n<p>&nbsp;<\/p>\n<p>\u064a\u064f\u0639\u062f \u0648\u0639\u0627\u0621 \u0627\u0644\u062d\u0633\u0627\u0621 \u0627\u0644\u0648\u0631\u0642\u064a \u0633\u0639\u0629 12 \u0623\u0648\u0646\u0635\u0629 \u0645\u0646\u062a\u062c\u064b\u0627 \u0623\u0633\u0627\u0633\u064a\u064b\u0627 \u0641\u064a \u0635\u0646\u0627\u0639\u0629 \u062a\u063a\u0644\u064a\u0641 \u0627\u0644\u0623\u0637\u0639\u0645\u0629 \u0648\u0627\u0644\u0645\u0634\u0631\u0648\u0628\u0627\u062a. \u0641\u0647\u0648 \u064a\u0644\u0639\u0628 \u062f\u0648\u0631\u064b\u0627 \u062d\u064a\u0648\u064a\u064b\u0627 \u0641\u064a \u0627\u062d\u062a\u0648\u0627\u0621 \u0627\u0644\u062d\u0633\u0627\u0621 \u0648\u0627\u0644\u064a\u062e\u0646\u0627\u062a \u0627\u0644\u0633\u0627\u062e\u0646\u0629 \u0628\u0623\u0645\u0627\u0646\u060c \u0645\u0645\u0627 \u064a\u0636\u0645\u0646 \u0627\u0644\u062c\u0648\u062f\u0629 \u0648\u0627\u0644\u0645\u0648\u062b\u0648\u0642\u064a\u0629 \u0644\u0644\u062d\u0641\u0627\u0638 \u0639\u0644\u0649 \u062f\u0631\u062c\u0629 \u062d\u0631\u0627\u0631\u0629 \u0627\u0644\u0637\u0639\u0627\u0645 \u0648\u0647\u064a\u0643\u0644\u0647.<\/p>\n<p><strong>1. \u0627\u0644\u0645\u0648\u0627\u062f \u0648\u0647\u064a\u0643\u0644 \u0627\u0644\u062f\u0644\u0648<\/strong><br \/>\u0646\u062d\u0646 \u0646\u0633\u062a\u062e\u062f\u0645 \u0645\u0648\u0627\u062f \u0645\u0645\u062a\u0627\u0632\u0629 \u0644\u0635\u0646\u0639 \u0648\u0639\u0627\u0621 \u0627\u0644\u062d\u0633\u0627\u0621 \u0627\u0644\u0648\u0631\u0642\u064a \u0633\u0639\u0629 12 \u0623\u0648\u0646\u0635\u0629 \u0628\u0645\u0627 \u0641\u064a \u0630\u0644\u0643 \u0648\u0631\u0642 \u0627\u0644\u0643\u0631\u0627\u0641\u062a \u0648\u0627\u0644\u0648\u0631\u0642 \u0627\u0644\u0645\u0637\u0644\u064a \u0628\u0627\u0644\u0628\u0648\u0644\u064a \u0625\u064a\u062b\u064a\u0644\u064a\u0646 \u0648\u0627\u0644\u0648\u0631\u0642 \u0627\u0644\u0645\u0637\u0644\u064a \u0628\u062c\u0644\u0627\u0633\u062a\u064a\u0643 PLA. \u062a\u0636\u0645\u0646 \u0647\u0630\u0647 \u0627\u0644\u0645\u0648\u0627\u062f \u0633\u0644\u0627\u0645\u0629 \u0627\u0644\u063a\u0630\u0627\u0621 \u0648\u0627\u0644\u0627\u0633\u062a\u062f\u0627\u0645\u0629 \u0627\u0644\u0628\u064a\u0626\u064a\u0629:<\/p>\n<ul>\n<li><strong>\u0648\u0631\u0642 \u0643\u0631\u0627\u0641\u062a<\/strong>: \u064a\u0648\u0641\u0631 \u062d\u0644\u0627\u064b \u0645\u062a\u064a\u0646\u0627\u064b \u0648\u0635\u062f\u064a\u0642\u0627\u064b \u0644\u0644\u0628\u064a\u0626\u0629.  <\/li>\n<li><strong>\u0637\u0644\u0627\u0621 \u0627\u0644\u0628\u0648\u0644\u064a \u0625\u064a\u062b\u064a\u0644\u064a\u0646 \u0627\u0644\u0628\u0648\u0644\u064a \u0625\u064a\u062b\u064a\u0644\u064a\u0646<\/strong>: \u064a\u0636\u0645\u0646 \u0623\u0646 \u064a\u0643\u0648\u0646 \u0627\u0644\u062f\u0644\u0648 \u0645\u0642\u0627\u0648\u0645\u064b\u0627 \u0644\u0644\u0634\u062d\u0648\u0645 \u0648\u0645\u062a\u064a\u0646\u064b\u0627.  <\/li>\n<li><strong>\u0637\u0644\u0627\u0621 \u0628\u0644\u0627\u0633\u062a\u064a\u0643 PLA<\/strong>: \u064a\u0648\u0641\u0631 \u062e\u064a\u0627\u0631\u0627\u064b \u0645\u0633\u062a\u062f\u0627\u0645\u0627\u064b \u0648\u0642\u0627\u0628\u0644\u0627\u064b \u0644\u0644\u062a\u0633\u0645\u064a\u062f \u0644\u0644\u0639\u0644\u0627\u0645\u0627\u062a \u0627\u0644\u062a\u062c\u0627\u0631\u064a\u0629 \u0627\u0644\u0645\u0647\u062a\u0645\u0629 \u0628\u0627\u0644\u0628\u064a\u0626\u0629.  <\/li>\n<li><strong>\u0637\u0644\u0627\u0621 \u0645\u0627\u0626\u064a<\/strong>: \u062e\u064a\u0627\u0631 \u0630\u0648 \u0623\u0633\u0627\u0633 \u0645\u0627\u0626\u064a \u063a\u064a\u0631 \u0633\u0627\u0645 \u064a\u0648\u0641\u0631 \u0644\u0645\u0633\u0629 \u0646\u0647\u0627\u0626\u064a\u0629 \u0646\u0627\u0639\u0645\u0629 \u0645\u0639 \u0627\u0644\u062d\u0641\u0627\u0638 \u0639\u0644\u0649 \u0627\u0644\u0633\u0644\u0627\u0645\u0629.<\/li>\n<\/ul>\n<p>\u064a\u062a\u0645\u064a\u0632 \u0648\u0639\u0627\u0621 \u0627\u0644\u0634\u0648\u0631\u0628\u0629 \u0627\u0644\u0648\u0631\u0642\u064a \u0633\u0639\u0629 12 \u0623\u0648\u0646\u0635\u0629 \u0628\u0647\u064a\u0643\u0644 \u0642\u0648\u064a \u064a\u0636\u0645\u0646 \u0628\u0642\u0627\u0621 \u0627\u0644\u0634\u0648\u0631\u0628\u0629 \u0633\u0627\u062e\u0646\u0629 \u062f\u0648\u0646 \u0627\u0644\u062a\u0623\u062b\u064a\u0631 \u0639\u0644\u0649 \u0627\u0644\u062c\u0648\u062f\u0629 \u0623\u062b\u0646\u0627\u0621 \u0627\u0644\u0646\u0642\u0644. \u0644\u0644\u0645\u0632\u064a\u062f \u0645\u0646 \u0627\u0644\u0645\u0639\u0644\u0648\u0645\u0627\u062a \u0639\u0646 \u0623\u0648\u0639\u064a\u0629 \u0627\u0644\u0634\u0648\u0631\u0628\u0629 \u0644\u062f\u064a\u0646\u0627\u060c \u064a\u0631\u062c\u0649 \u0627\u0644\u0627\u0637\u0644\u0627\u0639 \u0639\u0644\u0649 \u0635\u0641\u062d\u0629 \u0645\u0646\u062a\u062c\u0627\u062a\u0646\u0627 <a href=\"\"https:>\u0647\u0646\u0627<\/a>.<\/p>\n<p><strong>2. \u0627\u0644\u062e\u0635\u0627\u0626\u0635 \u0627\u0644\u0641\u064a\u0632\u064a\u0627\u0626\u064a\u0629 \u0648\u0627\u0644\u0648\u0638\u064a\u0641\u064a\u0629<\/strong><br \/>\u064a\u0623\u062a\u064a \u0648\u0639\u0627\u0621 \u0627\u0644\u062d\u0633\u0627\u0621 \u0627\u0644\u0648\u0631\u0642\u064a \u0633\u0639\u0629 12 \u0623\u0648\u0646\u0635\u0629 \u0628\u0623\u062d\u062c\u0627\u0645 \u0645\u062e\u062a\u0644\u0641\u0629 \u0645\u0639 \u0628\u064a\u0627\u0646\u0627\u062a \u0627\u0633\u062a\u062e\u062f\u0627\u0645 \u0645\u062d\u062f\u062f\u0629:<\/p>\n<ul>\n<li><strong>SB-12OZ (96 \u0645\u0645)<\/strong>:: 96\u00d782\u00d767 \u0645\u0645\u060c \u0627\u0644\u062a\u0639\u0628\u0626\u0629 25\u00d720=500 \u0642\u0637\u0639\u0629\u060c \u062d\u062c\u0645 \u0627\u0644\u0643\u0631\u062a\u0648\u0646 49.5\u00d739.5\u00d731.5 \u0633\u0645  <\/li>\n<li><strong>SB-12OZ (90 \u0645\u0645)<\/strong>:: 90 \u00d7 73 \u00d7 73 \u00d7 88 \u0645\u0645\u060c \u0627\u0644\u062a\u0639\u0628\u0626\u0629 25 \u00d7 20 = 500 \u0642\u0637\u0639\u0629\u060c \u062d\u062c\u0645 \u0627\u0644\u0643\u0631\u062a\u0648\u0646 46.5 \u00d7 37.5 \u00d7 33.5 \u0633\u0645<\/li>\n<\/ul>\n<p>\u062a\u0645 \u062a\u0635\u0645\u064a\u0645 \u0643\u0644 \u062f\u0644\u0648 \u0644\u062d\u0641\u0638 \u0627\u0644\u062d\u0633\u0627\u0621 \u0628\u0634\u0643\u0644 \u0622\u0645\u0646 \u0645\u0639 \u0627\u0644\u062d\u0641\u0627\u0638 \u0639\u0644\u0649 \u062c\u0648\u062f\u062a\u0647. \u0647\u0630\u0627 \u0627\u0644\u062a\u0646\u0648\u0639 \u064a\u062c\u0639\u0644\u0647 \u062e\u064a\u0627\u0631\u0627\u064b \u0631\u0627\u0626\u0639\u0627\u064b \u0644\u0644\u0645\u0637\u0627\u0639\u0645 \u0648\u0628\u0627\u0626\u0639\u064a \u0627\u0644\u0637\u0639\u0627\u0645.<\/p>\n<p><strong>3. \u0642\u0633\u0645 \u0627\u0644\u0623\u062d\u062c\u0627\u0645 \u0648\u0627\u0644\u0623\u0635\u0646\u0627\u0641<\/strong><br \/>\u0648\u0639\u0627\u0621 \u0627\u0644\u0634\u0648\u0631\u0628\u0629 \u0627\u0644\u0648\u0631\u0642\u064a \u0633\u0639\u0629 12 \u0623\u0648\u0646\u0635\u0629 \u0645\u062a\u0648\u0641\u0631 \u0628\u0623\u0634\u0643\u0627\u0644 \u0645\u062a\u0639\u062f\u062f\u0629:<\/p>\n<ul>\n<li><strong>\u0627\u0644\u0645\u0642\u0627\u0633\u0627\u062a<\/strong>: SB-8 \u0623\u0648\u0642\u064a\u0629\u060c SB-12 \u0623\u0648\u0642\u064a\u0629\u060c SB-16 \u0623\u0648\u0642\u064a\u0629\u060c SB-26 \u0623\u0648\u0642\u064a\u0629\u060c SB-32 \u0623\u0648\u0642\u064a\u0629  <\/li>\n<li><strong>\u062e\u064a\u0627\u0631\u0627\u062a \u0645\u062a\u0639\u062f\u062f\u0629 \u0627\u0644\u0623\u0642\u0637\u0627\u0631<\/strong>:: 90 \u0645\u0645\u060c 96 \u0645\u0645\u060c 115 \u0645\u0645 \u0645\u062a\u0648\u0641\u0631\u0629 \u0644\u062a\u0644\u0628\u064a\u0629 \u0627\u0644\u0627\u062d\u062a\u064a\u0627\u062c\u0627\u062a \u0627\u0644\u0645\u062a\u0646\u0648\u0639\u0629.<\/li>\n<\/ul>\n<p>\u0646\u062d\u0646 \u0646\u0644\u0628\u064a \u0645\u062e\u062a\u0644\u0641 \u0627\u062d\u062a\u064a\u0627\u062c\u0627\u062a \u0627\u0644\u062e\u062f\u0645\u0629\u060c \u0648\u0646\u0636\u0645\u0646 \u0644\u0643 \u0627\u0644\u062d\u0635\u0648\u0644 \u0639\u0644\u0649 \u0648\u062c\u0628\u0627\u062a \u0645\u062b\u0627\u0644\u064a\u0629 \u0644\u0644\u062c\u0645\u064a\u0639\u060c \u0633\u0648\u0627\u0621 \u0643\u0627\u0646\u062a \u0648\u062c\u0628\u0627\u062a \u0641\u0631\u062f\u064a\u0629 \u0623\u0648 \u0648\u062c\u0628\u0627\u062a \u0639\u0627\u0626\u0644\u064a\u0629 \u0643\u0628\u064a\u0631\u0629. <\/p>\n<p><strong>4. \u0627\u0644\u0623\u062f\u0627\u0621 \u0648\u0627\u0644\u062c\u0648\u062f\u0629<\/strong><br \/>\u062a\u062a\u0636\u0645\u0646 \u0645\u064a\u0632\u0627\u062a \u0633\u0647\u0648\u0644\u0629 \u0627\u0644\u0627\u0633\u062a\u062e\u062f\u0627\u0645 \u0645\u0627 \u064a\u0644\u064a:<\/p>\n<ul>\n<li><strong>\u0645\u0627\u0646\u0639\u0629 \u0644\u0644\u062a\u0633\u0631\u0628 \u0648\u0645\u0642\u0627\u0648\u0645\u0629 \u0644\u0644\u0634\u062d\u0648\u0645<\/strong>: \u064a\u0636\u0645\u0646 \u0627\u0644\u062a\u063a\u0644\u064a\u0641 \u0627\u0644\u062e\u0627\u0644\u064a \u0645\u0646 \u0627\u0644\u0641\u0648\u0636\u0649.  <\/li>\n<li><strong>\u0628\u0646\u064a\u0629 \u0645\u062a\u064a\u0646\u0629<\/strong>: \u064a\u0645\u0646\u0639 \u0627\u0644\u062a\u0634\u0648\u0647.  <\/li>\n<li><strong>\u062a\u0635\u0645\u064a\u0645 \u0642\u0627\u0628\u0644 \u0644\u0644\u062a\u0643\u062f\u064a\u0633<\/strong>: \u0644\u0633\u0647\u0648\u0644\u0629 \u0627\u0644\u062a\u062e\u0632\u064a\u0646 \u0648\u0627\u0644\u0645\u0646\u0627\u0648\u0644\u0629.<\/li>\n<\/ul>\n<p>\u0635\u064f\u0645\u0645 \u0643\u0644 \u0648\u0639\u0627\u0621 \u0644\u064a\u062a\u062d\u0645\u0644 \u0627\u0644\u0646\u0642\u0644\u060c \u0633\u0648\u0627\u0621\u064b \u0644\u062a\u0646\u0627\u0648\u0644 \u0627\u0644\u0637\u0639\u0627\u0645 \u0641\u064a \u0627\u0644\u0645\u0637\u0639\u0645 \u0623\u0648 \u0644\u0644\u0637\u0644\u0628\u0627\u062a \u0627\u0644\u062e\u0627\u0631\u062c\u064a\u0629 \u0623\u0648 \u0644\u0644\u062a\u0648\u0635\u064a\u0644\u060c \u0645\u0645\u0627 \u064a\u0633\u0627\u0639\u062f\u0643 \u0641\u064a \u062a\u0642\u062f\u064a\u0645 \u062e\u062f\u0645\u0629 \u0627\u0633\u062a\u062b\u0646\u0627\u0626\u064a\u0629 \u0644\u0639\u0645\u0644\u0627\u0626\u0643.<\/p>\n<p><strong>5. \u0636\u0645\u0627\u0646 \u0627\u0644\u062c\u0648\u062f\u0629 \u0648\u0627\u0644\u0634\u0647\u0627\u062f\u0627\u062a<\/strong><br \/>\u0646\u062d\u0646 \u0646\u062a\u0628\u0639 \u0625\u062c\u0631\u0627\u0621\u0627\u062a \u0635\u0627\u0631\u0645\u0629 \u0644\u0645\u0631\u0627\u0642\u0628\u0629 \u0627\u0644\u062c\u0648\u062f\u0629\u060c \u0648\u0646\u062c\u0631\u064a \u0627\u062e\u062a\u0628\u0627\u0631\u0627\u062a \u0627\u0644\u0642\u0648\u0629 \u0648\u0645\u0642\u0627\u0648\u0645\u0629 \u0627\u0644\u062a\u0633\u0631\u0628 \u0648\u0633\u0644\u0627\u0645\u0629 \u0627\u0644\u0623\u063a\u0630\u064a\u0629. \u062c\u0645\u064a\u0639 \u0623\u0648\u0639\u064a\u062a\u0646\u0627 \u0645\u0639\u062a\u0645\u062f\u0629 \u0645\u0646 \u0625\u062f\u0627\u0631\u0629 \u0627\u0644\u063a\u0630\u0627\u0621 \u0648\u0627\u0644\u062f\u0648\u0627\u0621 \u0627\u0644\u0623\u0645\u0631\u064a\u0643\u064a\u0629\u060c \u0648\u064a\u0639\u0645\u0644 \u0645\u0635\u0646\u0639\u0646\u0627 \u0628\u0645\u0648\u062c\u0628 \u0634\u0647\u0627\u062f\u062a\u064a ISO 9001 \u0648ISO 14001\u060c \u0625\u0644\u0649 \u062c\u0627\u0646\u0628 \u0645\u0639\u0627\u064a\u064a\u0631 FSC \u0648 BRCGS. \u0648\u0647\u0630\u0627 \u064a\u0639\u0646\u064a \u0623\u0646\u0643 \u062a\u062d\u0635\u0644 \u0639\u0644\u0649 \u0645\u0646\u062a\u062c \u0628\u0623\u0639\u0644\u0649 \u062f\u0631\u062c\u0627\u062a \u0627\u0644\u062c\u0648\u062f\u0629 \u0648\u0627\u0644\u0633\u0644\u0627\u0645\u0629.<\/p>\n<p><strong>6. \u0627\u0644\u062a\u062e\u0635\u064a\u0635 \u0648\u0627\u0644\u0639\u0644\u0627\u0645\u0629 \u0627\u0644\u062a\u062c\u0627\u0631\u064a\u0629<\/strong><br \/>\u064a\u0645\u0643\u0646\u0643 \u0625\u0636\u0641\u0627\u0621 \u0637\u0627\u0628\u0639 \u0634\u062e\u0635\u064a \u0639\u0644\u0649 \u0648\u0639\u0627\u0621 \u0627\u0644\u062d\u0633\u0627\u0621 \u0627\u0644\u0648\u0631\u0642\u064a \u0633\u0639\u0629 12 \u0623\u0648\u0646\u0635\u0629:<\/p>\n<ul>\n<li><strong>\u0637\u0628\u0627\u0639\u0629 \u0627\u0644\u0634\u0639\u0627\u0631 \u0627\u0644\u0645\u062e\u0635\u0635<\/strong>: \u062a\u0639\u0632\u064a\u0632 \u0627\u0644\u0631\u0624\u064a\u0629 \u0645\u0639 \u0639\u0644\u0627\u0645\u062a\u0643 \u0627\u0644\u062a\u062c\u0627\u0631\u064a\u0629.  <\/li>\n<li><strong>\u062e\u064a\u0627\u0631\u0627\u062a \u0645\u062a\u0639\u062f\u062f\u0629 \u0627\u0644\u0623\u062d\u062c\u0627\u0645 \u0648\u0627\u0644\u0623\u0644\u0648\u0627\u0646<\/strong>: \u0627\u0644\u062a\u0648\u0627\u0641\u0642 \u0645\u0639 \u0627\u062d\u062a\u064a\u0627\u062c\u0627\u062a \u0639\u0644\u0627\u0645\u062a\u0643 \u0627\u0644\u062a\u062c\u0627\u0631\u064a\u0629.<\/li>\n<\/ul>\n<p>\u0639\u0632\u0632 \u0627\u0644\u062a\u0639\u0631\u0641 \u0639\u0644\u0649 \u0639\u0644\u0627\u0645\u062a\u0643 \u0627\u0644\u062a\u062c\u0627\u0631\u064a\u0629 \u0645\u0646 \u062e\u0644\u0627\u0644 \u0623\u0648\u0639\u064a\u0629 \u0645\u0637\u0628\u0648\u0639\u0629 \u062d\u0633\u0628 \u0627\u0644\u0637\u0644\u0628 \u062a\u062a\u0631\u0643 \u0627\u0646\u0637\u0628\u0627\u0639\u064b\u0627 \u064a\u062f\u0648\u0645 \u0637\u0648\u064a\u0644\u0627\u064b.<\/p>\n<p><strong>7. \u0627\u0644\u0637\u0644\u0628 \u0648\u0627\u0644\u062a\u0639\u0628\u0626\u0629 \u0648\u0627\u0644\u062a\u063a\u0644\u064a\u0641 \u0648\u0627\u0644\u062e\u062f\u0645\u0627\u062a \u0627\u0644\u0644\u0648\u062c\u0633\u062a\u064a\u0629<\/strong>  <\/p>\n<ul>\n<li><strong>\u0627\u0644\u062d\u062f \u0627\u0644\u0623\u062f\u0646\u0649 \u0644\u0643\u0645\u064a\u0629 \u0627\u0644\u0637\u0644\u0628<\/strong>: 50,000 \u0642\u0637\u0639\u0629  <\/li>\n<li><strong>\u062a\u0641\u0627\u0635\u064a\u0644 \u0627\u0644\u062a\u063a\u0644\u064a\u0641<\/strong>: \u0645\u0639\u0628\u0623\u0629 \u0628\u0634\u0643\u0644 \u0622\u0645\u0646 \u0644\u0636\u0645\u0627\u0646 \u0627\u0644\u0633\u0644\u0627\u0645\u0629 \u0623\u062b\u0646\u0627\u0621 \u0627\u0644\u0634\u062d\u0646.  <\/li>\n<li><strong>\u0645\u0647\u0644\u0629 \u0627\u0644\u0625\u0646\u062a\u0627\u062c<\/strong>: 30 \u064a\u0648\u0645\u0627\u064b \u062a\u0642\u0631\u064a\u0628\u0627\u064b.  <\/li>\n<li><strong>\u0645\u064a\u0646\u0627\u0621 \u0627\u0644\u0634\u062d\u0646<\/strong>: \u0646\u064a\u0646\u063a\u0628\u0648\u060c \u0627\u0644\u0635\u064a\u0646\u060c \u064a\u0636\u0645\u0646 \u0627\u0644\u062a\u0633\u0644\u064a\u0645 \u0627\u0644\u0633\u0631\u064a\u0639 \u0648\u0627\u0644\u0641\u0639\u0627\u0644 \u0639\u0644\u0649 \u0645\u0633\u062a\u0648\u0649 \u0627\u0644\u0639\u0627\u0644\u0645.<\/li>\n<\/ul>\n<p>\u0646\u0642\u0648\u0645 \u0628\u062a\u063a\u0644\u064a\u0641 \u0648\u0639\u0627\u0621 \u0627\u0644\u062d\u0633\u0627\u0621 \u0627\u0644\u0648\u0631\u0642\u064a \u0633\u0639\u0629 12 \u0623\u0648\u0646\u0635\u0629 \u0628\u0639\u0646\u0627\u064a\u0629 \u0644\u0645\u0646\u0639 \u0627\u0644\u062a\u0644\u0641 \u0623\u062b\u0646\u0627\u0621 \u0627\u0644\u0646\u0642\u0644. \u0648\u0628\u0627\u0639\u062a\u0628\u0627\u0631\u0646\u0627 \u0645\u064f\u0635\u0646\u0650\u0651\u0639 \u0648\u0645\u0648\u0631\u0650\u0651\u062f \u0645\u0648\u062b\u0648\u0642 \u0628\u0647\u060c \u064a\u062a\u064a\u062d \u0625\u0646\u062a\u0627\u062c\u0646\u0627 \u062e\u064a\u0627\u0631\u0627\u062a \u0627\u0644\u0628\u064a\u0639 \u0628\u0627\u0644\u062c\u0645\u0644\u0629 \u0648\u062a\u0635\u0646\u064a\u0639 \u0627\u0644\u0645\u0639\u062f\u0627\u062a \u0627\u0644\u0623\u0635\u0644\u064a\u0629 \u0644\u0644\u0634\u0631\u0627\u0621 \u0628\u0627\u0644\u062c\u0645\u0644\u0629 \u0648\u0628\u0623\u0633\u0639\u0627\u0631 \u062a\u0646\u0627\u0641\u0633\u064a\u0629. \u0644\u0644\u0645\u0634\u062a\u0631\u064a\u0627\u062a \u0628\u0627\u0644\u062c\u0645\u0644\u0629\u060c \u0627\u0639\u0631\u0636 \u0627\u0644\u0645\u0632\u064a\u062f \u0645\u0646 \u0627\u0644\u0645\u0639\u0644\u0648\u0645\u0627\u062a <a href=\"\"https:>\u0647\u0646\u0627<\/a> \u0644\u0627\u0633\u062a\u0643\u0634\u0627\u0641 \u0639\u0631\u0648\u0636\u0646\u0627<\/p>\n<p>\u0625\u0646 \u0627\u0644\u062a\u0632\u0627\u0645\u0646\u0627 \u0628\u0627\u0644\u062c\u0648\u062f\u0629 \u0643\u0645\u064f\u0635\u062f\u0650\u0651\u0631 \u0631\u0627\u0626\u062f \u0641\u064a \u0647\u0630\u0627 \u0627\u0644\u0645\u062c\u0627\u0644 \u064a\u062c\u0639\u0644\u0646\u0627 \u0634\u0631\u064a\u0643\u064b\u0627 \u0645\u0648\u062b\u0648\u0642\u064b\u0627 \u0628\u0647 \u0644\u062a\u0644\u0628\u064a\u0629 \u0627\u062d\u062a\u064a\u0627\u062c\u0627\u062a\u0643 \u0645\u0646 \u0627\u0644\u0645\u0646\u062a\u062c\u0627\u062a \u0628\u0627\u0644\u062c\u0645\u0644\u0629. \u0625\u0646 \u0648\u0639\u0627\u0621 \u0627\u0644\u062d\u0633\u0627\u0621 \u0627\u0644\u0648\u0631\u0642\u064a \u0633\u0639\u0629 12 \u0623\u0648\u0646\u0635\u0629 \u0644\u064a\u0633 \u0645\u062c\u0631\u062f \u0645\u0646\u062a\u062c\u060c \u0628\u0644 \u0647\u0648 \u0645\u0632\u064a\u062c \u0645\u0646 \u0627\u0644\u062c\u0648\u062f\u0629 \u0648\u0627\u0644\u0645\u0648\u062b\u0648\u0642\u064a\u0629 \u0648\u0627\u0644\u0645\u0645\u0627\u0631\u0633\u0627\u062a \u0627\u0644\u0635\u062f\u064a\u0642\u0629 \u0644\u0644\u0628\u064a\u0626\u0629 \u0627\u0644\u062a\u064a \u062a\u062a\u0645\u0627\u0634\u0649 \u0645\u0639 \u0627\u062d\u062a\u064a\u0627\u062c\u0627\u062a \u0627\u0644\u0639\u0645\u0644 \u0627\u0644\u062d\u062f\u064a\u062b\u0629.<\/p>\n<h2 style=\"\"text-align: center;\"\">\u0641\u064a\u062f\u064a\u0648 \u062c\u0648\u0644\u0629 \u0641\u064a \u0627\u0644\u0645\u0635\u0646\u0639:<\/h2>\n\n<p>&nbsp;<\/p>\n<p>&#8220;<\/p>","protected":false},"excerpt":{"rendered":"<p>\u0648\u0639\u0627\u0621 \u0648\u0631\u0642\u064a \u0644\u0644\u062d\u0633\u0627\u0621 \u0633\u0639\u0629 12 \u0623\u0648\u0646\u0635\u0629 \u0645\u0635\u0645\u0645 \u0644\u062a\u0642\u062f\u064a\u0645 \u0627\u0644\u062d\u0633\u0627\u0621 \u0648\u0627\u0644\u0633\u0648\u0627\u0626\u0644 \u0627\u0644\u0633\u0627\u062e\u0646\u0629. \u0648\u0628\u0645\u0648\u0627\u0635\u0641\u0627\u062a 12 \u0623\u0648\u0646\u0635\u0629\u060c \u0641\u0647\u0648 \u0645\u062b\u0627\u0644\u064a \u0644\u0644\u0645\u0637\u0627\u0639\u0645 \u0648\u0645\u0646\u0627\u0633\u0628\u0627\u062a \u062a\u0642\u062f\u064a\u0645 \u0627\u0644\u0637\u0639\u0627\u0645 \u0648\u0639\u0631\u0628\u0627\u062a \u0627\u0644\u0637\u0639\u0627\u0645. \u0648\u064a\u062a\u0645\u064a\u0632 \u0628\u0647\u064a\u0643\u0644 \u0648\u0631\u0642\u064a \u0645\u0642\u0627\u0648\u0645 \u0644\u0644\u0631\u0637\u0648\u0628\u0629\u060c \u0648\u064a\u0648\u0641\u0631 \u0645\u062a\u0627\u0646\u0629 \u0645\u0648\u062b\u0648\u0642\u0629 \u0644\u0635\u0646\u0627\u0639\u0629 \u0627\u0644\u062e\u062f\u0645\u0627\u062a \u0627\u0644\u063a\u0630\u0627\u0626\u064a\u0629.<\/p>","protected":false},"featured_media":781,"comment_status":"open","ping_status":"closed","template":"","meta":[],"product_brand":[],"product_cat":[21,32],"product_tag":[],"class_list":{"0":"post-780","1":"product","2":"type-product","3":"status-publish","4":"has-post-thumbnail","6":"product_cat-products","7":"product_cat-paper-soup-cups","9":"first","10":"instock","11":"shipping-taxable","12":"product-type-simple"},"_links":{"self":[{"href":"https:\/\/ascentpak.com\/ar\/wp-json\/wp\/v2\/product\/780","targetHints":{"allow":["GET"]}}],"collection":[{"href":"https:\/\/ascentpak.com\/ar\/wp-json\/wp\/v2\/product"}],"about":[{"href":"https:\/\/ascentpak.com\/ar\/wp-json\/wp\/v2\/types\/product"}],"replies":[{"embeddable":true,"href":"https:\/\/ascentpak.com\/ar\/wp-json\/wp\/v2\/comments?post=780"}],"wp:featuredmedia":[{"embeddable":true,"href":"https:\/\/ascentpak.com\/ar\/wp-json\/wp\/v2\/media\/781"}],"wp:attachment":[{"href":"https:\/\/ascentpak.com\/ar\/wp-json\/wp\/v2\/media?parent=780"}],"wp:term":[{"taxonomy":"product_brand","embeddable":true,"href":"https:\/\/ascentpak.com\/ar\/wp-json\/wp\/v2\/product_brand?post=780"},{"taxonomy":"product_cat","embeddable":true,"href":"https:\/\/ascentpak.com\/ar\/wp-json\/wp\/v2\/product_cat?post=780"},{"taxonomy":"product_tag","embeddable":true,"href":"https:\/\/ascentpak.com\/ar\/wp-json\/wp\/v2\/product_tag?post=780"}],"curies":[{"name":"wp","href":"https:\/\/api.w.org\/{rel}","templated":true}]}}